{"id":203028,"date":"2023-11-22T18:30:28","date_gmt":"2023-11-22T17:30:28","guid":{"rendered":"https:\/\/www.toulouse-tourisme.com\/da-vedere-da-fare\/visite-audio-guidee-sur-smartphone\/"},"modified":"2026-03-20T15:25:28","modified_gmt":"2026-03-20T14:25:28","slug":"visita-audioguidata-su-smartphone","status":"publish","type":"page","link":"https:\/\/www.toulouse-tourisme.com\/it\/da-vedere-da-fare\/visita-audioguidata-su-smartphone\/","title":{"rendered":"Visita audioguidata su smartphone"},"content":{"rendered":"\n<div class=\"wp-block-group has-global-padding is-layout-constrained wp-block-group-is-layout-constrained\">\n<p class=\"is-style-h3-surtitle\">VISITA AUDIO-GUIDATA IN italiano<\/p>\n\n\n\n<ul class=\"wp-block-list\">\n<li><strong>Contenuti audio di alta qualit\u00e0: <\/strong>questa visita \u00e8 stata ideata da C\u00e9line, guida turistica, e Pauline, attrice professionista. Ogni capsula audio \u00e8 accompagnata da un sottofondo musicale.<\/li>\n\n\n\n<li><strong>Immersione totale:<\/strong> visitate con lo smartphone in tasca! Le capsule audio e le indicazioni si attivano automaticamente durante la vostra passeggiata, dal vostro smartphone.<\/li>\n\n\n\n<li><strong>Nessun vincolo:<\/strong> nessun orario di partenza da rispettare e potete visitare al vostro ritmo.<\/li>\n<\/ul>\n\n\n\n<section class=\"wp-block-group alignfull pattern-pullquote has-global-padding is-content-justification-center is-layout-constrained wp-block-group-is-layout-constrained\">\n<blockquote class=\"wp-block-quote is-layout-flow wp-block-quote-is-layout-flow\">\n<h2 class=\"wp-block-heading\">Godetevi una piacevole passeggiata nel centro di Tolosa al vostro ritmo con il vostro smartphone.<\/h2>\n<\/blockquote>\n<\/section>\n\n\n\n<p>La voce della guida vi accompagner\u00e0 durante tutta la visita e le storie verranno riprodotte automaticamente lungo il percorso in base alla vostra posizione geografica. Iniziate la visita quando volete, da soli o con gli amici, lontano dai gruppi di turisti\u2026<\/p>\n\n\n\n<p><strong>Durante questa visita audioguidata di 1 ora e 30 minuti &#8211; 2 ore<\/strong>, recatevi all&#8217;Ufficio del Turismo, di fronte al Donjon du Capitole, l&#8217;imponente edificio che ospitava i capitouls, gli antichi amministratori della citt\u00e0 rosa. Proseguite fino alla famosa Place du Capitole, che pullula di vita! Proprio accanto, scoprirai la Galerue, una vera e propria galleria d&#8217;arte con i suoi dipinti sul soffitto.<\/p>\n\n\n\n<p><strong>Pausa sulla terrazza o voglia di shopping?<\/strong> Riprendi la visita quando vuoi, da dove l&#8217;hai interrotta! Impossibile perdersi. La guida vi indicher\u00e0 le indicazioni audio da seguire e una mappa ve le ricorder\u00e0 visivamente in ogni momento, lungo il vostro itinerario. E se sbagliate strada, nessun problema, ve lo indicheremo anche questo! Personalizzate la vostra visita come desiderate e godetevi questo momento unico, al vostro ritmo, da soli o con gli amici.<\/p>\n<\/div>\n\n\n\n<div class=\"wp-block-group has-global-padding is-layout-constrained wp-block-group-is-layout-constrained\">\n<div class=\"wp-block-columns is-layout-flex wp-container-core-columns-is-layout-28f84493 wp-block-columns-is-layout-flex\">\n<div class=\"wp-block-column is-vertically-aligned-center is-layout-flow wp-block-column-is-layout-flow\">\n<p>Dopo aver percorso le strade di Place du Capitole, raggiungete la basilica di Saint-Sernin, la pi\u00f9 grande chiesa romanica di Francia! Proseguite verso l&#8217;Universit\u00e0 di Tolosa. Sapevate che la citt\u00e0 conta circa 120.000 studenti?<\/p>\n\n\n\n<p>Continua la tua passeggiata lungo la Garonna e scopri altri luoghi imperdibili come l&#8217;H\u00f4tel d&#8217;Ass\u00e9zat, uno dei pi\u00f9 bei palazzi della citt\u00e0. La tua passeggiata terminer\u00e0 in Place de la Trinit\u00e9.<\/p>\n<\/div>\n\n\n\n<div class=\"wp-block-column is-layout-flow wp-block-column-is-layout-flow\">\n<figure data-wp-context=\"{&quot;imageId&quot;:&quot;69debd3a7f180&quot;}\" data-wp-interactive=\"core\/image\" class=\"wp-block-image size-full wp-lightbox-container\"><img decoding=\"async\" width=\"867\" height=\"1300\" data-wp-class--hide=\"state.isContentHidden\" data-wp-class--show=\"state.isContentVisible\" data-wp-init=\"callbacks.setButtonStyles\" data-wp-on-async--click=\"actions.showLightbox\" data-wp-on-async--load=\"callbacks.setButtonStyles\" data-wp-on-async-window--resize=\"callbacks.setButtonStyles\" src=\"https:\/\/www.toulouse-tourisme.com\/assets\/uploads\/sites\/3\/2023\/11\/visiter-toulouse-rue-du-taur.jpg\" alt=\"Visiter Toulouse, la rue du Taur\" class=\"wp-image-5989\" style=\"aspect-ratio:2\/3;object-fit:cover\" srcset=\"https:\/\/www.toulouse-tourisme.com\/assets\/uploads\/sites\/3\/2023\/11\/visiter-toulouse-rue-du-taur.jpg 867w, https:\/\/www.toulouse-tourisme.com\/assets\/uploads\/sites\/3\/2023\/11\/visiter-toulouse-rue-du-taur-600x900.jpg 600w, https:\/\/www.toulouse-tourisme.com\/assets\/uploads\/sites\/3\/2023\/11\/visiter-toulouse-rue-du-taur-400x600.jpg 400w, https:\/\/www.toulouse-tourisme.com\/assets\/uploads\/sites\/3\/2023\/11\/visiter-toulouse-rue-du-taur-768x1152.jpg 768w\" sizes=\"(max-width: 867px) 100vw, 867px\" \/><button\n\t\t\tclass=\"lightbox-trigger\"\n\t\t\ttype=\"button\"\n\t\t\taria-haspopup=\"dialog\"\n\t\t\taria-label=\"Ingrandisci\"\n\t\t\tdata-wp-init=\"callbacks.initTriggerButton\"\n\t\t\tdata-wp-on-async--click=\"actions.showLightbox\"\n\t\t\tdata-wp-style--right=\"state.imageButtonRight\"\n\t\t\tdata-wp-style--top=\"state.imageButtonTop\"\n\t\t>\n\t\t\t<svg xmlns=\"http:\/\/www.w3.org\/2000\/svg\" width=\"12\" height=\"12\" fill=\"none\" viewBox=\"0 0 12 12\">\n\t\t\t\t<path fill=\"#fff\" d=\"M2 0a2 2 0 0 0-2 2v2h1.5V2a.5.5 0 0 1 .5-.5h2V0H2Zm2 10.5H2a.5.5 0 0 1-.5-.5V8H0v2a2 2 0 0 0 2 2h2v-1.5ZM8 12v-1.5h2a.5.5 0 0 0 .5-.5V8H12v2a2 2 0 0 1-2 2H8Zm2-12a2 2 0 0 1 2 2v2h-1.5V2a.5.5 0 0 0-.5-.5H8V0h2Z\" \/>\n\t\t\t<\/svg>\n\t\t<\/button><figcaption class=\"wp-element-caption\">La rue du Taur \u00a9 R\u00e9mi Deligeon<\/figcaption><\/figure>\n<\/div>\n\n\n\n<div class=\"wp-block-column is-layout-flow wp-block-column-is-layout-flow\">\n<figure data-wp-context=\"{&quot;imageId&quot;:&quot;69debd3a800f4&quot;}\" data-wp-interactive=\"core\/image\" class=\"wp-block-image size-full wp-lightbox-container\"><img decoding=\"async\" width=\"867\" height=\"1300\" data-wp-class--hide=\"state.isContentHidden\" data-wp-class--show=\"state.isContentVisible\" data-wp-init=\"callbacks.setButtonStyles\" data-wp-on-async--click=\"actions.showLightbox\" data-wp-on-async--load=\"callbacks.setButtonStyles\" data-wp-on-async-window--resize=\"callbacks.setButtonStyles\" src=\"https:\/\/www.toulouse-tourisme.com\/assets\/uploads\/sites\/3\/2023\/11\/visiter-toulouse-les-jacobins.jpg\" alt=\"Visiter Toulouse, les Jacobins\" class=\"wp-image-5994\" style=\"aspect-ratio:2\/3;object-fit:cover\" srcset=\"https:\/\/www.toulouse-tourisme.com\/assets\/uploads\/sites\/3\/2023\/11\/visiter-toulouse-les-jacobins.jpg 867w, https:\/\/www.toulouse-tourisme.com\/assets\/uploads\/sites\/3\/2023\/11\/visiter-toulouse-les-jacobins-600x900.jpg 600w, https:\/\/www.toulouse-tourisme.com\/assets\/uploads\/sites\/3\/2023\/11\/visiter-toulouse-les-jacobins-400x600.jpg 400w, https:\/\/www.toulouse-tourisme.com\/assets\/uploads\/sites\/3\/2023\/11\/visiter-toulouse-les-jacobins-768x1152.jpg 768w\" sizes=\"(max-width: 867px) 100vw, 867px\" \/><button\n\t\t\tclass=\"lightbox-trigger\"\n\t\t\ttype=\"button\"\n\t\t\taria-haspopup=\"dialog\"\n\t\t\taria-label=\"Ingrandisci\"\n\t\t\tdata-wp-init=\"callbacks.initTriggerButton\"\n\t\t\tdata-wp-on-async--click=\"actions.showLightbox\"\n\t\t\tdata-wp-style--right=\"state.imageButtonRight\"\n\t\t\tdata-wp-style--top=\"state.imageButtonTop\"\n\t\t>\n\t\t\t<svg xmlns=\"http:\/\/www.w3.org\/2000\/svg\" width=\"12\" height=\"12\" fill=\"none\" viewBox=\"0 0 12 12\">\n\t\t\t\t<path fill=\"#fff\" d=\"M2 0a2 2 0 0 0-2 2v2h1.5V2a.5.5 0 0 1 .5-.5h2V0H2Zm2 10.5H2a.5.5 0 0 1-.5-.5V8H0v2a2 2 0 0 0 2 2h2v-1.5ZM8 12v-1.5h2a.5.5 0 0 0 .5-.5V8H12v2a2 2 0 0 1-2 2H8Zm2-12a2 2 0 0 1 2 2v2h-1.5V2a.5.5 0 0 0-.5-.5H8V0h2Z\" \/>\n\t\t\t<\/svg>\n\t\t<\/button><figcaption class=\"wp-element-caption\">Le couvent des Jacobins \u00a9 R\u00e9mi Deligeon<\/figcaption><\/figure>\n<\/div>\n<\/div>\n<\/div>\n\n\n\n<div class=\"wp-block-group has-global-padding is-layout-constrained wp-block-group-is-layout-constrained\">\n<div class=\"wp-block-columns is-layout-flex wp-container-core-columns-is-layout-28f84493 wp-block-columns-is-layout-flex\">\n<div class=\"wp-block-column is-layout-flow wp-block-column-is-layout-flow\" style=\"flex-basis:33.33%\">\n<figure data-wp-context=\"{&quot;imageId&quot;:&quot;69debd3a814ac&quot;}\" data-wp-interactive=\"core\/image\" class=\"wp-block-image size-full wp-lightbox-container\"><img decoding=\"async\" width=\"630\" height=\"945\" data-wp-class--hide=\"state.isContentHidden\" data-wp-class--show=\"state.isContentVisible\" data-wp-init=\"callbacks.setButtonStyles\" data-wp-on-async--click=\"actions.showLightbox\" data-wp-on-async--load=\"callbacks.setButtonStyles\" data-wp-on-async-window--resize=\"callbacks.setButtonStyles\" src=\"https:\/\/www.toulouse-tourisme.com\/assets\/uploads\/sites\/3\/2023\/11\/toulouse-visite-audio-guidee.jpg\" alt=\"\" class=\"wp-image-5940\" srcset=\"https:\/\/www.toulouse-tourisme.com\/assets\/uploads\/sites\/3\/2023\/11\/toulouse-visite-audio-guidee.jpg 630w, https:\/\/www.toulouse-tourisme.com\/assets\/uploads\/sites\/3\/2023\/11\/toulouse-visite-audio-guidee-600x900.jpg 600w, https:\/\/www.toulouse-tourisme.com\/assets\/uploads\/sites\/3\/2023\/11\/toulouse-visite-audio-guidee-400x600.jpg 400w\" sizes=\"(max-width: 630px) 100vw, 630px\" \/><button\n\t\t\tclass=\"lightbox-trigger\"\n\t\t\ttype=\"button\"\n\t\t\taria-haspopup=\"dialog\"\n\t\t\taria-label=\"Ingrandisci\"\n\t\t\tdata-wp-init=\"callbacks.initTriggerButton\"\n\t\t\tdata-wp-on-async--click=\"actions.showLightbox\"\n\t\t\tdata-wp-style--right=\"state.imageButtonRight\"\n\t\t\tdata-wp-style--top=\"state.imageButtonTop\"\n\t\t>\n\t\t\t<svg xmlns=\"http:\/\/www.w3.org\/2000\/svg\" width=\"12\" height=\"12\" fill=\"none\" viewBox=\"0 0 12 12\">\n\t\t\t\t<path fill=\"#fff\" d=\"M2 0a2 2 0 0 0-2 2v2h1.5V2a.5.5 0 0 1 .5-.5h2V0H2Zm2 10.5H2a.5.5 0 0 1-.5-.5V8H0v2a2 2 0 0 0 2 2h2v-1.5ZM8 12v-1.5h2a.5.5 0 0 0 .5-.5V8H12v2a2 2 0 0 1-2 2H8Zm2-12a2 2 0 0 1 2 2v2h-1.5V2a.5.5 0 0 0-.5-.5H8V0h2Z\" \/>\n\t\t\t<\/svg>\n\t\t<\/button><\/figure>\n<\/div>\n\n\n\n<div class=\"wp-block-column is-vertically-aligned-center is-layout-flow wp-block-column-is-layout-flow\" style=\"flex-basis:66.66%\">\n<p><strong>L&#8217;ufficio turistico di Tolosa ha creato questo percorso con Rewind stories, specialista in audioguide su smartphone.<\/strong><\/p>\n\n\n\n<p><strong>Percorso: <\/strong>Donjon du Capitole, place du Capitole, rue du Taur, basilica di Saint-Sernin, rue Valade, place Saint-Pierre, quai de la Garonne passando per place de la Daurade fino alle Beaux-Arts, Pont Neuf, h\u00f4tel d&#8217;Ass\u00e9zat, rue des Marchands, fine della visita place de la Trinit\u00e9.<\/p>\n\n\n\n<p><strong>Durata: <\/strong>circa 1 ora e 30 minuti\/2 ore.<br><strong>Punto di partenza:<\/strong> square Charles de Gaulle<br><strong>Punto di arrivo:<\/strong> place de la Trinit\u00e9<br><\/p>\n\n\n\n<div class=\"wp-block-group has-global-padding is-layout-constrained wp-block-group-is-layout-constrained\">\n<guidap-booking-widget activity-uuid=\"z63pB1TJa0FvtjwGZ2xPLESmDdnuryeI87lc\"><\/guidap-booking-widget>\n<\/div>\n<\/div>\n<\/div>\n<\/div>\n\n\n\n<div class=\"wp-block-group has-global-padding is-layout-constrained wp-block-group-is-layout-constrained\">\n<h2 class=\"wp-block-heading is-style-h3\">Buono a sapersi<\/h2>\n\n\n\n<ul class=\"wp-block-list\">\n<li>Si tratta di una visita audioguidata da effettuare con il proprio smartphone tramite l&#8217;applicazione Rewind, disponibile su iOS e Android.<\/li>\n\n\n\n<li>Per vivere un&#8217;esperienza di visita ottimale, ti consigliamo di portare con te le cuffie. Se non ne hai, l&#8217;audio verr\u00e0 riprodotto direttamente dagli altoparlanti del tuo smartphone.<\/li>\n\n\n\n<li>Modalit\u00e0 offline: \u00e8 possibile scaricare il contenuto della visita sull&#8217;applicazione per vivere l&#8217;esperienza senza connessione a Internet.<\/li>\n\n\n\n<li>Per sbloccare la visita, riceverete un codice da attivare tramite questo link <a href=\"https:\/\/www.rewindstories.com\/fr\/activation\" target=\"_blank\" rel=\"noreferrer noopener\">rewindstories.com\/fr\/activation<\/a>.<\/li>\n\n\n\n<li>Per avviare la visita \u00e8 necessario trovarsi al punto di partenza.<\/li>\n\n\n\n<li>Questa visita \u00e8 disponibile in francese, inglese, tedesco e italiano.<\/li>\n\n\n\n<li>Puoi mettere in pausa la visita in qualsiasi momento e riprenderla quando vuoi, dal punto in cui ti sei fermato.<\/li>\n\n\n\n<li>A seconda del tuo ritmo, ogni visita pu\u00f2 durare da 1 ora a 1 ora e 30 minuti.<\/li>\n\n\n\n<li>Inizia quando vuoi (anche adesso!).<\/li>\n\n\n\n<li>Questa visita non \u00e8 cancellabile n\u00e9 rimborsabile.<\/li>\n<\/ul>\n<\/div>\n","protected":false},"excerpt":{"rendered":"<p>VISITA AUDIO-GUIDATA IN italiano Godetevi una piacevole passeggiata nel centro di Tolosa al vostro ritmo con il vostro smartphone. La voce della guida vi accompagner\u00e0 durante tutta la visita e le storie verranno riprodotte automaticamente lungo il percorso in base alla vostra posizione geografica. Iniziate la visita quando volete, da soli o con gli amici, [&hellip;]<\/p>\n","protected":false},"author":3,"featured_media":205177,"parent":196159,"menu_order":0,"comment_status":"closed","ping_status":"closed","template":"templates\/editorial-content.php","meta":{"_acf_changed":true,"footnotes":""},"class_list":["post-203028","page","type-page","status-publish","has-post-thumbnail","hentry"],"acf":[],"yoast_head":"<!-- This site is optimized with the Yoast SEO plugin v27.1.1 - https:\/\/yoast.com\/product\/yoast-seo-wordpress\/ -->\n<title>Visita audioguidata su smartphone - Toulouse Tourisme<\/title>\n<meta name=\"description\" content=\"Visita audioguidata di Tolosa con il tuo smartphone. Goditi una piacevole passeggiata nel centro di Tolosa al tuo ritmo!\" \/>\n<meta name=\"robots\" content=\"index, follow, max-snippet:-1, max-image-preview:large, max-video-preview:-1\" \/>\n<link rel=\"canonical\" href=\"https:\/\/www.toulouse-tourisme.com\/it\/da-vedere-da-fare\/visita-audioguidata-su-smartphone\/\" \/>\n<meta property=\"og:locale\" content=\"it_IT\" \/>\n<meta property=\"og:type\" content=\"article\" \/>\n<meta property=\"og:title\" content=\"Visita audioguidata su smartphone - Toulouse Tourisme\" \/>\n<meta property=\"og:description\" content=\"Visita audioguidata di Tolosa con il tuo smartphone. Goditi una piacevole passeggiata nel centro di Tolosa al tuo ritmo!\" \/>\n<meta property=\"og:url\" content=\"https:\/\/www.toulouse-tourisme.com\/it\/da-vedere-da-fare\/visita-audioguidata-su-smartphone\/\" \/>\n<meta property=\"og:site_name\" content=\"Toulouse Tourisme\" \/>\n<meta property=\"article:publisher\" content=\"https:\/\/www.facebook.com\/Toulouse.tourisme\/\" \/>\n<meta property=\"article:modified_time\" content=\"2026-03-20T14:25:28+00:00\" \/>\n<meta property=\"og:image\" content=\"https:\/\/www.toulouse-tourisme.com\/assets\/uploads\/sites\/3\/2023\/11\/couvent-des-jacobins-toulouse.jpg\" \/>\n\t<meta property=\"og:image:width\" content=\"1920\" \/>\n\t<meta property=\"og:image:height\" content=\"1280\" \/>\n\t<meta property=\"og:image:type\" content=\"image\/jpeg\" \/>\n<meta name=\"twitter:card\" content=\"summary_large_image\" \/>\n<meta name=\"twitter:label1\" content=\"Tempo di lettura stimato\" \/>\n\t<meta name=\"twitter:data1\" content=\"4 minuti\" \/>\n<script type=\"application\/ld+json\" class=\"yoast-schema-graph\">{\"@context\":\"https:\/\/schema.org\",\"@graph\":[{\"@type\":\"WebPage\",\"@id\":\"https:\/\/www.toulouse-tourisme.com\/it\/da-vedere-da-fare\/visita-audioguidata-su-smartphone\/\",\"url\":\"https:\/\/www.toulouse-tourisme.com\/it\/da-vedere-da-fare\/visita-audioguidata-su-smartphone\/\",\"name\":\"Visita audioguidata su smartphone - Toulouse Tourisme\",\"isPartOf\":{\"@id\":\"https:\/\/www.toulouse-tourisme.com\/it\/#website\"},\"primaryImageOfPage\":{\"@id\":\"https:\/\/www.toulouse-tourisme.com\/it\/da-vedere-da-fare\/visita-audioguidata-su-smartphone\/#primaryimage\"},\"image\":{\"@id\":\"https:\/\/www.toulouse-tourisme.com\/it\/da-vedere-da-fare\/visita-audioguidata-su-smartphone\/#primaryimage\"},\"thumbnailUrl\":\"https:\/\/www.toulouse-tourisme.com\/assets\/uploads\/sites\/3\/2023\/11\/couvent-des-jacobins-toulouse.jpg\",\"datePublished\":\"2023-11-22T17:30:28+00:00\",\"dateModified\":\"2026-03-20T14:25:28+00:00\",\"description\":\"Visita audioguidata di Tolosa con il tuo smartphone. Goditi una piacevole passeggiata nel centro di Tolosa al tuo ritmo!\",\"breadcrumb\":{\"@id\":\"https:\/\/www.toulouse-tourisme.com\/it\/da-vedere-da-fare\/visita-audioguidata-su-smartphone\/#breadcrumb\"},\"inLanguage\":\"it-IT\",\"potentialAction\":[{\"@type\":\"ReadAction\",\"target\":[\"https:\/\/www.toulouse-tourisme.com\/it\/da-vedere-da-fare\/visita-audioguidata-su-smartphone\/\"]}]},{\"@type\":\"ImageObject\",\"inLanguage\":\"it-IT\",\"@id\":\"https:\/\/www.toulouse-tourisme.com\/it\/da-vedere-da-fare\/visita-audioguidata-su-smartphone\/#primaryimage\",\"url\":\"https:\/\/www.toulouse-tourisme.com\/assets\/uploads\/sites\/3\/2023\/11\/couvent-des-jacobins-toulouse.jpg\",\"contentUrl\":\"https:\/\/www.toulouse-tourisme.com\/assets\/uploads\/sites\/3\/2023\/11\/couvent-des-jacobins-toulouse.jpg\",\"width\":1920,\"height\":1280,\"caption\":\"Visiter Toulouse \u00a9 R\u00e9mi Deligeon\"},{\"@type\":\"BreadcrumbList\",\"@id\":\"https:\/\/www.toulouse-tourisme.com\/it\/da-vedere-da-fare\/visita-audioguidata-su-smartphone\/#breadcrumb\",\"itemListElement\":[{\"@type\":\"ListItem\",\"position\":1,\"name\":\"Homepage\",\"item\":\"https:\/\/www.toulouse-tourisme.com\/it\/\"},{\"@type\":\"ListItem\",\"position\":2,\"name\":\"Da vedere, da fare\",\"item\":\"https:\/\/www.toulouse-tourisme.com\/it\/da-vedere-da-fare\/\"},{\"@type\":\"ListItem\",\"position\":3,\"name\":\"Visita audioguidata su smartphone\"}]},{\"@type\":\"WebSite\",\"@id\":\"https:\/\/www.toulouse-tourisme.com\/it\/#website\",\"url\":\"https:\/\/www.toulouse-tourisme.com\/it\/\",\"name\":\"Toulouse Tourisme\",\"description\":\"\",\"publisher\":{\"@id\":\"https:\/\/www.toulouse-tourisme.com\/it\/#organization\"},\"potentialAction\":[{\"@type\":\"SearchAction\",\"target\":{\"@type\":\"EntryPoint\",\"urlTemplate\":\"https:\/\/www.toulouse-tourisme.com\/it\/?s={search_term_string}\"},\"query-input\":{\"@type\":\"PropertyValueSpecification\",\"valueRequired\":true,\"valueName\":\"search_term_string\"}}],\"inLanguage\":\"it-IT\"},{\"@type\":\"Organization\",\"@id\":\"https:\/\/www.toulouse-tourisme.com\/it\/#organization\",\"name\":\"Toulouse Tourisme\",\"url\":\"https:\/\/www.toulouse-tourisme.com\/it\/\",\"logo\":{\"@type\":\"ImageObject\",\"inLanguage\":\"it-IT\",\"@id\":\"https:\/\/www.toulouse-tourisme.com\/it\/#\/schema\/logo\/image\/\",\"url\":\"https:\/\/www.toulouse-tourisme.com\/assets\/uploads\/sites\/3\/2023\/10\/toulouse.svg\",\"contentUrl\":\"https:\/\/www.toulouse-tourisme.com\/assets\/uploads\/sites\/3\/2023\/10\/toulouse.svg\",\"width\":220,\"height\":61,\"caption\":\"Toulouse Tourisme\"},\"image\":{\"@id\":\"https:\/\/www.toulouse-tourisme.com\/it\/#\/schema\/logo\/image\/\"},\"sameAs\":[\"https:\/\/www.facebook.com\/Toulouse.tourisme\/\",\"https:\/\/www.instagram.com\/visiteztoulouse\/\",\"https:\/\/www.youtube.com\/@VisitezToulouse\",\"https:\/\/fr.pinterest.com\/visiteztoulouse\/\"]}]}<\/script>\n<!-- \/ Yoast SEO plugin. -->","yoast_head_json":{"title":"Visita audioguidata su smartphone - Toulouse Tourisme","description":"Visita audioguidata di Tolosa con il tuo smartphone. Goditi una piacevole passeggiata nel centro di Tolosa al tuo ritmo!","robots":{"index":"index","follow":"follow","max-snippet":"max-snippet:-1","max-image-preview":"max-image-preview:large","max-video-preview":"max-video-preview:-1"},"canonical":"https:\/\/www.toulouse-tourisme.com\/it\/da-vedere-da-fare\/visita-audioguidata-su-smartphone\/","og_locale":"it_IT","og_type":"article","og_title":"Visita audioguidata su smartphone - Toulouse Tourisme","og_description":"Visita audioguidata di Tolosa con il tuo smartphone. Goditi una piacevole passeggiata nel centro di Tolosa al tuo ritmo!","og_url":"https:\/\/www.toulouse-tourisme.com\/it\/da-vedere-da-fare\/visita-audioguidata-su-smartphone\/","og_site_name":"Toulouse Tourisme","article_publisher":"https:\/\/www.facebook.com\/Toulouse.tourisme\/","article_modified_time":"2026-03-20T14:25:28+00:00","og_image":[{"width":1920,"height":1280,"url":"https:\/\/www.toulouse-tourisme.com\/assets\/uploads\/sites\/3\/2023\/11\/couvent-des-jacobins-toulouse.jpg","type":"image\/jpeg"}],"twitter_card":"summary_large_image","twitter_misc":{"Tempo di lettura stimato":"4 minuti"},"schema":{"@context":"https:\/\/schema.org","@graph":[{"@type":"WebPage","@id":"https:\/\/www.toulouse-tourisme.com\/it\/da-vedere-da-fare\/visita-audioguidata-su-smartphone\/","url":"https:\/\/www.toulouse-tourisme.com\/it\/da-vedere-da-fare\/visita-audioguidata-su-smartphone\/","name":"Visita audioguidata su smartphone - Toulouse Tourisme","isPartOf":{"@id":"https:\/\/www.toulouse-tourisme.com\/it\/#website"},"primaryImageOfPage":{"@id":"https:\/\/www.toulouse-tourisme.com\/it\/da-vedere-da-fare\/visita-audioguidata-su-smartphone\/#primaryimage"},"image":{"@id":"https:\/\/www.toulouse-tourisme.com\/it\/da-vedere-da-fare\/visita-audioguidata-su-smartphone\/#primaryimage"},"thumbnailUrl":"https:\/\/www.toulouse-tourisme.com\/assets\/uploads\/sites\/3\/2023\/11\/couvent-des-jacobins-toulouse.jpg","datePublished":"2023-11-22T17:30:28+00:00","dateModified":"2026-03-20T14:25:28+00:00","description":"Visita audioguidata di Tolosa con il tuo smartphone. Goditi una piacevole passeggiata nel centro di Tolosa al tuo ritmo!","breadcrumb":{"@id":"https:\/\/www.toulouse-tourisme.com\/it\/da-vedere-da-fare\/visita-audioguidata-su-smartphone\/#breadcrumb"},"inLanguage":"it-IT","potentialAction":[{"@type":"ReadAction","target":["https:\/\/www.toulouse-tourisme.com\/it\/da-vedere-da-fare\/visita-audioguidata-su-smartphone\/"]}]},{"@type":"ImageObject","inLanguage":"it-IT","@id":"https:\/\/www.toulouse-tourisme.com\/it\/da-vedere-da-fare\/visita-audioguidata-su-smartphone\/#primaryimage","url":"https:\/\/www.toulouse-tourisme.com\/assets\/uploads\/sites\/3\/2023\/11\/couvent-des-jacobins-toulouse.jpg","contentUrl":"https:\/\/www.toulouse-tourisme.com\/assets\/uploads\/sites\/3\/2023\/11\/couvent-des-jacobins-toulouse.jpg","width":1920,"height":1280,"caption":"Visiter Toulouse \u00a9 R\u00e9mi Deligeon"},{"@type":"BreadcrumbList","@id":"https:\/\/www.toulouse-tourisme.com\/it\/da-vedere-da-fare\/visita-audioguidata-su-smartphone\/#breadcrumb","itemListElement":[{"@type":"ListItem","position":1,"name":"Homepage","item":"https:\/\/www.toulouse-tourisme.com\/it\/"},{"@type":"ListItem","position":2,"name":"Da vedere, da fare","item":"https:\/\/www.toulouse-tourisme.com\/it\/da-vedere-da-fare\/"},{"@type":"ListItem","position":3,"name":"Visita audioguidata su smartphone"}]},{"@type":"WebSite","@id":"https:\/\/www.toulouse-tourisme.com\/it\/#website","url":"https:\/\/www.toulouse-tourisme.com\/it\/","name":"Toulouse Tourisme","description":"","publisher":{"@id":"https:\/\/www.toulouse-tourisme.com\/it\/#organization"},"potentialAction":[{"@type":"SearchAction","target":{"@type":"EntryPoint","urlTemplate":"https:\/\/www.toulouse-tourisme.com\/it\/?s={search_term_string}"},"query-input":{"@type":"PropertyValueSpecification","valueRequired":true,"valueName":"search_term_string"}}],"inLanguage":"it-IT"},{"@type":"Organization","@id":"https:\/\/www.toulouse-tourisme.com\/it\/#organization","name":"Toulouse Tourisme","url":"https:\/\/www.toulouse-tourisme.com\/it\/","logo":{"@type":"ImageObject","inLanguage":"it-IT","@id":"https:\/\/www.toulouse-tourisme.com\/it\/#\/schema\/logo\/image\/","url":"https:\/\/www.toulouse-tourisme.com\/assets\/uploads\/sites\/3\/2023\/10\/toulouse.svg","contentUrl":"https:\/\/www.toulouse-tourisme.com\/assets\/uploads\/sites\/3\/2023\/10\/toulouse.svg","width":220,"height":61,"caption":"Toulouse Tourisme"},"image":{"@id":"https:\/\/www.toulouse-tourisme.com\/it\/#\/schema\/logo\/image\/"},"sameAs":["https:\/\/www.facebook.com\/Toulouse.tourisme\/","https:\/\/www.instagram.com\/visiteztoulouse\/","https:\/\/www.youtube.com\/@VisitezToulouse","https:\/\/fr.pinterest.com\/visiteztoulouse\/"]}]}},"_links":{"self":[{"href":"https:\/\/www.toulouse-tourisme.com\/it\/wp-json\/wp\/v2\/pages\/203028","targetHints":{"allow":["GET"]}}],"collection":[{"href":"https:\/\/www.toulouse-tourisme.com\/it\/wp-json\/wp\/v2\/pages"}],"about":[{"href":"https:\/\/www.toulouse-tourisme.com\/it\/wp-json\/wp\/v2\/types\/page"}],"author":[{"embeddable":true,"href":"https:\/\/www.toulouse-tourisme.com\/it\/wp-json\/wp\/v2\/users\/3"}],"replies":[{"embeddable":true,"href":"https:\/\/www.toulouse-tourisme.com\/it\/wp-json\/wp\/v2\/comments?post=203028"}],"version-history":[{"count":0,"href":"https:\/\/www.toulouse-tourisme.com\/it\/wp-json\/wp\/v2\/pages\/203028\/revisions"}],"up":[{"embeddable":true,"href":"https:\/\/www.toulouse-tourisme.com\/it\/wp-json\/wp\/v2\/pages\/196159"}],"wp:featuredmedia":[{"embeddable":true,"href":"https:\/\/www.toulouse-tourisme.com\/it\/wp-json\/wp\/v2\/media\/205177"}],"wp:attachment":[{"href":"https:\/\/www.toulouse-tourisme.com\/it\/wp-json\/wp\/v2\/media?parent=203028"}],"curies":[{"name":"wp","href":"https:\/\/api.w.org\/{rel}","templated":true}]}}