{"id":194159,"date":"2023-11-29T16:21:38","date_gmt":"2023-11-29T15:21:38","guid":{"rendered":"https:\/\/www.toulouse-tourisme.com\/i-nostri-imperdibili\/hotel-assezat\/"},"modified":"2026-01-13T10:26:00","modified_gmt":"2026-01-13T09:26:00","slug":"hotel-assezat","status":"publish","type":"page","link":"https:\/\/www.toulouse-tourisme.com\/it\/i-nostri-imperdibili\/hotel-assezat\/","title":{"rendered":"L\u2019hotel d\u2019Ass\u00e9zat"},"content":{"rendered":"\n<div class=\"wp-block-group has-global-padding is-layout-constrained wp-block-group-is-layout-constrained\">\n<div class=\"wp-block-columns is-layout-flex wp-container-core-columns-is-layout-28f84493 wp-block-columns-is-layout-flex\">\n<div class=\"wp-block-column is-vertically-aligned-center is-layout-flow wp-block-column-is-layout-flow\" style=\"flex-basis:33.33%\">\n<h2 class=\"wp-block-heading\">Il cortile d&#8217;onore<\/h2>\n\n\n\n<p>Gi\u00e0 dall&#8217;esterno si intuisce la magnificenza di questo hotel. Il portale monumentale, che unisce potenza e delicatezza con le sue decorazioni architettoniche in pietra a vista, ci invita ad entrare nell&#8217;immenso cortile d&#8217;onore.<\/p>\n\n\n\n<p>Le facciate del cortile esprimono con eleganza tutta l&#8217;architettura classica con la sovrapposizione dei tre ordini su ciascuno dei piani: dorico, ionico e corinzio.<\/p>\n\n\n\n<p>La loggia \u00e8 un vero e proprio luogo di freschezza in piena estate.<\/p>\n<\/div>\n\n\n\n<div class=\"wp-block-column is-vertically-aligned-center is-layout-flow wp-block-column-is-layout-flow\" style=\"flex-basis:66.66%\">\n<figure data-wp-context=\"{&quot;imageId&quot;:&quot;69d26f8890282&quot;}\" data-wp-interactive=\"core\/image\" class=\"wp-block-image size-large wp-lightbox-container\"><img decoding=\"async\" width=\"1200\" height=\"800\" data-wp-class--hide=\"state.isContentHidden\" data-wp-class--show=\"state.isContentVisible\" data-wp-init=\"callbacks.setButtonStyles\" data-wp-on-async--click=\"actions.showLightbox\" data-wp-on-async--load=\"callbacks.setButtonStyles\" data-wp-on-async-window--resize=\"callbacks.setButtonStyles\" src=\"https:\/\/www.toulouse-tourisme.com\/assets\/uploads\/sites\/3\/2023\/11\/visiter-toulouse-hotel-assezat-1200x800.jpg\" alt=\"Visiter Toulouse, l'h\u00f4tel d'Ass\u00e9zat\" class=\"wp-image-5742\" srcset=\"https:\/\/www.toulouse-tourisme.com\/assets\/uploads\/sites\/3\/2023\/11\/visiter-toulouse-hotel-assezat-1200x800.jpg 1200w, https:\/\/www.toulouse-tourisme.com\/assets\/uploads\/sites\/3\/2023\/11\/visiter-toulouse-hotel-assezat-600x400.jpg 600w, https:\/\/www.toulouse-tourisme.com\/assets\/uploads\/sites\/3\/2023\/11\/visiter-toulouse-hotel-assezat-400x267.jpg 400w, https:\/\/www.toulouse-tourisme.com\/assets\/uploads\/sites\/3\/2023\/11\/visiter-toulouse-hotel-assezat-768x512.jpg 768w, https:\/\/www.toulouse-tourisme.com\/assets\/uploads\/sites\/3\/2023\/11\/visiter-toulouse-hotel-assezat-1536x1024.jpg 1536w, https:\/\/www.toulouse-tourisme.com\/assets\/uploads\/sites\/3\/2023\/11\/visiter-toulouse-hotel-assezat.jpg 1920w\" sizes=\"(max-width: 1200px) 100vw, 1200px\" \/><button\n\t\t\tclass=\"lightbox-trigger\"\n\t\t\ttype=\"button\"\n\t\t\taria-haspopup=\"dialog\"\n\t\t\taria-label=\"Ingrandisci\"\n\t\t\tdata-wp-init=\"callbacks.initTriggerButton\"\n\t\t\tdata-wp-on-async--click=\"actions.showLightbox\"\n\t\t\tdata-wp-style--right=\"state.imageButtonRight\"\n\t\t\tdata-wp-style--top=\"state.imageButtonTop\"\n\t\t>\n\t\t\t<svg xmlns=\"http:\/\/www.w3.org\/2000\/svg\" width=\"12\" height=\"12\" fill=\"none\" viewBox=\"0 0 12 12\">\n\t\t\t\t<path fill=\"#fff\" d=\"M2 0a2 2 0 0 0-2 2v2h1.5V2a.5.5 0 0 1 .5-.5h2V0H2Zm2 10.5H2a.5.5 0 0 1-.5-.5V8H0v2a2 2 0 0 0 2 2h2v-1.5ZM8 12v-1.5h2a.5.5 0 0 0 .5-.5V8H12v2a2 2 0 0 1-2 2H8Zm2-12a2 2 0 0 1 2 2v2h-1.5V2a.5.5 0 0 0-.5-.5H8V0h2Z\" \/>\n\t\t\t<\/svg>\n\t\t<\/button><figcaption class=\"wp-element-caption\">L&#8217;hotel d&#8217;Ass\u00e9zat \u00a9 R\u00e9mi Deligeon<\/figcaption><\/figure>\n<\/div>\n<\/div>\n<\/div>\n\n\n\n<div class=\"wp-block-cover alignfull\" style=\"min-height:486px;aspect-ratio:unset;\"><img decoding=\"async\" width=\"1627\" height=\"580\" class=\"wp-block-cover__image-background wp-image-6646\" alt=\"Visiter Toulouse, les toits de Toulouse\" src=\"https:\/\/www.toulouse-tourisme.com\/assets\/uploads\/sites\/3\/2023\/11\/vue-toulouse-tour-assezat-1.jpg\" data-object-fit=\"cover\" srcset=\"https:\/\/www.toulouse-tourisme.com\/assets\/uploads\/sites\/3\/2023\/11\/vue-toulouse-tour-assezat-1.jpg 1627w, https:\/\/www.toulouse-tourisme.com\/assets\/uploads\/sites\/3\/2023\/11\/vue-toulouse-tour-assezat-1-600x214.jpg 600w, https:\/\/www.toulouse-tourisme.com\/assets\/uploads\/sites\/3\/2023\/11\/vue-toulouse-tour-assezat-1-1200x428.jpg 1200w, https:\/\/www.toulouse-tourisme.com\/assets\/uploads\/sites\/3\/2023\/11\/vue-toulouse-tour-assezat-1-400x143.jpg 400w, https:\/\/www.toulouse-tourisme.com\/assets\/uploads\/sites\/3\/2023\/11\/vue-toulouse-tour-assezat-1-768x274.jpg 768w, https:\/\/www.toulouse-tourisme.com\/assets\/uploads\/sites\/3\/2023\/11\/vue-toulouse-tour-assezat-1-1536x548.jpg 1536w\" sizes=\"(max-width: 1627px) 100vw, 1627px\" \/><span aria-hidden=\"true\" class=\"wp-block-cover__background has-background-dim\"><\/span><div class=\"wp-block-cover__inner-container has-global-padding is-layout-constrained wp-block-cover-is-layout-constrained\">\n<p class=\"has-text-align-center has-large-font-size\">La torre \u00e8 la pi\u00f9 alta tra quelle degli edifici signorili della citt\u00e0. La sua sommit\u00e0 \u00e8 decorata da un lanternino a forma di piccolo tempietto, riconoscibile da lontano, che conferisce eleganza al profilo urbano della citt\u00e0.<\/p>\n<\/div><\/div>\n\n\n\n<div class=\"wp-block-group has-global-padding is-layout-constrained wp-block-group-is-layout-constrained\">\n<div class=\"wp-block-columns is-layout-flex wp-container-core-columns-is-layout-28f84493 wp-block-columns-is-layout-flex\">\n<div class=\"wp-block-column is-vertically-aligned-center is-layout-flow wp-block-column-is-layout-flow\">\n<h3 class=\"wp-block-heading\">Il pastello<\/h3>\n\n\n\n<p>Nel XVI secolo, la citt\u00e0 di Tolosa divenne prospera grazie al commercio del pastello. Le foglie di questa pianta, l&#8217;Isatis tinctoria, venivano utilizzate come tintura blu e la sua coltivazione si svilupp\u00f2 nel sud di Tolosa, che divenne il \u201c<strong>Paese di Cuccagna<\/strong>\u201d in riferimento alle coques, palline essiccate di foglie di pastello schiacciate.<\/p>\n\n\n\n<p>L&#8217;arrivo dell&#8217;indaco dall&#8217;India nel XVII secolo provoc\u00f2 il declino della coltivazione del pastello.<\/p>\n\n\n\n<p>L&#8217;H\u00f4tel d&#8217;Ass\u00e9zat ospita oggi <strong>la Fondazione Bemberg<\/strong> e l&#8217;<strong>Unione delle Accademie e delle Societ\u00e0 Scientifiche<\/strong>.<\/p>\n\n\n\n<p class=\"is-style-location\">Place d&#8217;Ass\u00e9zat, 31000 Toulouse<\/p>\n<\/div>\n\n\n\n<div class=\"wp-block-column is-vertically-aligned-center is-layout-flow wp-block-column-is-layout-flow\">\n<figure data-wp-context=\"{&quot;imageId&quot;:&quot;69d26f88912f0&quot;}\" data-wp-interactive=\"core\/image\" class=\"wp-block-image size-full wp-lightbox-container\"><img decoding=\"async\" width=\"800\" height=\"830\" data-wp-class--hide=\"state.isContentHidden\" data-wp-class--show=\"state.isContentVisible\" data-wp-init=\"callbacks.setButtonStyles\" data-wp-on-async--click=\"actions.showLightbox\" data-wp-on-async--load=\"callbacks.setButtonStyles\" data-wp-on-async-window--resize=\"callbacks.setButtonStyles\" src=\"https:\/\/www.toulouse-tourisme.com\/assets\/uploads\/sites\/3\/2023\/11\/visiter-toulouse-portail-hotel-assezat.jpg\" alt=\"H\u00f4tel d'Ass\u00e9zat Fondation Georges Bemberg\" class=\"wp-image-6593\" srcset=\"https:\/\/www.toulouse-tourisme.com\/assets\/uploads\/sites\/3\/2023\/11\/visiter-toulouse-portail-hotel-assezat.jpg 800w, https:\/\/www.toulouse-tourisme.com\/assets\/uploads\/sites\/3\/2023\/11\/visiter-toulouse-portail-hotel-assezat-600x623.jpg 600w, https:\/\/www.toulouse-tourisme.com\/assets\/uploads\/sites\/3\/2023\/11\/visiter-toulouse-portail-hotel-assezat-400x415.jpg 400w, https:\/\/www.toulouse-tourisme.com\/assets\/uploads\/sites\/3\/2023\/11\/visiter-toulouse-portail-hotel-assezat-768x797.jpg 768w\" sizes=\"(max-width: 800px) 100vw, 800px\" \/><button\n\t\t\tclass=\"lightbox-trigger\"\n\t\t\ttype=\"button\"\n\t\t\taria-haspopup=\"dialog\"\n\t\t\taria-label=\"Ingrandisci\"\n\t\t\tdata-wp-init=\"callbacks.initTriggerButton\"\n\t\t\tdata-wp-on-async--click=\"actions.showLightbox\"\n\t\t\tdata-wp-style--right=\"state.imageButtonRight\"\n\t\t\tdata-wp-style--top=\"state.imageButtonTop\"\n\t\t>\n\t\t\t<svg xmlns=\"http:\/\/www.w3.org\/2000\/svg\" width=\"12\" height=\"12\" fill=\"none\" viewBox=\"0 0 12 12\">\n\t\t\t\t<path fill=\"#fff\" d=\"M2 0a2 2 0 0 0-2 2v2h1.5V2a.5.5 0 0 1 .5-.5h2V0H2Zm2 10.5H2a.5.5 0 0 1-.5-.5V8H0v2a2 2 0 0 0 2 2h2v-1.5ZM8 12v-1.5h2a.5.5 0 0 0 .5-.5V8H12v2a2 2 0 0 1-2 2H8Zm2-12a2 2 0 0 1 2 2v2h-1.5V2a.5.5 0 0 0-.5-.5H8V0h2Z\" \/>\n\t\t\t<\/svg>\n\t\t<\/button><figcaption class=\"wp-element-caption\">Portale dell&#8217;hotel d&#8217;Ass\u00e9zat \u00a9 R\u00e9mi Deligeon<\/figcaption><\/figure>\n<\/div>\n\n\n\n<div class=\"wp-block-column is-vertically-aligned-center is-layout-flow wp-block-column-is-layout-flow\">\n<figure data-wp-context=\"{&quot;imageId&quot;:&quot;69d26f8891f68&quot;}\" data-wp-interactive=\"core\/image\" class=\"wp-block-image size-full wp-lightbox-container\"><img decoding=\"async\" width=\"800\" height=\"830\" data-wp-class--hide=\"state.isContentHidden\" data-wp-class--show=\"state.isContentVisible\" data-wp-init=\"callbacks.setButtonStyles\" data-wp-on-async--click=\"actions.showLightbox\" data-wp-on-async--load=\"callbacks.setButtonStyles\" data-wp-on-async-window--resize=\"callbacks.setButtonStyles\" src=\"https:\/\/www.toulouse-tourisme.com\/assets\/uploads\/sites\/3\/2023\/11\/toulouse-hotel-assezat.jpg\" alt=\"Visiter Toulouse, l'h\u00f4tel d'Ass\u00e9zat\" class=\"wp-image-6597\" srcset=\"https:\/\/www.toulouse-tourisme.com\/assets\/uploads\/sites\/3\/2023\/11\/toulouse-hotel-assezat.jpg 800w, https:\/\/www.toulouse-tourisme.com\/assets\/uploads\/sites\/3\/2023\/11\/toulouse-hotel-assezat-600x623.jpg 600w, https:\/\/www.toulouse-tourisme.com\/assets\/uploads\/sites\/3\/2023\/11\/toulouse-hotel-assezat-400x415.jpg 400w, https:\/\/www.toulouse-tourisme.com\/assets\/uploads\/sites\/3\/2023\/11\/toulouse-hotel-assezat-768x797.jpg 768w\" sizes=\"(max-width: 800px) 100vw, 800px\" \/><button\n\t\t\tclass=\"lightbox-trigger\"\n\t\t\ttype=\"button\"\n\t\t\taria-haspopup=\"dialog\"\n\t\t\taria-label=\"Ingrandisci\"\n\t\t\tdata-wp-init=\"callbacks.initTriggerButton\"\n\t\t\tdata-wp-on-async--click=\"actions.showLightbox\"\n\t\t\tdata-wp-style--right=\"state.imageButtonRight\"\n\t\t\tdata-wp-style--top=\"state.imageButtonTop\"\n\t\t>\n\t\t\t<svg xmlns=\"http:\/\/www.w3.org\/2000\/svg\" width=\"12\" height=\"12\" fill=\"none\" viewBox=\"0 0 12 12\">\n\t\t\t\t<path fill=\"#fff\" d=\"M2 0a2 2 0 0 0-2 2v2h1.5V2a.5.5 0 0 1 .5-.5h2V0H2Zm2 10.5H2a.5.5 0 0 1-.5-.5V8H0v2a2 2 0 0 0 2 2h2v-1.5ZM8 12v-1.5h2a.5.5 0 0 0 .5-.5V8H12v2a2 2 0 0 1-2 2H8Zm2-12a2 2 0 0 1 2 2v2h-1.5V2a.5.5 0 0 0-.5-.5H8V0h2Z\" \/>\n\t\t\t<\/svg>\n\t\t<\/button><figcaption class=\"wp-element-caption\">L&#8217;hotel d&#8217;Ass\u00e9zat \u00a9 Gilles Martin<\/figcaption><\/figure>\n<\/div>\n<\/div>\n<\/div>\n\n\n\n<div class=\"wp-block-group has-global-padding is-layout-constrained wp-block-group-is-layout-constrained\">\n<div class=\"wp-block-buttons is-layout-flex wp-block-buttons-is-layout-flex\">\n<div class=\"wp-block-button\"><a class=\"wp-block-button__link wp-element-button\" href=\"https:\/\/www.toulouse-tourisme.com\/it\/activite\/hotel-dassezat\/\">Informazioni pratiche<\/a><\/div>\n\n\n\n<div class=\"wp-block-button\"><a class=\"wp-block-button__link wp-element-button\" href=\"https:\/\/www.toulouse-tourisme.com\/it\/i-nostri-imperdibili\/\">VEDI TUTTI I LUOGHI IMPERDIBILI<\/a><\/div>\n<\/div>\n<\/div>\n\n\n\n<div class=\"wp-block-group has-global-padding is-layout-constrained wp-block-group-is-layout-constrained\">\n<h2 class=\"wp-block-heading\">La Fondazione Bemberg<\/h2>\n\n\n\n<p>Dipinti, sculture, arti grafiche, mobili e oggetti d&#8217;arte dal XV alla met\u00e0 del XX secolo trovano la loro cornice e il loro pubblico nella Citt\u00e0 rosa.<\/p>\n\n\n\n<p>Alla fine degli anni &#8217;80, il collezionista d&#8217;arte argentino Georges Bemberg era alla ricerca di un luogo dove esporre la sua collezione al pubblico. La citt\u00e0 di Tolosa mise a disposizione del collezionista gran parte dell&#8217;H\u00f4tel d&#8217;Ass\u00e9zat per ospitare la prestigiosa collezione e il museo fu inaugurato nel 1995 dopo i lavori di ristrutturazione.<\/p>\n\n\n\n<div class=\"wp-block-buttons is-layout-flex wp-block-buttons-is-layout-flex\">\n<div class=\"wp-block-button\"><a class=\"wp-block-button__link wp-element-button\" href=\"https:\/\/www.toulouse-tourisme.com\/it\/fondation-bemberg\/\">La Fondazione Bemberg<\/a><\/div>\n<\/div>\n<\/div>\n","protected":false},"excerpt":{"rendered":"<p>Il cortile d&#8217;onore Gi\u00e0 dall&#8217;esterno si intuisce la magnificenza di questo hotel. Il portale monumentale, che unisce potenza e delicatezza con le sue decorazioni architettoniche in pietra a vista, ci invita ad entrare nell&#8217;immenso cortile d&#8217;onore. Le facciate del cortile esprimono con eleganza tutta l&#8217;architettura classica con la sovrapposizione dei tre ordini su ciascuno dei [&hellip;]<\/p>\n","protected":false},"author":3,"featured_media":194160,"parent":193901,"menu_order":0,"comment_status":"closed","ping_status":"closed","template":"templates\/magazine.php","meta":{"_acf_changed":true,"footnotes":""},"class_list":["post-194159","page","type-page","status-publish","has-post-thumbnail","hentry"],"acf":[],"yoast_head":"<!-- This site is optimized with the Yoast SEO plugin v27.1.1 - https:\/\/yoast.com\/product\/yoast-seo-wordpress\/ -->\n<title>L\u2019hotel d\u2019Ass\u00e9zat - Imperdibile - Toulouse Tourisme<\/title>\n<meta name=\"description\" content=\"Questo palazzo signorile fu commissionato da Pierre d&#039;Ass\u00e9zat e costruito dal grande architetto rinascimentale Nicolas Bachelier.\" \/>\n<meta name=\"robots\" content=\"index, follow, max-snippet:-1, max-image-preview:large, max-video-preview:-1\" \/>\n<link rel=\"canonical\" href=\"https:\/\/www.toulouse-tourisme.com\/it\/i-nostri-imperdibili\/hotel-assezat\/\" \/>\n<meta property=\"og:locale\" content=\"it_IT\" \/>\n<meta property=\"og:type\" content=\"article\" \/>\n<meta property=\"og:title\" content=\"L\u2019hotel d\u2019Ass\u00e9zat - Imperdibile - Toulouse Tourisme\" \/>\n<meta property=\"og:description\" content=\"Questo palazzo signorile fu commissionato da Pierre d&#039;Ass\u00e9zat e costruito dal grande architetto rinascimentale Nicolas Bachelier.\" \/>\n<meta property=\"og:url\" content=\"https:\/\/www.toulouse-tourisme.com\/it\/i-nostri-imperdibili\/hotel-assezat\/\" \/>\n<meta property=\"og:site_name\" content=\"Toulouse Tourisme\" \/>\n<meta property=\"article:publisher\" content=\"https:\/\/www.facebook.com\/Toulouse.tourisme\/\" \/>\n<meta property=\"article:modified_time\" content=\"2026-01-13T09:26:00+00:00\" \/>\n<meta property=\"og:image\" content=\"https:\/\/www.toulouse-tourisme.com\/assets\/uploads\/sites\/3\/2023\/11\/visiter-toulouse-hotel-assezat-2.jpg\" \/>\n\t<meta property=\"og:image:width\" content=\"1920\" \/>\n\t<meta property=\"og:image:height\" content=\"1247\" \/>\n\t<meta property=\"og:image:type\" content=\"image\/jpeg\" \/>\n<meta name=\"twitter:card\" content=\"summary_large_image\" \/>\n<meta name=\"twitter:label1\" content=\"Tempo di lettura stimato\" \/>\n\t<meta name=\"twitter:data1\" content=\"3 minuti\" \/>\n<script type=\"application\/ld+json\" class=\"yoast-schema-graph\">{\"@context\":\"https:\/\/schema.org\",\"@graph\":[{\"@type\":\"WebPage\",\"@id\":\"https:\/\/www.toulouse-tourisme.com\/it\/i-nostri-imperdibili\/hotel-assezat\/\",\"url\":\"https:\/\/www.toulouse-tourisme.com\/it\/i-nostri-imperdibili\/hotel-assezat\/\",\"name\":\"L\u2019hotel d\u2019Ass\u00e9zat - Imperdibile - Toulouse Tourisme\",\"isPartOf\":{\"@id\":\"https:\/\/www.toulouse-tourisme.com\/it\/#website\"},\"primaryImageOfPage\":{\"@id\":\"https:\/\/www.toulouse-tourisme.com\/it\/i-nostri-imperdibili\/hotel-assezat\/#primaryimage\"},\"image\":{\"@id\":\"https:\/\/www.toulouse-tourisme.com\/it\/i-nostri-imperdibili\/hotel-assezat\/#primaryimage\"},\"thumbnailUrl\":\"https:\/\/www.toulouse-tourisme.com\/assets\/uploads\/sites\/3\/2023\/11\/visiter-toulouse-hotel-assezat-2.jpg\",\"datePublished\":\"2023-11-29T15:21:38+00:00\",\"dateModified\":\"2026-01-13T09:26:00+00:00\",\"description\":\"Questo palazzo signorile fu commissionato da Pierre d'Ass\u00e9zat e costruito dal grande architetto rinascimentale Nicolas Bachelier.\",\"breadcrumb\":{\"@id\":\"https:\/\/www.toulouse-tourisme.com\/it\/i-nostri-imperdibili\/hotel-assezat\/#breadcrumb\"},\"inLanguage\":\"it-IT\",\"potentialAction\":[{\"@type\":\"ReadAction\",\"target\":[\"https:\/\/www.toulouse-tourisme.com\/it\/i-nostri-imperdibili\/hotel-assezat\/\"]}]},{\"@type\":\"ImageObject\",\"inLanguage\":\"it-IT\",\"@id\":\"https:\/\/www.toulouse-tourisme.com\/it\/i-nostri-imperdibili\/hotel-assezat\/#primaryimage\",\"url\":\"https:\/\/www.toulouse-tourisme.com\/assets\/uploads\/sites\/3\/2023\/11\/visiter-toulouse-hotel-assezat-2.jpg\",\"contentUrl\":\"https:\/\/www.toulouse-tourisme.com\/assets\/uploads\/sites\/3\/2023\/11\/visiter-toulouse-hotel-assezat-2.jpg\",\"width\":1920,\"height\":1247,\"caption\":\"Visiter Toulouse, l'h\u00f4tel d'Ass\u00e9zat \u00a9 @na_toulouse\"},{\"@type\":\"BreadcrumbList\",\"@id\":\"https:\/\/www.toulouse-tourisme.com\/it\/i-nostri-imperdibili\/hotel-assezat\/#breadcrumb\",\"itemListElement\":[{\"@type\":\"ListItem\",\"position\":1,\"name\":\"Homepage\",\"item\":\"https:\/\/www.toulouse-tourisme.com\/it\/\"},{\"@type\":\"ListItem\",\"position\":2,\"name\":\"I nostri imperdibili\",\"item\":\"https:\/\/www.toulouse-tourisme.com\/it\/i-nostri-imperdibili\/\"},{\"@type\":\"ListItem\",\"position\":3,\"name\":\"L\u2019hotel d\u2019Ass\u00e9zat\"}]},{\"@type\":\"WebSite\",\"@id\":\"https:\/\/www.toulouse-tourisme.com\/it\/#website\",\"url\":\"https:\/\/www.toulouse-tourisme.com\/it\/\",\"name\":\"Toulouse Tourisme\",\"description\":\"\",\"publisher\":{\"@id\":\"https:\/\/www.toulouse-tourisme.com\/it\/#organization\"},\"potentialAction\":[{\"@type\":\"SearchAction\",\"target\":{\"@type\":\"EntryPoint\",\"urlTemplate\":\"https:\/\/www.toulouse-tourisme.com\/it\/?s={search_term_string}\"},\"query-input\":{\"@type\":\"PropertyValueSpecification\",\"valueRequired\":true,\"valueName\":\"search_term_string\"}}],\"inLanguage\":\"it-IT\"},{\"@type\":\"Organization\",\"@id\":\"https:\/\/www.toulouse-tourisme.com\/it\/#organization\",\"name\":\"Toulouse Tourisme\",\"url\":\"https:\/\/www.toulouse-tourisme.com\/it\/\",\"logo\":{\"@type\":\"ImageObject\",\"inLanguage\":\"it-IT\",\"@id\":\"https:\/\/www.toulouse-tourisme.com\/it\/#\/schema\/logo\/image\/\",\"url\":\"https:\/\/www.toulouse-tourisme.com\/assets\/uploads\/sites\/3\/2023\/10\/toulouse.svg\",\"contentUrl\":\"https:\/\/www.toulouse-tourisme.com\/assets\/uploads\/sites\/3\/2023\/10\/toulouse.svg\",\"width\":220,\"height\":61,\"caption\":\"Toulouse Tourisme\"},\"image\":{\"@id\":\"https:\/\/www.toulouse-tourisme.com\/it\/#\/schema\/logo\/image\/\"},\"sameAs\":[\"https:\/\/www.facebook.com\/Toulouse.tourisme\/\",\"https:\/\/www.instagram.com\/visiteztoulouse\/\",\"https:\/\/www.youtube.com\/@VisitezToulouse\",\"https:\/\/fr.pinterest.com\/visiteztoulouse\/\"]}]}<\/script>\n<!-- \/ Yoast SEO plugin. -->","yoast_head_json":{"title":"L\u2019hotel d\u2019Ass\u00e9zat - Imperdibile - Toulouse Tourisme","description":"Questo palazzo signorile fu commissionato da Pierre d'Ass\u00e9zat e costruito dal grande architetto rinascimentale Nicolas Bachelier.","robots":{"index":"index","follow":"follow","max-snippet":"max-snippet:-1","max-image-preview":"max-image-preview:large","max-video-preview":"max-video-preview:-1"},"canonical":"https:\/\/www.toulouse-tourisme.com\/it\/i-nostri-imperdibili\/hotel-assezat\/","og_locale":"it_IT","og_type":"article","og_title":"L\u2019hotel d\u2019Ass\u00e9zat - Imperdibile - Toulouse Tourisme","og_description":"Questo palazzo signorile fu commissionato da Pierre d'Ass\u00e9zat e costruito dal grande architetto rinascimentale Nicolas Bachelier.","og_url":"https:\/\/www.toulouse-tourisme.com\/it\/i-nostri-imperdibili\/hotel-assezat\/","og_site_name":"Toulouse Tourisme","article_publisher":"https:\/\/www.facebook.com\/Toulouse.tourisme\/","article_modified_time":"2026-01-13T09:26:00+00:00","og_image":[{"width":1920,"height":1247,"url":"https:\/\/www.toulouse-tourisme.com\/assets\/uploads\/sites\/3\/2023\/11\/visiter-toulouse-hotel-assezat-2.jpg","type":"image\/jpeg"}],"twitter_card":"summary_large_image","twitter_misc":{"Tempo di lettura stimato":"3 minuti"},"schema":{"@context":"https:\/\/schema.org","@graph":[{"@type":"WebPage","@id":"https:\/\/www.toulouse-tourisme.com\/it\/i-nostri-imperdibili\/hotel-assezat\/","url":"https:\/\/www.toulouse-tourisme.com\/it\/i-nostri-imperdibili\/hotel-assezat\/","name":"L\u2019hotel d\u2019Ass\u00e9zat - Imperdibile - Toulouse Tourisme","isPartOf":{"@id":"https:\/\/www.toulouse-tourisme.com\/it\/#website"},"primaryImageOfPage":{"@id":"https:\/\/www.toulouse-tourisme.com\/it\/i-nostri-imperdibili\/hotel-assezat\/#primaryimage"},"image":{"@id":"https:\/\/www.toulouse-tourisme.com\/it\/i-nostri-imperdibili\/hotel-assezat\/#primaryimage"},"thumbnailUrl":"https:\/\/www.toulouse-tourisme.com\/assets\/uploads\/sites\/3\/2023\/11\/visiter-toulouse-hotel-assezat-2.jpg","datePublished":"2023-11-29T15:21:38+00:00","dateModified":"2026-01-13T09:26:00+00:00","description":"Questo palazzo signorile fu commissionato da Pierre d'Ass\u00e9zat e costruito dal grande architetto rinascimentale Nicolas Bachelier.","breadcrumb":{"@id":"https:\/\/www.toulouse-tourisme.com\/it\/i-nostri-imperdibili\/hotel-assezat\/#breadcrumb"},"inLanguage":"it-IT","potentialAction":[{"@type":"ReadAction","target":["https:\/\/www.toulouse-tourisme.com\/it\/i-nostri-imperdibili\/hotel-assezat\/"]}]},{"@type":"ImageObject","inLanguage":"it-IT","@id":"https:\/\/www.toulouse-tourisme.com\/it\/i-nostri-imperdibili\/hotel-assezat\/#primaryimage","url":"https:\/\/www.toulouse-tourisme.com\/assets\/uploads\/sites\/3\/2023\/11\/visiter-toulouse-hotel-assezat-2.jpg","contentUrl":"https:\/\/www.toulouse-tourisme.com\/assets\/uploads\/sites\/3\/2023\/11\/visiter-toulouse-hotel-assezat-2.jpg","width":1920,"height":1247,"caption":"Visiter Toulouse, l'h\u00f4tel d'Ass\u00e9zat \u00a9 @na_toulouse"},{"@type":"BreadcrumbList","@id":"https:\/\/www.toulouse-tourisme.com\/it\/i-nostri-imperdibili\/hotel-assezat\/#breadcrumb","itemListElement":[{"@type":"ListItem","position":1,"name":"Homepage","item":"https:\/\/www.toulouse-tourisme.com\/it\/"},{"@type":"ListItem","position":2,"name":"I nostri imperdibili","item":"https:\/\/www.toulouse-tourisme.com\/it\/i-nostri-imperdibili\/"},{"@type":"ListItem","position":3,"name":"L\u2019hotel d\u2019Ass\u00e9zat"}]},{"@type":"WebSite","@id":"https:\/\/www.toulouse-tourisme.com\/it\/#website","url":"https:\/\/www.toulouse-tourisme.com\/it\/","name":"Toulouse Tourisme","description":"","publisher":{"@id":"https:\/\/www.toulouse-tourisme.com\/it\/#organization"},"potentialAction":[{"@type":"SearchAction","target":{"@type":"EntryPoint","urlTemplate":"https:\/\/www.toulouse-tourisme.com\/it\/?s={search_term_string}"},"query-input":{"@type":"PropertyValueSpecification","valueRequired":true,"valueName":"search_term_string"}}],"inLanguage":"it-IT"},{"@type":"Organization","@id":"https:\/\/www.toulouse-tourisme.com\/it\/#organization","name":"Toulouse Tourisme","url":"https:\/\/www.toulouse-tourisme.com\/it\/","logo":{"@type":"ImageObject","inLanguage":"it-IT","@id":"https:\/\/www.toulouse-tourisme.com\/it\/#\/schema\/logo\/image\/","url":"https:\/\/www.toulouse-tourisme.com\/assets\/uploads\/sites\/3\/2023\/10\/toulouse.svg","contentUrl":"https:\/\/www.toulouse-tourisme.com\/assets\/uploads\/sites\/3\/2023\/10\/toulouse.svg","width":220,"height":61,"caption":"Toulouse Tourisme"},"image":{"@id":"https:\/\/www.toulouse-tourisme.com\/it\/#\/schema\/logo\/image\/"},"sameAs":["https:\/\/www.facebook.com\/Toulouse.tourisme\/","https:\/\/www.instagram.com\/visiteztoulouse\/","https:\/\/www.youtube.com\/@VisitezToulouse","https:\/\/fr.pinterest.com\/visiteztoulouse\/"]}]}},"_links":{"self":[{"href":"https:\/\/www.toulouse-tourisme.com\/it\/wp-json\/wp\/v2\/pages\/194159","targetHints":{"allow":["GET"]}}],"collection":[{"href":"https:\/\/www.toulouse-tourisme.com\/it\/wp-json\/wp\/v2\/pages"}],"about":[{"href":"https:\/\/www.toulouse-tourisme.com\/it\/wp-json\/wp\/v2\/types\/page"}],"author":[{"embeddable":true,"href":"https:\/\/www.toulouse-tourisme.com\/it\/wp-json\/wp\/v2\/users\/3"}],"replies":[{"embeddable":true,"href":"https:\/\/www.toulouse-tourisme.com\/it\/wp-json\/wp\/v2\/comments?post=194159"}],"version-history":[{"count":0,"href":"https:\/\/www.toulouse-tourisme.com\/it\/wp-json\/wp\/v2\/pages\/194159\/revisions"}],"up":[{"embeddable":true,"href":"https:\/\/www.toulouse-tourisme.com\/it\/wp-json\/wp\/v2\/pages\/193901"}],"wp:featuredmedia":[{"embeddable":true,"href":"https:\/\/www.toulouse-tourisme.com\/it\/wp-json\/wp\/v2\/media\/194160"}],"wp:attachment":[{"href":"https:\/\/www.toulouse-tourisme.com\/it\/wp-json\/wp\/v2\/media?parent=194159"}],"curies":[{"name":"wp","href":"https:\/\/api.w.org\/{rel}","templated":true}]}}