{"id":62971,"date":"2023-12-04T16:13:30","date_gmt":"2023-12-04T15:13:30","guid":{"rendered":"https:\/\/www.toulouse-tourisme.com\/plan-du-site\/"},"modified":"2024-07-10T11:41:03","modified_gmt":"2024-07-10T09:41:03","slug":"mapa-web","status":"publish","type":"page","link":"https:\/\/www.toulouse-tourisme.com\/es\/mapa-web\/","title":{"rendered":"Mapa web"},"content":{"rendered":"","protected":false},"excerpt":{"rendered":"","protected":false},"author":3,"featured_media":6734,"parent":0,"menu_order":0,"comment_status":"closed","ping_status":"closed","template":"templates\/sitemap.php","meta":{"_acf_changed":false,"footnotes":""},"class_list":["post-62971","page","type-page","status-publish","has-post-thumbnail","hentry"],"acf":[],"yoast_head":"<!-- This site is optimized with the Yoast SEO plugin v27.1.1 - https:\/\/yoast.com\/product\/yoast-seo-wordpress\/ -->\n<title>Mapa web - Toulouse Tourisme<\/title>\n<meta name=\"description\" content=\"Mapa del sitio de la Oficina de Turismo de Toulouse. El sitio est\u00e1 publicado por la Agence d&#039;attractivit\u00e9 de Toulouse M\u00e9tropole.\" \/>\n<meta name=\"robots\" content=\"index, follow, max-snippet:-1, max-image-preview:large, max-video-preview:-1\" \/>\n<link rel=\"canonical\" href=\"https:\/\/www.toulouse-tourisme.com\/es\/mapa-web\/\" \/>\n<meta property=\"og:locale\" content=\"es_ES\" \/>\n<meta property=\"og:type\" content=\"article\" \/>\n<meta property=\"og:title\" content=\"Mapa web - Toulouse Tourisme\" \/>\n<meta property=\"og:description\" content=\"Mapa del sitio de la Oficina de Turismo de Toulouse. El sitio est\u00e1 publicado por la Agence d&#039;attractivit\u00e9 de Toulouse M\u00e9tropole.\" \/>\n<meta property=\"og:url\" content=\"https:\/\/www.toulouse-tourisme.com\/es\/mapa-web\/\" \/>\n<meta property=\"og:site_name\" content=\"Toulouse Tourisme\" \/>\n<meta property=\"article:publisher\" content=\"https:\/\/www.facebook.com\/Toulouse.tourisme\/\" \/>\n<meta property=\"article:modified_time\" content=\"2024-07-10T09:41:03+00:00\" \/>\n<meta property=\"og:image\" content=\"https:\/\/www.toulouse-tourisme.com\/assets\/uploads\/sites\/3\/2023\/11\/toulouse-la-ville-rose.jpg\" \/>\n\t<meta property=\"og:image:width\" content=\"1920\" \/>\n\t<meta property=\"og:image:height\" content=\"1280\" \/>\n\t<meta property=\"og:image:type\" content=\"image\/jpeg\" \/>\n<meta name=\"twitter:card\" content=\"summary_large_image\" \/>\n<meta name=\"twitter:label1\" content=\"Tiempo de lectura\" \/>\n\t<meta name=\"twitter:data1\" content=\"1 minuto\" \/>\n<script type=\"application\/ld+json\" class=\"yoast-schema-graph\">{\"@context\":\"https:\/\/schema.org\",\"@graph\":[{\"@type\":\"WebPage\",\"@id\":\"https:\/\/www.toulouse-tourisme.com\/es\/mapa-web\/\",\"url\":\"https:\/\/www.toulouse-tourisme.com\/es\/mapa-web\/\",\"name\":\"Mapa web - Toulouse Tourisme\",\"isPartOf\":{\"@id\":\"https:\/\/www.toulouse-tourisme.com\/es\/#website\"},\"primaryImageOfPage\":{\"@id\":\"https:\/\/www.toulouse-tourisme.com\/es\/mapa-web\/#primaryimage\"},\"image\":{\"@id\":\"https:\/\/www.toulouse-tourisme.com\/es\/mapa-web\/#primaryimage\"},\"thumbnailUrl\":\"https:\/\/www.toulouse-tourisme.com\/assets\/uploads\/sites\/3\/2023\/11\/toulouse-la-ville-rose.jpg\",\"datePublished\":\"2023-12-04T15:13:30+00:00\",\"dateModified\":\"2024-07-10T09:41:03+00:00\",\"description\":\"Mapa del sitio de la Oficina de Turismo de Toulouse. El sitio est\u00e1 publicado por la Agence d'attractivit\u00e9 de Toulouse M\u00e9tropole.\",\"breadcrumb\":{\"@id\":\"https:\/\/www.toulouse-tourisme.com\/es\/mapa-web\/#breadcrumb\"},\"inLanguage\":\"es\",\"potentialAction\":[{\"@type\":\"ReadAction\",\"target\":[\"https:\/\/www.toulouse-tourisme.com\/es\/mapa-web\/\"]}]},{\"@type\":\"ImageObject\",\"inLanguage\":\"es\",\"@id\":\"https:\/\/www.toulouse-tourisme.com\/es\/mapa-web\/#primaryimage\",\"url\":\"https:\/\/www.toulouse-tourisme.com\/assets\/uploads\/sites\/3\/2023\/11\/toulouse-la-ville-rose.jpg\",\"contentUrl\":\"https:\/\/www.toulouse-tourisme.com\/assets\/uploads\/sites\/3\/2023\/11\/toulouse-la-ville-rose.jpg\",\"width\":1920,\"height\":1280,\"caption\":\"La Ville rose \u00a9 R\u00e9mi Deligeon\"},{\"@type\":\"BreadcrumbList\",\"@id\":\"https:\/\/www.toulouse-tourisme.com\/es\/mapa-web\/#breadcrumb\",\"itemListElement\":[{\"@type\":\"ListItem\",\"position\":1,\"name\":\"Inicio\",\"item\":\"https:\/\/www.toulouse-tourisme.com\/es\/\"},{\"@type\":\"ListItem\",\"position\":2,\"name\":\"Mapa web\"}]},{\"@type\":\"WebSite\",\"@id\":\"https:\/\/www.toulouse-tourisme.com\/es\/#website\",\"url\":\"https:\/\/www.toulouse-tourisme.com\/es\/\",\"name\":\"Toulouse Tourisme\",\"description\":\"\",\"publisher\":{\"@id\":\"https:\/\/www.toulouse-tourisme.com\/es\/#organization\"},\"potentialAction\":[{\"@type\":\"SearchAction\",\"target\":{\"@type\":\"EntryPoint\",\"urlTemplate\":\"https:\/\/www.toulouse-tourisme.com\/es\/?s={search_term_string}\"},\"query-input\":{\"@type\":\"PropertyValueSpecification\",\"valueRequired\":true,\"valueName\":\"search_term_string\"}}],\"inLanguage\":\"es\"},{\"@type\":\"Organization\",\"@id\":\"https:\/\/www.toulouse-tourisme.com\/es\/#organization\",\"name\":\"Toulouse Tourisme\",\"url\":\"https:\/\/www.toulouse-tourisme.com\/es\/\",\"logo\":{\"@type\":\"ImageObject\",\"inLanguage\":\"es\",\"@id\":\"https:\/\/www.toulouse-tourisme.com\/es\/#\/schema\/logo\/image\/\",\"url\":\"https:\/\/www.toulouse-tourisme.com\/assets\/uploads\/sites\/3\/2023\/10\/toulouse.svg\",\"contentUrl\":\"https:\/\/www.toulouse-tourisme.com\/assets\/uploads\/sites\/3\/2023\/10\/toulouse.svg\",\"width\":220,\"height\":61,\"caption\":\"Toulouse Tourisme\"},\"image\":{\"@id\":\"https:\/\/www.toulouse-tourisme.com\/es\/#\/schema\/logo\/image\/\"},\"sameAs\":[\"https:\/\/www.facebook.com\/Toulouse.tourisme\/\",\"https:\/\/www.instagram.com\/visiteztoulouse\/\",\"https:\/\/www.youtube.com\/@VisitezToulouse\",\"https:\/\/fr.pinterest.com\/visiteztoulouse\/\"]}]}<\/script>\n<!-- \/ Yoast SEO plugin. -->","yoast_head_json":{"title":"Mapa web - Toulouse Tourisme","description":"Mapa del sitio de la Oficina de Turismo de Toulouse. El sitio est\u00e1 publicado por la Agence d'attractivit\u00e9 de Toulouse M\u00e9tropole.","robots":{"index":"index","follow":"follow","max-snippet":"max-snippet:-1","max-image-preview":"max-image-preview:large","max-video-preview":"max-video-preview:-1"},"canonical":"https:\/\/www.toulouse-tourisme.com\/es\/mapa-web\/","og_locale":"es_ES","og_type":"article","og_title":"Mapa web - Toulouse Tourisme","og_description":"Mapa del sitio de la Oficina de Turismo de Toulouse. El sitio est\u00e1 publicado por la Agence d'attractivit\u00e9 de Toulouse M\u00e9tropole.","og_url":"https:\/\/www.toulouse-tourisme.com\/es\/mapa-web\/","og_site_name":"Toulouse Tourisme","article_publisher":"https:\/\/www.facebook.com\/Toulouse.tourisme\/","article_modified_time":"2024-07-10T09:41:03+00:00","og_image":[{"width":1920,"height":1280,"url":"https:\/\/www.toulouse-tourisme.com\/assets\/uploads\/sites\/3\/2023\/11\/toulouse-la-ville-rose.jpg","type":"image\/jpeg"}],"twitter_card":"summary_large_image","twitter_misc":{"Tiempo de lectura":"1 minuto"},"schema":{"@context":"https:\/\/schema.org","@graph":[{"@type":"WebPage","@id":"https:\/\/www.toulouse-tourisme.com\/es\/mapa-web\/","url":"https:\/\/www.toulouse-tourisme.com\/es\/mapa-web\/","name":"Mapa web - Toulouse Tourisme","isPartOf":{"@id":"https:\/\/www.toulouse-tourisme.com\/es\/#website"},"primaryImageOfPage":{"@id":"https:\/\/www.toulouse-tourisme.com\/es\/mapa-web\/#primaryimage"},"image":{"@id":"https:\/\/www.toulouse-tourisme.com\/es\/mapa-web\/#primaryimage"},"thumbnailUrl":"https:\/\/www.toulouse-tourisme.com\/assets\/uploads\/sites\/3\/2023\/11\/toulouse-la-ville-rose.jpg","datePublished":"2023-12-04T15:13:30+00:00","dateModified":"2024-07-10T09:41:03+00:00","description":"Mapa del sitio de la Oficina de Turismo de Toulouse. El sitio est\u00e1 publicado por la Agence d'attractivit\u00e9 de Toulouse M\u00e9tropole.","breadcrumb":{"@id":"https:\/\/www.toulouse-tourisme.com\/es\/mapa-web\/#breadcrumb"},"inLanguage":"es","potentialAction":[{"@type":"ReadAction","target":["https:\/\/www.toulouse-tourisme.com\/es\/mapa-web\/"]}]},{"@type":"ImageObject","inLanguage":"es","@id":"https:\/\/www.toulouse-tourisme.com\/es\/mapa-web\/#primaryimage","url":"https:\/\/www.toulouse-tourisme.com\/assets\/uploads\/sites\/3\/2023\/11\/toulouse-la-ville-rose.jpg","contentUrl":"https:\/\/www.toulouse-tourisme.com\/assets\/uploads\/sites\/3\/2023\/11\/toulouse-la-ville-rose.jpg","width":1920,"height":1280,"caption":"La Ville rose \u00a9 R\u00e9mi Deligeon"},{"@type":"BreadcrumbList","@id":"https:\/\/www.toulouse-tourisme.com\/es\/mapa-web\/#breadcrumb","itemListElement":[{"@type":"ListItem","position":1,"name":"Inicio","item":"https:\/\/www.toulouse-tourisme.com\/es\/"},{"@type":"ListItem","position":2,"name":"Mapa web"}]},{"@type":"WebSite","@id":"https:\/\/www.toulouse-tourisme.com\/es\/#website","url":"https:\/\/www.toulouse-tourisme.com\/es\/","name":"Toulouse Tourisme","description":"","publisher":{"@id":"https:\/\/www.toulouse-tourisme.com\/es\/#organization"},"potentialAction":[{"@type":"SearchAction","target":{"@type":"EntryPoint","urlTemplate":"https:\/\/www.toulouse-tourisme.com\/es\/?s={search_term_string}"},"query-input":{"@type":"PropertyValueSpecification","valueRequired":true,"valueName":"search_term_string"}}],"inLanguage":"es"},{"@type":"Organization","@id":"https:\/\/www.toulouse-tourisme.com\/es\/#organization","name":"Toulouse Tourisme","url":"https:\/\/www.toulouse-tourisme.com\/es\/","logo":{"@type":"ImageObject","inLanguage":"es","@id":"https:\/\/www.toulouse-tourisme.com\/es\/#\/schema\/logo\/image\/","url":"https:\/\/www.toulouse-tourisme.com\/assets\/uploads\/sites\/3\/2023\/10\/toulouse.svg","contentUrl":"https:\/\/www.toulouse-tourisme.com\/assets\/uploads\/sites\/3\/2023\/10\/toulouse.svg","width":220,"height":61,"caption":"Toulouse Tourisme"},"image":{"@id":"https:\/\/www.toulouse-tourisme.com\/es\/#\/schema\/logo\/image\/"},"sameAs":["https:\/\/www.facebook.com\/Toulouse.tourisme\/","https:\/\/www.instagram.com\/visiteztoulouse\/","https:\/\/www.youtube.com\/@VisitezToulouse","https:\/\/fr.pinterest.com\/visiteztoulouse\/"]}]}},"_links":{"self":[{"href":"https:\/\/www.toulouse-tourisme.com\/es\/wp-json\/wp\/v2\/pages\/62971","targetHints":{"allow":["GET"]}}],"collection":[{"href":"https:\/\/www.toulouse-tourisme.com\/es\/wp-json\/wp\/v2\/pages"}],"about":[{"href":"https:\/\/www.toulouse-tourisme.com\/es\/wp-json\/wp\/v2\/types\/page"}],"author":[{"embeddable":true,"href":"https:\/\/www.toulouse-tourisme.com\/es\/wp-json\/wp\/v2\/users\/3"}],"replies":[{"embeddable":true,"href":"https:\/\/www.toulouse-tourisme.com\/es\/wp-json\/wp\/v2\/comments?post=62971"}],"version-history":[{"count":0,"href":"https:\/\/www.toulouse-tourisme.com\/es\/wp-json\/wp\/v2\/pages\/62971\/revisions"}],"wp:featuredmedia":[{"embeddable":true,"href":"https:\/\/www.toulouse-tourisme.com\/es\/wp-json\/wp\/v2\/media\/6734"}],"wp:attachment":[{"href":"https:\/\/www.toulouse-tourisme.com\/es\/wp-json\/wp\/v2\/media?parent=62971"}],"curies":[{"name":"wp","href":"https:\/\/api.w.org\/{rel}","templated":true}]}}