{"id":16706,"date":"2024-03-04T10:50:18","date_gmt":"2024-03-04T09:50:18","guid":{"rendered":"https:\/\/www.toulouse-tourisme.com\/reserver-en-ligne-pass-tourisme\/"},"modified":"2024-03-05T12:00:29","modified_gmt":"2024-03-05T11:00:29","slug":"reservar-linea-pass-tourisme","status":"publish","type":"page","link":"https:\/\/www.toulouse-tourisme.com\/es\/reservar-linea-pass-tourisme\/","title":{"rendered":"Reservar en l\u00ednea"},"content":{"rendered":"\n<div class=\"wp-block-group has-global-padding is-layout-constrained wp-block-group-is-layout-constrained\">\n<p>Reserve sus actividades en l\u00ednea en la oficina de turismo.<\/p>\n\n\n\n<div class=\"wp-block-columns is-layout-flex wp-container-core-columns-is-layout-28f84493 wp-block-columns-is-layout-flex\">\n<div class=\"wp-block-column is-layout-flow wp-block-column-is-layout-flow\">\n<p class=\"has-text-align-center\"><strong>Cit\u00e9 de l&#8217;espace<\/strong><\/p>\n\n\n\n<guidap-booking-widget activity-uuid=\"ureY1hScKj9zLFdGVTo8Olb4kxHNyfsaR5QZ\"><\/guidap-booking-widget>\n<\/div>\n\n\n\n<div class=\"wp-block-column is-layout-flow wp-block-column-is-layout-flow\">\n<p class=\"has-text-align-center\"><strong>Mus\u00e9e Aeroscopia<\/strong><\/p>\n\n\n\n<guidap-booking-widget activity-uuid=\"cZBRSOh7dE6gM92yjf4baPvnGi1uL5FXsKoY\"><\/guidap-booking-widget>\n<\/div>\n\n\n\n<div class=\"wp-block-column is-layout-flow wp-block-column-is-layout-flow\">\n<p class=\"has-text-align-center\"><strong>L&#8217;Envol des Pionniers<\/strong><\/p>\n\n\n\n<guidap-booking-widget activity-uuid=\"VastWbpunC23DxzFGMv160LyBY4HlQgrXK8k\"><\/guidap-booking-widget>\n<\/div>\n<\/div>\n\n\n\n<div class=\"wp-block-columns is-layout-flex wp-container-core-columns-is-layout-28f84493 wp-block-columns-is-layout-flex\">\n<div class=\"wp-block-column is-layout-flow wp-block-column-is-layout-flow\">\n<p class=\"has-text-align-center\"><strong>La Halle de la Machine<\/strong><\/p>\n\n\n\n<guidap-booking-widget activity-uuid=\"1UeRiOZFnxDbE869GVou7WzJvMNlqaLSdYwy\"><\/guidap-booking-widget>\n<\/div>\n\n\n\n<div class=\"wp-block-column is-layout-flow wp-block-column-is-layout-flow\">\n<p class=\"has-text-align-center\"><strong>Couvent des Jacobins<\/strong><\/p>\n\n\n\n<guidap-booking-widget activity-uuid=\"JDThufOC0Np7GaBE54gHyXjYqtiUmR8PQvnA\"><\/guidap-booking-widget>\n<\/div>\n\n\n\n<div class=\"wp-block-column is-layout-flow wp-block-column-is-layout-flow\">\n<p class=\"has-text-align-center\"><strong>Chapelle La Grave<\/strong><\/p>\n\n\n\n<guidap-booking-widget activity-uuid=\"Io2xCyDiZafUr1mY7p0bBdQhRJ8KqjnTNgeG\"><\/guidap-booking-widget>\n<\/div>\n<\/div>\n\n\n\n<div class=\"wp-block-columns is-layout-flex wp-container-core-columns-is-layout-28f84493 wp-block-columns-is-layout-flex\">\n<div class=\"wp-block-column is-layout-flow wp-block-column-is-layout-flow\">\n<p class=\"has-text-align-center\"><strong>CityTour Toulouse<\/strong><\/p>\n\n\n\n<guidap-booking-widget activity-uuid=\"lcK0SDZCLBf1bJ4FU2gzdjMAtoEIrO3k6Ghs\"><\/guidap-booking-widget>\n<\/div>\n\n\n\n<div class=\"wp-block-column is-layout-flow wp-block-column-is-layout-flow\">\n<p class=\"has-text-align-center\"><strong>Petits trains touristiques<\/strong><\/p>\n\n\n\n<guidap-booking-widget activity-uuid=\"qtXywcb65hezNA7pMUZ0dVflxEPCSiFIoQgH\"><\/guidap-booking-widget>\n<\/div>\n\n\n\n<div class=\"wp-block-column is-layout-flow wp-block-column-is-layout-flow\"><\/div>\n<\/div>\n<\/div>\n","protected":false},"excerpt":{"rendered":"<p>Reserve sus actividades en l\u00ednea en la oficina de turismo. Cit\u00e9 de l&#8217;espace Mus\u00e9e Aeroscopia L&#8217;Envol des Pionniers La Halle de la Machine Couvent des Jacobins Chapelle La Grave CityTour Toulouse Petits trains touristiques<\/p>\n","protected":false},"author":3,"featured_media":0,"parent":0,"menu_order":0,"comment_status":"closed","ping_status":"closed","template":"templates\/template-without-hero-header.php","meta":{"_acf_changed":false,"footnotes":""},"class_list":["post-16706","page","type-page","status-publish","hentry"],"acf":[],"yoast_head":"<!-- This site is optimized with the Yoast SEO plugin v27.1.1 - https:\/\/yoast.com\/product\/yoast-seo-wordpress\/ -->\n<title>Reservar en l\u00ednea - Toulouse Tourisme<\/title>\n<meta name=\"robots\" content=\"index, follow, max-snippet:-1, max-image-preview:large, max-video-preview:-1\" \/>\n<link rel=\"canonical\" href=\"https:\/\/www.toulouse-tourisme.com\/es\/reservar-linea-pass-tourisme\/\" \/>\n<meta property=\"og:locale\" content=\"es_ES\" \/>\n<meta property=\"og:type\" content=\"article\" \/>\n<meta property=\"og:title\" content=\"Reservar en l\u00ednea - Toulouse Tourisme\" \/>\n<meta property=\"og:description\" content=\"Reserve sus actividades en l\u00ednea en la oficina de turismo. Cit\u00e9 de l&#8217;espace Mus\u00e9e Aeroscopia L&#8217;Envol des Pionniers La Halle de la Machine Couvent des Jacobins Chapelle La Grave CityTour Toulouse Petits trains touristiques\" \/>\n<meta property=\"og:url\" content=\"https:\/\/www.toulouse-tourisme.com\/es\/reservar-linea-pass-tourisme\/\" \/>\n<meta property=\"og:site_name\" content=\"Toulouse Tourisme\" \/>\n<meta property=\"article:publisher\" content=\"https:\/\/www.facebook.com\/Toulouse.tourisme\/\" \/>\n<meta property=\"article:modified_time\" content=\"2024-03-05T11:00:29+00:00\" \/>\n<meta name=\"twitter:card\" content=\"summary_large_image\" \/>\n<meta name=\"twitter:label1\" content=\"Tiempo de lectura\" \/>\n\t<meta name=\"twitter:data1\" content=\"1 minuto\" \/>\n<script type=\"application\/ld+json\" class=\"yoast-schema-graph\">{\"@context\":\"https:\/\/schema.org\",\"@graph\":[{\"@type\":\"WebPage\",\"@id\":\"https:\/\/www.toulouse-tourisme.com\/es\/reservar-linea-pass-tourisme\/\",\"url\":\"https:\/\/www.toulouse-tourisme.com\/es\/reservar-linea-pass-tourisme\/\",\"name\":\"Reservar en l\u00ednea - Toulouse Tourisme\",\"isPartOf\":{\"@id\":\"https:\/\/www.toulouse-tourisme.com\/es\/#website\"},\"datePublished\":\"2024-03-04T09:50:18+00:00\",\"dateModified\":\"2024-03-05T11:00:29+00:00\",\"breadcrumb\":{\"@id\":\"https:\/\/www.toulouse-tourisme.com\/es\/reservar-linea-pass-tourisme\/#breadcrumb\"},\"inLanguage\":\"es\",\"potentialAction\":[{\"@type\":\"ReadAction\",\"target\":[\"https:\/\/www.toulouse-tourisme.com\/es\/reservar-linea-pass-tourisme\/\"]}]},{\"@type\":\"BreadcrumbList\",\"@id\":\"https:\/\/www.toulouse-tourisme.com\/es\/reservar-linea-pass-tourisme\/#breadcrumb\",\"itemListElement\":[{\"@type\":\"ListItem\",\"position\":1,\"name\":\"Inicio\",\"item\":\"https:\/\/www.toulouse-tourisme.com\/es\/\"},{\"@type\":\"ListItem\",\"position\":2,\"name\":\"Reservar en l\u00ednea\"}]},{\"@type\":\"WebSite\",\"@id\":\"https:\/\/www.toulouse-tourisme.com\/es\/#website\",\"url\":\"https:\/\/www.toulouse-tourisme.com\/es\/\",\"name\":\"Toulouse Tourisme\",\"description\":\"\",\"publisher\":{\"@id\":\"https:\/\/www.toulouse-tourisme.com\/es\/#organization\"},\"potentialAction\":[{\"@type\":\"SearchAction\",\"target\":{\"@type\":\"EntryPoint\",\"urlTemplate\":\"https:\/\/www.toulouse-tourisme.com\/es\/?s={search_term_string}\"},\"query-input\":{\"@type\":\"PropertyValueSpecification\",\"valueRequired\":true,\"valueName\":\"search_term_string\"}}],\"inLanguage\":\"es\"},{\"@type\":\"Organization\",\"@id\":\"https:\/\/www.toulouse-tourisme.com\/es\/#organization\",\"name\":\"Toulouse Tourisme\",\"url\":\"https:\/\/www.toulouse-tourisme.com\/es\/\",\"logo\":{\"@type\":\"ImageObject\",\"inLanguage\":\"es\",\"@id\":\"https:\/\/www.toulouse-tourisme.com\/es\/#\/schema\/logo\/image\/\",\"url\":\"https:\/\/www.toulouse-tourisme.com\/assets\/uploads\/sites\/3\/2023\/10\/toulouse.svg\",\"contentUrl\":\"https:\/\/www.toulouse-tourisme.com\/assets\/uploads\/sites\/3\/2023\/10\/toulouse.svg\",\"width\":220,\"height\":61,\"caption\":\"Toulouse Tourisme\"},\"image\":{\"@id\":\"https:\/\/www.toulouse-tourisme.com\/es\/#\/schema\/logo\/image\/\"},\"sameAs\":[\"https:\/\/www.facebook.com\/Toulouse.tourisme\/\",\"https:\/\/www.instagram.com\/visiteztoulouse\/\",\"https:\/\/www.youtube.com\/@VisitezToulouse\",\"https:\/\/fr.pinterest.com\/visiteztoulouse\/\"]}]}<\/script>\n<!-- \/ Yoast SEO plugin. -->","yoast_head_json":{"title":"Reservar en l\u00ednea - Toulouse Tourisme","robots":{"index":"index","follow":"follow","max-snippet":"max-snippet:-1","max-image-preview":"max-image-preview:large","max-video-preview":"max-video-preview:-1"},"canonical":"https:\/\/www.toulouse-tourisme.com\/es\/reservar-linea-pass-tourisme\/","og_locale":"es_ES","og_type":"article","og_title":"Reservar en l\u00ednea - Toulouse Tourisme","og_description":"Reserve sus actividades en l\u00ednea en la oficina de turismo. Cit\u00e9 de l&#8217;espace Mus\u00e9e Aeroscopia L&#8217;Envol des Pionniers La Halle de la Machine Couvent des Jacobins Chapelle La Grave CityTour Toulouse Petits trains touristiques","og_url":"https:\/\/www.toulouse-tourisme.com\/es\/reservar-linea-pass-tourisme\/","og_site_name":"Toulouse Tourisme","article_publisher":"https:\/\/www.facebook.com\/Toulouse.tourisme\/","article_modified_time":"2024-03-05T11:00:29+00:00","twitter_card":"summary_large_image","twitter_misc":{"Tiempo de lectura":"1 minuto"},"schema":{"@context":"https:\/\/schema.org","@graph":[{"@type":"WebPage","@id":"https:\/\/www.toulouse-tourisme.com\/es\/reservar-linea-pass-tourisme\/","url":"https:\/\/www.toulouse-tourisme.com\/es\/reservar-linea-pass-tourisme\/","name":"Reservar en l\u00ednea - Toulouse Tourisme","isPartOf":{"@id":"https:\/\/www.toulouse-tourisme.com\/es\/#website"},"datePublished":"2024-03-04T09:50:18+00:00","dateModified":"2024-03-05T11:00:29+00:00","breadcrumb":{"@id":"https:\/\/www.toulouse-tourisme.com\/es\/reservar-linea-pass-tourisme\/#breadcrumb"},"inLanguage":"es","potentialAction":[{"@type":"ReadAction","target":["https:\/\/www.toulouse-tourisme.com\/es\/reservar-linea-pass-tourisme\/"]}]},{"@type":"BreadcrumbList","@id":"https:\/\/www.toulouse-tourisme.com\/es\/reservar-linea-pass-tourisme\/#breadcrumb","itemListElement":[{"@type":"ListItem","position":1,"name":"Inicio","item":"https:\/\/www.toulouse-tourisme.com\/es\/"},{"@type":"ListItem","position":2,"name":"Reservar en l\u00ednea"}]},{"@type":"WebSite","@id":"https:\/\/www.toulouse-tourisme.com\/es\/#website","url":"https:\/\/www.toulouse-tourisme.com\/es\/","name":"Toulouse Tourisme","description":"","publisher":{"@id":"https:\/\/www.toulouse-tourisme.com\/es\/#organization"},"potentialAction":[{"@type":"SearchAction","target":{"@type":"EntryPoint","urlTemplate":"https:\/\/www.toulouse-tourisme.com\/es\/?s={search_term_string}"},"query-input":{"@type":"PropertyValueSpecification","valueRequired":true,"valueName":"search_term_string"}}],"inLanguage":"es"},{"@type":"Organization","@id":"https:\/\/www.toulouse-tourisme.com\/es\/#organization","name":"Toulouse Tourisme","url":"https:\/\/www.toulouse-tourisme.com\/es\/","logo":{"@type":"ImageObject","inLanguage":"es","@id":"https:\/\/www.toulouse-tourisme.com\/es\/#\/schema\/logo\/image\/","url":"https:\/\/www.toulouse-tourisme.com\/assets\/uploads\/sites\/3\/2023\/10\/toulouse.svg","contentUrl":"https:\/\/www.toulouse-tourisme.com\/assets\/uploads\/sites\/3\/2023\/10\/toulouse.svg","width":220,"height":61,"caption":"Toulouse Tourisme"},"image":{"@id":"https:\/\/www.toulouse-tourisme.com\/es\/#\/schema\/logo\/image\/"},"sameAs":["https:\/\/www.facebook.com\/Toulouse.tourisme\/","https:\/\/www.instagram.com\/visiteztoulouse\/","https:\/\/www.youtube.com\/@VisitezToulouse","https:\/\/fr.pinterest.com\/visiteztoulouse\/"]}]}},"_links":{"self":[{"href":"https:\/\/www.toulouse-tourisme.com\/es\/wp-json\/wp\/v2\/pages\/16706","targetHints":{"allow":["GET"]}}],"collection":[{"href":"https:\/\/www.toulouse-tourisme.com\/es\/wp-json\/wp\/v2\/pages"}],"about":[{"href":"https:\/\/www.toulouse-tourisme.com\/es\/wp-json\/wp\/v2\/types\/page"}],"author":[{"embeddable":true,"href":"https:\/\/www.toulouse-tourisme.com\/es\/wp-json\/wp\/v2\/users\/3"}],"replies":[{"embeddable":true,"href":"https:\/\/www.toulouse-tourisme.com\/es\/wp-json\/wp\/v2\/comments?post=16706"}],"version-history":[{"count":0,"href":"https:\/\/www.toulouse-tourisme.com\/es\/wp-json\/wp\/v2\/pages\/16706\/revisions"}],"wp:attachment":[{"href":"https:\/\/www.toulouse-tourisme.com\/es\/wp-json\/wp\/v2\/media?parent=16706"}],"curies":[{"name":"wp","href":"https:\/\/api.w.org\/{rel}","templated":true}]}}