{"id":14563,"date":"2023-12-06T15:04:46","date_gmt":"2023-12-06T14:04:46","guid":{"rendered":"https:\/\/www.toulouse-tourisme.com\/prepara-tu-estancia\/se-deplacer-a-toulouse-a-velo\/"},"modified":"2025-04-15T10:32:40","modified_gmt":"2025-04-15T08:32:40","slug":"desplazarse-en-bici","status":"publish","type":"page","link":"https:\/\/www.toulouse-tourisme.com\/es\/prepara-tu-estancia\/desplazarse-en-bici\/","title":{"rendered":"Desplazarse en bici por Toulouse"},"content":{"rendered":"\n<div class=\"wp-block-group has-global-padding is-layout-constrained wp-block-group-is-layout-constrained\">\n<p>La bici es un medio de transporte pr\u00e1ctico y ecol\u00f3gico para desplazarse por Toulouse. Hay m\u00e1s de 600 km de carriles bici y una red de 300 km de circuitos para ciclistas de todos los niveles para desplazarse con total seguridad.<\/p>\n<\/div>\n\n\n\n<div class=\"wp-block-group has-global-padding is-layout-constrained wp-block-group-is-layout-constrained\">\n<section class=\"wp-block-group alignfull pattern-text-image pattern-text-image--overflowing has-global-padding is-layout-constrained wp-block-group-is-layout-constrained\" style=\"padding-top:var(--wp--preset--spacing--x-large);padding-bottom:var(--wp--preset--spacing--x-large)\">\n<div class=\"wp-block-columns are-vertically-aligned-center is-layout-flex wp-container-core-columns-is-layout-28f84493 wp-block-columns-is-layout-flex\">\n<div class=\"wp-block-column is-vertically-aligned-center pattern-text-image__media is-layout-flow wp-block-column-is-layout-flow\">\n<figure data-wp-context=\"{&quot;imageId&quot;:&quot;69d228a2970a2&quot;}\" data-wp-interactive=\"core\/image\" class=\"wp-block-image size-full wp-lightbox-container\"><img decoding=\"async\" width=\"1200\" height=\"737\" data-wp-class--hide=\"state.isContentHidden\" data-wp-class--show=\"state.isContentVisible\" data-wp-init=\"callbacks.setButtonStyles\" data-wp-on-async--click=\"actions.showLightbox\" data-wp-on-async--load=\"callbacks.setButtonStyles\" data-wp-on-async-window--resize=\"callbacks.setButtonStyles\" src=\"https:\/\/www.toulouse-tourisme.com\/assets\/uploads\/sites\/3\/2023\/12\/toulouse-a-velo.jpg\" alt=\"Toulouse \u00e0 v\u00e9lo\" class=\"wp-image-7266\" srcset=\"https:\/\/www.toulouse-tourisme.com\/assets\/uploads\/sites\/3\/2023\/12\/toulouse-a-velo.jpg 1200w, https:\/\/www.toulouse-tourisme.com\/assets\/uploads\/sites\/3\/2023\/12\/toulouse-a-velo-600x369.jpg 600w, https:\/\/www.toulouse-tourisme.com\/assets\/uploads\/sites\/3\/2023\/12\/toulouse-a-velo-400x246.jpg 400w, https:\/\/www.toulouse-tourisme.com\/assets\/uploads\/sites\/3\/2023\/12\/toulouse-a-velo-768x472.jpg 768w\" sizes=\"(max-width: 1200px) 100vw, 1200px\" \/><button\n\t\t\tclass=\"lightbox-trigger\"\n\t\t\ttype=\"button\"\n\t\t\taria-haspopup=\"dialog\"\n\t\t\taria-label=\"Agrandar\"\n\t\t\tdata-wp-init=\"callbacks.initTriggerButton\"\n\t\t\tdata-wp-on-async--click=\"actions.showLightbox\"\n\t\t\tdata-wp-style--right=\"state.imageButtonRight\"\n\t\t\tdata-wp-style--top=\"state.imageButtonTop\"\n\t\t>\n\t\t\t<svg xmlns=\"http:\/\/www.w3.org\/2000\/svg\" width=\"12\" height=\"12\" fill=\"none\" viewBox=\"0 0 12 12\">\n\t\t\t\t<path fill=\"#fff\" d=\"M2 0a2 2 0 0 0-2 2v2h1.5V2a.5.5 0 0 1 .5-.5h2V0H2Zm2 10.5H2a.5.5 0 0 1-.5-.5V8H0v2a2 2 0 0 0 2 2h2v-1.5ZM8 12v-1.5h2a.5.5 0 0 0 .5-.5V8H12v2a2 2 0 0 1-2 2H8Zm2-12a2 2 0 0 1 2 2v2h-1.5V2a.5.5 0 0 0-.5-.5H8V0h2Z\" \/>\n\t\t\t<\/svg>\n\t\t<\/button><figcaption class=\"wp-element-caption\">Toulouse \u00e0 v\u00e9lo \u00a9 HapTag<\/figcaption><\/figure>\n<\/div>\n\n\n\n<div class=\"wp-block-column is-vertically-aligned-center pattern-text-image__content is-layout-flow wp-block-column-is-layout-flow\">\n<p>Toulouse es un destino id\u00f3neo para aquellos a los que les gusta pasear en bici descubriendo las callejuelas del casco antiguo o circular a orillas del Garona o del Canal du Midi por el antiguo camino de sirga, atravesar el Pont-Neuf y divisar la ciudad a cada golpe de pedal. Pero si no es muy deportista, no tema: aqu\u00ed la mayor\u00eda de los carriles bici son de f\u00e1cil recorrido. Y si quiere probar un itinerario con algo m\u00e1s de desnivel, siempre existe la soluci\u00f3n de alquilar una bici el\u00e9ctrica.<\/p>\n\n\n\n<div class=\"wp-block-buttons is-layout-flex wp-block-buttons-is-layout-flex\">\n<div class=\"wp-block-button\"><a class=\"wp-block-button__link wp-element-button\" href=\"https:\/\/metropole.toulouse.fr\/sites\/toulouse-fr\/files\/2022-08\/toulouse-velo-itineraires_web.pdf\" target=\"_blank\" rel=\"noreferrer noopener\">Carriles bici en Toulouse<\/a><\/div>\n<\/div>\n\n\n\n<div style=\"height:100%\" aria-hidden=\"true\" class=\"wp-block-spacer\"><\/div>\n<\/div>\n<\/div>\n<\/section>\n<\/div>\n\n\n\n<div class=\"wp-block-group has-global-padding is-layout-constrained wp-block-group-is-layout-constrained\">\n<div class=\"wp-block-columns is-layout-flex wp-container-core-columns-is-layout-28f84493 wp-block-columns-is-layout-flex\">\n<div class=\"wp-block-column is-vertically-aligned-center is-layout-flow wp-block-column-is-layout-flow\">\n<h2 class=\"wp-block-heading\">V\u00e9l\u00f4Toulouse : las bicis en autoservicio<\/h2>\n\n\n\n<p>No necesita traerse a Toulouse su propia bici para disfrutar de una visita de la ciudad en bicicleta. El sistema de bicis en autoservicio V\u00e9l\u00f4Toulouse est\u00e1 a su disposici\u00f3n con m\u00e1s de 280 estaciones de anclaje distribuidas por toda la ciudad. Se puede alquilar una bici todos los d\u00edas las 24 horas.<\/p>\n\n\n\n<p>Existen pases de 1 \u00f3 7 d\u00edas a su disposici\u00f3n. Pero hay otros pases de mayor duraci\u00f3n si ha previsto una estancia m\u00e1s larga en la Ciudad Rosa.<\/p>\n\n\n\n<div class=\"wp-block-buttons is-layout-flex wp-block-buttons-is-layout-flex\">\n<div class=\"wp-block-button\"><a class=\"wp-block-button__link wp-element-button\" href=\"https:\/\/velotoulouse.tisseo.fr\/es\/home\" target=\"_blank\" rel=\"noreferrer noopener\">V\u00e9l\u00f4Toulouse\u202f<\/a><\/div>\n<\/div>\n<\/div>\n\n\n\n<div class=\"wp-block-column is-vertically-aligned-top is-layout-flow wp-block-column-is-layout-flow\">\n<figure data-wp-context=\"{&quot;imageId&quot;:&quot;69d228a298217&quot;}\" data-wp-interactive=\"core\/image\" class=\"wp-block-image size-full wp-lightbox-container\"><img decoding=\"async\" width=\"800\" height=\"800\" data-wp-class--hide=\"state.isContentHidden\" data-wp-class--show=\"state.isContentVisible\" data-wp-init=\"callbacks.setButtonStyles\" data-wp-on-async--click=\"actions.showLightbox\" data-wp-on-async--load=\"callbacks.setButtonStyles\" data-wp-on-async-window--resize=\"callbacks.setButtonStyles\" src=\"https:\/\/www.toulouse-tourisme.com\/assets\/uploads\/sites\/3\/2023\/12\/velotoulouse-velo-libre-service-1.jpg\" alt=\"V\u00e9l\u00f4Toulouse, location v\u00e9lo en libre-service\" class=\"wp-image-7258\" srcset=\"https:\/\/www.toulouse-tourisme.com\/assets\/uploads\/sites\/3\/2023\/12\/velotoulouse-velo-libre-service-1.jpg 800w, https:\/\/www.toulouse-tourisme.com\/assets\/uploads\/sites\/3\/2023\/12\/velotoulouse-velo-libre-service-1-600x600.jpg 600w, https:\/\/www.toulouse-tourisme.com\/assets\/uploads\/sites\/3\/2023\/12\/velotoulouse-velo-libre-service-1-400x400.jpg 400w, https:\/\/www.toulouse-tourisme.com\/assets\/uploads\/sites\/3\/2023\/12\/velotoulouse-velo-libre-service-1-768x768.jpg 768w\" sizes=\"(max-width: 800px) 100vw, 800px\" \/><button\n\t\t\tclass=\"lightbox-trigger\"\n\t\t\ttype=\"button\"\n\t\t\taria-haspopup=\"dialog\"\n\t\t\taria-label=\"Agrandar\"\n\t\t\tdata-wp-init=\"callbacks.initTriggerButton\"\n\t\t\tdata-wp-on-async--click=\"actions.showLightbox\"\n\t\t\tdata-wp-style--right=\"state.imageButtonRight\"\n\t\t\tdata-wp-style--top=\"state.imageButtonTop\"\n\t\t>\n\t\t\t<svg xmlns=\"http:\/\/www.w3.org\/2000\/svg\" width=\"12\" height=\"12\" fill=\"none\" viewBox=\"0 0 12 12\">\n\t\t\t\t<path fill=\"#fff\" d=\"M2 0a2 2 0 0 0-2 2v2h1.5V2a.5.5 0 0 1 .5-.5h2V0H2Zm2 10.5H2a.5.5 0 0 1-.5-.5V8H0v2a2 2 0 0 0 2 2h2v-1.5ZM8 12v-1.5h2a.5.5 0 0 0 .5-.5V8H12v2a2 2 0 0 1-2 2H8Zm2-12a2 2 0 0 1 2 2v2h-1.5V2a.5.5 0 0 0-.5-.5H8V0h2Z\" \/>\n\t\t\t<\/svg>\n\t\t<\/button><figcaption class=\"wp-element-caption\">V\u00e9l\u00f4Toulouse, location v\u00e9lo en libre-service \u00a9 R\u00e9mi Deligeon<\/figcaption><\/figure>\n<\/div>\n<\/div>\n<\/div>\n\n\n\n<div class=\"wp-block-group has-global-padding is-layout-constrained wp-block-group-is-layout-constrained\">\n<h2 class=\"wp-block-heading\">Accueil v\u00e9lo<\/h2>\n\n\n\n<p>Numerosos establecimientos tienen el label Accueil V\u00e9lo que garantiza al ciclista un servicio de calidad.<\/p>\n\n\n\n<div class=\"wp-block-buttons is-layout-flex wp-block-buttons-is-layout-flex\">\n<div class=\"wp-block-button\"><a class=\"wp-block-button__link wp-element-button\" href=\"https:\/\/www.toulouse-tourisme.com\/es\/prepara-tu-estancia\/donde-dormir\/hoteles-y-residencias-hoteleras\/?_accueilvelo=1\">Hoteles y Residencias Accueil V\u00e9lo<\/a><\/div>\n<\/div>\n<\/div>\n","protected":false},"excerpt":{"rendered":"<p>La bici es un medio de transporte pr\u00e1ctico y ecol\u00f3gico para desplazarse por Toulouse. Hay m\u00e1s de 600 km de carriles bici y una red de 300 km de circuitos para ciclistas de todos los niveles para desplazarse con total seguridad. Toulouse es un destino id\u00f3neo para aquellos a los que les gusta pasear en [&hellip;]<\/p>\n","protected":false},"author":3,"featured_media":165387,"parent":12656,"menu_order":0,"comment_status":"closed","ping_status":"closed","template":"templates\/editorial-content.php","meta":{"_acf_changed":false,"footnotes":""},"class_list":["post-14563","page","type-page","status-publish","has-post-thumbnail","hentry"],"acf":[],"yoast_head":"<!-- This site is optimized with the Yoast SEO plugin v27.1.1 - https:\/\/yoast.com\/product\/yoast-seo-wordpress\/ -->\n<title>Desplazarse en bici por Toulouse - Toulouse Tourisme<\/title>\n<meta name=\"description\" content=\"La bici es un medio de transporte pr\u00e1ctico y ecol\u00f3gico para desplazarse por Toulouse. Hay m\u00e1s de 600 km de carriles bici.\" \/>\n<meta name=\"robots\" content=\"index, follow, max-snippet:-1, max-image-preview:large, max-video-preview:-1\" \/>\n<link rel=\"canonical\" href=\"https:\/\/www.toulouse-tourisme.com\/es\/prepara-tu-estancia\/desplazarse-en-bici\/\" \/>\n<meta property=\"og:locale\" content=\"es_ES\" \/>\n<meta property=\"og:type\" content=\"article\" \/>\n<meta property=\"og:title\" content=\"Desplazarse en bici por Toulouse - Toulouse Tourisme\" \/>\n<meta property=\"og:description\" content=\"La bici es un medio de transporte pr\u00e1ctico y ecol\u00f3gico para desplazarse por Toulouse. Hay m\u00e1s de 600 km de carriles bici.\" \/>\n<meta property=\"og:url\" content=\"https:\/\/www.toulouse-tourisme.com\/es\/prepara-tu-estancia\/desplazarse-en-bici\/\" \/>\n<meta property=\"og:site_name\" content=\"Toulouse Tourisme\" \/>\n<meta property=\"article:publisher\" content=\"https:\/\/www.facebook.com\/Toulouse.tourisme\/\" \/>\n<meta property=\"article:modified_time\" content=\"2025-04-15T08:32:40+00:00\" \/>\n<meta property=\"og:image\" content=\"https:\/\/www.toulouse-tourisme.com\/assets\/uploads\/sites\/3\/2023\/12\/velo-canal-du-midi-toulouse.jpg\" \/>\n\t<meta property=\"og:image:width\" content=\"1920\" \/>\n\t<meta property=\"og:image:height\" content=\"1440\" \/>\n\t<meta property=\"og:image:type\" content=\"image\/jpeg\" \/>\n<meta name=\"twitter:card\" content=\"summary_large_image\" \/>\n<meta name=\"twitter:label1\" content=\"Tiempo de lectura\" \/>\n\t<meta name=\"twitter:data1\" content=\"2 minutos\" \/>\n<script type=\"application\/ld+json\" class=\"yoast-schema-graph\">{\"@context\":\"https:\/\/schema.org\",\"@graph\":[{\"@type\":\"WebPage\",\"@id\":\"https:\/\/www.toulouse-tourisme.com\/es\/prepara-tu-estancia\/desplazarse-en-bici\/\",\"url\":\"https:\/\/www.toulouse-tourisme.com\/es\/prepara-tu-estancia\/desplazarse-en-bici\/\",\"name\":\"Desplazarse en bici por Toulouse - Toulouse Tourisme\",\"isPartOf\":{\"@id\":\"https:\/\/www.toulouse-tourisme.com\/es\/#website\"},\"primaryImageOfPage\":{\"@id\":\"https:\/\/www.toulouse-tourisme.com\/es\/prepara-tu-estancia\/desplazarse-en-bici\/#primaryimage\"},\"image\":{\"@id\":\"https:\/\/www.toulouse-tourisme.com\/es\/prepara-tu-estancia\/desplazarse-en-bici\/#primaryimage\"},\"thumbnailUrl\":\"https:\/\/www.toulouse-tourisme.com\/assets\/uploads\/sites\/3\/2025\/07\/velo-pont-saint-michel.jpg\",\"datePublished\":\"2023-12-06T14:04:46+00:00\",\"dateModified\":\"2025-04-15T08:32:40+00:00\",\"description\":\"La bici es un medio de transporte pr\u00e1ctico y ecol\u00f3gico para desplazarse por Toulouse. Hay m\u00e1s de 600 km de carriles bici.\",\"breadcrumb\":{\"@id\":\"https:\/\/www.toulouse-tourisme.com\/es\/prepara-tu-estancia\/desplazarse-en-bici\/#breadcrumb\"},\"inLanguage\":\"es\",\"potentialAction\":[{\"@type\":\"ReadAction\",\"target\":[\"https:\/\/www.toulouse-tourisme.com\/es\/prepara-tu-estancia\/desplazarse-en-bici\/\"]}]},{\"@type\":\"ImageObject\",\"inLanguage\":\"es\",\"@id\":\"https:\/\/www.toulouse-tourisme.com\/es\/prepara-tu-estancia\/desplazarse-en-bici\/#primaryimage\",\"url\":\"https:\/\/www.toulouse-tourisme.com\/assets\/uploads\/sites\/3\/2025\/07\/velo-pont-saint-michel.jpg\",\"contentUrl\":\"https:\/\/www.toulouse-tourisme.com\/assets\/uploads\/sites\/3\/2025\/07\/velo-pont-saint-michel.jpg\",\"width\":1920,\"height\":1465,\"caption\":\"Piste cyclable \u00e0 Toulouse\"},{\"@type\":\"BreadcrumbList\",\"@id\":\"https:\/\/www.toulouse-tourisme.com\/es\/prepara-tu-estancia\/desplazarse-en-bici\/#breadcrumb\",\"itemListElement\":[{\"@type\":\"ListItem\",\"position\":1,\"name\":\"Inicio\",\"item\":\"https:\/\/www.toulouse-tourisme.com\/es\/\"},{\"@type\":\"ListItem\",\"position\":2,\"name\":\"Prepara tu estancia\",\"item\":\"https:\/\/www.toulouse-tourisme.com\/es\/prepara-tu-estancia\/\"},{\"@type\":\"ListItem\",\"position\":3,\"name\":\"Desplazarse en bici por Toulouse\"}]},{\"@type\":\"WebSite\",\"@id\":\"https:\/\/www.toulouse-tourisme.com\/es\/#website\",\"url\":\"https:\/\/www.toulouse-tourisme.com\/es\/\",\"name\":\"Toulouse Tourisme\",\"description\":\"\",\"publisher\":{\"@id\":\"https:\/\/www.toulouse-tourisme.com\/es\/#organization\"},\"potentialAction\":[{\"@type\":\"SearchAction\",\"target\":{\"@type\":\"EntryPoint\",\"urlTemplate\":\"https:\/\/www.toulouse-tourisme.com\/es\/?s={search_term_string}\"},\"query-input\":{\"@type\":\"PropertyValueSpecification\",\"valueRequired\":true,\"valueName\":\"search_term_string\"}}],\"inLanguage\":\"es\"},{\"@type\":\"Organization\",\"@id\":\"https:\/\/www.toulouse-tourisme.com\/es\/#organization\",\"name\":\"Toulouse Tourisme\",\"url\":\"https:\/\/www.toulouse-tourisme.com\/es\/\",\"logo\":{\"@type\":\"ImageObject\",\"inLanguage\":\"es\",\"@id\":\"https:\/\/www.toulouse-tourisme.com\/es\/#\/schema\/logo\/image\/\",\"url\":\"https:\/\/www.toulouse-tourisme.com\/assets\/uploads\/sites\/3\/2023\/10\/toulouse.svg\",\"contentUrl\":\"https:\/\/www.toulouse-tourisme.com\/assets\/uploads\/sites\/3\/2023\/10\/toulouse.svg\",\"width\":220,\"height\":61,\"caption\":\"Toulouse Tourisme\"},\"image\":{\"@id\":\"https:\/\/www.toulouse-tourisme.com\/es\/#\/schema\/logo\/image\/\"},\"sameAs\":[\"https:\/\/www.facebook.com\/Toulouse.tourisme\/\",\"https:\/\/www.instagram.com\/visiteztoulouse\/\",\"https:\/\/www.youtube.com\/@VisitezToulouse\",\"https:\/\/fr.pinterest.com\/visiteztoulouse\/\"]}]}<\/script>\n<!-- \/ Yoast SEO plugin. -->","yoast_head_json":{"title":"Desplazarse en bici por Toulouse - Toulouse Tourisme","description":"La bici es un medio de transporte pr\u00e1ctico y ecol\u00f3gico para desplazarse por Toulouse. Hay m\u00e1s de 600 km de carriles bici.","robots":{"index":"index","follow":"follow","max-snippet":"max-snippet:-1","max-image-preview":"max-image-preview:large","max-video-preview":"max-video-preview:-1"},"canonical":"https:\/\/www.toulouse-tourisme.com\/es\/prepara-tu-estancia\/desplazarse-en-bici\/","og_locale":"es_ES","og_type":"article","og_title":"Desplazarse en bici por Toulouse - Toulouse Tourisme","og_description":"La bici es un medio de transporte pr\u00e1ctico y ecol\u00f3gico para desplazarse por Toulouse. Hay m\u00e1s de 600 km de carriles bici.","og_url":"https:\/\/www.toulouse-tourisme.com\/es\/prepara-tu-estancia\/desplazarse-en-bici\/","og_site_name":"Toulouse Tourisme","article_publisher":"https:\/\/www.facebook.com\/Toulouse.tourisme\/","article_modified_time":"2025-04-15T08:32:40+00:00","og_image":[{"width":1920,"height":1440,"url":"https:\/\/www.toulouse-tourisme.com\/assets\/uploads\/sites\/3\/2023\/12\/velo-canal-du-midi-toulouse.jpg","type":"image\/jpeg"}],"twitter_card":"summary_large_image","twitter_misc":{"Tiempo de lectura":"2 minutos"},"schema":{"@context":"https:\/\/schema.org","@graph":[{"@type":"WebPage","@id":"https:\/\/www.toulouse-tourisme.com\/es\/prepara-tu-estancia\/desplazarse-en-bici\/","url":"https:\/\/www.toulouse-tourisme.com\/es\/prepara-tu-estancia\/desplazarse-en-bici\/","name":"Desplazarse en bici por Toulouse - Toulouse Tourisme","isPartOf":{"@id":"https:\/\/www.toulouse-tourisme.com\/es\/#website"},"primaryImageOfPage":{"@id":"https:\/\/www.toulouse-tourisme.com\/es\/prepara-tu-estancia\/desplazarse-en-bici\/#primaryimage"},"image":{"@id":"https:\/\/www.toulouse-tourisme.com\/es\/prepara-tu-estancia\/desplazarse-en-bici\/#primaryimage"},"thumbnailUrl":"https:\/\/www.toulouse-tourisme.com\/assets\/uploads\/sites\/3\/2025\/07\/velo-pont-saint-michel.jpg","datePublished":"2023-12-06T14:04:46+00:00","dateModified":"2025-04-15T08:32:40+00:00","description":"La bici es un medio de transporte pr\u00e1ctico y ecol\u00f3gico para desplazarse por Toulouse. Hay m\u00e1s de 600 km de carriles bici.","breadcrumb":{"@id":"https:\/\/www.toulouse-tourisme.com\/es\/prepara-tu-estancia\/desplazarse-en-bici\/#breadcrumb"},"inLanguage":"es","potentialAction":[{"@type":"ReadAction","target":["https:\/\/www.toulouse-tourisme.com\/es\/prepara-tu-estancia\/desplazarse-en-bici\/"]}]},{"@type":"ImageObject","inLanguage":"es","@id":"https:\/\/www.toulouse-tourisme.com\/es\/prepara-tu-estancia\/desplazarse-en-bici\/#primaryimage","url":"https:\/\/www.toulouse-tourisme.com\/assets\/uploads\/sites\/3\/2025\/07\/velo-pont-saint-michel.jpg","contentUrl":"https:\/\/www.toulouse-tourisme.com\/assets\/uploads\/sites\/3\/2025\/07\/velo-pont-saint-michel.jpg","width":1920,"height":1465,"caption":"Piste cyclable \u00e0 Toulouse"},{"@type":"BreadcrumbList","@id":"https:\/\/www.toulouse-tourisme.com\/es\/prepara-tu-estancia\/desplazarse-en-bici\/#breadcrumb","itemListElement":[{"@type":"ListItem","position":1,"name":"Inicio","item":"https:\/\/www.toulouse-tourisme.com\/es\/"},{"@type":"ListItem","position":2,"name":"Prepara tu estancia","item":"https:\/\/www.toulouse-tourisme.com\/es\/prepara-tu-estancia\/"},{"@type":"ListItem","position":3,"name":"Desplazarse en bici por Toulouse"}]},{"@type":"WebSite","@id":"https:\/\/www.toulouse-tourisme.com\/es\/#website","url":"https:\/\/www.toulouse-tourisme.com\/es\/","name":"Toulouse Tourisme","description":"","publisher":{"@id":"https:\/\/www.toulouse-tourisme.com\/es\/#organization"},"potentialAction":[{"@type":"SearchAction","target":{"@type":"EntryPoint","urlTemplate":"https:\/\/www.toulouse-tourisme.com\/es\/?s={search_term_string}"},"query-input":{"@type":"PropertyValueSpecification","valueRequired":true,"valueName":"search_term_string"}}],"inLanguage":"es"},{"@type":"Organization","@id":"https:\/\/www.toulouse-tourisme.com\/es\/#organization","name":"Toulouse Tourisme","url":"https:\/\/www.toulouse-tourisme.com\/es\/","logo":{"@type":"ImageObject","inLanguage":"es","@id":"https:\/\/www.toulouse-tourisme.com\/es\/#\/schema\/logo\/image\/","url":"https:\/\/www.toulouse-tourisme.com\/assets\/uploads\/sites\/3\/2023\/10\/toulouse.svg","contentUrl":"https:\/\/www.toulouse-tourisme.com\/assets\/uploads\/sites\/3\/2023\/10\/toulouse.svg","width":220,"height":61,"caption":"Toulouse Tourisme"},"image":{"@id":"https:\/\/www.toulouse-tourisme.com\/es\/#\/schema\/logo\/image\/"},"sameAs":["https:\/\/www.facebook.com\/Toulouse.tourisme\/","https:\/\/www.instagram.com\/visiteztoulouse\/","https:\/\/www.youtube.com\/@VisitezToulouse","https:\/\/fr.pinterest.com\/visiteztoulouse\/"]}]}},"_links":{"self":[{"href":"https:\/\/www.toulouse-tourisme.com\/es\/wp-json\/wp\/v2\/pages\/14563","targetHints":{"allow":["GET"]}}],"collection":[{"href":"https:\/\/www.toulouse-tourisme.com\/es\/wp-json\/wp\/v2\/pages"}],"about":[{"href":"https:\/\/www.toulouse-tourisme.com\/es\/wp-json\/wp\/v2\/types\/page"}],"author":[{"embeddable":true,"href":"https:\/\/www.toulouse-tourisme.com\/es\/wp-json\/wp\/v2\/users\/3"}],"replies":[{"embeddable":true,"href":"https:\/\/www.toulouse-tourisme.com\/es\/wp-json\/wp\/v2\/comments?post=14563"}],"version-history":[{"count":0,"href":"https:\/\/www.toulouse-tourisme.com\/es\/wp-json\/wp\/v2\/pages\/14563\/revisions"}],"up":[{"embeddable":true,"href":"https:\/\/www.toulouse-tourisme.com\/es\/wp-json\/wp\/v2\/pages\/12656"}],"wp:featuredmedia":[{"embeddable":true,"href":"https:\/\/www.toulouse-tourisme.com\/es\/wp-json\/wp\/v2\/media\/165387"}],"wp:attachment":[{"href":"https:\/\/www.toulouse-tourisme.com\/es\/wp-json\/wp\/v2\/media?parent=14563"}],"curies":[{"name":"wp","href":"https:\/\/api.w.org\/{rel}","templated":true}]}}