{"id":14178,"date":"2023-12-20T15:41:40","date_gmt":"2023-12-20T14:41:40","guid":{"rendered":"https:\/\/www.toulouse-tourisme.com\/comer-y-beber\/consommer-responsable-local-et-durable\/"},"modified":"2024-02-26T15:04:54","modified_gmt":"2024-02-26T14:04:54","slug":"consumo-local-responsable","status":"publish","type":"page","link":"https:\/\/www.toulouse-tourisme.com\/es\/comer-y-beber\/consumo-local-responsable\/","title":{"rendered":"Consumo responsable, local y sostenible"},"content":{"rendered":"\n<div class=\"wp-block-group has-global-padding is-layout-constrained wp-block-group-is-layout-constrained\">\n<p>Privilegiar los productos de temporada y los circuitos cortos, limitar empaquetados in\u00fatiles y el despilfarro, son algunos de los gestos solidarios que hay que tener en cuenta para respetar el medio ambiente al tiempo que se disfruta comiendo. Aqu\u00ed les proponemos algunas direcciones que proporcionan alimentos cuyos productores han cultivado respetando los tiempos de producci\u00f3n; productos aut\u00e9nticos, genuinos y frescos que alegrar\u00e1n sus paladares.<\/p>\n<\/div>\n\n\n\n<div class=\"wp-block-group has-global-padding is-layout-constrained wp-block-group-is-layout-constrained\">\n<h2 class=\"wp-block-heading\">Le Nasdrovia<\/h2>\n\n\n\n<h3 class=\"wp-block-heading\">Bar de c\u00f3cteles<\/h3>\n\n\n\n<p>En este bar del barrio de Carmes hacen hincapi\u00e9 en el origen de sus productos. Elaboran igualmente sus propios zumos y jarabes seleccionando los mejores licores y los mejores productores de aqu\u00ed y all\u00e1. El equipo ha elaborado un men\u00fa Autonom\u00eda a base de fruta, verdura y hierbas arom\u00e1ticas cultivadas en su propio huerto biol\u00f3gico. Los s\u00e1bados por la tarde la sala se convierte en dance-floor con m\u00fasica 100 % de origen vinilo.<\/p>\n\n\n\n<p class=\"is-style-location\">2 rue Maletache, 31000 Toulouse<\/p>\n\n\n\n<p class=\"is-style-default\"><a href=\"https:\/\/www.lenasdrovia.com\" target=\"_blank\" rel=\"noreferrer noopener\">lenasdrovia.com<\/a><\/p>\n<\/div>\n\n\n\n<div class=\"wp-block-group has-global-padding is-layout-constrained wp-block-group-is-layout-constrained\">\n<h2 class=\"wp-block-heading\">Le Nabuchodonosor<\/h2>\n\n\n\n<h3 class=\"wp-block-heading\"><strong>Vinos naturales con embutidos tradicionales<\/strong><\/h3>\n\n\n\n<p>El \u201cNabu\u201d es un bar de tendencia libertaria. Es un bar muy de moda en el centro de la ciudad. Un aut\u00e9ntico bar de barrio con vinos excelentes que se degustan con quesos y embutidos de excepci\u00f3n. Vinos tranquilos, espumosos, naranja: d\u00e9jese sorprender por estos vinos poco convencionales.<\/p>\n\n\n\n<p class=\"is-style-location\">15 rue du Coq d&#8217;Inde, 31000 Toulouse<\/p>\n\n\n\n<p><a href=\"https:\/\/www.instagram.com\/nabu.vin\/?hl=en\" target=\"_blank\" rel=\"noreferrer noopener\">nabu.vin<\/a><\/p>\n<\/div>\n\n\n\n<div class=\"wp-block-group has-global-padding is-layout-constrained wp-block-group-is-layout-constrained\">\n<h2 class=\"wp-block-heading\">Le Temps de vendanges<\/h2>\n\n\n\n<h3 class=\"wp-block-heading\"><strong>Bodega-restaurante<\/strong><\/h3>\n\n\n\n<p>Eric Cuestas fue galardonado \u201cmejor en\u00f3logo del a\u00f1o\u201d en 2021 por la Revue des Vins de France. Especialidades: vinos ecol\u00f3gicos y naturales; la bodega propone tambi\u00e9n un men\u00fa del d\u00eda, a base de productos locales seleccionados con esmero.<\/p>\n\n\n\n<p class=\"is-style-location\">9 place de l&#8217;Estrapade, 31300 Toulouse<\/p>\n\n\n\n<p><a href=\"https:\/\/www.letempsdesvendanges.com\" target=\"_blank\" rel=\"noreferrer noopener\">letempsdesvendanges.com<\/a><\/p>\n<\/div>\n\n\n\n<div class=\"wp-block-group has-global-padding is-layout-constrained wp-block-group-is-layout-constrained\">\n<h2 class=\"wp-block-heading\">Caf\u00e9 Cerise<\/h2>\n\n\n\n<h3 class=\"wp-block-heading\">Torrefacci\u00f3n a orillas del Garona<\/h3>\n\n\n\n<p>El caf\u00e9 Cerise tuesta el caf\u00e9 en su local donde propone a su clientela degustarlo elabor\u00e1ndolo de diversas maneras. Son caf\u00e9s de trazabilidad seria que permite remontar hasta los productores que lo cultivan y que respetan el medio ambiente mediante producciones responsables.<\/p>\n\n\n\n<p class=\"is-style-location\">4 quai de la Daurade, 31000 Toulouse<\/p>\n\n\n\n<p><a href=\"https:\/\/lecafecerise.fr\" target=\"_blank\" rel=\"noreferrer noopener\">lecafecerise.fr<\/a><\/p>\n<\/div>\n\n\n\n<div class=\"wp-block-group has-global-padding is-layout-constrained wp-block-group-is-layout-constrained\">\n<h2 class=\"wp-block-heading\">La Brewlangerie<\/h2>\n\n\n\n<h3 class=\"wp-block-heading\">Artesanos brewlangers<\/h3>\n\n\n\n<p>Pan para hacer cerveza y cerveza para hacer pan\u2026 se trata de una panader\u00eda que utiliza cereales de variedades locales y ecol\u00f3gicas y que recicla su pan de la v\u00edspera confeccionando su propia cerveza y que aprovecha los residuos de la elaboraci\u00f3n de la cerveza para hacer pan y brioche\u2026 mejor dicho, brewloche.<\/p>\n\n\n\n<p class=\"is-style-location\">306 avenue de Muret, 31300 Toulouse<\/p>\n\n\n\n<p><a href=\"https:\/\/labrewlangerie.com\" target=\"_blank\" rel=\"noreferrer noopener\">labrewlangerie.com<\/a><\/p>\n<\/div>\n\n\n\n<div class=\"wp-block-group has-global-padding is-layout-constrained wp-block-group-is-layout-constrained\">\t<div id=\"map_aca3ddd8ef65d74a0f0c15070f844f6e\" class=\"fsgb-block-leaflet-map leaflet-map\" >\n\t\t<input type=\"hidden\" name=\"leaflet-map-settings\" data-value='{&quot;id&quot;:&quot;map_aca3ddd8ef65d74a0f0c15070f844f6e&quot;,&quot;latitude&quot;:&quot;43.6007&quot;,&quot;longitude&quot;:&quot;1.4330&quot;,&quot;zoom&quot;:&quot;12&quot;,&quot;scrollWheelZoom&quot;:false,&quot;layer&quot;:&quot;openstreetmap&quot;,&quot;fit_bounds&quot;:true,&quot;cluster&quot;:null,&quot;markers&quot;:[{&quot;fsgb_leaflet_map_marker_latitude&quot;:&quot;43.5983895&quot;,&quot;fsgb_leaflet_map_marker_longitude&quot;:&quot;1.444406&quot;,&quot;fsgb_leaflet_map_marker_anchor&quot;:&quot;&quot;,&quot;fsgb_leaflet_map_marker_media&quot;:false,&quot;fsgb_leaflet_map_marker_title&quot;:&quot;Le Nasdrovia&quot;,&quot;fsgb_leaflet_map_marker_text&quot;:&quot;&quot;,&quot;fsgb_leaflet_map_marker_link&quot;:&quot;&quot;,&quot;fsgb_leaflet_map_marker_style&quot;:&quot;basic&quot;,&quot;fsgb_leaflet_map_marker_numbering&quot;:false,&quot;fsgb_leaflet_map_marker_color&quot;:&quot;&quot;,&quot;fsgb_leaflet_map_marker_picto&quot;:false,&quot;popup_content&quot;:&quot;\\t&lt;article class=\\&quot;card card--leaflet stretched-link\\&quot;&gt;\\n\\t\\t\\n\\t\\t&lt;div class=\\&quot;card__content\\&quot;&gt;\\n\\t\\t\\t\\t\\t\\t\\t&lt;h3&gt;\\n\\t\\t\\t\\t\\t\\t\\t\\t\\t\\t\\tLe Nasdrovia\\t\\t\\t\\t\\t\\t\\t\\t\\t&lt;\\\/h3&gt;\\n\\t\\t\\t\\n\\t\\t\\t\\n\\t\\t\\t\\t\\t&lt;\\\/div&gt;\\n\\t&lt;\\\/article&gt;\\n&quot;,&quot;is_draggable&quot;:false},{&quot;fsgb_leaflet_map_marker_latitude&quot;:&quot;43.599562&quot;,&quot;fsgb_leaflet_map_marker_longitude&quot;:&quot;1.4434071&quot;,&quot;fsgb_leaflet_map_marker_anchor&quot;:&quot;&quot;,&quot;fsgb_leaflet_map_marker_media&quot;:false,&quot;fsgb_leaflet_map_marker_title&quot;:&quot;Le Nabuchodonosor&quot;,&quot;fsgb_leaflet_map_marker_text&quot;:&quot;&quot;,&quot;fsgb_leaflet_map_marker_link&quot;:&quot;&quot;,&quot;fsgb_leaflet_map_marker_style&quot;:&quot;basic&quot;,&quot;fsgb_leaflet_map_marker_numbering&quot;:false,&quot;fsgb_leaflet_map_marker_color&quot;:&quot;&quot;,&quot;fsgb_leaflet_map_marker_picto&quot;:false,&quot;popup_content&quot;:&quot;\\t&lt;article class=\\&quot;card card--leaflet stretched-link\\&quot;&gt;\\n\\t\\t\\n\\t\\t&lt;div class=\\&quot;card__content\\&quot;&gt;\\n\\t\\t\\t\\t\\t\\t\\t&lt;h3&gt;\\n\\t\\t\\t\\t\\t\\t\\t\\t\\t\\t\\tLe Nabuchodonosor\\t\\t\\t\\t\\t\\t\\t\\t\\t&lt;\\\/h3&gt;\\n\\t\\t\\t\\n\\t\\t\\t\\n\\t\\t\\t\\t\\t&lt;\\\/div&gt;\\n\\t&lt;\\\/article&gt;\\n&quot;,&quot;is_draggable&quot;:false},{&quot;fsgb_leaflet_map_marker_latitude&quot;:&quot;43.5988724&quot;,&quot;fsgb_leaflet_map_marker_longitude&quot;:&quot;1.4326133&quot;,&quot;fsgb_leaflet_map_marker_anchor&quot;:&quot;&quot;,&quot;fsgb_leaflet_map_marker_media&quot;:false,&quot;fsgb_leaflet_map_marker_title&quot;:&quot;Le Temps de vendanges&quot;,&quot;fsgb_leaflet_map_marker_text&quot;:&quot;&quot;,&quot;fsgb_leaflet_map_marker_link&quot;:&quot;&quot;,&quot;fsgb_leaflet_map_marker_style&quot;:&quot;basic&quot;,&quot;fsgb_leaflet_map_marker_numbering&quot;:false,&quot;fsgb_leaflet_map_marker_color&quot;:&quot;&quot;,&quot;fsgb_leaflet_map_marker_picto&quot;:false,&quot;popup_content&quot;:&quot;\\t&lt;article class=\\&quot;card card--leaflet stretched-link\\&quot;&gt;\\n\\t\\t\\n\\t\\t&lt;div class=\\&quot;card__content\\&quot;&gt;\\n\\t\\t\\t\\t\\t\\t\\t&lt;h3&gt;\\n\\t\\t\\t\\t\\t\\t\\t\\t\\t\\t\\tLe Temps de vendanges\\t\\t\\t\\t\\t\\t\\t\\t\\t&lt;\\\/h3&gt;\\n\\t\\t\\t\\n\\t\\t\\t\\n\\t\\t\\t\\t\\t&lt;\\\/div&gt;\\n\\t&lt;\\\/article&gt;\\n&quot;,&quot;is_draggable&quot;:false},{&quot;fsgb_leaflet_map_marker_latitude&quot;:&quot;43.6000539&quot;,&quot;fsgb_leaflet_map_marker_longitude&quot;:&quot;1.4403198&quot;,&quot;fsgb_leaflet_map_marker_anchor&quot;:&quot;&quot;,&quot;fsgb_leaflet_map_marker_media&quot;:false,&quot;fsgb_leaflet_map_marker_title&quot;:&quot;Caf\\u00e9 Cerise&quot;,&quot;fsgb_leaflet_map_marker_text&quot;:&quot;&quot;,&quot;fsgb_leaflet_map_marker_link&quot;:&quot;&quot;,&quot;fsgb_leaflet_map_marker_style&quot;:&quot;basic&quot;,&quot;fsgb_leaflet_map_marker_numbering&quot;:false,&quot;fsgb_leaflet_map_marker_color&quot;:&quot;&quot;,&quot;fsgb_leaflet_map_marker_picto&quot;:false,&quot;popup_content&quot;:&quot;\\t&lt;article class=\\&quot;card card--leaflet stretched-link\\&quot;&gt;\\n\\t\\t\\n\\t\\t&lt;div class=\\&quot;card__content\\&quot;&gt;\\n\\t\\t\\t\\t\\t\\t\\t&lt;h3&gt;\\n\\t\\t\\t\\t\\t\\t\\t\\t\\t\\t\\tCaf\\u00e9 Cerise\\t\\t\\t\\t\\t\\t\\t\\t\\t&lt;\\\/h3&gt;\\n\\t\\t\\t\\n\\t\\t\\t\\n\\t\\t\\t\\t\\t&lt;\\\/div&gt;\\n\\t&lt;\\\/article&gt;\\n&quot;,&quot;is_draggable&quot;:false},{&quot;fsgb_leaflet_map_marker_latitude&quot;:&quot;43.5917236&quot;,&quot;fsgb_leaflet_map_marker_longitude&quot;:&quot;1.4339705&quot;,&quot;fsgb_leaflet_map_marker_anchor&quot;:&quot;&quot;,&quot;fsgb_leaflet_map_marker_media&quot;:false,&quot;fsgb_leaflet_map_marker_title&quot;:&quot;La Brewlangerie&quot;,&quot;fsgb_leaflet_map_marker_text&quot;:&quot;&quot;,&quot;fsgb_leaflet_map_marker_link&quot;:&quot;&quot;,&quot;fsgb_leaflet_map_marker_style&quot;:&quot;basic&quot;,&quot;fsgb_leaflet_map_marker_numbering&quot;:false,&quot;fsgb_leaflet_map_marker_color&quot;:&quot;&quot;,&quot;fsgb_leaflet_map_marker_picto&quot;:false,&quot;popup_content&quot;:&quot;\\t&lt;article class=\\&quot;card card--leaflet stretched-link\\&quot;&gt;\\n\\t\\t\\n\\t\\t&lt;div class=\\&quot;card__content\\&quot;&gt;\\n\\t\\t\\t\\t\\t\\t\\t&lt;h3&gt;\\n\\t\\t\\t\\t\\t\\t\\t\\t\\t\\t\\tLa Brewlangerie\\t\\t\\t\\t\\t\\t\\t\\t\\t&lt;\\\/h3&gt;\\n\\t\\t\\t\\n\\t\\t\\t\\n\\t\\t\\t\\t\\t&lt;\\\/div&gt;\\n\\t&lt;\\\/article&gt;\\n&quot;,&quot;is_draggable&quot;:false}],&quot;iconSize&quot;:[38,46],&quot;iconAnchor&quot;:[19,39],&quot;popupAnchor&quot;:[0,-39],&quot;marker_html&quot;:&quot;&lt;svg xmlns=\\&quot;http:\\\/\\\/www.w3.org\\\/2000\\\/svg\\&quot; width=\\&quot;38\\&quot; height=\\&quot;46\\&quot; fill=\\&quot;none\\&quot;&gt;&lt;path d=\\&quot;M26.997 34.163c2.236.487 4.117 1.156 5.429 1.99.41.26.756.53 1.017.821.178.198.334.382.334.603 0 .219-.154.4-.33.598-.411.46-1.026.872-1.781 1.257-2.855 1.457-7.47 2.356-12.667 2.356-5.194 0-9.81-.899-12.665-2.356-.756-.386-1.37-.796-1.782-1.257-.175-.198-.33-.38-.33-.598 0-.221.157-.405.335-.603.26-.29.608-.562 1.017-.82 1.311-.835 3.193-1.505 5.429-1.991a2.107 2.107 0 001.615-2.504 2.114 2.114 0 00-2.513-1.61c-3.426.743-6.159 1.924-7.814 3.28C.737 34.601 0 36.088 0 37.577c0 1.623.889 3.26 2.76 4.61C5.809 44.384 11.925 46 18.999 46c7.076 0 13.192-1.615 16.241-3.814 1.87-1.35 2.76-2.986 2.76-4.61 0-1.488-.737-2.975-2.29-4.247-1.656-1.356-4.389-2.537-7.816-3.28a2.114 2.114 0 00-2.512 1.61 2.107 2.107 0 001.615 2.504z\\&quot; clip-rule=\\&quot;evenodd\\&quot; fill-opacity=\\&quot;.3\\&quot;\\\/&gt;&lt;path d=\\&quot;M8.356 10.54C8.356 4.72 13.12 0 19 0c5.879 0 10.644 4.72 10.644 10.54 0 5.1-3.657 9.354-8.515 10.33v16.022A2.12 2.12 0 0119 39a2.12 2.12 0 01-2.129-2.108V20.87c-4.858-.976-8.515-5.23-8.515-10.33z\\&quot;\\\/&gt;&lt;\\\/svg&gt;&quot;,&quot;marker_html_color&quot;:&quot;&quot;,&quot;has_theme_template&quot;:true,&quot;trace&quot;:false,&quot;trace_color&quot;:null,&quot;trace_shape&quot;:null,&quot;trace_opacity&quot;:null,&quot;is_admin&quot;:false}'>\n\t<\/div>\n<\/div>\n","protected":false},"excerpt":{"rendered":"<p>Privilegiar los productos de temporada y los circuitos cortos, limitar empaquetados in\u00fatiles y el despilfarro, son algunos de los gestos solidarios que hay que tener en cuenta para respetar el medio ambiente al tiempo que se disfruta comiendo. Aqu\u00ed les proponemos algunas direcciones que proporcionan alimentos cuyos productores han cultivado respetando los tiempos de producci\u00f3n; [&hellip;]<\/p>\n","protected":false},"author":3,"featured_media":8572,"parent":12636,"menu_order":0,"comment_status":"closed","ping_status":"closed","template":"templates\/editorial-content.php","meta":{"_acf_changed":false,"footnotes":""},"class_list":["post-14178","page","type-page","status-publish","has-post-thumbnail","hentry"],"acf":[],"yoast_head":"<!-- This site is optimized with the Yoast SEO plugin v27.1.1 - https:\/\/yoast.com\/product\/yoast-seo-wordpress\/ -->\n<title>Consumo responsable, local y sostenible - Toulouse Tourisme<\/title>\n<meta name=\"description\" content=\"Consumo local y sostenible incluso en vacaciones, opte por productos de temporada y canales de distribuci\u00f3n cortos.\" \/>\n<meta name=\"robots\" content=\"index, follow, max-snippet:-1, max-image-preview:large, max-video-preview:-1\" \/>\n<link rel=\"canonical\" href=\"https:\/\/www.toulouse-tourisme.com\/es\/comer-y-beber\/consumo-local-responsable\/\" \/>\n<meta property=\"og:locale\" content=\"es_ES\" \/>\n<meta property=\"og:type\" content=\"article\" \/>\n<meta property=\"og:title\" content=\"Consumo responsable, local y sostenible - Toulouse Tourisme\" \/>\n<meta property=\"og:description\" content=\"Consumo local y sostenible incluso en vacaciones, opte por productos de temporada y canales de distribuci\u00f3n cortos.\" \/>\n<meta property=\"og:url\" content=\"https:\/\/www.toulouse-tourisme.com\/es\/comer-y-beber\/consumo-local-responsable\/\" \/>\n<meta property=\"og:site_name\" content=\"Toulouse Tourisme\" \/>\n<meta property=\"article:publisher\" content=\"https:\/\/www.facebook.com\/Toulouse.tourisme\/\" \/>\n<meta property=\"article:modified_time\" content=\"2024-02-26T14:04:54+00:00\" \/>\n<meta property=\"og:image\" content=\"https:\/\/www.toulouse-tourisme.com\/assets\/uploads\/sites\/3\/2023\/12\/rue-perchepinte-toulouse.jpg\" \/>\n\t<meta property=\"og:image:width\" content=\"1920\" \/>\n\t<meta property=\"og:image:height\" content=\"1280\" \/>\n\t<meta property=\"og:image:type\" content=\"image\/jpeg\" \/>\n<meta name=\"twitter:card\" content=\"summary_large_image\" \/>\n<meta name=\"twitter:label1\" content=\"Tiempo de lectura\" \/>\n\t<meta name=\"twitter:data1\" content=\"3 minutos\" \/>\n<script type=\"application\/ld+json\" class=\"yoast-schema-graph\">{\"@context\":\"https:\/\/schema.org\",\"@graph\":[{\"@type\":\"WebPage\",\"@id\":\"https:\/\/www.toulouse-tourisme.com\/es\/comer-y-beber\/consumo-local-responsable\/\",\"url\":\"https:\/\/www.toulouse-tourisme.com\/es\/comer-y-beber\/consumo-local-responsable\/\",\"name\":\"Consumo responsable, local y sostenible - Toulouse Tourisme\",\"isPartOf\":{\"@id\":\"https:\/\/www.toulouse-tourisme.com\/es\/#website\"},\"primaryImageOfPage\":{\"@id\":\"https:\/\/www.toulouse-tourisme.com\/es\/comer-y-beber\/consumo-local-responsable\/#primaryimage\"},\"image\":{\"@id\":\"https:\/\/www.toulouse-tourisme.com\/es\/comer-y-beber\/consumo-local-responsable\/#primaryimage\"},\"thumbnailUrl\":\"https:\/\/www.toulouse-tourisme.com\/assets\/uploads\/sites\/3\/2023\/12\/rue-perchepinte-toulouse.jpg\",\"datePublished\":\"2023-12-20T14:41:40+00:00\",\"dateModified\":\"2024-02-26T14:04:54+00:00\",\"description\":\"Consumo local y sostenible incluso en vacaciones, opte por productos de temporada y canales de distribuci\u00f3n cortos.\",\"breadcrumb\":{\"@id\":\"https:\/\/www.toulouse-tourisme.com\/es\/comer-y-beber\/consumo-local-responsable\/#breadcrumb\"},\"inLanguage\":\"es\",\"potentialAction\":[{\"@type\":\"ReadAction\",\"target\":[\"https:\/\/www.toulouse-tourisme.com\/es\/comer-y-beber\/consumo-local-responsable\/\"]}]},{\"@type\":\"ImageObject\",\"inLanguage\":\"es\",\"@id\":\"https:\/\/www.toulouse-tourisme.com\/es\/comer-y-beber\/consumo-local-responsable\/#primaryimage\",\"url\":\"https:\/\/www.toulouse-tourisme.com\/assets\/uploads\/sites\/3\/2023\/12\/rue-perchepinte-toulouse.jpg\",\"contentUrl\":\"https:\/\/www.toulouse-tourisme.com\/assets\/uploads\/sites\/3\/2023\/12\/rue-perchepinte-toulouse.jpg\",\"width\":1920,\"height\":1280,\"caption\":\"Rue Perchepinte \u00a9 R\u00e9mi Deligeon\"},{\"@type\":\"BreadcrumbList\",\"@id\":\"https:\/\/www.toulouse-tourisme.com\/es\/comer-y-beber\/consumo-local-responsable\/#breadcrumb\",\"itemListElement\":[{\"@type\":\"ListItem\",\"position\":1,\"name\":\"Inicio\",\"item\":\"https:\/\/www.toulouse-tourisme.com\/es\/\"},{\"@type\":\"ListItem\",\"position\":2,\"name\":\"Comer y beber\",\"item\":\"https:\/\/www.toulouse-tourisme.com\/es\/comer-y-beber\/\"},{\"@type\":\"ListItem\",\"position\":3,\"name\":\"Consumo responsable, local y sostenible\"}]},{\"@type\":\"WebSite\",\"@id\":\"https:\/\/www.toulouse-tourisme.com\/es\/#website\",\"url\":\"https:\/\/www.toulouse-tourisme.com\/es\/\",\"name\":\"Toulouse Tourisme\",\"description\":\"\",\"publisher\":{\"@id\":\"https:\/\/www.toulouse-tourisme.com\/es\/#organization\"},\"potentialAction\":[{\"@type\":\"SearchAction\",\"target\":{\"@type\":\"EntryPoint\",\"urlTemplate\":\"https:\/\/www.toulouse-tourisme.com\/es\/?s={search_term_string}\"},\"query-input\":{\"@type\":\"PropertyValueSpecification\",\"valueRequired\":true,\"valueName\":\"search_term_string\"}}],\"inLanguage\":\"es\"},{\"@type\":\"Organization\",\"@id\":\"https:\/\/www.toulouse-tourisme.com\/es\/#organization\",\"name\":\"Toulouse Tourisme\",\"url\":\"https:\/\/www.toulouse-tourisme.com\/es\/\",\"logo\":{\"@type\":\"ImageObject\",\"inLanguage\":\"es\",\"@id\":\"https:\/\/www.toulouse-tourisme.com\/es\/#\/schema\/logo\/image\/\",\"url\":\"https:\/\/www.toulouse-tourisme.com\/assets\/uploads\/sites\/3\/2023\/10\/toulouse.svg\",\"contentUrl\":\"https:\/\/www.toulouse-tourisme.com\/assets\/uploads\/sites\/3\/2023\/10\/toulouse.svg\",\"width\":220,\"height\":61,\"caption\":\"Toulouse Tourisme\"},\"image\":{\"@id\":\"https:\/\/www.toulouse-tourisme.com\/es\/#\/schema\/logo\/image\/\"},\"sameAs\":[\"https:\/\/www.facebook.com\/Toulouse.tourisme\/\",\"https:\/\/www.instagram.com\/visiteztoulouse\/\",\"https:\/\/www.youtube.com\/@VisitezToulouse\",\"https:\/\/fr.pinterest.com\/visiteztoulouse\/\"]}]}<\/script>\n<!-- \/ Yoast SEO plugin. -->","yoast_head_json":{"title":"Consumo responsable, local y sostenible - Toulouse Tourisme","description":"Consumo local y sostenible incluso en vacaciones, opte por productos de temporada y canales de distribuci\u00f3n cortos.","robots":{"index":"index","follow":"follow","max-snippet":"max-snippet:-1","max-image-preview":"max-image-preview:large","max-video-preview":"max-video-preview:-1"},"canonical":"https:\/\/www.toulouse-tourisme.com\/es\/comer-y-beber\/consumo-local-responsable\/","og_locale":"es_ES","og_type":"article","og_title":"Consumo responsable, local y sostenible - Toulouse Tourisme","og_description":"Consumo local y sostenible incluso en vacaciones, opte por productos de temporada y canales de distribuci\u00f3n cortos.","og_url":"https:\/\/www.toulouse-tourisme.com\/es\/comer-y-beber\/consumo-local-responsable\/","og_site_name":"Toulouse Tourisme","article_publisher":"https:\/\/www.facebook.com\/Toulouse.tourisme\/","article_modified_time":"2024-02-26T14:04:54+00:00","og_image":[{"width":1920,"height":1280,"url":"https:\/\/www.toulouse-tourisme.com\/assets\/uploads\/sites\/3\/2023\/12\/rue-perchepinte-toulouse.jpg","type":"image\/jpeg"}],"twitter_card":"summary_large_image","twitter_misc":{"Tiempo de lectura":"3 minutos"},"schema":{"@context":"https:\/\/schema.org","@graph":[{"@type":"WebPage","@id":"https:\/\/www.toulouse-tourisme.com\/es\/comer-y-beber\/consumo-local-responsable\/","url":"https:\/\/www.toulouse-tourisme.com\/es\/comer-y-beber\/consumo-local-responsable\/","name":"Consumo responsable, local y sostenible - Toulouse Tourisme","isPartOf":{"@id":"https:\/\/www.toulouse-tourisme.com\/es\/#website"},"primaryImageOfPage":{"@id":"https:\/\/www.toulouse-tourisme.com\/es\/comer-y-beber\/consumo-local-responsable\/#primaryimage"},"image":{"@id":"https:\/\/www.toulouse-tourisme.com\/es\/comer-y-beber\/consumo-local-responsable\/#primaryimage"},"thumbnailUrl":"https:\/\/www.toulouse-tourisme.com\/assets\/uploads\/sites\/3\/2023\/12\/rue-perchepinte-toulouse.jpg","datePublished":"2023-12-20T14:41:40+00:00","dateModified":"2024-02-26T14:04:54+00:00","description":"Consumo local y sostenible incluso en vacaciones, opte por productos de temporada y canales de distribuci\u00f3n cortos.","breadcrumb":{"@id":"https:\/\/www.toulouse-tourisme.com\/es\/comer-y-beber\/consumo-local-responsable\/#breadcrumb"},"inLanguage":"es","potentialAction":[{"@type":"ReadAction","target":["https:\/\/www.toulouse-tourisme.com\/es\/comer-y-beber\/consumo-local-responsable\/"]}]},{"@type":"ImageObject","inLanguage":"es","@id":"https:\/\/www.toulouse-tourisme.com\/es\/comer-y-beber\/consumo-local-responsable\/#primaryimage","url":"https:\/\/www.toulouse-tourisme.com\/assets\/uploads\/sites\/3\/2023\/12\/rue-perchepinte-toulouse.jpg","contentUrl":"https:\/\/www.toulouse-tourisme.com\/assets\/uploads\/sites\/3\/2023\/12\/rue-perchepinte-toulouse.jpg","width":1920,"height":1280,"caption":"Rue Perchepinte \u00a9 R\u00e9mi Deligeon"},{"@type":"BreadcrumbList","@id":"https:\/\/www.toulouse-tourisme.com\/es\/comer-y-beber\/consumo-local-responsable\/#breadcrumb","itemListElement":[{"@type":"ListItem","position":1,"name":"Inicio","item":"https:\/\/www.toulouse-tourisme.com\/es\/"},{"@type":"ListItem","position":2,"name":"Comer y beber","item":"https:\/\/www.toulouse-tourisme.com\/es\/comer-y-beber\/"},{"@type":"ListItem","position":3,"name":"Consumo responsable, local y sostenible"}]},{"@type":"WebSite","@id":"https:\/\/www.toulouse-tourisme.com\/es\/#website","url":"https:\/\/www.toulouse-tourisme.com\/es\/","name":"Toulouse Tourisme","description":"","publisher":{"@id":"https:\/\/www.toulouse-tourisme.com\/es\/#organization"},"potentialAction":[{"@type":"SearchAction","target":{"@type":"EntryPoint","urlTemplate":"https:\/\/www.toulouse-tourisme.com\/es\/?s={search_term_string}"},"query-input":{"@type":"PropertyValueSpecification","valueRequired":true,"valueName":"search_term_string"}}],"inLanguage":"es"},{"@type":"Organization","@id":"https:\/\/www.toulouse-tourisme.com\/es\/#organization","name":"Toulouse Tourisme","url":"https:\/\/www.toulouse-tourisme.com\/es\/","logo":{"@type":"ImageObject","inLanguage":"es","@id":"https:\/\/www.toulouse-tourisme.com\/es\/#\/schema\/logo\/image\/","url":"https:\/\/www.toulouse-tourisme.com\/assets\/uploads\/sites\/3\/2023\/10\/toulouse.svg","contentUrl":"https:\/\/www.toulouse-tourisme.com\/assets\/uploads\/sites\/3\/2023\/10\/toulouse.svg","width":220,"height":61,"caption":"Toulouse Tourisme"},"image":{"@id":"https:\/\/www.toulouse-tourisme.com\/es\/#\/schema\/logo\/image\/"},"sameAs":["https:\/\/www.facebook.com\/Toulouse.tourisme\/","https:\/\/www.instagram.com\/visiteztoulouse\/","https:\/\/www.youtube.com\/@VisitezToulouse","https:\/\/fr.pinterest.com\/visiteztoulouse\/"]}]}},"_links":{"self":[{"href":"https:\/\/www.toulouse-tourisme.com\/es\/wp-json\/wp\/v2\/pages\/14178","targetHints":{"allow":["GET"]}}],"collection":[{"href":"https:\/\/www.toulouse-tourisme.com\/es\/wp-json\/wp\/v2\/pages"}],"about":[{"href":"https:\/\/www.toulouse-tourisme.com\/es\/wp-json\/wp\/v2\/types\/page"}],"author":[{"embeddable":true,"href":"https:\/\/www.toulouse-tourisme.com\/es\/wp-json\/wp\/v2\/users\/3"}],"replies":[{"embeddable":true,"href":"https:\/\/www.toulouse-tourisme.com\/es\/wp-json\/wp\/v2\/comments?post=14178"}],"version-history":[{"count":0,"href":"https:\/\/www.toulouse-tourisme.com\/es\/wp-json\/wp\/v2\/pages\/14178\/revisions"}],"up":[{"embeddable":true,"href":"https:\/\/www.toulouse-tourisme.com\/es\/wp-json\/wp\/v2\/pages\/12636"}],"wp:featuredmedia":[{"embeddable":true,"href":"https:\/\/www.toulouse-tourisme.com\/es\/wp-json\/wp\/v2\/media\/8572"}],"wp:attachment":[{"href":"https:\/\/www.toulouse-tourisme.com\/es\/wp-json\/wp\/v2\/media?parent=14178"}],"curies":[{"name":"wp","href":"https:\/\/api.w.org\/{rel}","templated":true}]}}