{"id":12790,"date":"2023-12-11T15:12:27","date_gmt":"2023-12-11T14:12:27","guid":{"rendered":"https:\/\/www.toulouse-tourisme.com\/terre-de-rugby\/"},"modified":"2026-02-18T10:06:28","modified_gmt":"2026-02-18T09:06:28","slug":"tierra-de-rugby","status":"publish","type":"page","link":"https:\/\/www.toulouse-tourisme.com\/es\/tierra-de-rugby\/","title":{"rendered":"Tierra de rugby"},"content":{"rendered":"\n<div class=\"wp-block-group has-global-padding is-layout-constrained wp-block-group-is-layout-constrained\">\n<p>El rugby es sin\u00f3nimo de partidos, de retransmisiones en las terrazas de los bares, de tiendas y de souvenirs. Todo en Toulouse respira el rugby. Aqu\u00ed el bal\u00f3n oval es una devoci\u00f3n y a los jugadores del equipo local, el Stade Toulousain, se les idolatra en el estadio Ernest-Wallon. En Toulouse se vive el rugby todo el a\u00f1o al comp\u00e1s de los encuentros internacionales, de los cl\u00e1sicos locales y de los festivales. Toulouse vibra con el rugby 7 o con el 15.<\/p>\n<\/div>\n\n\n\n<div class=\"wp-block-group has-global-padding is-layout-constrained wp-block-group-is-layout-constrained\">\n<div class=\"wp-block-columns is-layout-flex wp-container-core-columns-is-layout-28f84493 wp-block-columns-is-layout-flex\">\n<div class=\"wp-block-column is-layout-flow wp-block-column-is-layout-flow\">\n<figure data-wp-context=\"{&quot;imageId&quot;:&quot;69e02e2aa5b97&quot;}\" data-wp-interactive=\"core\/image\" class=\"wp-block-image size-full wp-lightbox-container\"><img decoding=\"async\" width=\"867\" height=\"1300\" data-wp-class--hide=\"state.isContentHidden\" data-wp-class--show=\"state.isContentVisible\" data-wp-init=\"callbacks.setButtonStyles\" data-wp-on-async--click=\"actions.showLightbox\" data-wp-on-async--load=\"callbacks.setButtonStyles\" data-wp-on-async-window--resize=\"callbacks.setButtonStyles\" src=\"https:\/\/www.toulouse-tourisme.com\/assets\/uploads\/sites\/3\/2023\/12\/match-rugby-stade-toulousain.jpg\" alt=\"Match de rugby du Stade Toulousain\" class=\"wp-image-7691\" style=\"aspect-ratio:1;object-fit:cover\" srcset=\"https:\/\/www.toulouse-tourisme.com\/assets\/uploads\/sites\/3\/2023\/12\/match-rugby-stade-toulousain.jpg 867w, https:\/\/www.toulouse-tourisme.com\/assets\/uploads\/sites\/3\/2023\/12\/match-rugby-stade-toulousain-600x900.jpg 600w, https:\/\/www.toulouse-tourisme.com\/assets\/uploads\/sites\/3\/2023\/12\/match-rugby-stade-toulousain-400x600.jpg 400w, https:\/\/www.toulouse-tourisme.com\/assets\/uploads\/sites\/3\/2023\/12\/match-rugby-stade-toulousain-768x1152.jpg 768w\" sizes=\"(max-width: 867px) 100vw, 867px\" \/><button\n\t\t\tclass=\"lightbox-trigger\"\n\t\t\ttype=\"button\"\n\t\t\taria-haspopup=\"dialog\"\n\t\t\taria-label=\"Agrandar\"\n\t\t\tdata-wp-init=\"callbacks.initTriggerButton\"\n\t\t\tdata-wp-on-async--click=\"actions.showLightbox\"\n\t\t\tdata-wp-style--right=\"state.imageButtonRight\"\n\t\t\tdata-wp-style--top=\"state.imageButtonTop\"\n\t\t>\n\t\t\t<svg xmlns=\"http:\/\/www.w3.org\/2000\/svg\" width=\"12\" height=\"12\" fill=\"none\" viewBox=\"0 0 12 12\">\n\t\t\t\t<path fill=\"#fff\" d=\"M2 0a2 2 0 0 0-2 2v2h1.5V2a.5.5 0 0 1 .5-.5h2V0H2Zm2 10.5H2a.5.5 0 0 1-.5-.5V8H0v2a2 2 0 0 0 2 2h2v-1.5ZM8 12v-1.5h2a.5.5 0 0 0 .5-.5V8H12v2a2 2 0 0 1-2 2H8Zm2-12a2 2 0 0 1 2 2v2h-1.5V2a.5.5 0 0 0-.5-.5H8V0h2Z\" \/>\n\t\t\t<\/svg>\n\t\t<\/button><figcaption class=\"wp-element-caption\">Match de rugby du Stade Toulousain \u00a9 R\u00e9mi Deligeon<\/figcaption><\/figure>\n<\/div>\n\n\n\n<div class=\"wp-block-column is-vertically-aligned-center is-layout-flow wp-block-column-is-layout-flow\">\n<h3 class=\"wp-block-heading\">La Copa de Campeones Europeos<\/h3>\n\n\n\n<p><strong>Estos encuentros son precisamente los que han logrado que el equipo Stade Toulousain lleve tantas estrellas en su camiseta<\/strong>. Cuando el estadio Ernest-Wallon organiza los partidos de la Copa de Campeones Europeos, Toulouse es como un campus internacional con sus hinchas irlandeses y galos que saben perfectamente d\u00f3nde reunirse en los pubs de la Ciudad Rosa.<\/p>\n\n\n\n<p>Pero tanto si se ha aplaudido a los unos o a los otros, la fiesta tras el partido los une a todos bajo los mismos valores: los del rugby.<\/p>\n\n\n\n<h3 class=\"wp-block-heading\">El Top 14<\/h3>\n\n\n\n<p><strong>El galard\u00f3n con el que la liga nacional de rugby recompensa al campe\u00f3n es muy conocido: se trata del escudo de Brennus<\/strong>. Al d\u00eda siguiente de la victoria los jugadores lo pasean por todos los bares de la plaza de Saint-Pierre y se muestra desde el balc\u00f3n del Capitole al ritmo de canciones por todos conocidas que hacen brincar a los hinchas.<\/p>\n<\/div>\n<\/div>\n<\/div>\n\n\n\n<div class=\"wp-block-group has-global-padding is-layout-constrained wp-block-group-is-layout-constrained\">\n<div class=\"wp-block-columns is-layout-flex wp-container-core-columns-is-layout-28f84493 wp-block-columns-is-layout-flex\">\n<div class=\"wp-block-column is-vertically-aligned-center is-layout-flow wp-block-column-is-layout-flow\">\n<p class=\"is-style-h3-surtitle\">Festival<\/p>\n\n\n\n<h3 class=\"wp-block-heading\">El WateRugby Sud de France<\/h3>\n\n\n\n<p>Un campo de rugby flotante en el r\u00edo Garona. Entre el Pont-Neuf y la c\u00fapula de la Grave, con el H\u00f4tel-Dieu al fondo: nada m\u00e1s perfecto que el Garona para un partido de water rugby.<\/p>\n\n\n\n<p>Es una cita obligada para el disfrute y el reencuentro con los antiguos jugadores internacionales. Todo el mundo puede participar en los torneos: s\u00f3lo se trata de sudar la camiseta.<\/p>\n\n\n\n<p class=\"is-style-location\"><a href=\"https:\/\/waterugby.com\" target=\"_blank\" rel=\"noreferrer noopener\"><\/a>Port de la Daurade &#8211; julio<\/p>\n\n\n\n<div class=\"wp-block-buttons is-layout-flex wp-block-buttons-is-layout-flex\">\n<div class=\"wp-block-button is-style-outline is-style-outline--1\"><a class=\"wp-block-button__link wp-element-button\" href=\"https:\/\/waterugby.com\" target=\"_blank\" rel=\"noreferrer noopener\">WateRugby<\/a><\/div>\n<\/div>\n<\/div>\n\n\n\n<div class=\"wp-block-column is-vertically-aligned-center is-layout-flow wp-block-column-is-layout-flow\">\n<figure data-wp-context=\"{&quot;imageId&quot;:&quot;69e02e2aa74c0&quot;}\" data-wp-interactive=\"core\/image\" class=\"wp-block-image size-large wp-lightbox-container\"><img decoding=\"async\" width=\"1200\" height=\"800\" data-wp-class--hide=\"state.isContentHidden\" data-wp-class--show=\"state.isContentVisible\" data-wp-init=\"callbacks.setButtonStyles\" data-wp-on-async--click=\"actions.showLightbox\" data-wp-on-async--load=\"callbacks.setButtonStyles\" data-wp-on-async-window--resize=\"callbacks.setButtonStyles\" src=\"https:\/\/www.toulouse-tourisme.com\/assets\/uploads\/sites\/3\/2023\/12\/waterugby-festival-toulouse-1200x800.jpg\" alt=\"Le WateRugby festival\" class=\"wp-image-7668\" style=\"aspect-ratio:3\/2;object-fit:cover\" srcset=\"https:\/\/www.toulouse-tourisme.com\/assets\/uploads\/sites\/3\/2023\/12\/waterugby-festival-toulouse-1200x800.jpg 1200w, https:\/\/www.toulouse-tourisme.com\/assets\/uploads\/sites\/3\/2023\/12\/waterugby-festival-toulouse-600x400.jpg 600w, https:\/\/www.toulouse-tourisme.com\/assets\/uploads\/sites\/3\/2023\/12\/waterugby-festival-toulouse-400x267.jpg 400w, https:\/\/www.toulouse-tourisme.com\/assets\/uploads\/sites\/3\/2023\/12\/waterugby-festival-toulouse-768x512.jpg 768w, https:\/\/www.toulouse-tourisme.com\/assets\/uploads\/sites\/3\/2023\/12\/waterugby-festival-toulouse-1536x1024.jpg 1536w, https:\/\/www.toulouse-tourisme.com\/assets\/uploads\/sites\/3\/2023\/12\/waterugby-festival-toulouse.jpg 1920w\" sizes=\"(max-width: 1200px) 100vw, 1200px\" \/><button\n\t\t\tclass=\"lightbox-trigger\"\n\t\t\ttype=\"button\"\n\t\t\taria-haspopup=\"dialog\"\n\t\t\taria-label=\"Agrandar\"\n\t\t\tdata-wp-init=\"callbacks.initTriggerButton\"\n\t\t\tdata-wp-on-async--click=\"actions.showLightbox\"\n\t\t\tdata-wp-style--right=\"state.imageButtonRight\"\n\t\t\tdata-wp-style--top=\"state.imageButtonTop\"\n\t\t>\n\t\t\t<svg xmlns=\"http:\/\/www.w3.org\/2000\/svg\" width=\"12\" height=\"12\" fill=\"none\" viewBox=\"0 0 12 12\">\n\t\t\t\t<path fill=\"#fff\" d=\"M2 0a2 2 0 0 0-2 2v2h1.5V2a.5.5 0 0 1 .5-.5h2V0H2Zm2 10.5H2a.5.5 0 0 1-.5-.5V8H0v2a2 2 0 0 0 2 2h2v-1.5ZM8 12v-1.5h2a.5.5 0 0 0 .5-.5V8H12v2a2 2 0 0 1-2 2H8Zm2-12a2 2 0 0 1 2 2v2h-1.5V2a.5.5 0 0 0-.5-.5H8V0h2Z\" \/>\n\t\t\t<\/svg>\n\t\t<\/button><figcaption class=\"wp-element-caption\">Le WateRugby festival \u00a9 R\u00e9mi Deligeon<\/figcaption><\/figure>\n<\/div>\n<\/div>\n<\/div>\n\n\n\n<hr class=\"wp-block-separator has-alpha-channel-opacity is-style-color-scheme\" style=\"margin-top:var(--wp--preset--spacing--medium);margin-bottom:var(--wp--preset--spacing--medium)\"\/>\n\n\n\n<div class=\"wp-block-group has-global-padding is-layout-constrained wp-container-core-group-is-layout-639b5052 wp-block-group-is-layout-constrained\" style=\"padding-top:0;padding-right:0;padding-bottom:0;padding-left:0\">\n<section class=\"wp-block-group alignfull pattern-text-image has-global-padding is-layout-constrained wp-container-core-group-is-layout-c043b533 wp-block-group-is-layout-constrained\" style=\"padding-top:var(--wp--preset--spacing--x-large);padding-right:var(--wp--preset--spacing--large);padding-bottom:var(--wp--preset--spacing--x-large);padding-left:var(--wp--preset--spacing--large)\">\n<div class=\"wp-block-columns are-vertically-aligned-center is-layout-flex wp-container-core-columns-is-layout-28f84493 wp-block-columns-is-layout-flex\">\n<div class=\"wp-block-column is-vertically-aligned-center pattern-text-image__content is-layout-flow wp-block-column-is-layout-flow\">\n<p class=\"is-style-h3-surtitle\">El equipo rojinegro<\/p>\n\n\n\n<h2 class=\"wp-block-heading\">El Stade Toulousain<\/h2>\n\n\n\n<p>El rugby est\u00e1 en el ADN de esta gran regi\u00f3n del suroeste de Francia; y en Toulouse lo llevan tambi\u00e9n en su coraz\u00f3n. Ha sido 6 veces campe\u00f3n de Europa, 24 veces campe\u00f3n de Francia. Cada partido que se juega en este estadio lo siguen con pasi\u00f3n miles de aficionados: y cuanto suena el silbido del fin del partido, toda la ciudad se lanza a asistir a la fiesta.<\/p>\n\n\n\n<p><strong>Ernest-Wallon, el templo del bal\u00f3n oval<\/strong><br>El estadio de los \u201cRojinegros\u201d es el estadio Ernest-Wallon, en el barrio de Sept-Deniers. Este estadio, con un aforo de 19.000 plazas, recibe a los clubs de rugby m\u00e1s importantes de Europa en los encuentros internacionales.<\/p>\n\n\n\n<h4 class=\"wp-block-heading is-style-h4\">Es un juego hecho para los tolosanos<\/h4>\n\n\n\n<p>Al d\u00eda siguiente de una victoria final hay que asistir en Toulouse a su celebraci\u00f3n con la muchedumbre que se re\u00fane en la plaza del Capitole. Toda la ciudad se viste de rojo y negro jaleando cuando en el balc\u00f3n de la Sala de los Ilustres o en las avenidas de la ciudad se alza el trofeo obtenido; la gente, tras una noche en blanco, da saltitos cantando \u201cQui ne saute pas n\u2019est pas toulousain !\u201d (el que no salta no es de aqu\u00ed).<\/p>\n\n\n\n<div class=\"wp-block-buttons is-layout-flex wp-block-buttons-is-layout-flex\">\n<div class=\"wp-block-button\"><a class=\"wp-block-button__link wp-element-button\" href=\"https:\/\/www.stadetoulousain.fr\" target=\"_blank\" rel=\"noreferrer noopener\">el Stade Toulousain<\/a><\/div>\n<\/div>\n\n\n\n<div style=\"height:100%\" aria-hidden=\"true\" class=\"wp-block-spacer\"><\/div>\n<\/div>\n\n\n\n<div class=\"wp-block-column is-vertically-aligned-center pattern-text-image__media is-layout-flow wp-block-column-is-layout-flow\">\n<figure data-wp-context=\"{&quot;imageId&quot;:&quot;69e02e2aa88f1&quot;}\" data-wp-interactive=\"core\/image\" class=\"wp-block-image size-full wp-lightbox-container\"><img decoding=\"async\" width=\"1200\" height=\"900\" data-wp-class--hide=\"state.isContentHidden\" data-wp-class--show=\"state.isContentVisible\" data-wp-init=\"callbacks.setButtonStyles\" data-wp-on-async--click=\"actions.showLightbox\" data-wp-on-async--load=\"callbacks.setButtonStyles\" data-wp-on-async-window--resize=\"callbacks.setButtonStyles\" src=\"https:\/\/www.toulouse-tourisme.com\/assets\/uploads\/sites\/3\/2023\/12\/victoire-stade-toulousain.jpg\" alt=\"Victoire du Stade Toulousain\" class=\"wp-image-7683\" srcset=\"https:\/\/www.toulouse-tourisme.com\/assets\/uploads\/sites\/3\/2023\/12\/victoire-stade-toulousain.jpg 1200w, https:\/\/www.toulouse-tourisme.com\/assets\/uploads\/sites\/3\/2023\/12\/victoire-stade-toulousain-600x450.jpg 600w, https:\/\/www.toulouse-tourisme.com\/assets\/uploads\/sites\/3\/2023\/12\/victoire-stade-toulousain-400x300.jpg 400w, https:\/\/www.toulouse-tourisme.com\/assets\/uploads\/sites\/3\/2023\/12\/victoire-stade-toulousain-768x576.jpg 768w\" sizes=\"(max-width: 1200px) 100vw, 1200px\" \/><button\n\t\t\tclass=\"lightbox-trigger\"\n\t\t\ttype=\"button\"\n\t\t\taria-haspopup=\"dialog\"\n\t\t\taria-label=\"Agrandar\"\n\t\t\tdata-wp-init=\"callbacks.initTriggerButton\"\n\t\t\tdata-wp-on-async--click=\"actions.showLightbox\"\n\t\t\tdata-wp-style--right=\"state.imageButtonRight\"\n\t\t\tdata-wp-style--top=\"state.imageButtonTop\"\n\t\t>\n\t\t\t<svg xmlns=\"http:\/\/www.w3.org\/2000\/svg\" width=\"12\" height=\"12\" fill=\"none\" viewBox=\"0 0 12 12\">\n\t\t\t\t<path fill=\"#fff\" d=\"M2 0a2 2 0 0 0-2 2v2h1.5V2a.5.5 0 0 1 .5-.5h2V0H2Zm2 10.5H2a.5.5 0 0 1-.5-.5V8H0v2a2 2 0 0 0 2 2h2v-1.5ZM8 12v-1.5h2a.5.5 0 0 0 .5-.5V8H12v2a2 2 0 0 1-2 2H8Zm2-12a2 2 0 0 1 2 2v2h-1.5V2a.5.5 0 0 0-.5-.5H8V0h2Z\" \/>\n\t\t\t<\/svg>\n\t\t<\/button><\/figure>\n<\/div>\n<\/div>\n<\/section>\n<\/div>\n\n\n\n<div class=\"wp-block-group has-global-padding is-layout-constrained wp-block-group-is-layout-constrained\">\n<h4 class=\"wp-block-heading\">\u00bfD\u00f3nde ver los partidos?<\/h4>\n\n\n\n<p>Si su equipo no juega en casa o si no tiene entrada para el estadio no tiene otra que dirigirse hacia los bares que retransmiten los partidos y mezclarse con los hinchas de los equipos.<\/p>\n\n\n\n<p><a href=\"https:\/\/www.grandcafedustade.fr\" target=\"_blank\" rel=\"noreferrer noopener\">Le Grand Caf\u00e9 du Stade Toulousain<\/a>, Bulevar Carnot. El Stade Toulousain acaba de abrir su bar-tapas-brasserie en el coraz\u00f3n de Toulouse..<br><a href=\"http:\/\/cafe-oz.com\/toulouse.html\" target=\"_blank\" rel=\"noreferrer noopener\">Caf\u00e9 Oz<\/a>, calle Gabiel-P\u00e9ri. Pub australiano con un programa deportivo completo.<br><a href=\"http:\/\/www.theblacklion.fr\" target=\"_blank\" rel=\"noreferrer noopener\">Pub the Black Lion<\/a> avenida Paul-Feuga. Gastronom\u00eda y deporte van de la mano.<br><a href=\"https:\/\/www.thedanu.fr\" target=\"_blank\" rel=\"noreferrer noopener\">Pub le Danu<\/a>, plaza Dupuy. 8 pantallas dentro y 2 en el exterior.<br><strong>Le Seventies<\/strong> en el puerto Saint-\u00c9tienne, frente al Canal du Midi. Pub y billares.<br><a href=\"https:\/\/www.casinosbarriere.com\/fr\/toulouse\/le-cafe-des-sports.html\" target=\"_blank\" rel=\"noreferrer noopener\">Le Caf\u00e9 des Sports<\/a> en el casino-teatro Barri\u00e8re de la isla Ramier. Gran n\u00famero de pantallas por encima del bar.<\/p>\n<\/div>\n\n\n\n<div class=\"wp-block-group has-global-padding is-layout-constrained wp-block-group-is-layout-constrained\">\n<h3 class=\"wp-block-heading\">\u00bfD\u00f3nde asistir a la fiesta tras el encuentro?<\/h3>\n\n\n\n<p>En la Plaza Saint-Pierre, naturalmente. A orillas del Garona, con vistas a la c\u00fapula de la Grave. La plaza donde se dan cita todos los hinchas de los equipos. Comenzando por Chez Tonton hasta el bar Basque, pasando por el Saint-Pierre, en todos hay un formidable ambiente. Las veladas de los d\u00edas de grandes encuentros son de las que se recuerdan toda la vida.<\/p>\n<\/div>\n","protected":false},"excerpt":{"rendered":"<p>El rugby es sin\u00f3nimo de partidos, de retransmisiones en las terrazas de los bares, de tiendas y de souvenirs. Todo en Toulouse respira el rugby. Aqu\u00ed el bal\u00f3n oval es una devoci\u00f3n y a los jugadores del equipo local, el Stade Toulousain, se les idolatra en el estadio Ernest-Wallon. En Toulouse se vive el rugby [&hellip;]<\/p>\n","protected":false},"author":3,"featured_media":7679,"parent":0,"menu_order":0,"comment_status":"closed","ping_status":"closed","template":"templates\/experience.php","meta":{"_acf_changed":false,"footnotes":""},"class_list":["post-12790","page","type-page","status-publish","has-post-thumbnail","hentry"],"acf":[],"yoast_head":"<!-- This site is optimized with the Yoast SEO plugin v27.1.1 - https:\/\/yoast.com\/product\/yoast-seo-wordpress\/ -->\n<title>Tierra de rugby - Toulouse Tourisme<\/title>\n<meta name=\"description\" content=\"En Toulouse se vive el rugby todo el a\u00f1o al comp\u00e1s de los encuentros internacionales, de los cl\u00e1sicos locales y de los festivales.\" \/>\n<meta name=\"robots\" content=\"index, follow, max-snippet:-1, max-image-preview:large, max-video-preview:-1\" \/>\n<link rel=\"canonical\" href=\"https:\/\/www.toulouse-tourisme.com\/es\/tierra-de-rugby\/\" \/>\n<meta property=\"og:locale\" content=\"es_ES\" \/>\n<meta property=\"og:type\" content=\"article\" \/>\n<meta property=\"og:title\" content=\"Tierra de rugby - Toulouse Tourisme\" \/>\n<meta property=\"og:description\" content=\"En Toulouse se vive el rugby todo el a\u00f1o al comp\u00e1s de los encuentros internacionales, de los cl\u00e1sicos locales y de los festivales.\" \/>\n<meta property=\"og:url\" content=\"https:\/\/www.toulouse-tourisme.com\/es\/tierra-de-rugby\/\" \/>\n<meta property=\"og:site_name\" content=\"Toulouse Tourisme\" \/>\n<meta property=\"article:publisher\" content=\"https:\/\/www.facebook.com\/Toulouse.tourisme\/\" \/>\n<meta property=\"article:modified_time\" content=\"2026-02-18T09:06:28+00:00\" \/>\n<meta property=\"og:image\" content=\"https:\/\/www.toulouse-tourisme.com\/assets\/uploads\/sites\/3\/2023\/12\/rugby-stade-toulousain.jpg\" \/>\n\t<meta property=\"og:image:width\" content=\"1920\" \/>\n\t<meta property=\"og:image:height\" content=\"1280\" \/>\n\t<meta property=\"og:image:type\" content=\"image\/jpeg\" \/>\n<meta name=\"twitter:card\" content=\"summary_large_image\" \/>\n<meta name=\"twitter:label1\" content=\"Tiempo de lectura\" \/>\n\t<meta name=\"twitter:data1\" content=\"5 minutos\" \/>\n<script type=\"application\/ld+json\" class=\"yoast-schema-graph\">{\"@context\":\"https:\/\/schema.org\",\"@graph\":[{\"@type\":\"WebPage\",\"@id\":\"https:\/\/www.toulouse-tourisme.com\/es\/tierra-de-rugby\/\",\"url\":\"https:\/\/www.toulouse-tourisme.com\/es\/tierra-de-rugby\/\",\"name\":\"Tierra de rugby - Toulouse Tourisme\",\"isPartOf\":{\"@id\":\"https:\/\/www.toulouse-tourisme.com\/es\/#website\"},\"primaryImageOfPage\":{\"@id\":\"https:\/\/www.toulouse-tourisme.com\/es\/tierra-de-rugby\/#primaryimage\"},\"image\":{\"@id\":\"https:\/\/www.toulouse-tourisme.com\/es\/tierra-de-rugby\/#primaryimage\"},\"thumbnailUrl\":\"https:\/\/www.toulouse-tourisme.com\/assets\/uploads\/sites\/3\/2023\/12\/rugby-stade-toulousain.jpg\",\"datePublished\":\"2023-12-11T14:12:27+00:00\",\"dateModified\":\"2026-02-18T09:06:28+00:00\",\"description\":\"En Toulouse se vive el rugby todo el a\u00f1o al comp\u00e1s de los encuentros internacionales, de los cl\u00e1sicos locales y de los festivales.\",\"breadcrumb\":{\"@id\":\"https:\/\/www.toulouse-tourisme.com\/es\/tierra-de-rugby\/#breadcrumb\"},\"inLanguage\":\"es\",\"potentialAction\":[{\"@type\":\"ReadAction\",\"target\":[\"https:\/\/www.toulouse-tourisme.com\/es\/tierra-de-rugby\/\"]}]},{\"@type\":\"ImageObject\",\"inLanguage\":\"es\",\"@id\":\"https:\/\/www.toulouse-tourisme.com\/es\/tierra-de-rugby\/#primaryimage\",\"url\":\"https:\/\/www.toulouse-tourisme.com\/assets\/uploads\/sites\/3\/2023\/12\/rugby-stade-toulousain.jpg\",\"contentUrl\":\"https:\/\/www.toulouse-tourisme.com\/assets\/uploads\/sites\/3\/2023\/12\/rugby-stade-toulousain.jpg\",\"width\":1920,\"height\":1280,\"caption\":\"Match de rugby du Stade Toulousain \u00a9 R\u00e9mi Deligeon\"},{\"@type\":\"BreadcrumbList\",\"@id\":\"https:\/\/www.toulouse-tourisme.com\/es\/tierra-de-rugby\/#breadcrumb\",\"itemListElement\":[{\"@type\":\"ListItem\",\"position\":1,\"name\":\"Inicio\",\"item\":\"https:\/\/www.toulouse-tourisme.com\/es\/\"},{\"@type\":\"ListItem\",\"position\":2,\"name\":\"Tierra de rugby\"}]},{\"@type\":\"WebSite\",\"@id\":\"https:\/\/www.toulouse-tourisme.com\/es\/#website\",\"url\":\"https:\/\/www.toulouse-tourisme.com\/es\/\",\"name\":\"Toulouse Tourisme\",\"description\":\"\",\"publisher\":{\"@id\":\"https:\/\/www.toulouse-tourisme.com\/es\/#organization\"},\"potentialAction\":[{\"@type\":\"SearchAction\",\"target\":{\"@type\":\"EntryPoint\",\"urlTemplate\":\"https:\/\/www.toulouse-tourisme.com\/es\/?s={search_term_string}\"},\"query-input\":{\"@type\":\"PropertyValueSpecification\",\"valueRequired\":true,\"valueName\":\"search_term_string\"}}],\"inLanguage\":\"es\"},{\"@type\":\"Organization\",\"@id\":\"https:\/\/www.toulouse-tourisme.com\/es\/#organization\",\"name\":\"Toulouse Tourisme\",\"url\":\"https:\/\/www.toulouse-tourisme.com\/es\/\",\"logo\":{\"@type\":\"ImageObject\",\"inLanguage\":\"es\",\"@id\":\"https:\/\/www.toulouse-tourisme.com\/es\/#\/schema\/logo\/image\/\",\"url\":\"https:\/\/www.toulouse-tourisme.com\/assets\/uploads\/sites\/3\/2023\/10\/toulouse.svg\",\"contentUrl\":\"https:\/\/www.toulouse-tourisme.com\/assets\/uploads\/sites\/3\/2023\/10\/toulouse.svg\",\"width\":220,\"height\":61,\"caption\":\"Toulouse Tourisme\"},\"image\":{\"@id\":\"https:\/\/www.toulouse-tourisme.com\/es\/#\/schema\/logo\/image\/\"},\"sameAs\":[\"https:\/\/www.facebook.com\/Toulouse.tourisme\/\",\"https:\/\/www.instagram.com\/visiteztoulouse\/\",\"https:\/\/www.youtube.com\/@VisitezToulouse\",\"https:\/\/fr.pinterest.com\/visiteztoulouse\/\"]}]}<\/script>\n<!-- \/ Yoast SEO plugin. -->","yoast_head_json":{"title":"Tierra de rugby - Toulouse Tourisme","description":"En Toulouse se vive el rugby todo el a\u00f1o al comp\u00e1s de los encuentros internacionales, de los cl\u00e1sicos locales y de los festivales.","robots":{"index":"index","follow":"follow","max-snippet":"max-snippet:-1","max-image-preview":"max-image-preview:large","max-video-preview":"max-video-preview:-1"},"canonical":"https:\/\/www.toulouse-tourisme.com\/es\/tierra-de-rugby\/","og_locale":"es_ES","og_type":"article","og_title":"Tierra de rugby - Toulouse Tourisme","og_description":"En Toulouse se vive el rugby todo el a\u00f1o al comp\u00e1s de los encuentros internacionales, de los cl\u00e1sicos locales y de los festivales.","og_url":"https:\/\/www.toulouse-tourisme.com\/es\/tierra-de-rugby\/","og_site_name":"Toulouse Tourisme","article_publisher":"https:\/\/www.facebook.com\/Toulouse.tourisme\/","article_modified_time":"2026-02-18T09:06:28+00:00","og_image":[{"width":1920,"height":1280,"url":"https:\/\/www.toulouse-tourisme.com\/assets\/uploads\/sites\/3\/2023\/12\/rugby-stade-toulousain.jpg","type":"image\/jpeg"}],"twitter_card":"summary_large_image","twitter_misc":{"Tiempo de lectura":"5 minutos"},"schema":{"@context":"https:\/\/schema.org","@graph":[{"@type":"WebPage","@id":"https:\/\/www.toulouse-tourisme.com\/es\/tierra-de-rugby\/","url":"https:\/\/www.toulouse-tourisme.com\/es\/tierra-de-rugby\/","name":"Tierra de rugby - Toulouse Tourisme","isPartOf":{"@id":"https:\/\/www.toulouse-tourisme.com\/es\/#website"},"primaryImageOfPage":{"@id":"https:\/\/www.toulouse-tourisme.com\/es\/tierra-de-rugby\/#primaryimage"},"image":{"@id":"https:\/\/www.toulouse-tourisme.com\/es\/tierra-de-rugby\/#primaryimage"},"thumbnailUrl":"https:\/\/www.toulouse-tourisme.com\/assets\/uploads\/sites\/3\/2023\/12\/rugby-stade-toulousain.jpg","datePublished":"2023-12-11T14:12:27+00:00","dateModified":"2026-02-18T09:06:28+00:00","description":"En Toulouse se vive el rugby todo el a\u00f1o al comp\u00e1s de los encuentros internacionales, de los cl\u00e1sicos locales y de los festivales.","breadcrumb":{"@id":"https:\/\/www.toulouse-tourisme.com\/es\/tierra-de-rugby\/#breadcrumb"},"inLanguage":"es","potentialAction":[{"@type":"ReadAction","target":["https:\/\/www.toulouse-tourisme.com\/es\/tierra-de-rugby\/"]}]},{"@type":"ImageObject","inLanguage":"es","@id":"https:\/\/www.toulouse-tourisme.com\/es\/tierra-de-rugby\/#primaryimage","url":"https:\/\/www.toulouse-tourisme.com\/assets\/uploads\/sites\/3\/2023\/12\/rugby-stade-toulousain.jpg","contentUrl":"https:\/\/www.toulouse-tourisme.com\/assets\/uploads\/sites\/3\/2023\/12\/rugby-stade-toulousain.jpg","width":1920,"height":1280,"caption":"Match de rugby du Stade Toulousain \u00a9 R\u00e9mi Deligeon"},{"@type":"BreadcrumbList","@id":"https:\/\/www.toulouse-tourisme.com\/es\/tierra-de-rugby\/#breadcrumb","itemListElement":[{"@type":"ListItem","position":1,"name":"Inicio","item":"https:\/\/www.toulouse-tourisme.com\/es\/"},{"@type":"ListItem","position":2,"name":"Tierra de rugby"}]},{"@type":"WebSite","@id":"https:\/\/www.toulouse-tourisme.com\/es\/#website","url":"https:\/\/www.toulouse-tourisme.com\/es\/","name":"Toulouse Tourisme","description":"","publisher":{"@id":"https:\/\/www.toulouse-tourisme.com\/es\/#organization"},"potentialAction":[{"@type":"SearchAction","target":{"@type":"EntryPoint","urlTemplate":"https:\/\/www.toulouse-tourisme.com\/es\/?s={search_term_string}"},"query-input":{"@type":"PropertyValueSpecification","valueRequired":true,"valueName":"search_term_string"}}],"inLanguage":"es"},{"@type":"Organization","@id":"https:\/\/www.toulouse-tourisme.com\/es\/#organization","name":"Toulouse Tourisme","url":"https:\/\/www.toulouse-tourisme.com\/es\/","logo":{"@type":"ImageObject","inLanguage":"es","@id":"https:\/\/www.toulouse-tourisme.com\/es\/#\/schema\/logo\/image\/","url":"https:\/\/www.toulouse-tourisme.com\/assets\/uploads\/sites\/3\/2023\/10\/toulouse.svg","contentUrl":"https:\/\/www.toulouse-tourisme.com\/assets\/uploads\/sites\/3\/2023\/10\/toulouse.svg","width":220,"height":61,"caption":"Toulouse Tourisme"},"image":{"@id":"https:\/\/www.toulouse-tourisme.com\/es\/#\/schema\/logo\/image\/"},"sameAs":["https:\/\/www.facebook.com\/Toulouse.tourisme\/","https:\/\/www.instagram.com\/visiteztoulouse\/","https:\/\/www.youtube.com\/@VisitezToulouse","https:\/\/fr.pinterest.com\/visiteztoulouse\/"]}]}},"_links":{"self":[{"href":"https:\/\/www.toulouse-tourisme.com\/es\/wp-json\/wp\/v2\/pages\/12790","targetHints":{"allow":["GET"]}}],"collection":[{"href":"https:\/\/www.toulouse-tourisme.com\/es\/wp-json\/wp\/v2\/pages"}],"about":[{"href":"https:\/\/www.toulouse-tourisme.com\/es\/wp-json\/wp\/v2\/types\/page"}],"author":[{"embeddable":true,"href":"https:\/\/www.toulouse-tourisme.com\/es\/wp-json\/wp\/v2\/users\/3"}],"replies":[{"embeddable":true,"href":"https:\/\/www.toulouse-tourisme.com\/es\/wp-json\/wp\/v2\/comments?post=12790"}],"version-history":[{"count":0,"href":"https:\/\/www.toulouse-tourisme.com\/es\/wp-json\/wp\/v2\/pages\/12790\/revisions"}],"wp:featuredmedia":[{"embeddable":true,"href":"https:\/\/www.toulouse-tourisme.com\/es\/wp-json\/wp\/v2\/media\/7679"}],"wp:attachment":[{"href":"https:\/\/www.toulouse-tourisme.com\/es\/wp-json\/wp\/v2\/media?parent=12790"}],"curies":[{"name":"wp","href":"https:\/\/api.w.org\/{rel}","templated":true}]}}