{"id":12646,"date":"2023-10-10T14:54:46","date_gmt":"2023-10-10T12:54:46","guid":{"rendered":"https:\/\/www.toulouse-tourisme.com\/jy-vais-en-train\/"},"modified":"2024-02-26T15:04:51","modified_gmt":"2024-02-26T14:04:51","slug":"en-tren","status":"publish","type":"page","link":"https:\/\/www.toulouse-tourisme.com\/es\/cerca-de-toulouse\/en-tren\/","title":{"rendered":"Viaja en tren"},"content":{"rendered":"\n<div class=\"wp-block-group has-global-padding is-layout-constrained wp-block-group-is-layout-constrained\">\n<p>Para visitar el resto de los destinos de la regi\u00f3n Occitania, no lo dudes, \u00a1coge el tren! El tren de cercan\u00edas de Occitania (TER Occitanie) se llama \u00abliO train\u00bb, y conecta con eficacia las ciudades y pueblos de los alrededores de Toulouse.<\/p>\n<\/div>\n\n\n\n<div class=\"wp-block-group has-global-padding is-layout-constrained wp-block-group-is-layout-constrained\">\n<div class=\"wp-block-columns is-layout-flex wp-container-core-columns-is-layout-28f84493 wp-block-columns-is-layout-flex\">\n<div class=\"wp-block-column is-vertically-aligned-center is-layout-flow wp-block-column-is-layout-flow\">\n<h2 class=\"wp-block-heading\">liO train<\/h2>\n\n\n\n<p>Auch, Albi, Montauban, Carcasona\u2026 \u00a1Consulta las l\u00edneas de la red para elegir una escapada por esta magn\u00edfica regi\u00f3n!<\/p>\n\n\n\n<div class=\"wp-block-buttons is-layout-flex wp-block-buttons-is-layout-flex\">\n<div class=\"wp-block-button\"><a class=\"wp-block-button__link wp-element-button\" href=\"https:\/\/www.ter.sncf.com\/occitanie\/se-deplacer\/carte-reseau\" target=\"_blank\" rel=\"noreferrer noopener\">Mapa de la red<\/a><\/div>\n<\/div>\n\n\n\n<h3 class=\"wp-block-heading\">Ideas y ofertas<\/h3>\n\n\n\n<p>liO train propone, todo el a\u00f1o, buenas ofertas; por ejemplo, los billetes a 1 \u20ac el primer fin de semana de cada mes.<\/p>\n\n\n\n<div class=\"wp-block-buttons is-layout-flex wp-block-buttons-is-layout-flex\">\n<div class=\"wp-block-button is-style-outline is-style-outline--1\"><a class=\"wp-block-button__link wp-element-button\" href=\"https:\/\/www.ter.sncf.com\/occitanie\/tarifs-cartes\/bons-plans\" target=\"_blank\" rel=\"noreferrer noopener\">Ofertas<\/a><\/div>\n<\/div>\n<\/div>\n\n\n\n<div class=\"wp-block-column is-layout-flow wp-block-column-is-layout-flow\">\n<figure data-wp-context=\"{&quot;imageId&quot;:&quot;6a05cbdd7242a&quot;}\" data-wp-interactive=\"core\/image\" data-wp-key=\"6a05cbdd7242a\" class=\"wp-block-image size-full wp-lightbox-container\"><img decoding=\"async\" width=\"1200\" height=\"1200\" data-wp-class--hide=\"state.isContentHidden\" data-wp-class--show=\"state.isContentVisible\" data-wp-init=\"callbacks.setButtonStyles\" data-wp-on--click=\"actions.showLightbox\" data-wp-on--load=\"callbacks.setButtonStyles\" data-wp-on-window--resize=\"callbacks.setButtonStyles\" src=\"https:\/\/www.toulouse-tourisme.com\/assets\/uploads\/sites\/3\/2023\/11\/carcassonne-adobestock-pablo-debat.jpg\" alt=\"La cit\u00e9 de Carcassonne\" class=\"wp-image-6501\" srcset=\"https:\/\/www.toulouse-tourisme.com\/assets\/uploads\/sites\/3\/2023\/11\/carcassonne-adobestock-pablo-debat.jpg 1200w, https:\/\/www.toulouse-tourisme.com\/assets\/uploads\/sites\/3\/2023\/11\/carcassonne-adobestock-pablo-debat-600x600.jpg 600w, https:\/\/www.toulouse-tourisme.com\/assets\/uploads\/sites\/3\/2023\/11\/carcassonne-adobestock-pablo-debat-400x400.jpg 400w, https:\/\/www.toulouse-tourisme.com\/assets\/uploads\/sites\/3\/2023\/11\/carcassonne-adobestock-pablo-debat-768x768.jpg 768w\" sizes=\"(max-width: 1200px) 100vw, 1200px\" \/><button\n\t\t\tclass=\"lightbox-trigger\"\n\t\t\ttype=\"button\"\n\t\t\taria-haspopup=\"dialog\"\n\t\t\taria-label=\"Agrandar\"\n\t\t\tdata-wp-init=\"callbacks.initTriggerButton\"\n\t\t\tdata-wp-on--click=\"actions.showLightbox\"\n\t\t\tdata-wp-style--right=\"state.imageButtonRight\"\n\t\t\tdata-wp-style--top=\"state.imageButtonTop\"\n\t\t>\n\t\t\t<svg xmlns=\"http:\/\/www.w3.org\/2000\/svg\" width=\"12\" height=\"12\" fill=\"none\" viewBox=\"0 0 12 12\">\n\t\t\t\t<path fill=\"#fff\" d=\"M2 0a2 2 0 0 0-2 2v2h1.5V2a.5.5 0 0 1 .5-.5h2V0H2Zm2 10.5H2a.5.5 0 0 1-.5-.5V8H0v2a2 2 0 0 0 2 2h2v-1.5ZM8 12v-1.5h2a.5.5 0 0 0 .5-.5V8H12v2a2 2 0 0 1-2 2H8Zm2-12a2 2 0 0 1 2 2v2h-1.5V2a.5.5 0 0 0-.5-.5H8V0h2Z\" \/>\n\t\t\t<\/svg>\n\t\t<\/button><figcaption class=\"wp-element-caption\">La cit\u00e9 de Carcassonne \u00a9 AdobeStock &#8211; Pablo Debat<\/figcaption><\/figure>\n<\/div>\n<\/div>\n<\/div>\n\n\n\n<div class=\"wp-block-group has-global-padding is-layout-constrained wp-block-group-is-layout-constrained\">\n<section class=\"wp-block-group alignfull pattern-text-image has-global-padding is-layout-constrained wp-container-core-group-is-layout-4b7a1f18 wp-block-group-is-layout-constrained\" style=\"padding-top:var(--wp--preset--spacing--x-large);padding-right:var(--wp--preset--spacing--medium);padding-bottom:var(--wp--preset--spacing--x-large);padding-left:var(--wp--preset--spacing--medium)\">\n<div class=\"wp-block-columns are-vertically-aligned-center is-style-outlined-content is-layout-flex wp-container-core-columns-is-layout-28f84493 wp-block-columns-is-layout-flex\">\n<div class=\"wp-block-column is-vertically-aligned-center pattern-text-image__content is-layout-flow wp-block-column-is-layout-flow\">\n<p class=\"is-style-h3-surtitle\">Fabuleux voyages<\/p>\n\n\n\n<h2 class=\"wp-block-heading\">Occitanie Rail Tour<\/h2>\n\n\n\n<p>Con el Pass Occitanie Rail Tour, podr\u00e1s embarcarte en viajes fabulosos a precios ventajosos. \u00a1A partir de 10 \u20ac al d\u00eda para realizar viajes ilimitados!<\/p>\n\n\n\n<div class=\"wp-block-buttons is-layout-flex wp-block-buttons-is-layout-flex\">\n<div class=\"wp-block-button\"><a class=\"wp-block-button__link wp-element-button\" href=\"https:\/\/www.tourisme-occitanie.com\/destinations\/fabuleux-voyages\/en-train\/\" target=\"_blank\" rel=\"noreferrer noopener\">Occitanie Rail Tour<\/a><\/div>\n<\/div>\n<\/div>\n\n\n\n<div class=\"wp-block-column is-vertically-aligned-center pattern-text-image__media is-layout-flow wp-block-column-is-layout-flow\">\n<figure data-wp-context=\"{&quot;imageId&quot;:&quot;6a05cbdd73648&quot;}\" data-wp-interactive=\"core\/image\" data-wp-key=\"6a05cbdd73648\" class=\"wp-block-image size-large wp-lightbox-container\"><img decoding=\"async\" width=\"1200\" height=\"801\" data-wp-class--hide=\"state.isContentHidden\" data-wp-class--show=\"state.isContentVisible\" data-wp-init=\"callbacks.setButtonStyles\" data-wp-on--click=\"actions.showLightbox\" data-wp-on--load=\"callbacks.setButtonStyles\" data-wp-on-window--resize=\"callbacks.setButtonStyles\" src=\"https:\/\/www.toulouse-tourisme.com\/assets\/uploads\/sites\/3\/2023\/12\/albi-cathedrale-sainte-cecile-1200x801.jpg\" alt=\"Cath\u00e9drale d'Albi\" class=\"wp-image-8298\" srcset=\"https:\/\/www.toulouse-tourisme.com\/assets\/uploads\/sites\/3\/2023\/12\/albi-cathedrale-sainte-cecile-1200x801.jpg 1200w, https:\/\/www.toulouse-tourisme.com\/assets\/uploads\/sites\/3\/2023\/12\/albi-cathedrale-sainte-cecile-600x400.jpg 600w, https:\/\/www.toulouse-tourisme.com\/assets\/uploads\/sites\/3\/2023\/12\/albi-cathedrale-sainte-cecile-400x267.jpg 400w, https:\/\/www.toulouse-tourisme.com\/assets\/uploads\/sites\/3\/2023\/12\/albi-cathedrale-sainte-cecile-768x512.jpg 768w, https:\/\/www.toulouse-tourisme.com\/assets\/uploads\/sites\/3\/2023\/12\/albi-cathedrale-sainte-cecile-1536x1025.jpg 1536w, https:\/\/www.toulouse-tourisme.com\/assets\/uploads\/sites\/3\/2023\/12\/albi-cathedrale-sainte-cecile.jpg 1920w\" sizes=\"(max-width: 1200px) 100vw, 1200px\" \/><button\n\t\t\tclass=\"lightbox-trigger\"\n\t\t\ttype=\"button\"\n\t\t\taria-haspopup=\"dialog\"\n\t\t\taria-label=\"Agrandar\"\n\t\t\tdata-wp-init=\"callbacks.initTriggerButton\"\n\t\t\tdata-wp-on--click=\"actions.showLightbox\"\n\t\t\tdata-wp-style--right=\"state.imageButtonRight\"\n\t\t\tdata-wp-style--top=\"state.imageButtonTop\"\n\t\t>\n\t\t\t<svg xmlns=\"http:\/\/www.w3.org\/2000\/svg\" width=\"12\" height=\"12\" fill=\"none\" viewBox=\"0 0 12 12\">\n\t\t\t\t<path fill=\"#fff\" d=\"M2 0a2 2 0 0 0-2 2v2h1.5V2a.5.5 0 0 1 .5-.5h2V0H2Zm2 10.5H2a.5.5 0 0 1-.5-.5V8H0v2a2 2 0 0 0 2 2h2v-1.5ZM8 12v-1.5h2a.5.5 0 0 0 .5-.5V8H12v2a2 2 0 0 1-2 2H8Zm2-12a2 2 0 0 1 2 2v2h-1.5V2a.5.5 0 0 0-.5-.5H8V0h2Z\" \/>\n\t\t\t<\/svg>\n\t\t<\/button><figcaption class=\"wp-element-caption\">Cath\u00e9drale d&#8217;Albi \u00a9 Ville Albi<\/figcaption><\/figure>\n<\/div>\n<\/div>\n<\/section>\n<\/div>\n","protected":false},"excerpt":{"rendered":"<p>Para visitar el resto de los destinos de la regi\u00f3n Occitania, no lo dudes, \u00a1coge el tren! El tren de cercan\u00edas de Occitania (TER Occitanie) se llama \u00abliO train\u00bb, y conecta con eficacia las ciudades y pueblos de los alrededores de Toulouse. liO train Auch, Albi, Montauban, Carcasona\u2026 \u00a1Consulta las l\u00edneas de la red para [&hellip;]<\/p>\n","protected":false},"author":3,"featured_media":8590,"parent":12649,"menu_order":0,"comment_status":"closed","ping_status":"closed","template":"templates\/magazine.php","meta":{"_acf_changed":false,"footnotes":""},"class_list":["post-12646","page","type-page","status-publish","has-post-thumbnail","hentry"],"acf":[],"yoast_head":"<!-- This site is optimized with the Yoast SEO plugin v27.1.1 - https:\/\/yoast.com\/product\/yoast-seo-wordpress\/ -->\n<title>Viaja en tren - Toulouse Tourisme<\/title>\n<meta name=\"description\" content=\"Para visitar el resto de los destinos de la regi\u00f3n Occitania, no lo dudes, \u00a1coge el tren! El tren de cercan\u00edas de Occitania se llama liO.\" \/>\n<meta name=\"robots\" content=\"index, follow, max-snippet:-1, max-image-preview:large, max-video-preview:-1\" \/>\n<link rel=\"canonical\" href=\"https:\/\/www.toulouse-tourisme.com\/es\/cerca-de-toulouse\/en-tren\/\" \/>\n<meta property=\"og:locale\" content=\"es_ES\" \/>\n<meta property=\"og:type\" content=\"article\" \/>\n<meta property=\"og:title\" content=\"Viaja en tren - Toulouse Tourisme\" \/>\n<meta property=\"og:description\" content=\"Para visitar el resto de los destinos de la regi\u00f3n Occitania, no lo dudes, \u00a1coge el tren! El tren de cercan\u00edas de Occitania se llama liO.\" \/>\n<meta property=\"og:url\" content=\"https:\/\/www.toulouse-tourisme.com\/es\/cerca-de-toulouse\/en-tren\/\" \/>\n<meta property=\"og:site_name\" content=\"Toulouse Tourisme\" \/>\n<meta property=\"article:publisher\" content=\"https:\/\/www.facebook.com\/Toulouse.tourisme\/\" \/>\n<meta property=\"article:modified_time\" content=\"2024-02-26T14:04:51+00:00\" \/>\n<meta property=\"og:image\" content=\"https:\/\/www.toulouse-tourisme.com\/assets\/uploads\/sites\/3\/2023\/12\/gare-de-toulouse-matabiau-1.jpg\" \/>\n\t<meta property=\"og:image:width\" content=\"1920\" \/>\n\t<meta property=\"og:image:height\" content=\"1280\" \/>\n\t<meta property=\"og:image:type\" content=\"image\/jpeg\" \/>\n<meta name=\"twitter:card\" content=\"summary_large_image\" \/>\n<meta name=\"twitter:label1\" content=\"Tiempo de lectura\" \/>\n\t<meta name=\"twitter:data1\" content=\"2 minutos\" \/>\n<script type=\"application\/ld+json\" class=\"yoast-schema-graph\">{\"@context\":\"https:\/\/schema.org\",\"@graph\":[{\"@type\":\"WebPage\",\"@id\":\"https:\/\/www.toulouse-tourisme.com\/es\/cerca-de-toulouse\/en-tren\/\",\"url\":\"https:\/\/www.toulouse-tourisme.com\/es\/cerca-de-toulouse\/en-tren\/\",\"name\":\"Viaja en tren - Toulouse Tourisme\",\"isPartOf\":{\"@id\":\"https:\/\/www.toulouse-tourisme.com\/es\/#website\"},\"primaryImageOfPage\":{\"@id\":\"https:\/\/www.toulouse-tourisme.com\/es\/cerca-de-toulouse\/en-tren\/#primaryimage\"},\"image\":{\"@id\":\"https:\/\/www.toulouse-tourisme.com\/es\/cerca-de-toulouse\/en-tren\/#primaryimage\"},\"thumbnailUrl\":\"https:\/\/www.toulouse-tourisme.com\/assets\/uploads\/sites\/3\/2023\/12\/gare-de-toulouse-matabiau-1.jpg\",\"datePublished\":\"2023-10-10T12:54:46+00:00\",\"dateModified\":\"2024-02-26T14:04:51+00:00\",\"description\":\"Para visitar el resto de los destinos de la regi\u00f3n Occitania, no lo dudes, \u00a1coge el tren! El tren de cercan\u00edas de Occitania se llama liO.\",\"breadcrumb\":{\"@id\":\"https:\/\/www.toulouse-tourisme.com\/es\/cerca-de-toulouse\/en-tren\/#breadcrumb\"},\"inLanguage\":\"es\",\"potentialAction\":[{\"@type\":\"ReadAction\",\"target\":[\"https:\/\/www.toulouse-tourisme.com\/es\/cerca-de-toulouse\/en-tren\/\"]}]},{\"@type\":\"ImageObject\",\"inLanguage\":\"es\",\"@id\":\"https:\/\/www.toulouse-tourisme.com\/es\/cerca-de-toulouse\/en-tren\/#primaryimage\",\"url\":\"https:\/\/www.toulouse-tourisme.com\/assets\/uploads\/sites\/3\/2023\/12\/gare-de-toulouse-matabiau-1.jpg\",\"contentUrl\":\"https:\/\/www.toulouse-tourisme.com\/assets\/uploads\/sites\/3\/2023\/12\/gare-de-toulouse-matabiau-1.jpg\",\"width\":1920,\"height\":1280,\"caption\":\"Gare de Toulouse Matabiau \u00a9 Remi Deligeon\"},{\"@type\":\"BreadcrumbList\",\"@id\":\"https:\/\/www.toulouse-tourisme.com\/es\/cerca-de-toulouse\/en-tren\/#breadcrumb\",\"itemListElement\":[{\"@type\":\"ListItem\",\"position\":1,\"name\":\"Inicio\",\"item\":\"https:\/\/www.toulouse-tourisme.com\/es\/\"},{\"@type\":\"ListItem\",\"position\":2,\"name\":\"Cerca de Toulouse\",\"item\":\"https:\/\/www.toulouse-tourisme.com\/es\/cerca-de-toulouse\/\"},{\"@type\":\"ListItem\",\"position\":3,\"name\":\"Viaja en tren\"}]},{\"@type\":\"WebSite\",\"@id\":\"https:\/\/www.toulouse-tourisme.com\/es\/#website\",\"url\":\"https:\/\/www.toulouse-tourisme.com\/es\/\",\"name\":\"Toulouse Tourisme\",\"description\":\"\",\"publisher\":{\"@id\":\"https:\/\/www.toulouse-tourisme.com\/es\/#organization\"},\"potentialAction\":[{\"@type\":\"SearchAction\",\"target\":{\"@type\":\"EntryPoint\",\"urlTemplate\":\"https:\/\/www.toulouse-tourisme.com\/es\/?s={search_term_string}\"},\"query-input\":{\"@type\":\"PropertyValueSpecification\",\"valueRequired\":true,\"valueName\":\"search_term_string\"}}],\"inLanguage\":\"es\"},{\"@type\":\"Organization\",\"@id\":\"https:\/\/www.toulouse-tourisme.com\/es\/#organization\",\"name\":\"Toulouse Tourisme\",\"url\":\"https:\/\/www.toulouse-tourisme.com\/es\/\",\"logo\":{\"@type\":\"ImageObject\",\"inLanguage\":\"es\",\"@id\":\"https:\/\/www.toulouse-tourisme.com\/es\/#\/schema\/logo\/image\/\",\"url\":\"https:\/\/www.toulouse-tourisme.com\/assets\/uploads\/sites\/3\/2023\/10\/toulouse.svg\",\"contentUrl\":\"https:\/\/www.toulouse-tourisme.com\/assets\/uploads\/sites\/3\/2023\/10\/toulouse.svg\",\"width\":220,\"height\":61,\"caption\":\"Toulouse Tourisme\"},\"image\":{\"@id\":\"https:\/\/www.toulouse-tourisme.com\/es\/#\/schema\/logo\/image\/\"},\"sameAs\":[\"https:\/\/www.facebook.com\/Toulouse.tourisme\/\",\"https:\/\/www.instagram.com\/visiteztoulouse\/\",\"https:\/\/www.youtube.com\/@VisitezToulouse\",\"https:\/\/fr.pinterest.com\/visiteztoulouse\/\"]}]}<\/script>\n<!-- \/ Yoast SEO plugin. -->","yoast_head_json":{"title":"Viaja en tren - Toulouse Tourisme","description":"Para visitar el resto de los destinos de la regi\u00f3n Occitania, no lo dudes, \u00a1coge el tren! El tren de cercan\u00edas de Occitania se llama liO.","robots":{"index":"index","follow":"follow","max-snippet":"max-snippet:-1","max-image-preview":"max-image-preview:large","max-video-preview":"max-video-preview:-1"},"canonical":"https:\/\/www.toulouse-tourisme.com\/es\/cerca-de-toulouse\/en-tren\/","og_locale":"es_ES","og_type":"article","og_title":"Viaja en tren - Toulouse Tourisme","og_description":"Para visitar el resto de los destinos de la regi\u00f3n Occitania, no lo dudes, \u00a1coge el tren! El tren de cercan\u00edas de Occitania se llama liO.","og_url":"https:\/\/www.toulouse-tourisme.com\/es\/cerca-de-toulouse\/en-tren\/","og_site_name":"Toulouse Tourisme","article_publisher":"https:\/\/www.facebook.com\/Toulouse.tourisme\/","article_modified_time":"2024-02-26T14:04:51+00:00","og_image":[{"width":1920,"height":1280,"url":"https:\/\/www.toulouse-tourisme.com\/assets\/uploads\/sites\/3\/2023\/12\/gare-de-toulouse-matabiau-1.jpg","type":"image\/jpeg"}],"twitter_card":"summary_large_image","twitter_misc":{"Tiempo de lectura":"2 minutos"},"schema":{"@context":"https:\/\/schema.org","@graph":[{"@type":"WebPage","@id":"https:\/\/www.toulouse-tourisme.com\/es\/cerca-de-toulouse\/en-tren\/","url":"https:\/\/www.toulouse-tourisme.com\/es\/cerca-de-toulouse\/en-tren\/","name":"Viaja en tren - Toulouse Tourisme","isPartOf":{"@id":"https:\/\/www.toulouse-tourisme.com\/es\/#website"},"primaryImageOfPage":{"@id":"https:\/\/www.toulouse-tourisme.com\/es\/cerca-de-toulouse\/en-tren\/#primaryimage"},"image":{"@id":"https:\/\/www.toulouse-tourisme.com\/es\/cerca-de-toulouse\/en-tren\/#primaryimage"},"thumbnailUrl":"https:\/\/www.toulouse-tourisme.com\/assets\/uploads\/sites\/3\/2023\/12\/gare-de-toulouse-matabiau-1.jpg","datePublished":"2023-10-10T12:54:46+00:00","dateModified":"2024-02-26T14:04:51+00:00","description":"Para visitar el resto de los destinos de la regi\u00f3n Occitania, no lo dudes, \u00a1coge el tren! El tren de cercan\u00edas de Occitania se llama liO.","breadcrumb":{"@id":"https:\/\/www.toulouse-tourisme.com\/es\/cerca-de-toulouse\/en-tren\/#breadcrumb"},"inLanguage":"es","potentialAction":[{"@type":"ReadAction","target":["https:\/\/www.toulouse-tourisme.com\/es\/cerca-de-toulouse\/en-tren\/"]}]},{"@type":"ImageObject","inLanguage":"es","@id":"https:\/\/www.toulouse-tourisme.com\/es\/cerca-de-toulouse\/en-tren\/#primaryimage","url":"https:\/\/www.toulouse-tourisme.com\/assets\/uploads\/sites\/3\/2023\/12\/gare-de-toulouse-matabiau-1.jpg","contentUrl":"https:\/\/www.toulouse-tourisme.com\/assets\/uploads\/sites\/3\/2023\/12\/gare-de-toulouse-matabiau-1.jpg","width":1920,"height":1280,"caption":"Gare de Toulouse Matabiau \u00a9 Remi Deligeon"},{"@type":"BreadcrumbList","@id":"https:\/\/www.toulouse-tourisme.com\/es\/cerca-de-toulouse\/en-tren\/#breadcrumb","itemListElement":[{"@type":"ListItem","position":1,"name":"Inicio","item":"https:\/\/www.toulouse-tourisme.com\/es\/"},{"@type":"ListItem","position":2,"name":"Cerca de Toulouse","item":"https:\/\/www.toulouse-tourisme.com\/es\/cerca-de-toulouse\/"},{"@type":"ListItem","position":3,"name":"Viaja en tren"}]},{"@type":"WebSite","@id":"https:\/\/www.toulouse-tourisme.com\/es\/#website","url":"https:\/\/www.toulouse-tourisme.com\/es\/","name":"Toulouse Tourisme","description":"","publisher":{"@id":"https:\/\/www.toulouse-tourisme.com\/es\/#organization"},"potentialAction":[{"@type":"SearchAction","target":{"@type":"EntryPoint","urlTemplate":"https:\/\/www.toulouse-tourisme.com\/es\/?s={search_term_string}"},"query-input":{"@type":"PropertyValueSpecification","valueRequired":true,"valueName":"search_term_string"}}],"inLanguage":"es"},{"@type":"Organization","@id":"https:\/\/www.toulouse-tourisme.com\/es\/#organization","name":"Toulouse Tourisme","url":"https:\/\/www.toulouse-tourisme.com\/es\/","logo":{"@type":"ImageObject","inLanguage":"es","@id":"https:\/\/www.toulouse-tourisme.com\/es\/#\/schema\/logo\/image\/","url":"https:\/\/www.toulouse-tourisme.com\/assets\/uploads\/sites\/3\/2023\/10\/toulouse.svg","contentUrl":"https:\/\/www.toulouse-tourisme.com\/assets\/uploads\/sites\/3\/2023\/10\/toulouse.svg","width":220,"height":61,"caption":"Toulouse Tourisme"},"image":{"@id":"https:\/\/www.toulouse-tourisme.com\/es\/#\/schema\/logo\/image\/"},"sameAs":["https:\/\/www.facebook.com\/Toulouse.tourisme\/","https:\/\/www.instagram.com\/visiteztoulouse\/","https:\/\/www.youtube.com\/@VisitezToulouse","https:\/\/fr.pinterest.com\/visiteztoulouse\/"]}]}},"_links":{"self":[{"href":"https:\/\/www.toulouse-tourisme.com\/es\/wp-json\/wp\/v2\/pages\/12646","targetHints":{"allow":["GET"]}}],"collection":[{"href":"https:\/\/www.toulouse-tourisme.com\/es\/wp-json\/wp\/v2\/pages"}],"about":[{"href":"https:\/\/www.toulouse-tourisme.com\/es\/wp-json\/wp\/v2\/types\/page"}],"author":[{"embeddable":true,"href":"https:\/\/www.toulouse-tourisme.com\/es\/wp-json\/wp\/v2\/users\/3"}],"replies":[{"embeddable":true,"href":"https:\/\/www.toulouse-tourisme.com\/es\/wp-json\/wp\/v2\/comments?post=12646"}],"version-history":[{"count":0,"href":"https:\/\/www.toulouse-tourisme.com\/es\/wp-json\/wp\/v2\/pages\/12646\/revisions"}],"up":[{"embeddable":true,"href":"https:\/\/www.toulouse-tourisme.com\/es\/wp-json\/wp\/v2\/pages\/12649"}],"wp:featuredmedia":[{"embeddable":true,"href":"https:\/\/www.toulouse-tourisme.com\/es\/wp-json\/wp\/v2\/media\/8590"}],"wp:attachment":[{"href":"https:\/\/www.toulouse-tourisme.com\/es\/wp-json\/wp\/v2\/media?parent=12646"}],"curies":[{"name":"wp","href":"https:\/\/api.w.org\/{rel}","templated":true}]}}