{"id":12546,"date":"2023-11-29T16:21:38","date_gmt":"2023-11-29T15:21:38","guid":{"rendered":"https:\/\/www.toulouse-tourisme.com\/hotel-assezat\/"},"modified":"2024-02-26T15:05:29","modified_gmt":"2024-02-26T14:05:29","slug":"palacete-assezat","status":"publish","type":"page","link":"https:\/\/www.toulouse-tourisme.com\/es\/visitas-imprescindibles\/palacete-assezat\/","title":{"rendered":"El palacete de Ass\u00e9zat"},"content":{"rendered":"\n<div class=\"wp-block-group has-global-padding is-layout-constrained wp-block-group-is-layout-constrained\">\n<p>Este magn\u00edfico palacete particular fue encargado en 1555 por Pierre d\u2019Ass\u00e9zat, un acaudalado <em>capitoul<\/em> (poderosos magistrados en la Edad Media). El arquitecto tolosano m\u00e1s importante del Renacimiento, Nicolas Bachelier, traz\u00f3 los planos, y su hijo terminar\u00eda la construcci\u00f3n en 1562. Se trata de una obra maestra de la arquitectura renacentista tolosana.<\/p>\n<\/div>\n\n\n\n<div class=\"wp-block-group has-global-padding is-layout-constrained wp-block-group-is-layout-constrained\">\n<div class=\"wp-block-columns is-layout-flex wp-container-core-columns-is-layout-28f84493 wp-block-columns-is-layout-flex\">\n<div class=\"wp-block-column is-vertically-aligned-center is-layout-flow wp-block-column-is-layout-flow\" style=\"flex-basis:33.33%\">\n<h2 class=\"wp-block-heading\">El patio de honor<\/h2>\n\n\n\n<p>Desde el exterior, se adivina la opulencia de este palacete. Su monumental reja, que al\u00eda poder\u00edo y delicadeza, posee adornos arquitect\u00f3nicos de piedras saledizas y nos invitan a entrar en el inmenso patio de honor.<\/p>\n\n\n\n<p>Las fachadas del patio exhiben elegantemente la expresi\u00f3n de la arquitectura cl\u00e1sica, con la superposici\u00f3n de tres \u00f3rdenes en cada una de las plantas: d\u00f3rico, j\u00f3nico y corintio.<\/p>\n\n\n\n<p>La galer\u00eda constituye un verdadero refugio de frescura en pleno verano.<\/p>\n<\/div>\n\n\n\n<div class=\"wp-block-column is-vertically-aligned-center is-layout-flow wp-block-column-is-layout-flow\" style=\"flex-basis:66.66%\">\n<figure data-wp-context=\"{&quot;imageId&quot;:&quot;6a00b577b759e&quot;}\" data-wp-interactive=\"core\/image\" data-wp-key=\"6a00b577b759e\" class=\"wp-block-image size-large wp-lightbox-container\"><img decoding=\"async\" width=\"1200\" height=\"800\" data-wp-class--hide=\"state.isContentHidden\" data-wp-class--show=\"state.isContentVisible\" data-wp-init=\"callbacks.setButtonStyles\" data-wp-on--click=\"actions.showLightbox\" data-wp-on--load=\"callbacks.setButtonStyles\" data-wp-on-window--resize=\"callbacks.setButtonStyles\" src=\"https:\/\/www.toulouse-tourisme.com\/assets\/uploads\/sites\/3\/2023\/11\/visiter-toulouse-hotel-assezat-1200x800.jpg\" alt=\"Visiter Toulouse, l'h\u00f4tel d'Ass\u00e9zat\" class=\"wp-image-5742\" srcset=\"https:\/\/www.toulouse-tourisme.com\/assets\/uploads\/sites\/3\/2023\/11\/visiter-toulouse-hotel-assezat-1200x800.jpg 1200w, https:\/\/www.toulouse-tourisme.com\/assets\/uploads\/sites\/3\/2023\/11\/visiter-toulouse-hotel-assezat-600x400.jpg 600w, https:\/\/www.toulouse-tourisme.com\/assets\/uploads\/sites\/3\/2023\/11\/visiter-toulouse-hotel-assezat-400x267.jpg 400w, https:\/\/www.toulouse-tourisme.com\/assets\/uploads\/sites\/3\/2023\/11\/visiter-toulouse-hotel-assezat-768x512.jpg 768w, https:\/\/www.toulouse-tourisme.com\/assets\/uploads\/sites\/3\/2023\/11\/visiter-toulouse-hotel-assezat-1536x1024.jpg 1536w, https:\/\/www.toulouse-tourisme.com\/assets\/uploads\/sites\/3\/2023\/11\/visiter-toulouse-hotel-assezat.jpg 1920w\" sizes=\"(max-width: 1200px) 100vw, 1200px\" \/><button\n\t\t\tclass=\"lightbox-trigger\"\n\t\t\ttype=\"button\"\n\t\t\taria-haspopup=\"dialog\"\n\t\t\taria-label=\"Agrandar\"\n\t\t\tdata-wp-init=\"callbacks.initTriggerButton\"\n\t\t\tdata-wp-on--click=\"actions.showLightbox\"\n\t\t\tdata-wp-style--right=\"state.imageButtonRight\"\n\t\t\tdata-wp-style--top=\"state.imageButtonTop\"\n\t\t>\n\t\t\t<svg xmlns=\"http:\/\/www.w3.org\/2000\/svg\" width=\"12\" height=\"12\" fill=\"none\" viewBox=\"0 0 12 12\">\n\t\t\t\t<path fill=\"#fff\" d=\"M2 0a2 2 0 0 0-2 2v2h1.5V2a.5.5 0 0 1 .5-.5h2V0H2Zm2 10.5H2a.5.5 0 0 1-.5-.5V8H0v2a2 2 0 0 0 2 2h2v-1.5ZM8 12v-1.5h2a.5.5 0 0 0 .5-.5V8H12v2a2 2 0 0 1-2 2H8Zm2-12a2 2 0 0 1 2 2v2h-1.5V2a.5.5 0 0 0-.5-.5H8V0h2Z\" \/>\n\t\t\t<\/svg>\n\t\t<\/button><figcaption class=\"wp-element-caption\">El palacete de Ass\u00e9zat \u00a9 R\u00e9mi Deligeon<\/figcaption><\/figure>\n<\/div>\n<\/div>\n<\/div>\n\n\n\n<div class=\"wp-block-cover alignfull\" style=\"min-height:486px;aspect-ratio:unset;\"><span aria-hidden=\"true\" class=\"wp-block-cover__background has-background-dim\"><\/span><img decoding=\"async\" width=\"1627\" height=\"580\" class=\"wp-block-cover__image-background wp-image-6646\" alt=\"Visiter Toulouse, les toits de Toulouse\" src=\"https:\/\/www.toulouse-tourisme.com\/assets\/uploads\/sites\/3\/2023\/11\/vue-toulouse-tour-assezat-1.jpg\" data-object-fit=\"cover\" srcset=\"https:\/\/www.toulouse-tourisme.com\/assets\/uploads\/sites\/3\/2023\/11\/vue-toulouse-tour-assezat-1.jpg 1627w, https:\/\/www.toulouse-tourisme.com\/assets\/uploads\/sites\/3\/2023\/11\/vue-toulouse-tour-assezat-1-600x214.jpg 600w, https:\/\/www.toulouse-tourisme.com\/assets\/uploads\/sites\/3\/2023\/11\/vue-toulouse-tour-assezat-1-1200x428.jpg 1200w, https:\/\/www.toulouse-tourisme.com\/assets\/uploads\/sites\/3\/2023\/11\/vue-toulouse-tour-assezat-1-400x143.jpg 400w, https:\/\/www.toulouse-tourisme.com\/assets\/uploads\/sites\/3\/2023\/11\/vue-toulouse-tour-assezat-1-768x274.jpg 768w, https:\/\/www.toulouse-tourisme.com\/assets\/uploads\/sites\/3\/2023\/11\/vue-toulouse-tour-assezat-1-1536x548.jpg 1536w\" sizes=\"(max-width: 1627px) 100vw, 1627px\" \/><div class=\"wp-block-cover__inner-container has-global-padding is-layout-constrained wp-block-cover-is-layout-constrained\">\n<p class=\"has-text-align-center has-large-font-size\">De todas las torres de los palacetes de la ciudad, la suya es la m\u00e1s alta. Su c\u00faspide est\u00e1 rematada con una linterna en forma de peque\u00f1o templete reconocible desde lejos y que viste con elegancia la silueta urbana de la ciudad.<\/p>\n<\/div><\/div>\n\n\n\n<div class=\"wp-block-group has-global-padding is-layout-constrained wp-block-group-is-layout-constrained\">\n<div class=\"wp-block-columns is-layout-flex wp-container-core-columns-is-layout-28f84493 wp-block-columns-is-layout-flex\">\n<div class=\"wp-block-column is-vertically-aligned-center is-layout-flow wp-block-column-is-layout-flow\">\n<h3 class=\"wp-block-heading\">La hierba pastel<\/h3>\n\n\n\n<p>En el siglo XVI, la ciudad de Toulouse vivi\u00f3 una \u00e9poca de gran prosperidad gracias al comercio de la hierba pastel. Las hojas de esta planta (<em>Isatis tinctoria<\/em>) serv\u00edan como tinte azul, y su cultivo se desarroll\u00f3 en la zona del mediod\u00eda tolosano, que pas\u00f3 a ser conocida como <strong>el \u00abPays de Cocagne\u00bb<\/strong>, en referencia a las <em>coques<\/em>, las bolas secas y comprimidas formadas con las hojas de hierba pastel.<\/p>\n\n\n\n<p>La llegada del \u00edndigo desde las Indias en el siglo XVII provoc\u00f3 el declive del cultivo de la hierba pastel.<\/p>\n\n\n\n<p>El palacete de Ass\u00e9zat acoge, actualmente, <strong>la fundaci\u00f3n Bemberg<\/strong> y <strong>la Union des acad\u00e9mies et soci\u00e9t\u00e9s savantes<\/strong> (UASS, uni\u00f3n de academias y sociedades de expertos).<\/p>\n\n\n\n<p class=\"is-style-location\">Place d&#8217;Ass\u00e9zat, 31000 Toulouse<\/p>\n<\/div>\n\n\n\n<div class=\"wp-block-column is-vertically-aligned-center is-layout-flow wp-block-column-is-layout-flow\">\n<figure data-wp-context=\"{&quot;imageId&quot;:&quot;6a00b577b8d60&quot;}\" data-wp-interactive=\"core\/image\" data-wp-key=\"6a00b577b8d60\" class=\"wp-block-image size-full wp-lightbox-container\"><img decoding=\"async\" width=\"800\" height=\"830\" data-wp-class--hide=\"state.isContentHidden\" data-wp-class--show=\"state.isContentVisible\" data-wp-init=\"callbacks.setButtonStyles\" data-wp-on--click=\"actions.showLightbox\" data-wp-on--load=\"callbacks.setButtonStyles\" data-wp-on-window--resize=\"callbacks.setButtonStyles\" src=\"https:\/\/www.toulouse-tourisme.com\/assets\/uploads\/sites\/3\/2023\/11\/visiter-toulouse-portail-hotel-assezat.jpg\" alt=\"H\u00f4tel d'Ass\u00e9zat Fondation Georges Bemberg\" class=\"wp-image-6593\" srcset=\"https:\/\/www.toulouse-tourisme.com\/assets\/uploads\/sites\/3\/2023\/11\/visiter-toulouse-portail-hotel-assezat.jpg 800w, https:\/\/www.toulouse-tourisme.com\/assets\/uploads\/sites\/3\/2023\/11\/visiter-toulouse-portail-hotel-assezat-600x623.jpg 600w, https:\/\/www.toulouse-tourisme.com\/assets\/uploads\/sites\/3\/2023\/11\/visiter-toulouse-portail-hotel-assezat-400x415.jpg 400w, https:\/\/www.toulouse-tourisme.com\/assets\/uploads\/sites\/3\/2023\/11\/visiter-toulouse-portail-hotel-assezat-768x797.jpg 768w\" sizes=\"(max-width: 800px) 100vw, 800px\" \/><button\n\t\t\tclass=\"lightbox-trigger\"\n\t\t\ttype=\"button\"\n\t\t\taria-haspopup=\"dialog\"\n\t\t\taria-label=\"Agrandar\"\n\t\t\tdata-wp-init=\"callbacks.initTriggerButton\"\n\t\t\tdata-wp-on--click=\"actions.showLightbox\"\n\t\t\tdata-wp-style--right=\"state.imageButtonRight\"\n\t\t\tdata-wp-style--top=\"state.imageButtonTop\"\n\t\t>\n\t\t\t<svg xmlns=\"http:\/\/www.w3.org\/2000\/svg\" width=\"12\" height=\"12\" fill=\"none\" viewBox=\"0 0 12 12\">\n\t\t\t\t<path fill=\"#fff\" d=\"M2 0a2 2 0 0 0-2 2v2h1.5V2a.5.5 0 0 1 .5-.5h2V0H2Zm2 10.5H2a.5.5 0 0 1-.5-.5V8H0v2a2 2 0 0 0 2 2h2v-1.5ZM8 12v-1.5h2a.5.5 0 0 0 .5-.5V8H12v2a2 2 0 0 1-2 2H8Zm2-12a2 2 0 0 1 2 2v2h-1.5V2a.5.5 0 0 0-.5-.5H8V0h2Z\" \/>\n\t\t\t<\/svg>\n\t\t<\/button><figcaption class=\"wp-element-caption\">Port\u00f3n del palacete de Ass\u00e9zat \u00a9 R\u00e9mi Deligeon<\/figcaption><\/figure>\n<\/div>\n\n\n\n<div class=\"wp-block-column is-vertically-aligned-center is-layout-flow wp-block-column-is-layout-flow\">\n<figure data-wp-context=\"{&quot;imageId&quot;:&quot;6a00b577b98c7&quot;}\" data-wp-interactive=\"core\/image\" data-wp-key=\"6a00b577b98c7\" class=\"wp-block-image size-full wp-lightbox-container\"><img decoding=\"async\" width=\"800\" height=\"830\" data-wp-class--hide=\"state.isContentHidden\" data-wp-class--show=\"state.isContentVisible\" data-wp-init=\"callbacks.setButtonStyles\" data-wp-on--click=\"actions.showLightbox\" data-wp-on--load=\"callbacks.setButtonStyles\" data-wp-on-window--resize=\"callbacks.setButtonStyles\" src=\"https:\/\/www.toulouse-tourisme.com\/assets\/uploads\/sites\/3\/2023\/11\/toulouse-hotel-assezat.jpg\" alt=\"Visiter Toulouse, l'h\u00f4tel d'Ass\u00e9zat\" class=\"wp-image-6597\" srcset=\"https:\/\/www.toulouse-tourisme.com\/assets\/uploads\/sites\/3\/2023\/11\/toulouse-hotel-assezat.jpg 800w, https:\/\/www.toulouse-tourisme.com\/assets\/uploads\/sites\/3\/2023\/11\/toulouse-hotel-assezat-600x623.jpg 600w, https:\/\/www.toulouse-tourisme.com\/assets\/uploads\/sites\/3\/2023\/11\/toulouse-hotel-assezat-400x415.jpg 400w, https:\/\/www.toulouse-tourisme.com\/assets\/uploads\/sites\/3\/2023\/11\/toulouse-hotel-assezat-768x797.jpg 768w\" sizes=\"(max-width: 800px) 100vw, 800px\" \/><button\n\t\t\tclass=\"lightbox-trigger\"\n\t\t\ttype=\"button\"\n\t\t\taria-haspopup=\"dialog\"\n\t\t\taria-label=\"Agrandar\"\n\t\t\tdata-wp-init=\"callbacks.initTriggerButton\"\n\t\t\tdata-wp-on--click=\"actions.showLightbox\"\n\t\t\tdata-wp-style--right=\"state.imageButtonRight\"\n\t\t\tdata-wp-style--top=\"state.imageButtonTop\"\n\t\t>\n\t\t\t<svg xmlns=\"http:\/\/www.w3.org\/2000\/svg\" width=\"12\" height=\"12\" fill=\"none\" viewBox=\"0 0 12 12\">\n\t\t\t\t<path fill=\"#fff\" d=\"M2 0a2 2 0 0 0-2 2v2h1.5V2a.5.5 0 0 1 .5-.5h2V0H2Zm2 10.5H2a.5.5 0 0 1-.5-.5V8H0v2a2 2 0 0 0 2 2h2v-1.5ZM8 12v-1.5h2a.5.5 0 0 0 .5-.5V8H12v2a2 2 0 0 1-2 2H8Zm2-12a2 2 0 0 1 2 2v2h-1.5V2a.5.5 0 0 0-.5-.5H8V0h2Z\" \/>\n\t\t\t<\/svg>\n\t\t<\/button><figcaption class=\"wp-element-caption\">El palacete de Ass\u00e9zat \u00a9 Gilles Martin<\/figcaption><\/figure>\n<\/div>\n<\/div>\n<\/div>\n\n\n\n<div class=\"wp-block-group has-global-padding is-layout-constrained wp-block-group-is-layout-constrained\">\n<div class=\"wp-block-buttons is-layout-flex wp-block-buttons-is-layout-flex\">\n<div class=\"wp-block-button\"><a class=\"wp-block-button__link wp-element-button\" href=\"https:\/\/www.toulouse-tourisme.com\/es\/activite\/hotel-dassezat\/\">Datos pr\u00e1cticos<\/a><\/div>\n\n\n\n<div class=\"wp-block-button\"><a class=\"wp-block-button__link wp-element-button\" href=\"https:\/\/www.toulouse-tourisme.com\/es\/visitas-imprescindibles\/\">Ver todos los lugares imprescindibles<\/a><\/div>\n<\/div>\n<\/div>\n\n\n\n<div class=\"wp-block-group has-global-padding is-layout-constrained wp-block-group-is-layout-constrained\">\n<h2 class=\"wp-block-heading\">La fundaci\u00f3n Bemberg<\/h2>\n\n\n\n<p>Este museo acoge y expone al p\u00fablico cuadros, esculturas, obras de artes gr\u00e1ficas, piezas de mobiliario y objetos de arte datados desde el siglo XV hasta mediados del siglo XX.<\/p>\n\n\n\n<p>A finales de los a\u00f1os 80, el coleccionista de arte argentino <strong>Georges Bemberg<\/strong> buscaba un lugar para exponer su colecci\u00f3n al p\u00fablico. La ciudad de Toulouse puso a su disposici\u00f3n una gran parte del palacete de Ass\u00e9zat, que recibi\u00f3 la prestigiosa colecci\u00f3n; el museo se inaugurar\u00eda en 1995, tras la realizaci\u00f3n de diversas obras.<\/p>\n\n\n\n<div class=\"wp-block-buttons is-layout-flex wp-block-buttons-is-layout-flex\">\n<div class=\"wp-block-button\"><a class=\"wp-block-button__link wp-element-button\" href=\"https:\/\/www.toulouse-tourisme.com\/es\/fondation-bemberg-2\/\">La fundaci\u00f3n Bemberg<\/a><\/div>\n<\/div>\n<\/div>\n","protected":false},"excerpt":{"rendered":"<p>Este magn\u00edfico palacete particular fue encargado en 1555 por Pierre d\u2019Ass\u00e9zat, un acaudalado capitoul (poderosos magistrados en la Edad Media). El arquitecto tolosano m\u00e1s importante del Renacimiento, Nicolas Bachelier, traz\u00f3 los planos, y su hijo terminar\u00eda la construcci\u00f3n en 1562. Se trata de una obra maestra de la arquitectura renacentista tolosana. El patio de honor [&hellip;]<\/p>\n","protected":false},"author":3,"featured_media":6588,"parent":12552,"menu_order":0,"comment_status":"closed","ping_status":"closed","template":"templates\/magazine.php","meta":{"_acf_changed":false,"footnotes":""},"class_list":["post-12546","page","type-page","status-publish","has-post-thumbnail","hentry"],"acf":[],"yoast_head":"<!-- This site is optimized with the Yoast SEO plugin v27.1.1 - https:\/\/yoast.com\/product\/yoast-seo-wordpress\/ -->\n<title>El palacete de Ass\u00e9zat - Toulouse Tourisme<\/title>\n<meta name=\"description\" content=\"El arquitecto tolosano m\u00e1s importante del Renacimiento, Nicolas Bachelier, traz\u00f3 los planos por Pierre d\u2019Ass\u00e9zat, un acaudalado capitoul.\" \/>\n<meta name=\"robots\" content=\"index, follow, max-snippet:-1, max-image-preview:large, max-video-preview:-1\" \/>\n<link rel=\"canonical\" href=\"https:\/\/www.toulouse-tourisme.com\/es\/visitas-imprescindibles\/palacete-assezat\/\" \/>\n<meta property=\"og:locale\" content=\"es_ES\" \/>\n<meta property=\"og:type\" content=\"article\" \/>\n<meta property=\"og:title\" content=\"El palacete de Ass\u00e9zat - Toulouse Tourisme\" \/>\n<meta property=\"og:description\" content=\"El arquitecto tolosano m\u00e1s importante del Renacimiento, Nicolas Bachelier, traz\u00f3 los planos por Pierre d\u2019Ass\u00e9zat, un acaudalado capitoul.\" \/>\n<meta property=\"og:url\" content=\"https:\/\/www.toulouse-tourisme.com\/es\/visitas-imprescindibles\/palacete-assezat\/\" \/>\n<meta property=\"og:site_name\" content=\"Toulouse Tourisme\" \/>\n<meta property=\"article:publisher\" content=\"https:\/\/www.facebook.com\/Toulouse.tourisme\/\" \/>\n<meta property=\"article:modified_time\" content=\"2024-02-26T14:05:29+00:00\" \/>\n<meta property=\"og:image\" content=\"https:\/\/www.toulouse-tourisme.com\/assets\/uploads\/sites\/3\/2023\/11\/visiter-toulouse-hotel-assezat-2.jpg\" \/>\n\t<meta property=\"og:image:width\" content=\"1920\" \/>\n\t<meta property=\"og:image:height\" content=\"1247\" \/>\n\t<meta property=\"og:image:type\" content=\"image\/jpeg\" \/>\n<meta name=\"twitter:card\" content=\"summary_large_image\" \/>\n<meta name=\"twitter:label1\" content=\"Tiempo de lectura\" \/>\n\t<meta name=\"twitter:data1\" content=\"4 minutos\" \/>\n<script type=\"application\/ld+json\" class=\"yoast-schema-graph\">{\"@context\":\"https:\/\/schema.org\",\"@graph\":[{\"@type\":\"WebPage\",\"@id\":\"https:\/\/www.toulouse-tourisme.com\/es\/visitas-imprescindibles\/palacete-assezat\/\",\"url\":\"https:\/\/www.toulouse-tourisme.com\/es\/visitas-imprescindibles\/palacete-assezat\/\",\"name\":\"El palacete de Ass\u00e9zat - Toulouse Tourisme\",\"isPartOf\":{\"@id\":\"https:\/\/www.toulouse-tourisme.com\/es\/#website\"},\"primaryImageOfPage\":{\"@id\":\"https:\/\/www.toulouse-tourisme.com\/es\/visitas-imprescindibles\/palacete-assezat\/#primaryimage\"},\"image\":{\"@id\":\"https:\/\/www.toulouse-tourisme.com\/es\/visitas-imprescindibles\/palacete-assezat\/#primaryimage\"},\"thumbnailUrl\":\"https:\/\/www.toulouse-tourisme.com\/assets\/uploads\/sites\/3\/2023\/11\/visiter-toulouse-hotel-assezat-2.jpg\",\"datePublished\":\"2023-11-29T15:21:38+00:00\",\"dateModified\":\"2024-02-26T14:05:29+00:00\",\"description\":\"El arquitecto tolosano m\u00e1s importante del Renacimiento, Nicolas Bachelier, traz\u00f3 los planos por Pierre d\u2019Ass\u00e9zat, un acaudalado capitoul.\",\"breadcrumb\":{\"@id\":\"https:\/\/www.toulouse-tourisme.com\/es\/visitas-imprescindibles\/palacete-assezat\/#breadcrumb\"},\"inLanguage\":\"es\",\"potentialAction\":[{\"@type\":\"ReadAction\",\"target\":[\"https:\/\/www.toulouse-tourisme.com\/es\/visitas-imprescindibles\/palacete-assezat\/\"]}]},{\"@type\":\"ImageObject\",\"inLanguage\":\"es\",\"@id\":\"https:\/\/www.toulouse-tourisme.com\/es\/visitas-imprescindibles\/palacete-assezat\/#primaryimage\",\"url\":\"https:\/\/www.toulouse-tourisme.com\/assets\/uploads\/sites\/3\/2023\/11\/visiter-toulouse-hotel-assezat-2.jpg\",\"contentUrl\":\"https:\/\/www.toulouse-tourisme.com\/assets\/uploads\/sites\/3\/2023\/11\/visiter-toulouse-hotel-assezat-2.jpg\",\"width\":1920,\"height\":1247,\"caption\":\"Visiter Toulouse, l'h\u00f4tel de Toulouse \u00a9 @na_toulouse\"},{\"@type\":\"BreadcrumbList\",\"@id\":\"https:\/\/www.toulouse-tourisme.com\/es\/visitas-imprescindibles\/palacete-assezat\/#breadcrumb\",\"itemListElement\":[{\"@type\":\"ListItem\",\"position\":1,\"name\":\"Inicio\",\"item\":\"https:\/\/www.toulouse-tourisme.com\/es\/\"},{\"@type\":\"ListItem\",\"position\":2,\"name\":\"Visitas imprescindibles\",\"item\":\"https:\/\/www.toulouse-tourisme.com\/es\/visitas-imprescindibles\/\"},{\"@type\":\"ListItem\",\"position\":3,\"name\":\"El palacete de Ass\u00e9zat\"}]},{\"@type\":\"WebSite\",\"@id\":\"https:\/\/www.toulouse-tourisme.com\/es\/#website\",\"url\":\"https:\/\/www.toulouse-tourisme.com\/es\/\",\"name\":\"Toulouse Tourisme\",\"description\":\"\",\"publisher\":{\"@id\":\"https:\/\/www.toulouse-tourisme.com\/es\/#organization\"},\"potentialAction\":[{\"@type\":\"SearchAction\",\"target\":{\"@type\":\"EntryPoint\",\"urlTemplate\":\"https:\/\/www.toulouse-tourisme.com\/es\/?s={search_term_string}\"},\"query-input\":{\"@type\":\"PropertyValueSpecification\",\"valueRequired\":true,\"valueName\":\"search_term_string\"}}],\"inLanguage\":\"es\"},{\"@type\":\"Organization\",\"@id\":\"https:\/\/www.toulouse-tourisme.com\/es\/#organization\",\"name\":\"Toulouse Tourisme\",\"url\":\"https:\/\/www.toulouse-tourisme.com\/es\/\",\"logo\":{\"@type\":\"ImageObject\",\"inLanguage\":\"es\",\"@id\":\"https:\/\/www.toulouse-tourisme.com\/es\/#\/schema\/logo\/image\/\",\"url\":\"https:\/\/www.toulouse-tourisme.com\/assets\/uploads\/sites\/3\/2023\/10\/toulouse.svg\",\"contentUrl\":\"https:\/\/www.toulouse-tourisme.com\/assets\/uploads\/sites\/3\/2023\/10\/toulouse.svg\",\"width\":220,\"height\":61,\"caption\":\"Toulouse Tourisme\"},\"image\":{\"@id\":\"https:\/\/www.toulouse-tourisme.com\/es\/#\/schema\/logo\/image\/\"},\"sameAs\":[\"https:\/\/www.facebook.com\/Toulouse.tourisme\/\",\"https:\/\/www.instagram.com\/visiteztoulouse\/\",\"https:\/\/www.youtube.com\/@VisitezToulouse\",\"https:\/\/fr.pinterest.com\/visiteztoulouse\/\"]}]}<\/script>\n<!-- \/ Yoast SEO plugin. -->","yoast_head_json":{"title":"El palacete de Ass\u00e9zat - Toulouse Tourisme","description":"El arquitecto tolosano m\u00e1s importante del Renacimiento, Nicolas Bachelier, traz\u00f3 los planos por Pierre d\u2019Ass\u00e9zat, un acaudalado capitoul.","robots":{"index":"index","follow":"follow","max-snippet":"max-snippet:-1","max-image-preview":"max-image-preview:large","max-video-preview":"max-video-preview:-1"},"canonical":"https:\/\/www.toulouse-tourisme.com\/es\/visitas-imprescindibles\/palacete-assezat\/","og_locale":"es_ES","og_type":"article","og_title":"El palacete de Ass\u00e9zat - Toulouse Tourisme","og_description":"El arquitecto tolosano m\u00e1s importante del Renacimiento, Nicolas Bachelier, traz\u00f3 los planos por Pierre d\u2019Ass\u00e9zat, un acaudalado capitoul.","og_url":"https:\/\/www.toulouse-tourisme.com\/es\/visitas-imprescindibles\/palacete-assezat\/","og_site_name":"Toulouse Tourisme","article_publisher":"https:\/\/www.facebook.com\/Toulouse.tourisme\/","article_modified_time":"2024-02-26T14:05:29+00:00","og_image":[{"width":1920,"height":1247,"url":"https:\/\/www.toulouse-tourisme.com\/assets\/uploads\/sites\/3\/2023\/11\/visiter-toulouse-hotel-assezat-2.jpg","type":"image\/jpeg"}],"twitter_card":"summary_large_image","twitter_misc":{"Tiempo de lectura":"4 minutos"},"schema":{"@context":"https:\/\/schema.org","@graph":[{"@type":"WebPage","@id":"https:\/\/www.toulouse-tourisme.com\/es\/visitas-imprescindibles\/palacete-assezat\/","url":"https:\/\/www.toulouse-tourisme.com\/es\/visitas-imprescindibles\/palacete-assezat\/","name":"El palacete de Ass\u00e9zat - Toulouse Tourisme","isPartOf":{"@id":"https:\/\/www.toulouse-tourisme.com\/es\/#website"},"primaryImageOfPage":{"@id":"https:\/\/www.toulouse-tourisme.com\/es\/visitas-imprescindibles\/palacete-assezat\/#primaryimage"},"image":{"@id":"https:\/\/www.toulouse-tourisme.com\/es\/visitas-imprescindibles\/palacete-assezat\/#primaryimage"},"thumbnailUrl":"https:\/\/www.toulouse-tourisme.com\/assets\/uploads\/sites\/3\/2023\/11\/visiter-toulouse-hotel-assezat-2.jpg","datePublished":"2023-11-29T15:21:38+00:00","dateModified":"2024-02-26T14:05:29+00:00","description":"El arquitecto tolosano m\u00e1s importante del Renacimiento, Nicolas Bachelier, traz\u00f3 los planos por Pierre d\u2019Ass\u00e9zat, un acaudalado capitoul.","breadcrumb":{"@id":"https:\/\/www.toulouse-tourisme.com\/es\/visitas-imprescindibles\/palacete-assezat\/#breadcrumb"},"inLanguage":"es","potentialAction":[{"@type":"ReadAction","target":["https:\/\/www.toulouse-tourisme.com\/es\/visitas-imprescindibles\/palacete-assezat\/"]}]},{"@type":"ImageObject","inLanguage":"es","@id":"https:\/\/www.toulouse-tourisme.com\/es\/visitas-imprescindibles\/palacete-assezat\/#primaryimage","url":"https:\/\/www.toulouse-tourisme.com\/assets\/uploads\/sites\/3\/2023\/11\/visiter-toulouse-hotel-assezat-2.jpg","contentUrl":"https:\/\/www.toulouse-tourisme.com\/assets\/uploads\/sites\/3\/2023\/11\/visiter-toulouse-hotel-assezat-2.jpg","width":1920,"height":1247,"caption":"Visiter Toulouse, l'h\u00f4tel de Toulouse \u00a9 @na_toulouse"},{"@type":"BreadcrumbList","@id":"https:\/\/www.toulouse-tourisme.com\/es\/visitas-imprescindibles\/palacete-assezat\/#breadcrumb","itemListElement":[{"@type":"ListItem","position":1,"name":"Inicio","item":"https:\/\/www.toulouse-tourisme.com\/es\/"},{"@type":"ListItem","position":2,"name":"Visitas imprescindibles","item":"https:\/\/www.toulouse-tourisme.com\/es\/visitas-imprescindibles\/"},{"@type":"ListItem","position":3,"name":"El palacete de Ass\u00e9zat"}]},{"@type":"WebSite","@id":"https:\/\/www.toulouse-tourisme.com\/es\/#website","url":"https:\/\/www.toulouse-tourisme.com\/es\/","name":"Toulouse Tourisme","description":"","publisher":{"@id":"https:\/\/www.toulouse-tourisme.com\/es\/#organization"},"potentialAction":[{"@type":"SearchAction","target":{"@type":"EntryPoint","urlTemplate":"https:\/\/www.toulouse-tourisme.com\/es\/?s={search_term_string}"},"query-input":{"@type":"PropertyValueSpecification","valueRequired":true,"valueName":"search_term_string"}}],"inLanguage":"es"},{"@type":"Organization","@id":"https:\/\/www.toulouse-tourisme.com\/es\/#organization","name":"Toulouse Tourisme","url":"https:\/\/www.toulouse-tourisme.com\/es\/","logo":{"@type":"ImageObject","inLanguage":"es","@id":"https:\/\/www.toulouse-tourisme.com\/es\/#\/schema\/logo\/image\/","url":"https:\/\/www.toulouse-tourisme.com\/assets\/uploads\/sites\/3\/2023\/10\/toulouse.svg","contentUrl":"https:\/\/www.toulouse-tourisme.com\/assets\/uploads\/sites\/3\/2023\/10\/toulouse.svg","width":220,"height":61,"caption":"Toulouse Tourisme"},"image":{"@id":"https:\/\/www.toulouse-tourisme.com\/es\/#\/schema\/logo\/image\/"},"sameAs":["https:\/\/www.facebook.com\/Toulouse.tourisme\/","https:\/\/www.instagram.com\/visiteztoulouse\/","https:\/\/www.youtube.com\/@VisitezToulouse","https:\/\/fr.pinterest.com\/visiteztoulouse\/"]}]}},"_links":{"self":[{"href":"https:\/\/www.toulouse-tourisme.com\/es\/wp-json\/wp\/v2\/pages\/12546","targetHints":{"allow":["GET"]}}],"collection":[{"href":"https:\/\/www.toulouse-tourisme.com\/es\/wp-json\/wp\/v2\/pages"}],"about":[{"href":"https:\/\/www.toulouse-tourisme.com\/es\/wp-json\/wp\/v2\/types\/page"}],"author":[{"embeddable":true,"href":"https:\/\/www.toulouse-tourisme.com\/es\/wp-json\/wp\/v2\/users\/3"}],"replies":[{"embeddable":true,"href":"https:\/\/www.toulouse-tourisme.com\/es\/wp-json\/wp\/v2\/comments?post=12546"}],"version-history":[{"count":0,"href":"https:\/\/www.toulouse-tourisme.com\/es\/wp-json\/wp\/v2\/pages\/12546\/revisions"}],"up":[{"embeddable":true,"href":"https:\/\/www.toulouse-tourisme.com\/es\/wp-json\/wp\/v2\/pages\/12552"}],"wp:featuredmedia":[{"embeddable":true,"href":"https:\/\/www.toulouse-tourisme.com\/es\/wp-json\/wp\/v2\/media\/6588"}],"wp:attachment":[{"href":"https:\/\/www.toulouse-tourisme.com\/es\/wp-json\/wp\/v2\/media?parent=12546"}],"curies":[{"name":"wp","href":"https:\/\/api.w.org\/{rel}","templated":true}]}}