{"id":12432,"date":"2024-01-18T10:26:21","date_gmt":"2024-01-18T09:26:21","guid":{"rendered":"https:\/\/www.toulouse-tourisme.com\/visit-albi\/"},"modified":"2024-02-26T15:04:48","modified_gmt":"2024-02-26T14:04:48","slug":"albi","status":"publish","type":"page","link":"https:\/\/www.toulouse-tourisme.com\/es\/albi\/","title":{"rendered":"Albi"},"content":{"rendered":"\n<div class=\"wp-block-group has-global-padding is-layout-constrained wp-block-group-is-layout-constrained\">\n<h2 class=\"wp-block-heading\">Albi descubre sus tesoros, a 1 hora de Toulouse<\/h2>\n\n\n\n<p>A 1 hora de Toulouse, en tren o en coche, Albi y su ciudad episcopal, joya declarada Patrimonio de la Humanidad, merecen la pena, lo prometemos.<\/p>\n\n\n\n<p>Visita el Ciudad episcopal de Albi, significa adoptar un ritmo sereno durante unas horas (\u00a1o m\u00e1s!). Aqu\u00ed el patrimonio se descubre a lo largo de las calles peatonales, a pie, en peque\u00f1o tren tur\u00edstico sino tambi\u00e9n del r\u00edo a bordouna barcaza durante el verano.<\/p>\n\n\n\n<p>En el programa: los \u201cimprescindibles\u201d que hay <strong>Catedral de Santa Cecilia <\/strong>et <strong>el museo Toulouse-Lautrec<\/strong>, pero tambi\u00e9n momentos gourmet para compartir y de compras en un centro urbano preservado.<\/p>\n\n\n\n<div class=\"wp-block-buttons is-layout-flex wp-block-buttons-is-layout-flex\">\n<div class=\"wp-block-button\"><a class=\"wp-block-button__link wp-element-button\" href=\"https:\/\/www.albi-tourisme.fr\/es\/albi-devoile-ses-tresors-a-1h-de-toulouse\/\" target=\"_blank\" rel=\"noreferrer noopener\">Para saber m\u00e1s<\/a><\/div>\n<\/div>\n<\/div>\n\n\n\t<div id=\"map_9aa09148c2549554387bd565e29233ed\" class=\"fsgb-block-leaflet-map leaflet-map\" >\n\t\t<input type=\"hidden\" name=\"leaflet-map-settings\" data-value='{&quot;id&quot;:&quot;map_9aa09148c2549554387bd565e29233ed&quot;,&quot;latitude&quot;:&quot;43.6007&quot;,&quot;longitude&quot;:&quot;1.4330&quot;,&quot;zoom&quot;:&quot;12&quot;,&quot;scrollWheelZoom&quot;:false,&quot;layer&quot;:&quot;openstreetmap&quot;,&quot;fit_bounds&quot;:true,&quot;cluster&quot;:null,&quot;markers&quot;:[{&quot;fsgb_leaflet_map_marker_latitude&quot;:&quot;43.60457388234919&quot;,&quot;fsgb_leaflet_map_marker_longitude&quot;:&quot;1.444223528037135&quot;,&quot;fsgb_leaflet_map_marker_anchor&quot;:&quot;&quot;,&quot;fsgb_leaflet_map_marker_media&quot;:false,&quot;fsgb_leaflet_map_marker_title&quot;:&quot;Toulouse&quot;,&quot;fsgb_leaflet_map_marker_text&quot;:&quot;&quot;,&quot;fsgb_leaflet_map_marker_link&quot;:&quot;&quot;,&quot;fsgb_leaflet_map_marker_style&quot;:&quot;basic&quot;,&quot;fsgb_leaflet_map_marker_numbering&quot;:false,&quot;fsgb_leaflet_map_marker_color&quot;:&quot;&quot;,&quot;fsgb_leaflet_map_marker_picto&quot;:false,&quot;popup_content&quot;:&quot;\\t&lt;article class=\\&quot;card card--leaflet stretched-link\\&quot;&gt;\\n\\t\\t\\n\\t\\t&lt;div class=\\&quot;card__content\\&quot;&gt;\\n\\t\\t\\t\\t\\t\\t\\t&lt;h3&gt;\\n\\t\\t\\t\\t\\t\\t\\t\\t\\t\\t\\tToulouse\\t\\t\\t\\t\\t\\t\\t\\t\\t&lt;\\\/h3&gt;\\n\\t\\t\\t\\n\\t\\t\\t\\n\\t\\t\\t\\t\\t&lt;\\\/div&gt;\\n\\t&lt;\\\/article&gt;\\n&quot;,&quot;is_draggable&quot;:false},{&quot;fsgb_leaflet_map_marker_latitude&quot;:&quot;43.92894820938196&quot;,&quot;fsgb_leaflet_map_marker_longitude&quot;:&quot;2.1426315464704855&quot;,&quot;fsgb_leaflet_map_marker_anchor&quot;:&quot;&quot;,&quot;fsgb_leaflet_map_marker_media&quot;:false,&quot;fsgb_leaflet_map_marker_title&quot;:&quot;Albi&quot;,&quot;fsgb_leaflet_map_marker_text&quot;:&quot;&quot;,&quot;fsgb_leaflet_map_marker_link&quot;:&quot;&quot;,&quot;fsgb_leaflet_map_marker_style&quot;:&quot;basic&quot;,&quot;fsgb_leaflet_map_marker_numbering&quot;:false,&quot;fsgb_leaflet_map_marker_color&quot;:&quot;&quot;,&quot;fsgb_leaflet_map_marker_picto&quot;:false,&quot;popup_content&quot;:&quot;\\t&lt;article class=\\&quot;card card--leaflet stretched-link\\&quot;&gt;\\n\\t\\t\\n\\t\\t&lt;div class=\\&quot;card__content\\&quot;&gt;\\n\\t\\t\\t\\t\\t\\t\\t&lt;h3&gt;\\n\\t\\t\\t\\t\\t\\t\\t\\t\\t\\t\\tAlbi\\t\\t\\t\\t\\t\\t\\t\\t\\t&lt;\\\/h3&gt;\\n\\t\\t\\t\\n\\t\\t\\t\\n\\t\\t\\t\\t\\t&lt;\\\/div&gt;\\n\\t&lt;\\\/article&gt;\\n&quot;,&quot;is_draggable&quot;:false}],&quot;iconSize&quot;:[38,46],&quot;iconAnchor&quot;:[19,39],&quot;popupAnchor&quot;:[0,-39],&quot;marker_html&quot;:&quot;&lt;svg xmlns=\\&quot;http:\\\/\\\/www.w3.org\\\/2000\\\/svg\\&quot; width=\\&quot;38\\&quot; height=\\&quot;46\\&quot; fill=\\&quot;none\\&quot;&gt;&lt;path d=\\&quot;M26.997 34.163c2.236.487 4.117 1.156 5.429 1.99.41.26.756.53 1.017.821.178.198.334.382.334.603 0 .219-.154.4-.33.598-.411.46-1.026.872-1.781 1.257-2.855 1.457-7.47 2.356-12.667 2.356-5.194 0-9.81-.899-12.665-2.356-.756-.386-1.37-.796-1.782-1.257-.175-.198-.33-.38-.33-.598 0-.221.157-.405.335-.603.26-.29.608-.562 1.017-.82 1.311-.835 3.193-1.505 5.429-1.991a2.107 2.107 0 001.615-2.504 2.114 2.114 0 00-2.513-1.61c-3.426.743-6.159 1.924-7.814 3.28C.737 34.601 0 36.088 0 37.577c0 1.623.889 3.26 2.76 4.61C5.809 44.384 11.925 46 18.999 46c7.076 0 13.192-1.615 16.241-3.814 1.87-1.35 2.76-2.986 2.76-4.61 0-1.488-.737-2.975-2.29-4.247-1.656-1.356-4.389-2.537-7.816-3.28a2.114 2.114 0 00-2.512 1.61 2.107 2.107 0 001.615 2.504z\\&quot; clip-rule=\\&quot;evenodd\\&quot; fill-opacity=\\&quot;.3\\&quot;\\\/&gt;&lt;path d=\\&quot;M8.356 10.54C8.356 4.72 13.12 0 19 0c5.879 0 10.644 4.72 10.644 10.54 0 5.1-3.657 9.354-8.515 10.33v16.022A2.12 2.12 0 0119 39a2.12 2.12 0 01-2.129-2.108V20.87c-4.858-.976-8.515-5.23-8.515-10.33z\\&quot;\\\/&gt;&lt;\\\/svg&gt;&quot;,&quot;marker_html_color&quot;:&quot;&quot;,&quot;has_theme_template&quot;:true,&quot;trace&quot;:false,&quot;trace_color&quot;:null,&quot;trace_shape&quot;:null,&quot;trace_opacity&quot;:null,&quot;is_admin&quot;:false}'>\n\t<\/div>\n","protected":false},"excerpt":{"rendered":"<p>Albi descubre sus tesoros, a 1 hora de Toulouse A 1 hora de Toulouse, en tren o en coche, Albi y su ciudad episcopal, joya declarada Patrimonio de la Humanidad, merecen la pena, lo prometemos. Visita el Ciudad episcopal de Albi, significa adoptar un ritmo sereno durante unas horas (\u00a1o m\u00e1s!). Aqu\u00ed el patrimonio se [&hellip;]<\/p>\n","protected":false},"author":3,"featured_media":8301,"parent":0,"menu_order":0,"comment_status":"closed","ping_status":"closed","template":"templates\/magazine.php","meta":{"_acf_changed":false,"footnotes":""},"class_list":["post-12432","page","type-page","status-publish","has-post-thumbnail","hentry"],"acf":[],"yoast_head":"<!-- This site is optimized with the Yoast SEO plugin v27.1.1 - https:\/\/yoast.com\/product\/yoast-seo-wordpress\/ -->\n<title>Albi - Toulouse Tourisme<\/title>\n<meta name=\"description\" content=\"Albi, cathedral Sainte-C\u00e9cile y museo Toulouse-Lautrec.Excursi\u00f3n de un d\u00eda a Albi desde Toulouse, f\u00e1cil acceso en tren.\" \/>\n<meta name=\"robots\" content=\"index, follow, max-snippet:-1, max-image-preview:large, max-video-preview:-1\" \/>\n<link rel=\"canonical\" href=\"https:\/\/www.toulouse-tourisme.com\/es\/albi\/\" \/>\n<meta property=\"og:locale\" content=\"es_ES\" \/>\n<meta property=\"og:type\" content=\"article\" \/>\n<meta property=\"og:title\" content=\"Albi - Toulouse Tourisme\" \/>\n<meta property=\"og:description\" content=\"Albi, cathedral Sainte-C\u00e9cile y museo Toulouse-Lautrec.Excursi\u00f3n de un d\u00eda a Albi desde Toulouse, f\u00e1cil acceso en tren.\" \/>\n<meta property=\"og:url\" content=\"https:\/\/www.toulouse-tourisme.com\/es\/albi\/\" \/>\n<meta property=\"og:site_name\" content=\"Toulouse Tourisme\" \/>\n<meta property=\"article:publisher\" content=\"https:\/\/www.facebook.com\/Toulouse.tourisme\/\" \/>\n<meta property=\"article:modified_time\" content=\"2024-02-26T14:04:48+00:00\" \/>\n<meta property=\"og:image\" content=\"https:\/\/www.toulouse-tourisme.com\/assets\/uploads\/sites\/3\/2023\/12\/albi-cathedrale-sainte-cecile.jpg\" \/>\n\t<meta property=\"og:image:width\" content=\"1920\" \/>\n\t<meta property=\"og:image:height\" content=\"1281\" \/>\n\t<meta property=\"og:image:type\" content=\"image\/jpeg\" \/>\n<meta name=\"twitter:card\" content=\"summary_large_image\" \/>\n<meta name=\"twitter:label1\" content=\"Tiempo de lectura\" \/>\n\t<meta name=\"twitter:data1\" content=\"1 minuto\" \/>\n<script type=\"application\/ld+json\" class=\"yoast-schema-graph\">{\"@context\":\"https:\/\/schema.org\",\"@graph\":[{\"@type\":\"WebPage\",\"@id\":\"https:\/\/www.toulouse-tourisme.com\/es\/albi\/\",\"url\":\"https:\/\/www.toulouse-tourisme.com\/es\/albi\/\",\"name\":\"Albi - Toulouse Tourisme\",\"isPartOf\":{\"@id\":\"https:\/\/www.toulouse-tourisme.com\/es\/#website\"},\"primaryImageOfPage\":{\"@id\":\"https:\/\/www.toulouse-tourisme.com\/es\/albi\/#primaryimage\"},\"image\":{\"@id\":\"https:\/\/www.toulouse-tourisme.com\/es\/albi\/#primaryimage\"},\"thumbnailUrl\":\"https:\/\/www.toulouse-tourisme.com\/assets\/uploads\/sites\/3\/2023\/12\/albi-cathedrale-sainte-cecile.jpg\",\"datePublished\":\"2024-01-18T09:26:21+00:00\",\"dateModified\":\"2024-02-26T14:04:48+00:00\",\"description\":\"Albi, cathedral Sainte-C\u00e9cile y museo Toulouse-Lautrec.Excursi\u00f3n de un d\u00eda a Albi desde Toulouse, f\u00e1cil acceso en tren.\",\"breadcrumb\":{\"@id\":\"https:\/\/www.toulouse-tourisme.com\/es\/albi\/#breadcrumb\"},\"inLanguage\":\"es\",\"potentialAction\":[{\"@type\":\"ReadAction\",\"target\":[\"https:\/\/www.toulouse-tourisme.com\/es\/albi\/\"]}]},{\"@type\":\"ImageObject\",\"inLanguage\":\"es\",\"@id\":\"https:\/\/www.toulouse-tourisme.com\/es\/albi\/#primaryimage\",\"url\":\"https:\/\/www.toulouse-tourisme.com\/assets\/uploads\/sites\/3\/2023\/12\/albi-cathedrale-sainte-cecile.jpg\",\"contentUrl\":\"https:\/\/www.toulouse-tourisme.com\/assets\/uploads\/sites\/3\/2023\/12\/albi-cathedrale-sainte-cecile.jpg\",\"width\":1920,\"height\":1281,\"caption\":\"Cath\u00e9drale d'Albi \u00a9 Ville Albi\"},{\"@type\":\"BreadcrumbList\",\"@id\":\"https:\/\/www.toulouse-tourisme.com\/es\/albi\/#breadcrumb\",\"itemListElement\":[{\"@type\":\"ListItem\",\"position\":1,\"name\":\"Inicio\",\"item\":\"https:\/\/www.toulouse-tourisme.com\/es\/\"},{\"@type\":\"ListItem\",\"position\":2,\"name\":\"Albi\"}]},{\"@type\":\"WebSite\",\"@id\":\"https:\/\/www.toulouse-tourisme.com\/es\/#website\",\"url\":\"https:\/\/www.toulouse-tourisme.com\/es\/\",\"name\":\"Toulouse Tourisme\",\"description\":\"\",\"publisher\":{\"@id\":\"https:\/\/www.toulouse-tourisme.com\/es\/#organization\"},\"potentialAction\":[{\"@type\":\"SearchAction\",\"target\":{\"@type\":\"EntryPoint\",\"urlTemplate\":\"https:\/\/www.toulouse-tourisme.com\/es\/?s={search_term_string}\"},\"query-input\":{\"@type\":\"PropertyValueSpecification\",\"valueRequired\":true,\"valueName\":\"search_term_string\"}}],\"inLanguage\":\"es\"},{\"@type\":\"Organization\",\"@id\":\"https:\/\/www.toulouse-tourisme.com\/es\/#organization\",\"name\":\"Toulouse Tourisme\",\"url\":\"https:\/\/www.toulouse-tourisme.com\/es\/\",\"logo\":{\"@type\":\"ImageObject\",\"inLanguage\":\"es\",\"@id\":\"https:\/\/www.toulouse-tourisme.com\/es\/#\/schema\/logo\/image\/\",\"url\":\"https:\/\/www.toulouse-tourisme.com\/assets\/uploads\/sites\/3\/2023\/10\/toulouse.svg\",\"contentUrl\":\"https:\/\/www.toulouse-tourisme.com\/assets\/uploads\/sites\/3\/2023\/10\/toulouse.svg\",\"width\":220,\"height\":61,\"caption\":\"Toulouse Tourisme\"},\"image\":{\"@id\":\"https:\/\/www.toulouse-tourisme.com\/es\/#\/schema\/logo\/image\/\"},\"sameAs\":[\"https:\/\/www.facebook.com\/Toulouse.tourisme\/\",\"https:\/\/www.instagram.com\/visiteztoulouse\/\",\"https:\/\/www.youtube.com\/@VisitezToulouse\",\"https:\/\/fr.pinterest.com\/visiteztoulouse\/\"]}]}<\/script>\n<!-- \/ Yoast SEO plugin. -->","yoast_head_json":{"title":"Albi - Toulouse Tourisme","description":"Albi, cathedral Sainte-C\u00e9cile y museo Toulouse-Lautrec.Excursi\u00f3n de un d\u00eda a Albi desde Toulouse, f\u00e1cil acceso en tren.","robots":{"index":"index","follow":"follow","max-snippet":"max-snippet:-1","max-image-preview":"max-image-preview:large","max-video-preview":"max-video-preview:-1"},"canonical":"https:\/\/www.toulouse-tourisme.com\/es\/albi\/","og_locale":"es_ES","og_type":"article","og_title":"Albi - Toulouse Tourisme","og_description":"Albi, cathedral Sainte-C\u00e9cile y museo Toulouse-Lautrec.Excursi\u00f3n de un d\u00eda a Albi desde Toulouse, f\u00e1cil acceso en tren.","og_url":"https:\/\/www.toulouse-tourisme.com\/es\/albi\/","og_site_name":"Toulouse Tourisme","article_publisher":"https:\/\/www.facebook.com\/Toulouse.tourisme\/","article_modified_time":"2024-02-26T14:04:48+00:00","og_image":[{"width":1920,"height":1281,"url":"https:\/\/www.toulouse-tourisme.com\/assets\/uploads\/sites\/3\/2023\/12\/albi-cathedrale-sainte-cecile.jpg","type":"image\/jpeg"}],"twitter_card":"summary_large_image","twitter_misc":{"Tiempo de lectura":"1 minuto"},"schema":{"@context":"https:\/\/schema.org","@graph":[{"@type":"WebPage","@id":"https:\/\/www.toulouse-tourisme.com\/es\/albi\/","url":"https:\/\/www.toulouse-tourisme.com\/es\/albi\/","name":"Albi - Toulouse Tourisme","isPartOf":{"@id":"https:\/\/www.toulouse-tourisme.com\/es\/#website"},"primaryImageOfPage":{"@id":"https:\/\/www.toulouse-tourisme.com\/es\/albi\/#primaryimage"},"image":{"@id":"https:\/\/www.toulouse-tourisme.com\/es\/albi\/#primaryimage"},"thumbnailUrl":"https:\/\/www.toulouse-tourisme.com\/assets\/uploads\/sites\/3\/2023\/12\/albi-cathedrale-sainte-cecile.jpg","datePublished":"2024-01-18T09:26:21+00:00","dateModified":"2024-02-26T14:04:48+00:00","description":"Albi, cathedral Sainte-C\u00e9cile y museo Toulouse-Lautrec.Excursi\u00f3n de un d\u00eda a Albi desde Toulouse, f\u00e1cil acceso en tren.","breadcrumb":{"@id":"https:\/\/www.toulouse-tourisme.com\/es\/albi\/#breadcrumb"},"inLanguage":"es","potentialAction":[{"@type":"ReadAction","target":["https:\/\/www.toulouse-tourisme.com\/es\/albi\/"]}]},{"@type":"ImageObject","inLanguage":"es","@id":"https:\/\/www.toulouse-tourisme.com\/es\/albi\/#primaryimage","url":"https:\/\/www.toulouse-tourisme.com\/assets\/uploads\/sites\/3\/2023\/12\/albi-cathedrale-sainte-cecile.jpg","contentUrl":"https:\/\/www.toulouse-tourisme.com\/assets\/uploads\/sites\/3\/2023\/12\/albi-cathedrale-sainte-cecile.jpg","width":1920,"height":1281,"caption":"Cath\u00e9drale d'Albi \u00a9 Ville Albi"},{"@type":"BreadcrumbList","@id":"https:\/\/www.toulouse-tourisme.com\/es\/albi\/#breadcrumb","itemListElement":[{"@type":"ListItem","position":1,"name":"Inicio","item":"https:\/\/www.toulouse-tourisme.com\/es\/"},{"@type":"ListItem","position":2,"name":"Albi"}]},{"@type":"WebSite","@id":"https:\/\/www.toulouse-tourisme.com\/es\/#website","url":"https:\/\/www.toulouse-tourisme.com\/es\/","name":"Toulouse Tourisme","description":"","publisher":{"@id":"https:\/\/www.toulouse-tourisme.com\/es\/#organization"},"potentialAction":[{"@type":"SearchAction","target":{"@type":"EntryPoint","urlTemplate":"https:\/\/www.toulouse-tourisme.com\/es\/?s={search_term_string}"},"query-input":{"@type":"PropertyValueSpecification","valueRequired":true,"valueName":"search_term_string"}}],"inLanguage":"es"},{"@type":"Organization","@id":"https:\/\/www.toulouse-tourisme.com\/es\/#organization","name":"Toulouse Tourisme","url":"https:\/\/www.toulouse-tourisme.com\/es\/","logo":{"@type":"ImageObject","inLanguage":"es","@id":"https:\/\/www.toulouse-tourisme.com\/es\/#\/schema\/logo\/image\/","url":"https:\/\/www.toulouse-tourisme.com\/assets\/uploads\/sites\/3\/2023\/10\/toulouse.svg","contentUrl":"https:\/\/www.toulouse-tourisme.com\/assets\/uploads\/sites\/3\/2023\/10\/toulouse.svg","width":220,"height":61,"caption":"Toulouse Tourisme"},"image":{"@id":"https:\/\/www.toulouse-tourisme.com\/es\/#\/schema\/logo\/image\/"},"sameAs":["https:\/\/www.facebook.com\/Toulouse.tourisme\/","https:\/\/www.instagram.com\/visiteztoulouse\/","https:\/\/www.youtube.com\/@VisitezToulouse","https:\/\/fr.pinterest.com\/visiteztoulouse\/"]}]}},"_links":{"self":[{"href":"https:\/\/www.toulouse-tourisme.com\/es\/wp-json\/wp\/v2\/pages\/12432","targetHints":{"allow":["GET"]}}],"collection":[{"href":"https:\/\/www.toulouse-tourisme.com\/es\/wp-json\/wp\/v2\/pages"}],"about":[{"href":"https:\/\/www.toulouse-tourisme.com\/es\/wp-json\/wp\/v2\/types\/page"}],"author":[{"embeddable":true,"href":"https:\/\/www.toulouse-tourisme.com\/es\/wp-json\/wp\/v2\/users\/3"}],"replies":[{"embeddable":true,"href":"https:\/\/www.toulouse-tourisme.com\/es\/wp-json\/wp\/v2\/comments?post=12432"}],"version-history":[{"count":0,"href":"https:\/\/www.toulouse-tourisme.com\/es\/wp-json\/wp\/v2\/pages\/12432\/revisions"}],"wp:featuredmedia":[{"embeddable":true,"href":"https:\/\/www.toulouse-tourisme.com\/es\/wp-json\/wp\/v2\/media\/8301"}],"wp:attachment":[{"href":"https:\/\/www.toulouse-tourisme.com\/es\/wp-json\/wp\/v2\/media?parent=12432"}],"curies":[{"name":"wp","href":"https:\/\/api.w.org\/{rel}","templated":true}]}}