{"id":12430,"date":"2024-01-18T10:07:02","date_gmt":"2024-01-18T09:07:02","guid":{"rendered":"https:\/\/www.toulouse-tourisme.com\/cycling-on-the-canal-du-midi\/"},"modified":"2024-02-26T15:04:59","modified_gmt":"2024-02-26T14:04:59","slug":"en-bicicleta-por-el-canal-du-midi","status":"publish","type":"page","link":"https:\/\/www.toulouse-tourisme.com\/es\/en-bicicleta-por-el-canal-du-midi\/","title":{"rendered":"En bicicleta por el Canal du Midi"},"content":{"rendered":"\n<div class=\"wp-block-group has-global-padding is-layout-constrained wp-block-group-is-layout-constrained\">\n<h2 class=\"wp-block-heading\">De Toulouse a Avignonet-Lauragais<\/h2>\n\n\n\n<p><strong>Disfrute del Canal du Mid<\/strong>i<br>Sum\u00e9rjase en la fabulosa historia del Canal du Midi, dise\u00f1ado en el siglo XVII por Pierre-Paul Riquet. La v\u00eda fluvial discurre bajo la sombra de pl\u00e1tanos centenarios, salpicada de numerosas estructuras (esclusas, aliviaderos, puentes del canal, etc.) y de pueblos de ladrillo coronados por sus caracter\u00edsticos campanarios.<\/p>\n\n\n\n<p>Toulouse -> Avignonet-Lauragais 50 km de v\u00eda verde construida sobre el antiguo camino de sirga, \u00a1perfectamente plana (permitir unas 3h30)!<\/p>\n\n\n\n<div class=\"wp-block-buttons is-layout-flex wp-block-buttons-is-layout-flex\">\n<div class=\"wp-block-button\"><a class=\"wp-block-button__link wp-element-button\" href=\"https:\/\/www.turismohautegaronne.es\/micro_experiences\/en-bicicleta-por-el-canal-du-midi\/\" target=\"_blank\" rel=\"noreferrer noopener\">Para saber m\u00e1s<\/a><\/div>\n<\/div>\n<\/div>\n\n\n\t<div id=\"map_d7d6f6bb6b04a070446c3f21c66f72e9\" class=\"fsgb-block-leaflet-map leaflet-map\" >\n\t\t<input type=\"hidden\" name=\"leaflet-map-settings\" data-value='{&quot;id&quot;:&quot;map_d7d6f6bb6b04a070446c3f21c66f72e9&quot;,&quot;latitude&quot;:&quot;43.6007&quot;,&quot;longitude&quot;:&quot;1.4330&quot;,&quot;zoom&quot;:&quot;12&quot;,&quot;scrollWheelZoom&quot;:false,&quot;layer&quot;:&quot;openstreetmap&quot;,&quot;fit_bounds&quot;:true,&quot;cluster&quot;:null,&quot;markers&quot;:[{&quot;fsgb_leaflet_map_marker_latitude&quot;:&quot;43.59646071628728&quot;,&quot;fsgb_leaflet_map_marker_longitude&quot;:&quot;1.4558203203546929&quot;,&quot;fsgb_leaflet_map_marker_anchor&quot;:&quot;&quot;,&quot;fsgb_leaflet_map_marker_media&quot;:false,&quot;fsgb_leaflet_map_marker_title&quot;:&quot;Toulouse&quot;,&quot;fsgb_leaflet_map_marker_text&quot;:&quot;&quot;,&quot;fsgb_leaflet_map_marker_link&quot;:&quot;&quot;,&quot;fsgb_leaflet_map_marker_style&quot;:&quot;basic&quot;,&quot;fsgb_leaflet_map_marker_numbering&quot;:false,&quot;fsgb_leaflet_map_marker_color&quot;:&quot;&quot;,&quot;fsgb_leaflet_map_marker_picto&quot;:false,&quot;popup_content&quot;:&quot;\\t&lt;article class=\\&quot;card card--leaflet stretched-link\\&quot;&gt;\\n\\t\\t\\n\\t\\t&lt;div class=\\&quot;card__content\\&quot;&gt;\\n\\t\\t\\t\\t\\t\\t\\t&lt;h3&gt;\\n\\t\\t\\t\\t\\t\\t\\t\\t\\t\\t\\tToulouse\\t\\t\\t\\t\\t\\t\\t\\t\\t&lt;\\\/h3&gt;\\n\\t\\t\\t\\n\\t\\t\\t\\n\\t\\t\\t\\t\\t&lt;\\\/div&gt;\\n\\t&lt;\\\/article&gt;\\n&quot;,&quot;is_draggable&quot;:false},{&quot;fsgb_leaflet_map_marker_latitude&quot;:&quot;43.5410671&quot;,&quot;fsgb_leaflet_map_marker_longitude&quot;:&quot;1.4902991&quot;,&quot;fsgb_leaflet_map_marker_anchor&quot;:&quot;&quot;,&quot;fsgb_leaflet_map_marker_media&quot;:false,&quot;fsgb_leaflet_map_marker_title&quot;:&quot;Port-Sud&quot;,&quot;fsgb_leaflet_map_marker_text&quot;:&quot;&quot;,&quot;fsgb_leaflet_map_marker_link&quot;:&quot;&quot;,&quot;fsgb_leaflet_map_marker_style&quot;:&quot;basic&quot;,&quot;fsgb_leaflet_map_marker_numbering&quot;:false,&quot;fsgb_leaflet_map_marker_color&quot;:&quot;&quot;,&quot;fsgb_leaflet_map_marker_picto&quot;:false,&quot;popup_content&quot;:&quot;\\t&lt;article class=\\&quot;card card--leaflet stretched-link\\&quot;&gt;\\n\\t\\t\\n\\t\\t&lt;div class=\\&quot;card__content\\&quot;&gt;\\n\\t\\t\\t\\t\\t\\t\\t&lt;h3&gt;\\n\\t\\t\\t\\t\\t\\t\\t\\t\\t\\t\\tPort-Sud\\t\\t\\t\\t\\t\\t\\t\\t\\t&lt;\\\/h3&gt;\\n\\t\\t\\t\\n\\t\\t\\t\\n\\t\\t\\t\\t\\t&lt;\\\/div&gt;\\n\\t&lt;\\\/article&gt;\\n&quot;,&quot;is_draggable&quot;:false},{&quot;fsgb_leaflet_map_marker_latitude&quot;:&quot;43.43899474716678&quot;,&quot;fsgb_leaflet_map_marker_longitude&quot;:&quot;1.6126015452953517&quot;,&quot;fsgb_leaflet_map_marker_anchor&quot;:&quot;&quot;,&quot;fsgb_leaflet_map_marker_media&quot;:false,&quot;fsgb_leaflet_map_marker_title&quot;:&quot;Ayguesvives&quot;,&quot;fsgb_leaflet_map_marker_text&quot;:&quot;&quot;,&quot;fsgb_leaflet_map_marker_link&quot;:&quot;&quot;,&quot;fsgb_leaflet_map_marker_style&quot;:&quot;basic&quot;,&quot;fsgb_leaflet_map_marker_numbering&quot;:false,&quot;fsgb_leaflet_map_marker_color&quot;:&quot;&quot;,&quot;fsgb_leaflet_map_marker_picto&quot;:false,&quot;popup_content&quot;:&quot;\\t&lt;article class=\\&quot;card card--leaflet stretched-link\\&quot;&gt;\\n\\t\\t\\n\\t\\t&lt;div class=\\&quot;card__content\\&quot;&gt;\\n\\t\\t\\t\\t\\t\\t\\t&lt;h3&gt;\\n\\t\\t\\t\\t\\t\\t\\t\\t\\t\\t\\tAyguesvives\\t\\t\\t\\t\\t\\t\\t\\t\\t&lt;\\\/h3&gt;\\n\\t\\t\\t\\n\\t\\t\\t\\n\\t\\t\\t\\t\\t&lt;\\\/div&gt;\\n\\t&lt;\\\/article&gt;\\n&quot;,&quot;is_draggable&quot;:false},{&quot;fsgb_leaflet_map_marker_latitude&quot;:&quot;43.354773872356304&quot;,&quot;fsgb_leaflet_map_marker_longitude&quot;:&quot;1.8028447840919024&quot;,&quot;fsgb_leaflet_map_marker_anchor&quot;:&quot;&quot;,&quot;fsgb_leaflet_map_marker_media&quot;:false,&quot;fsgb_leaflet_map_marker_title&quot;:&quot;Port Lauragais&quot;,&quot;fsgb_leaflet_map_marker_text&quot;:&quot;&quot;,&quot;fsgb_leaflet_map_marker_link&quot;:&quot;&quot;,&quot;fsgb_leaflet_map_marker_style&quot;:&quot;basic&quot;,&quot;fsgb_leaflet_map_marker_numbering&quot;:false,&quot;fsgb_leaflet_map_marker_color&quot;:&quot;&quot;,&quot;fsgb_leaflet_map_marker_picto&quot;:false,&quot;popup_content&quot;:&quot;\\t&lt;article class=\\&quot;card card--leaflet stretched-link\\&quot;&gt;\\n\\t\\t\\n\\t\\t&lt;div class=\\&quot;card__content\\&quot;&gt;\\n\\t\\t\\t\\t\\t\\t\\t&lt;h3&gt;\\n\\t\\t\\t\\t\\t\\t\\t\\t\\t\\t\\tPort Lauragais\\t\\t\\t\\t\\t\\t\\t\\t\\t&lt;\\\/h3&gt;\\n\\t\\t\\t\\n\\t\\t\\t\\n\\t\\t\\t\\t\\t&lt;\\\/div&gt;\\n\\t&lt;\\\/article&gt;\\n&quot;,&quot;is_draggable&quot;:false}],&quot;iconSize&quot;:[38,46],&quot;iconAnchor&quot;:[19,39],&quot;popupAnchor&quot;:[0,-39],&quot;marker_html&quot;:&quot;&lt;svg xmlns=\\&quot;http:\\\/\\\/www.w3.org\\\/2000\\\/svg\\&quot; width=\\&quot;38\\&quot; height=\\&quot;46\\&quot; fill=\\&quot;none\\&quot;&gt;&lt;path d=\\&quot;M26.997 34.163c2.236.487 4.117 1.156 5.429 1.99.41.26.756.53 1.017.821.178.198.334.382.334.603 0 .219-.154.4-.33.598-.411.46-1.026.872-1.781 1.257-2.855 1.457-7.47 2.356-12.667 2.356-5.194 0-9.81-.899-12.665-2.356-.756-.386-1.37-.796-1.782-1.257-.175-.198-.33-.38-.33-.598 0-.221.157-.405.335-.603.26-.29.608-.562 1.017-.82 1.311-.835 3.193-1.505 5.429-1.991a2.107 2.107 0 001.615-2.504 2.114 2.114 0 00-2.513-1.61c-3.426.743-6.159 1.924-7.814 3.28C.737 34.601 0 36.088 0 37.577c0 1.623.889 3.26 2.76 4.61C5.809 44.384 11.925 46 18.999 46c7.076 0 13.192-1.615 16.241-3.814 1.87-1.35 2.76-2.986 2.76-4.61 0-1.488-.737-2.975-2.29-4.247-1.656-1.356-4.389-2.537-7.816-3.28a2.114 2.114 0 00-2.512 1.61 2.107 2.107 0 001.615 2.504z\\&quot; clip-rule=\\&quot;evenodd\\&quot; fill-opacity=\\&quot;.3\\&quot;\\\/&gt;&lt;path d=\\&quot;M8.356 10.54C8.356 4.72 13.12 0 19 0c5.879 0 10.644 4.72 10.644 10.54 0 5.1-3.657 9.354-8.515 10.33v16.022A2.12 2.12 0 0119 39a2.12 2.12 0 01-2.129-2.108V20.87c-4.858-.976-8.515-5.23-8.515-10.33z\\&quot;\\\/&gt;&lt;\\\/svg&gt;&quot;,&quot;marker_html_color&quot;:&quot;&quot;,&quot;has_theme_template&quot;:true,&quot;trace&quot;:false,&quot;trace_color&quot;:null,&quot;trace_shape&quot;:null,&quot;trace_opacity&quot;:null,&quot;is_admin&quot;:false}'>\n\t<\/div>\n","protected":false},"excerpt":{"rendered":"<p>De Toulouse a Avignonet-Lauragais Disfrute del Canal du MidiSum\u00e9rjase en la fabulosa historia del Canal du Midi, dise\u00f1ado en el siglo XVII por Pierre-Paul Riquet. La v\u00eda fluvial discurre bajo la sombra de pl\u00e1tanos centenarios, salpicada de numerosas estructuras (esclusas, aliviaderos, puentes del canal, etc.) y de pueblos de ladrillo coronados por sus caracter\u00edsticos campanarios. [&hellip;]<\/p>\n","protected":false},"author":3,"featured_media":6698,"parent":0,"menu_order":0,"comment_status":"closed","ping_status":"closed","template":"templates\/magazine.php","meta":{"_acf_changed":false,"footnotes":""},"class_list":["post-12430","page","type-page","status-publish","has-post-thumbnail","hentry"],"acf":[],"yoast_head":"<!-- This site is optimized with the Yoast SEO plugin v27.1.1 - https:\/\/yoast.com\/product\/yoast-seo-wordpress\/ -->\n<title>En bicicleta por el Canal du Midi - Toulouse Tourisme<\/title>\n<meta name=\"description\" content=\"Sum\u00e9rjase en la fabulosa historia del Canal du Midi, dise\u00f1ado en el siglo XVII por Pierre-Paul Riquet.\" \/>\n<meta name=\"robots\" content=\"index, follow, max-snippet:-1, max-image-preview:large, max-video-preview:-1\" \/>\n<link rel=\"canonical\" href=\"https:\/\/www.toulouse-tourisme.com\/es\/en-bicicleta-por-el-canal-du-midi\/\" \/>\n<meta property=\"og:locale\" content=\"es_ES\" \/>\n<meta property=\"og:type\" content=\"article\" \/>\n<meta property=\"og:title\" content=\"En bicicleta por el Canal du Midi - Toulouse Tourisme\" \/>\n<meta property=\"og:description\" content=\"Sum\u00e9rjase en la fabulosa historia del Canal du Midi, dise\u00f1ado en el siglo XVII por Pierre-Paul Riquet.\" \/>\n<meta property=\"og:url\" content=\"https:\/\/www.toulouse-tourisme.com\/es\/en-bicicleta-por-el-canal-du-midi\/\" \/>\n<meta property=\"og:site_name\" content=\"Toulouse Tourisme\" \/>\n<meta property=\"article:publisher\" content=\"https:\/\/www.facebook.com\/Toulouse.tourisme\/\" \/>\n<meta property=\"article:modified_time\" content=\"2024-02-26T14:04:59+00:00\" \/>\n<meta property=\"og:image\" content=\"https:\/\/www.toulouse-tourisme.com\/assets\/uploads\/sites\/3\/2023\/11\/canal-midi.jpg\" \/>\n\t<meta property=\"og:image:width\" content=\"1920\" \/>\n\t<meta property=\"og:image:height\" content=\"1080\" \/>\n\t<meta property=\"og:image:type\" content=\"image\/jpeg\" \/>\n<meta name=\"twitter:card\" content=\"summary_large_image\" \/>\n<meta name=\"twitter:label1\" content=\"Tiempo de lectura\" \/>\n\t<meta name=\"twitter:data1\" content=\"1 minuto\" \/>\n<script type=\"application\/ld+json\" class=\"yoast-schema-graph\">{\"@context\":\"https:\/\/schema.org\",\"@graph\":[{\"@type\":\"WebPage\",\"@id\":\"https:\/\/www.toulouse-tourisme.com\/es\/en-bicicleta-por-el-canal-du-midi\/\",\"url\":\"https:\/\/www.toulouse-tourisme.com\/es\/en-bicicleta-por-el-canal-du-midi\/\",\"name\":\"En bicicleta por el Canal du Midi - Toulouse Tourisme\",\"isPartOf\":{\"@id\":\"https:\/\/www.toulouse-tourisme.com\/es\/#website\"},\"primaryImageOfPage\":{\"@id\":\"https:\/\/www.toulouse-tourisme.com\/es\/en-bicicleta-por-el-canal-du-midi\/#primaryimage\"},\"image\":{\"@id\":\"https:\/\/www.toulouse-tourisme.com\/es\/en-bicicleta-por-el-canal-du-midi\/#primaryimage\"},\"thumbnailUrl\":\"https:\/\/www.toulouse-tourisme.com\/assets\/uploads\/sites\/3\/2023\/11\/canal-midi.jpg\",\"datePublished\":\"2024-01-18T09:07:02+00:00\",\"dateModified\":\"2024-02-26T14:04:59+00:00\",\"description\":\"Sum\u00e9rjase en la fabulosa historia del Canal du Midi, dise\u00f1ado en el siglo XVII por Pierre-Paul Riquet.\",\"breadcrumb\":{\"@id\":\"https:\/\/www.toulouse-tourisme.com\/es\/en-bicicleta-por-el-canal-du-midi\/#breadcrumb\"},\"inLanguage\":\"es\",\"potentialAction\":[{\"@type\":\"ReadAction\",\"target\":[\"https:\/\/www.toulouse-tourisme.com\/es\/en-bicicleta-por-el-canal-du-midi\/\"]}]},{\"@type\":\"ImageObject\",\"inLanguage\":\"es\",\"@id\":\"https:\/\/www.toulouse-tourisme.com\/es\/en-bicicleta-por-el-canal-du-midi\/#primaryimage\",\"url\":\"https:\/\/www.toulouse-tourisme.com\/assets\/uploads\/sites\/3\/2023\/11\/canal-midi.jpg\",\"contentUrl\":\"https:\/\/www.toulouse-tourisme.com\/assets\/uploads\/sites\/3\/2023\/11\/canal-midi.jpg\",\"width\":1920,\"height\":1080,\"caption\":\"Le canal du Midi \u00a9 Yvon52 - Adobe Stock\"},{\"@type\":\"BreadcrumbList\",\"@id\":\"https:\/\/www.toulouse-tourisme.com\/es\/en-bicicleta-por-el-canal-du-midi\/#breadcrumb\",\"itemListElement\":[{\"@type\":\"ListItem\",\"position\":1,\"name\":\"Inicio\",\"item\":\"https:\/\/www.toulouse-tourisme.com\/es\/\"},{\"@type\":\"ListItem\",\"position\":2,\"name\":\"En bicicleta por el Canal du Midi\"}]},{\"@type\":\"WebSite\",\"@id\":\"https:\/\/www.toulouse-tourisme.com\/es\/#website\",\"url\":\"https:\/\/www.toulouse-tourisme.com\/es\/\",\"name\":\"Toulouse Tourisme\",\"description\":\"\",\"publisher\":{\"@id\":\"https:\/\/www.toulouse-tourisme.com\/es\/#organization\"},\"potentialAction\":[{\"@type\":\"SearchAction\",\"target\":{\"@type\":\"EntryPoint\",\"urlTemplate\":\"https:\/\/www.toulouse-tourisme.com\/es\/?s={search_term_string}\"},\"query-input\":{\"@type\":\"PropertyValueSpecification\",\"valueRequired\":true,\"valueName\":\"search_term_string\"}}],\"inLanguage\":\"es\"},{\"@type\":\"Organization\",\"@id\":\"https:\/\/www.toulouse-tourisme.com\/es\/#organization\",\"name\":\"Toulouse Tourisme\",\"url\":\"https:\/\/www.toulouse-tourisme.com\/es\/\",\"logo\":{\"@type\":\"ImageObject\",\"inLanguage\":\"es\",\"@id\":\"https:\/\/www.toulouse-tourisme.com\/es\/#\/schema\/logo\/image\/\",\"url\":\"https:\/\/www.toulouse-tourisme.com\/assets\/uploads\/sites\/3\/2023\/10\/toulouse.svg\",\"contentUrl\":\"https:\/\/www.toulouse-tourisme.com\/assets\/uploads\/sites\/3\/2023\/10\/toulouse.svg\",\"width\":220,\"height\":61,\"caption\":\"Toulouse Tourisme\"},\"image\":{\"@id\":\"https:\/\/www.toulouse-tourisme.com\/es\/#\/schema\/logo\/image\/\"},\"sameAs\":[\"https:\/\/www.facebook.com\/Toulouse.tourisme\/\",\"https:\/\/www.instagram.com\/visiteztoulouse\/\",\"https:\/\/www.youtube.com\/@VisitezToulouse\",\"https:\/\/fr.pinterest.com\/visiteztoulouse\/\"]}]}<\/script>\n<!-- \/ Yoast SEO plugin. -->","yoast_head_json":{"title":"En bicicleta por el Canal du Midi - Toulouse Tourisme","description":"Sum\u00e9rjase en la fabulosa historia del Canal du Midi, dise\u00f1ado en el siglo XVII por Pierre-Paul Riquet.","robots":{"index":"index","follow":"follow","max-snippet":"max-snippet:-1","max-image-preview":"max-image-preview:large","max-video-preview":"max-video-preview:-1"},"canonical":"https:\/\/www.toulouse-tourisme.com\/es\/en-bicicleta-por-el-canal-du-midi\/","og_locale":"es_ES","og_type":"article","og_title":"En bicicleta por el Canal du Midi - Toulouse Tourisme","og_description":"Sum\u00e9rjase en la fabulosa historia del Canal du Midi, dise\u00f1ado en el siglo XVII por Pierre-Paul Riquet.","og_url":"https:\/\/www.toulouse-tourisme.com\/es\/en-bicicleta-por-el-canal-du-midi\/","og_site_name":"Toulouse Tourisme","article_publisher":"https:\/\/www.facebook.com\/Toulouse.tourisme\/","article_modified_time":"2024-02-26T14:04:59+00:00","og_image":[{"width":1920,"height":1080,"url":"https:\/\/www.toulouse-tourisme.com\/assets\/uploads\/sites\/3\/2023\/11\/canal-midi.jpg","type":"image\/jpeg"}],"twitter_card":"summary_large_image","twitter_misc":{"Tiempo de lectura":"1 minuto"},"schema":{"@context":"https:\/\/schema.org","@graph":[{"@type":"WebPage","@id":"https:\/\/www.toulouse-tourisme.com\/es\/en-bicicleta-por-el-canal-du-midi\/","url":"https:\/\/www.toulouse-tourisme.com\/es\/en-bicicleta-por-el-canal-du-midi\/","name":"En bicicleta por el Canal du Midi - Toulouse Tourisme","isPartOf":{"@id":"https:\/\/www.toulouse-tourisme.com\/es\/#website"},"primaryImageOfPage":{"@id":"https:\/\/www.toulouse-tourisme.com\/es\/en-bicicleta-por-el-canal-du-midi\/#primaryimage"},"image":{"@id":"https:\/\/www.toulouse-tourisme.com\/es\/en-bicicleta-por-el-canal-du-midi\/#primaryimage"},"thumbnailUrl":"https:\/\/www.toulouse-tourisme.com\/assets\/uploads\/sites\/3\/2023\/11\/canal-midi.jpg","datePublished":"2024-01-18T09:07:02+00:00","dateModified":"2024-02-26T14:04:59+00:00","description":"Sum\u00e9rjase en la fabulosa historia del Canal du Midi, dise\u00f1ado en el siglo XVII por Pierre-Paul Riquet.","breadcrumb":{"@id":"https:\/\/www.toulouse-tourisme.com\/es\/en-bicicleta-por-el-canal-du-midi\/#breadcrumb"},"inLanguage":"es","potentialAction":[{"@type":"ReadAction","target":["https:\/\/www.toulouse-tourisme.com\/es\/en-bicicleta-por-el-canal-du-midi\/"]}]},{"@type":"ImageObject","inLanguage":"es","@id":"https:\/\/www.toulouse-tourisme.com\/es\/en-bicicleta-por-el-canal-du-midi\/#primaryimage","url":"https:\/\/www.toulouse-tourisme.com\/assets\/uploads\/sites\/3\/2023\/11\/canal-midi.jpg","contentUrl":"https:\/\/www.toulouse-tourisme.com\/assets\/uploads\/sites\/3\/2023\/11\/canal-midi.jpg","width":1920,"height":1080,"caption":"Le canal du Midi \u00a9 Yvon52 - Adobe Stock"},{"@type":"BreadcrumbList","@id":"https:\/\/www.toulouse-tourisme.com\/es\/en-bicicleta-por-el-canal-du-midi\/#breadcrumb","itemListElement":[{"@type":"ListItem","position":1,"name":"Inicio","item":"https:\/\/www.toulouse-tourisme.com\/es\/"},{"@type":"ListItem","position":2,"name":"En bicicleta por el Canal du Midi"}]},{"@type":"WebSite","@id":"https:\/\/www.toulouse-tourisme.com\/es\/#website","url":"https:\/\/www.toulouse-tourisme.com\/es\/","name":"Toulouse Tourisme","description":"","publisher":{"@id":"https:\/\/www.toulouse-tourisme.com\/es\/#organization"},"potentialAction":[{"@type":"SearchAction","target":{"@type":"EntryPoint","urlTemplate":"https:\/\/www.toulouse-tourisme.com\/es\/?s={search_term_string}"},"query-input":{"@type":"PropertyValueSpecification","valueRequired":true,"valueName":"search_term_string"}}],"inLanguage":"es"},{"@type":"Organization","@id":"https:\/\/www.toulouse-tourisme.com\/es\/#organization","name":"Toulouse Tourisme","url":"https:\/\/www.toulouse-tourisme.com\/es\/","logo":{"@type":"ImageObject","inLanguage":"es","@id":"https:\/\/www.toulouse-tourisme.com\/es\/#\/schema\/logo\/image\/","url":"https:\/\/www.toulouse-tourisme.com\/assets\/uploads\/sites\/3\/2023\/10\/toulouse.svg","contentUrl":"https:\/\/www.toulouse-tourisme.com\/assets\/uploads\/sites\/3\/2023\/10\/toulouse.svg","width":220,"height":61,"caption":"Toulouse Tourisme"},"image":{"@id":"https:\/\/www.toulouse-tourisme.com\/es\/#\/schema\/logo\/image\/"},"sameAs":["https:\/\/www.facebook.com\/Toulouse.tourisme\/","https:\/\/www.instagram.com\/visiteztoulouse\/","https:\/\/www.youtube.com\/@VisitezToulouse","https:\/\/fr.pinterest.com\/visiteztoulouse\/"]}]}},"_links":{"self":[{"href":"https:\/\/www.toulouse-tourisme.com\/es\/wp-json\/wp\/v2\/pages\/12430","targetHints":{"allow":["GET"]}}],"collection":[{"href":"https:\/\/www.toulouse-tourisme.com\/es\/wp-json\/wp\/v2\/pages"}],"about":[{"href":"https:\/\/www.toulouse-tourisme.com\/es\/wp-json\/wp\/v2\/types\/page"}],"author":[{"embeddable":true,"href":"https:\/\/www.toulouse-tourisme.com\/es\/wp-json\/wp\/v2\/users\/3"}],"replies":[{"embeddable":true,"href":"https:\/\/www.toulouse-tourisme.com\/es\/wp-json\/wp\/v2\/comments?post=12430"}],"version-history":[{"count":0,"href":"https:\/\/www.toulouse-tourisme.com\/es\/wp-json\/wp\/v2\/pages\/12430\/revisions"}],"wp:featuredmedia":[{"embeddable":true,"href":"https:\/\/www.toulouse-tourisme.com\/es\/wp-json\/wp\/v2\/media\/6698"}],"wp:attachment":[{"href":"https:\/\/www.toulouse-tourisme.com\/es\/wp-json\/wp\/v2\/media?parent=12430"}],"curies":[{"name":"wp","href":"https:\/\/api.w.org\/{rel}","templated":true}]}}