{"id":62949,"date":"2023-12-04T17:15:09","date_gmt":"2023-12-04T16:15:09","guid":{"rendered":"https:\/\/www.toulouse-tourisme.com\/mentions-legales\/"},"modified":"2024-11-12T10:38:09","modified_gmt":"2024-11-12T09:38:09","slug":"legal-information","status":"publish","type":"page","link":"https:\/\/www.toulouse-tourisme.com\/en\/legal-information\/","title":{"rendered":"Legal information"},"content":{"rendered":"\n<div class=\"wp-block-group alignfull has-global-padding is-layout-constrained wp-container-core-group-is-layout-8e64dd9a wp-block-group-is-layout-constrained\" style=\"padding-right:var(--wp--preset--spacing--large);padding-left:var(--wp--preset--spacing--large)\">\n<section class=\"wp-block-group alignfull pattern-text has-global-padding is-content-justification-center is-layout-constrained wp-block-group-is-layout-constrained\">\n<h2 class=\"wp-block-heading\">Site published by:<\/h2>\n\n\n\n<p><strong>Toulouse Team<\/strong><br>Toulouse Team est l&#8217;agence d&#8217;attractivit\u00e9 de Toulouse M\u00e9tropole<br>2, rue d\u2019Alsace-Lorraine \u2013 31000 Toulouse \u2013 France<\/p>\n\n\n\n<p>D\u00e9nomination sociale :<br>Nom de la soci\u00e9t\u00e9 : SPL Agence d\u2019attractivit\u00e9 de Toulouse M\u00e9tropole<br>SIREN de la SPL : 903 494 276<br>SIRET de la SPL : 90349427600012<br>N\u00b0 de TVA intracommunautaire de la SPL : FR06903494276<br>Code APE de la SPL : 7990Z<\/p>\n\n\n\n<p>Contact\u00a0<a href=\"mailto:contact@toulouse-team.com\">contact@toulouse-team.com<\/a><\/p>\n\n\n\n<p><strong>Directeur de la publication :&nbsp;<\/strong>Patrice VASSAL, Directeur g\u00e9n\u00e9ral de l&#8217;Agence d&#8217;attractivit\u00e9 de Toulouse M\u00e9tropole.<\/p>\n\n\n\n<p>L&#8217;\u00e9diteur s&#8217;engage \u00e0 respecter l&#8217;ensemble des lois concernant la mise en place et l&#8217;activit\u00e9 d&#8217;un site Internet.<\/p>\n<\/section>\n\n\n\n<section class=\"wp-block-group alignfull pattern-text has-global-padding is-content-justification-center is-layout-constrained wp-block-group-is-layout-constrained\">\n<h2 class=\"wp-block-heading\">Site created and hosted by:<\/h2>\n\n\n\n<p><strong>Faire-Savoir<\/strong><br>Parc Horizon de la Haute Borne<br>2\/6 avenue de l&#8217;Horizon &#8211; B\u00e2timent 4 &#8211; 59650 VILLENEUVE D&#8217;ASCQ<\/p>\n\n\n\n<p><a href=\"mailto:contact@faire-savoir.com\">contact@faire-savoir.com<\/a>&nbsp;&nbsp;&#8211;&nbsp;&nbsp;<a href=\"http:\/\/www.faire-savoir.com\/\" target=\"_blank\" rel=\"noreferrer noopener\">www.faire-savoir.com<\/a><\/p>\n<\/section>\n\n\n\n<section class=\"wp-block-group alignfull pattern-text has-global-padding is-content-justification-center is-layout-constrained wp-block-group-is-layout-constrained\">\n<h2 class=\"wp-block-heading\">Access to the site<\/h2>\n\n\n\n<p>L\u2019acc\u00e8s \u00e0 l\u2019url&nbsp;<a href=\"https:\/\/www.toulouse-tourisme.com\/\">www.toulouse-tourisme.com<\/a>&nbsp;est gratuit. Les frais d\u2019acc\u00e8s et d\u2019utilisation du r\u00e9seau de t\u00e9l\u00e9communication sont \u00e0 la charge de tout utilisateur du site, selon les modalit\u00e9s fix\u00e9es par ses fournisseurs d\u2019acc\u00e8s et op\u00e9rateurs de t\u00e9l\u00e9communication.<\/p>\n\n\n\n<p>Il est rappel\u00e9 que le fait d\u2019acc\u00e9der ou de se maintenir frauduleusement dans un syst\u00e8me informatique, d\u2019entraver ou de fausser le fonctionnement d\u2019un tel syst\u00e8me, d\u2019introduire ou de modifier frauduleusement des donn\u00e9es dans un syst\u00e8me informatique constitue des d\u00e9lits passibles de sanctions p\u00e9nales.<\/p>\n\n\n\n<p>L&#8217;utilisateur du site internet&nbsp;<a href=\"https:\/\/www.toulouse-tourisme.com\/\">www.toulouse-tourisme.com<\/a>&nbsp;reconnait disposer de la comp\u00e9tence et des moyens n\u00e9cessaires pour acc\u00e9der et utiliser ce site internet.<\/p>\n\n\n\n<p>Les utilisateurs&nbsp;du site web sont tenus de respecter les dispositions de&nbsp;la loi relative \u00e0 l&#8217;informatique, aux fichiers et aux libert\u00e9s, dont la violation est passible de sanctions p\u00e9nales.<\/p>\n\n\n\n<p>Ils doivent notamment s&#8217;abstenir, s&#8217;agissant d&#8217;informations nominatives auxquelles ils acc\u00e8dent, de toute collecte, de toute utilisation d\u00e9tourn\u00e9e et d&#8217;une mani\u00e8re g\u00e9n\u00e9rale de tout acte susceptible de porter atteinte \u00e0 la vie priv\u00e9e ou \u00e0 la r\u00e9putation des personnes.<\/p>\n<\/section>\n\n\n\n<section class=\"wp-block-group alignfull pattern-text has-global-padding is-content-justification-center is-layout-constrained wp-block-group-is-layout-constrained\">\n<h2 class=\"wp-block-heading\">Contenu du site<\/h2>\n\n\n\n<p>Toulouse Team s&#8217;efforce d&#8217;assurer l&#8217;exactitude et la mise \u00e0 jour des informations diffus\u00e9es sur ce site, et se r\u00e9serve le droit de modifier, \u00e0 tout moment et sans pr\u00e9avis, le contenu ou la pr\u00e9sentation de ce site. Il ne peut cependant en garantir l&#8217;exhaustivit\u00e9.<\/p>\n\n\n\n<p>Toulouse Team d\u00e9cline toute responsabilit\u00e9 en cas d\u2019erreur ou d\u2019omission quant au contenu des pr\u00e9sentes pages de m\u00eame qu\u2019en cas d\u2019interruption ou d\u2019indisponibilit\u00e9 du service. Ce site Internet n&#8217;est pas contractuel. Les informations sont donn\u00e9es \u00e0 titre indicatif et il est recommand\u00e9 de se les faire confirmer.<\/p>\n\n\n\n<p>\u00c0 ce titre la responsabilit\u00e9 de Toulouse Team ne saurait en aucun cas \u00eatre retenue lors de dommages indirects quels qu\u2019ils soient.<\/p>\n\n\n\n<p>Toulouse Team ne peut \u00eatre tenu responsable de toute d\u00e9cision prise sur la base d\u2019une information contenue sur ce site, ni de l\u2019utilisation qui pourrait en \u00eatre faite par des tiers et se d\u00e9gage en particulier de toute responsabilit\u00e9 d\u00e9coulant de la transmission d\u2019informations confidentielles sur le r\u00e9seau Internet.<\/p>\n\n\n\n<p>Toulouse Team ne saurait \u00eatre tenu responsable des \u00e9l\u00e9ments en dehors de son contr\u00f4le et des dommages qui pourraient \u00e9ventuellement \u00eatre subis par&nbsp;l&#8217;environnement technique de tout utilisateur (ordinateurs, logiciels, \u00e9quipements r\u00e9seaux,modems, t\u00e9l\u00e9phones&#8230;) et tout mat\u00e9riel utilis\u00e9 pour acc\u00e9der au site web.<\/p>\n\n\n\n<p>Toute personne d\u00e9sireuse de se procurer un des services pr\u00e9sent\u00e9s sur le site devra contacter Toulouse Team afin de s&#8217;informer de la disponibilit\u00e9 du service en question ainsi que des conditions contractuelles et des tarifs qui lui sont applicables.<\/p>\n\n\n\n<p>Nous remercions les utilisateurs du site de nous faire part d&#8217;\u00e9ventuelles omissions, erreurs ou corrections, en adressant un m\u00e9l au webmestre du site \u00e0 l&#8217;adresse&nbsp;<a href=\"mailto:webmaster@toulouse-team.com\">webmaster@toulouse-team.com<\/a>.<\/p>\n<\/section>\n\n\n\n<section class=\"wp-block-group alignfull pattern-text has-global-padding is-content-justification-center is-layout-constrained wp-block-group-is-layout-constrained\">\n<h3 class=\"wp-block-heading\">Droits d&#8217;auteur et droits de reproduction<\/h3>\n\n\n\n<p>L&#8217;ensemble de ce site rel\u00e8ve de la l\u00e9gislation fran\u00e7aise et internationale sur le droit d&#8217;auteur et la propri\u00e9t\u00e9 intellectuelle. Tous les droits de reproduction sont r\u00e9serv\u00e9s, y compris les repr\u00e9sentations iconographiques et photographiques.<\/p>\n\n\n\n<p>La reproduction de tout ou partie de ce site sur un support quel qu&#8217;il soit, est formellement interdite sauf autorisation expresse du responsable du site Internet.<\/p>\n\n\n\n<p>La reproduction des textes sur un support papier est autoris\u00e9e sous r\u00e9serve du respect des trois conditions suivantes :<\/p>\n\n\n\n<ul class=\"wp-block-list\">\n<li>gratuit\u00e9 de la diffusion ;<\/li>\n\n\n\n<li>respect de l&#8217;int\u00e9grit\u00e9 des documents reproduits (pas de modification ni alt\u00e9ration) ;<\/li>\n\n\n\n<li>citation claire et lisible de la source sous la forme suivante : &#8220;Document issu du site Internet&nbsp;<a href=\"https:\/\/www.toulouse-tourisme.com\/\">www.toulouse-tourisme.com<\/a>. Les droits de reproduction sont r\u00e9serv\u00e9s et strictement limit\u00e9s.&#8221;.<\/li>\n<\/ul>\n\n\n\n<p>Pour toute autre utilisation, veuillez nous consulter.<\/p>\n\n\n\n<p>Conform\u00e9ment au code de la propri\u00e9t\u00e9 intellectuelle, ces repr\u00e9sentations iconographiques et photographiques restent la propri\u00e9t\u00e9 de leurs auteurs. La reproduction de ces photographies et illustrations est interdite sans autorisation pr\u00e9alable.<\/p>\n<\/section>\n\n\n\n<section class=\"wp-block-group alignfull pattern-text has-global-padding is-content-justification-center is-layout-constrained wp-block-group-is-layout-constrained\">\n<h2 class=\"wp-block-heading\">Propri\u00e9t\u00e9<\/h2>\n\n\n\n<p>La structure g\u00e9n\u00e9rale, ainsi que les logiciels, textes, images anim\u00e9es ou fixes, sons, savoir-faire, dessins, graphismes et tous les autres \u00e9l\u00e9ments composant&nbsp;le site&nbsp;<a href=\"https:\/\/www.toulouse-tourisme.com\/\">www.toulouse-tourisme.com<\/a>&nbsp;sont de l&#8217;utilisation exclusive de Toulouse Team.<\/p>\n\n\n\n<p>Toute repr\u00e9sentation totale ou partielle de ce site, par quelque proc\u00e9d\u00e9 que ce soit, sans autorisation expresse de Toulouse Team, est interdite et constituerait une contrefa\u00e7on sanctionn\u00e9e par les articles L335-2 et suivants du Code la propri\u00e9t\u00e9 intellectuelle.<\/p>\n<\/section>\n\n\n\n<section class=\"wp-block-group alignfull pattern-text has-global-padding is-content-justification-center is-layout-constrained wp-block-group-is-layout-constrained\">\n<h2 class=\"wp-block-heading\">Donn\u00e9es personnelles<\/h2>\n\n\n\n<p>Les informations envoy\u00e9es sont destin\u00e9es \u00e0 Toulouse Team, soci\u00e9t\u00e9 publique locale immatricul\u00e9e au Registre du commerce et des soci\u00e9t\u00e9s de Toulouse sous le num\u00e9ro 903 494 276, qui traitera vos demandes d&#8217;informations.<br>Les personnes physiques dont des donn\u00e9es personnelles seraient collect\u00e9es peuvent exercer apr\u00e8s de l\u2019Agence d\u2019attractivit\u00e9 les droits instaur\u00e9s par le R\u00e8glement (UE) 2016\/679 du Parlement europ\u00e9en et du Conseil du 27 avril 2016 dit r\u00e8glement g\u00e9n\u00e9ral sur la protection des donn\u00e9es (RGPD). Ces droits sont notamment les suivants :<br>&#8211; droit d\u2019acc\u00e8s aux donn\u00e9es (article 15 du RGPD) ;<br>&#8211; droit de rectification des donn\u00e9es (article 16 du RGPD) ;<br>&#8211; droit \u00e0 l\u2019effacement (article 17 du RGPD) ;<br>&#8211; droit \u00e0 la limitation du traitement (article 18 du RGPD) ;<br>&#8211; droit \u00e0 la portabilit\u00e9 des donn\u00e9es (article 20 du RGPD) ;<br>&#8211; droit d&#8217;opposition (article 21 du RGPD).<br>&nbsp;<br>Le r\u00e8glement sur la protection des donn\u00e9es est notamment accessible sur le site internet de la Commission nationale de l&#8217;informatique et des libert\u00e9s (CNIL), rubrique \u00ab R\u00e8glement europ\u00e9en \u00bb :&nbsp;<a href=\"https:\/\/cnil.fr\/fr\/reglement-europeen-protection-donnees\" target=\"_blank\" rel=\"noreferrer noopener\">https:\/\/cnil.fr\/fr\/reglement-europeen-protection-donnees<\/a><br>&nbsp;<br>Pour exercer ces droits, adressez-vous au gestionnaire du site :<br>Toulouse Team &#8211; l&#8217;agence d&#8217;attractivit\u00e9 de Toulouse M\u00e9tropole<br>2, rue d\u2019Alsace-Lorraine \u2013 31000 Toulouse \u2013 France<br>T\u00e9l. : 05 34 25 58 20<br><a href=\"mailto:webmaster@toulouse-team.com\">webmaster@toulouse-team.com<\/a><\/p>\n<\/section>\n\n\n\n<section class=\"wp-block-group alignfull pattern-text has-global-padding is-content-justification-center is-layout-constrained wp-block-group-is-layout-constrained\">\n<h2 class=\"wp-block-heading\">Confidentialit\u00e9 des courriers<\/h2>\n\n\n\n<p>Il est rappel\u00e9 que le secret des correspondances n&#8217;est pas garanti sur le r\u00e9seau Internet et qu&#8217;il appartient \u00e0 chaque utilisateur d&#8217;Internet de prendre toutes les mesures appropri\u00e9es de fa\u00e7on \u00e0 prot\u00e9ger ses propres donn\u00e9es et\/ou logiciels de la contamination d&#8217;\u00e9ventuels virus circulant sur Internet.<br>Concernant les informations relatives \u00e0 l&#8217;envoi de courriers \u00e9lectroniques nous vous informons que les courriers \u00e9lectroniques sont conserv\u00e9s sur support informatique le temps pour Toulouse Team de fournir une r\u00e9ponse.<\/p>\n<\/section>\n\n\n\n<section class=\"wp-block-group alignfull pattern-text has-global-padding is-content-justification-center is-layout-constrained wp-block-group-is-layout-constrained\">\n<h2 class=\"wp-block-heading\">Liens hypertextes<\/h2>\n\n\n\n<p>Le site&nbsp;<a href=\"https:\/\/www.toulouse-tourisme.com\/\">www.toulouse-tourisme.com<\/a>&nbsp;propose des liens vers d&#8217;autres sites. Ces sites, dont les adresses sont r\u00e9guli\u00e8rement v\u00e9rifi\u00e9es, ne font pas partie du site&nbsp;<a href=\"https:\/\/www.toulouse-tourisme.com\/\">www.toulouse-tourisme.com<\/a><\/p>\n\n\n\n<p>Toulouse Team n&#8217;a pas la ma\u00eetrise de leur contenu et d\u00e9cline toute responsabilit\u00e9 quant aux informations qui y sont pr\u00e9sent\u00e9es.<\/p>\n\n\n\n<p>En cons\u00e9quence, Les liens hypertextes \u00e9tablis en direction d&#8217;autres sites \u00e0 partir de&nbsp;<a href=\"https:\/\/www.toulouse-tourisme.com\/\">www.toulouse-tourisme.com<\/a>&nbsp;ne sauraient, en aucun cas, engager la responsabilit\u00e9 de Toulouse Team.<\/p>\n\n\n\n<p>Par ailleurs, Toulouse Team n&#8217;est pas responsable des liens hypertextes pointant vers le pr\u00e9sent site et la cr\u00e9ation de liens hypertextes vers l\u2019url&nbsp;<a href=\"https:\/\/www.toulouse-tourisme.com\/\">www.toulouse-tourisme.com<\/a>&nbsp;est soumis \u00e0 l&#8217;accord expresse pr\u00e9alable de Toulouse Team.<\/p>\n<\/section>\n\n\n\n<section class=\"wp-block-group alignfull pattern-text has-global-padding is-content-justification-center is-layout-constrained wp-block-group-is-layout-constrained\">\n<h2 class=\"wp-block-heading\">Loi applicable<\/h2>\n\n\n\n<p>L&#8217;usage du&nbsp;site est r\u00e9gi par la loi fran\u00e7aise \u00e0 l&#8217;exception de toute autre l\u00e9gislation.<\/p>\n<\/section>\n<\/div>\n","protected":false},"excerpt":{"rendered":"<p>Site published by: Toulouse TeamToulouse Team est l&#8217;agence d&#8217;attractivit\u00e9 de Toulouse M\u00e9tropole2, rue d\u2019Alsace-Lorraine \u2013 31000 Toulouse \u2013 France D\u00e9nomination sociale :Nom de la soci\u00e9t\u00e9 : SPL Agence d\u2019attractivit\u00e9 de Toulouse M\u00e9tropoleSIREN de la SPL : 903 494 276SIRET de la SPL : 90349427600012N\u00b0 de TVA intracommunautaire de la SPL : FR06903494276Code APE de la [&hellip;]<\/p>\n","protected":false},"author":3,"featured_media":6732,"parent":0,"menu_order":0,"comment_status":"closed","ping_status":"closed","template":"templates\/editorial-content.php","meta":{"_acf_changed":false,"footnotes":""},"class_list":["post-62949","page","type-page","status-publish","has-post-thumbnail","hentry"],"acf":[],"yoast_head":"<!-- This site is optimized with the Yoast SEO plugin v27.1.1 - https:\/\/yoast.com\/product\/yoast-seo-wordpress\/ -->\n<title>Legal information - Toulouse Tourisme<\/title>\n<meta name=\"description\" content=\"Legal information for the Toulouse Tourist Office website. The site is published by the Agence d&#039;attractivit\u00e9 de Toulouse M\u00e9tropole.\" \/>\n<meta name=\"robots\" content=\"index, follow, max-snippet:-1, max-image-preview:large, max-video-preview:-1\" \/>\n<link rel=\"canonical\" href=\"https:\/\/www.toulouse-tourisme.com\/en\/legal-information\/\" \/>\n<meta property=\"og:locale\" content=\"en_US\" \/>\n<meta property=\"og:type\" content=\"article\" \/>\n<meta property=\"og:title\" content=\"Legal information - Toulouse Tourisme\" \/>\n<meta property=\"og:description\" content=\"Legal information for the Toulouse Tourist Office website. The site is published by the Agence d&#039;attractivit\u00e9 de Toulouse M\u00e9tropole.\" \/>\n<meta property=\"og:url\" content=\"https:\/\/www.toulouse-tourisme.com\/en\/legal-information\/\" \/>\n<meta property=\"og:site_name\" content=\"Toulouse Tourisme\" \/>\n<meta property=\"article:publisher\" content=\"https:\/\/www.facebook.com\/Toulouse.tourisme\/\" \/>\n<meta property=\"article:modified_time\" content=\"2024-11-12T09:38:09+00:00\" \/>\n<meta property=\"og:image\" content=\"https:\/\/www.toulouse-tourisme.com\/assets\/uploads\/sites\/3\/2023\/11\/toulouse-la-ville-rose.jpg\" \/>\n\t<meta property=\"og:image:width\" content=\"1920\" \/>\n\t<meta property=\"og:image:height\" content=\"1280\" \/>\n\t<meta property=\"og:image:type\" content=\"image\/jpeg\" \/>\n<meta name=\"twitter:card\" content=\"summary_large_image\" \/>\n<meta name=\"twitter:label1\" content=\"Est. reading time\" \/>\n\t<meta name=\"twitter:data1\" content=\"7 minutes\" \/>\n<script type=\"application\/ld+json\" class=\"yoast-schema-graph\">{\"@context\":\"https:\/\/schema.org\",\"@graph\":[{\"@type\":\"WebPage\",\"@id\":\"https:\/\/www.toulouse-tourisme.com\/en\/legal-information\/\",\"url\":\"https:\/\/www.toulouse-tourisme.com\/en\/legal-information\/\",\"name\":\"Legal information - Toulouse Tourisme\",\"isPartOf\":{\"@id\":\"https:\/\/www.toulouse-tourisme.com\/en\/#website\"},\"primaryImageOfPage\":{\"@id\":\"https:\/\/www.toulouse-tourisme.com\/en\/legal-information\/#primaryimage\"},\"image\":{\"@id\":\"https:\/\/www.toulouse-tourisme.com\/en\/legal-information\/#primaryimage\"},\"thumbnailUrl\":\"https:\/\/www.toulouse-tourisme.com\/assets\/uploads\/sites\/3\/2023\/11\/toulouse-la-ville-rose.jpg\",\"datePublished\":\"2023-12-04T16:15:09+00:00\",\"dateModified\":\"2024-11-12T09:38:09+00:00\",\"description\":\"Legal information for the Toulouse Tourist Office website. The site is published by the Agence d'attractivit\u00e9 de Toulouse M\u00e9tropole.\",\"breadcrumb\":{\"@id\":\"https:\/\/www.toulouse-tourisme.com\/en\/legal-information\/#breadcrumb\"},\"inLanguage\":\"en-US\",\"potentialAction\":[{\"@type\":\"ReadAction\",\"target\":[\"https:\/\/www.toulouse-tourisme.com\/en\/legal-information\/\"]}]},{\"@type\":\"ImageObject\",\"inLanguage\":\"en-US\",\"@id\":\"https:\/\/www.toulouse-tourisme.com\/en\/legal-information\/#primaryimage\",\"url\":\"https:\/\/www.toulouse-tourisme.com\/assets\/uploads\/sites\/3\/2023\/11\/toulouse-la-ville-rose.jpg\",\"contentUrl\":\"https:\/\/www.toulouse-tourisme.com\/assets\/uploads\/sites\/3\/2023\/11\/toulouse-la-ville-rose.jpg\",\"width\":1920,\"height\":1280,\"caption\":\"La Ville rose \u00a9 R\u00e9mi Deligeon\"},{\"@type\":\"BreadcrumbList\",\"@id\":\"https:\/\/www.toulouse-tourisme.com\/en\/legal-information\/#breadcrumb\",\"itemListElement\":[{\"@type\":\"ListItem\",\"position\":1,\"name\":\"Home\",\"item\":\"https:\/\/www.toulouse-tourisme.com\/en\/\"},{\"@type\":\"ListItem\",\"position\":2,\"name\":\"Legal information\"}]},{\"@type\":\"WebSite\",\"@id\":\"https:\/\/www.toulouse-tourisme.com\/en\/#website\",\"url\":\"https:\/\/www.toulouse-tourisme.com\/en\/\",\"name\":\"Toulouse Tourisme\",\"description\":\"\",\"publisher\":{\"@id\":\"https:\/\/www.toulouse-tourisme.com\/en\/#organization\"},\"potentialAction\":[{\"@type\":\"SearchAction\",\"target\":{\"@type\":\"EntryPoint\",\"urlTemplate\":\"https:\/\/www.toulouse-tourisme.com\/en\/?s={search_term_string}\"},\"query-input\":{\"@type\":\"PropertyValueSpecification\",\"valueRequired\":true,\"valueName\":\"search_term_string\"}}],\"inLanguage\":\"en-US\"},{\"@type\":\"Organization\",\"@id\":\"https:\/\/www.toulouse-tourisme.com\/en\/#organization\",\"name\":\"Toulouse Tourisme\",\"url\":\"https:\/\/www.toulouse-tourisme.com\/en\/\",\"logo\":{\"@type\":\"ImageObject\",\"inLanguage\":\"en-US\",\"@id\":\"https:\/\/www.toulouse-tourisme.com\/en\/#\/schema\/logo\/image\/\",\"url\":\"https:\/\/www.toulouse-tourisme.com\/assets\/uploads\/sites\/3\/2023\/10\/toulouse.svg\",\"contentUrl\":\"https:\/\/www.toulouse-tourisme.com\/assets\/uploads\/sites\/3\/2023\/10\/toulouse.svg\",\"width\":220,\"height\":61,\"caption\":\"Toulouse Tourisme\"},\"image\":{\"@id\":\"https:\/\/www.toulouse-tourisme.com\/en\/#\/schema\/logo\/image\/\"},\"sameAs\":[\"https:\/\/www.facebook.com\/Toulouse.tourisme\/\",\"https:\/\/www.instagram.com\/visiteztoulouse\/\",\"https:\/\/www.youtube.com\/@VisitezToulouse\",\"https:\/\/fr.pinterest.com\/visiteztoulouse\/\"]}]}<\/script>\n<!-- \/ Yoast SEO plugin. -->","yoast_head_json":{"title":"Legal information - Toulouse Tourisme","description":"Legal information for the Toulouse Tourist Office website. The site is published by the Agence d'attractivit\u00e9 de Toulouse M\u00e9tropole.","robots":{"index":"index","follow":"follow","max-snippet":"max-snippet:-1","max-image-preview":"max-image-preview:large","max-video-preview":"max-video-preview:-1"},"canonical":"https:\/\/www.toulouse-tourisme.com\/en\/legal-information\/","og_locale":"en_US","og_type":"article","og_title":"Legal information - Toulouse Tourisme","og_description":"Legal information for the Toulouse Tourist Office website. The site is published by the Agence d'attractivit\u00e9 de Toulouse M\u00e9tropole.","og_url":"https:\/\/www.toulouse-tourisme.com\/en\/legal-information\/","og_site_name":"Toulouse Tourisme","article_publisher":"https:\/\/www.facebook.com\/Toulouse.tourisme\/","article_modified_time":"2024-11-12T09:38:09+00:00","og_image":[{"width":1920,"height":1280,"url":"https:\/\/www.toulouse-tourisme.com\/assets\/uploads\/sites\/3\/2023\/11\/toulouse-la-ville-rose.jpg","type":"image\/jpeg"}],"twitter_card":"summary_large_image","twitter_misc":{"Est. reading time":"7 minutes"},"schema":{"@context":"https:\/\/schema.org","@graph":[{"@type":"WebPage","@id":"https:\/\/www.toulouse-tourisme.com\/en\/legal-information\/","url":"https:\/\/www.toulouse-tourisme.com\/en\/legal-information\/","name":"Legal information - Toulouse Tourisme","isPartOf":{"@id":"https:\/\/www.toulouse-tourisme.com\/en\/#website"},"primaryImageOfPage":{"@id":"https:\/\/www.toulouse-tourisme.com\/en\/legal-information\/#primaryimage"},"image":{"@id":"https:\/\/www.toulouse-tourisme.com\/en\/legal-information\/#primaryimage"},"thumbnailUrl":"https:\/\/www.toulouse-tourisme.com\/assets\/uploads\/sites\/3\/2023\/11\/toulouse-la-ville-rose.jpg","datePublished":"2023-12-04T16:15:09+00:00","dateModified":"2024-11-12T09:38:09+00:00","description":"Legal information for the Toulouse Tourist Office website. The site is published by the Agence d'attractivit\u00e9 de Toulouse M\u00e9tropole.","breadcrumb":{"@id":"https:\/\/www.toulouse-tourisme.com\/en\/legal-information\/#breadcrumb"},"inLanguage":"en-US","potentialAction":[{"@type":"ReadAction","target":["https:\/\/www.toulouse-tourisme.com\/en\/legal-information\/"]}]},{"@type":"ImageObject","inLanguage":"en-US","@id":"https:\/\/www.toulouse-tourisme.com\/en\/legal-information\/#primaryimage","url":"https:\/\/www.toulouse-tourisme.com\/assets\/uploads\/sites\/3\/2023\/11\/toulouse-la-ville-rose.jpg","contentUrl":"https:\/\/www.toulouse-tourisme.com\/assets\/uploads\/sites\/3\/2023\/11\/toulouse-la-ville-rose.jpg","width":1920,"height":1280,"caption":"La Ville rose \u00a9 R\u00e9mi Deligeon"},{"@type":"BreadcrumbList","@id":"https:\/\/www.toulouse-tourisme.com\/en\/legal-information\/#breadcrumb","itemListElement":[{"@type":"ListItem","position":1,"name":"Home","item":"https:\/\/www.toulouse-tourisme.com\/en\/"},{"@type":"ListItem","position":2,"name":"Legal information"}]},{"@type":"WebSite","@id":"https:\/\/www.toulouse-tourisme.com\/en\/#website","url":"https:\/\/www.toulouse-tourisme.com\/en\/","name":"Toulouse Tourisme","description":"","publisher":{"@id":"https:\/\/www.toulouse-tourisme.com\/en\/#organization"},"potentialAction":[{"@type":"SearchAction","target":{"@type":"EntryPoint","urlTemplate":"https:\/\/www.toulouse-tourisme.com\/en\/?s={search_term_string}"},"query-input":{"@type":"PropertyValueSpecification","valueRequired":true,"valueName":"search_term_string"}}],"inLanguage":"en-US"},{"@type":"Organization","@id":"https:\/\/www.toulouse-tourisme.com\/en\/#organization","name":"Toulouse Tourisme","url":"https:\/\/www.toulouse-tourisme.com\/en\/","logo":{"@type":"ImageObject","inLanguage":"en-US","@id":"https:\/\/www.toulouse-tourisme.com\/en\/#\/schema\/logo\/image\/","url":"https:\/\/www.toulouse-tourisme.com\/assets\/uploads\/sites\/3\/2023\/10\/toulouse.svg","contentUrl":"https:\/\/www.toulouse-tourisme.com\/assets\/uploads\/sites\/3\/2023\/10\/toulouse.svg","width":220,"height":61,"caption":"Toulouse Tourisme"},"image":{"@id":"https:\/\/www.toulouse-tourisme.com\/en\/#\/schema\/logo\/image\/"},"sameAs":["https:\/\/www.facebook.com\/Toulouse.tourisme\/","https:\/\/www.instagram.com\/visiteztoulouse\/","https:\/\/www.youtube.com\/@VisitezToulouse","https:\/\/fr.pinterest.com\/visiteztoulouse\/"]}]}},"_links":{"self":[{"href":"https:\/\/www.toulouse-tourisme.com\/en\/wp-json\/wp\/v2\/pages\/62949","targetHints":{"allow":["GET"]}}],"collection":[{"href":"https:\/\/www.toulouse-tourisme.com\/en\/wp-json\/wp\/v2\/pages"}],"about":[{"href":"https:\/\/www.toulouse-tourisme.com\/en\/wp-json\/wp\/v2\/types\/page"}],"author":[{"embeddable":true,"href":"https:\/\/www.toulouse-tourisme.com\/en\/wp-json\/wp\/v2\/users\/3"}],"replies":[{"embeddable":true,"href":"https:\/\/www.toulouse-tourisme.com\/en\/wp-json\/wp\/v2\/comments?post=62949"}],"version-history":[{"count":0,"href":"https:\/\/www.toulouse-tourisme.com\/en\/wp-json\/wp\/v2\/pages\/62949\/revisions"}],"wp:featuredmedia":[{"embeddable":true,"href":"https:\/\/www.toulouse-tourisme.com\/en\/wp-json\/wp\/v2\/media\/6732"}],"wp:attachment":[{"href":"https:\/\/www.toulouse-tourisme.com\/en\/wp-json\/wp\/v2\/media?parent=62949"}],"curies":[{"name":"wp","href":"https:\/\/api.w.org\/{rel}","templated":true}]}}