{"id":59173,"date":"2024-06-07T10:39:35","date_gmt":"2024-06-07T08:39:35","guid":{"rendered":"https:\/\/www.toulouse-tourisme.com\/exposition-marilyn-monroe-le-secret-de-l-amerique\/"},"modified":"2024-06-20T12:42:03","modified_gmt":"2024-06-20T10:42:03","slug":"marilyn-monroe-americas-secret","status":"publish","type":"page","link":"https:\/\/www.toulouse-tourisme.com\/en\/going-out-in-toulouse\/marilyn-monroe-americas-secret\/","title":{"rendered":"Marilyn Monroe, America\u2019s secret"},"content":{"rendered":"\n<div class=\"wp-block-group has-global-padding is-layout-constrained wp-block-group-is-layout-constrained\">\n<p>The name Marilyn Monroe is associated with the image of a Hollywood icon, a white dress flying as she stands over a metal grid, that scene in a pink dress and diamonds in \u00ab Gentlemen Prefer Blondes \u00bb or even \u00ab Happy Birthday, Mister President \u00bb.<\/p>\n\n\n\n<p><strong>The exhibition \u00ab Marilyn Monroe, America\u2019s secret \u00bb, on display throughout the summer at the Espaces EDF Bazacle in Toulouse, looks behind the glamour and glitz to reveal a Marilyn who was more intimate, darker, but also very endearing.<\/strong><\/p>\n<\/div>\n\n\n\n<div class=\"wp-block-group has-global-padding is-layout-constrained wp-block-group-is-layout-constrained\">\n<h2 class=\"wp-block-heading\">A photo exhibition far removed from the usual clich\u00e9s<\/h2>\n\n\n\n<div class=\"wp-block-columns is-layout-flex wp-container-core-columns-is-layout-28f84493 wp-block-columns-is-layout-flex\">\n<div class=\"wp-block-column is-vertically-aligned-center is-layout-flow wp-block-column-is-layout-flow\" style=\"flex-basis:33.33%\">\n<figure data-wp-context=\"{&quot;imageId&quot;:&quot;69d3fda677039&quot;}\" data-wp-interactive=\"core\/image\" class=\"wp-block-image size-full wp-lightbox-container\"><img decoding=\"async\" width=\"925\" height=\"1300\" data-wp-class--hide=\"state.isContentHidden\" data-wp-class--show=\"state.isContentVisible\" data-wp-init=\"callbacks.setButtonStyles\" data-wp-on-async--click=\"actions.showLightbox\" data-wp-on-async--load=\"callbacks.setButtonStyles\" data-wp-on-async-window--resize=\"callbacks.setButtonStyles\" src=\"https:\/\/www.toulouse-tourisme.com\/assets\/uploads\/sites\/3\/2024\/06\/expo-marilyn-monroe-toulouse.jpg\" alt=\"Exposition Marilyn Monroe, le secret de l\u2019Am\u00e9rique\" class=\"wp-image-57823\" srcset=\"https:\/\/www.toulouse-tourisme.com\/assets\/uploads\/sites\/3\/2024\/06\/expo-marilyn-monroe-toulouse.jpg 925w, https:\/\/www.toulouse-tourisme.com\/assets\/uploads\/sites\/3\/2024\/06\/expo-marilyn-monroe-toulouse-600x843.jpg 600w, https:\/\/www.toulouse-tourisme.com\/assets\/uploads\/sites\/3\/2024\/06\/expo-marilyn-monroe-toulouse-400x562.jpg 400w, https:\/\/www.toulouse-tourisme.com\/assets\/uploads\/sites\/3\/2024\/06\/expo-marilyn-monroe-toulouse-768x1079.jpg 768w\" sizes=\"(max-width: 925px) 100vw, 925px\" \/><button\n\t\t\tclass=\"lightbox-trigger\"\n\t\t\ttype=\"button\"\n\t\t\taria-haspopup=\"dialog\"\n\t\t\taria-label=\"Enlarge\"\n\t\t\tdata-wp-init=\"callbacks.initTriggerButton\"\n\t\t\tdata-wp-on-async--click=\"actions.showLightbox\"\n\t\t\tdata-wp-style--right=\"state.imageButtonRight\"\n\t\t\tdata-wp-style--top=\"state.imageButtonTop\"\n\t\t>\n\t\t\t<svg xmlns=\"http:\/\/www.w3.org\/2000\/svg\" width=\"12\" height=\"12\" fill=\"none\" viewBox=\"0 0 12 12\">\n\t\t\t\t<path fill=\"#fff\" d=\"M2 0a2 2 0 0 0-2 2v2h1.5V2a.5.5 0 0 1 .5-.5h2V0H2Zm2 10.5H2a.5.5 0 0 1-.5-.5V8H0v2a2 2 0 0 0 2 2h2v-1.5ZM8 12v-1.5h2a.5.5 0 0 0 .5-.5V8H12v2a2 2 0 0 1-2 2H8Zm2-12a2 2 0 0 1 2 2v2h-1.5V2a.5.5 0 0 0-.5-.5H8V0h2Z\" \/>\n\t\t\t<\/svg>\n\t\t<\/button><figcaption class=\"wp-element-caption\">Exposition &#8220;Marilyn Monroe, le secret de l\u2019Am\u00e9rique&#8221;<\/figcaption><\/figure>\n<\/div>\n\n\n\n<div class=\"wp-block-column is-vertically-aligned-center is-layout-flow wp-block-column-is-layout-flow\" style=\"flex-basis:66.66%\">\n<p>Over two floors, 240 large-format photographs tell the story of Norma Jeane (her real name) from her chaotic childhood to her last night, between 4th and 5th August 1962.<br>The exhibition&#8217;s panels contain a wealth of anecdotes about her origins, her love life and her professional career, right down to the name of her biological father, which was only recently discovered!<\/p>\n\n\n\n<p>Personal items (a cocktail dress, jewellery, James Dean&#8217;s lighter and Marlon Brandon&#8217;s cigarette case) provide a glimpse into the star&#8217;s private life. Did you know that the actress was very committed and a great lover of literature (Proust, Hemingway, Steinbeck\u2026) and art?<\/p>\n\n\n\n<h3 class=\"wp-block-heading\">Norma Jeane vs Marilyn Monroe<\/h3>\n\n\n\n<p>As you peruse the huge images, you can share in historic events such as President John Fitzgerald Kennedy&#8217;s famous birthday party, when Marilyn wore the famous flesh-coloured dress adorned with 2,500 rhinestones, as well as family photos and holiday snaps. Other personalities from the era are also featured, including Lauren Bacall, Humphrey Bogart, Grace Kelly and Kirk Douglas.<\/p>\n\n\n\n<p>The Espaces EDF Bazacle offers you a real encounter with both Norma Jeane and Marilyn Monroe!<\/p>\n<\/div>\n<\/div>\n<\/div>\n\n\n\n<div class=\"wp-block-group has-global-padding is-layout-constrained wp-block-group-is-layout-constrained\">\n<section class=\"wp-block-group alignfull pattern-text-image has-global-padding is-layout-constrained wp-container-core-group-is-layout-c043b533 wp-block-group-is-layout-constrained\" style=\"padding-top:var(--wp--preset--spacing--x-large);padding-right:var(--wp--preset--spacing--large);padding-bottom:var(--wp--preset--spacing--x-large);padding-left:var(--wp--preset--spacing--large)\">\n<div class=\"wp-block-columns are-vertically-aligned-center is-layout-flex wp-container-core-columns-is-layout-28f84493 wp-block-columns-is-layout-flex\">\n<div class=\"wp-block-column is-vertically-aligned-center pattern-text-image__content is-layout-flow wp-block-column-is-layout-flow\">\n<p class=\"is-style-h3-surtitle\">Practical information<\/p>\n\n\n\n<h2 class=\"wp-block-heading\">Marilyn Monroe, America\u2019s secret<\/h2>\n\n\n\n<p><strong>Les<\/strong> <strong>Espaces EDF Bazacle<\/strong><br><strong>From 31st May to 3rd November 2024<\/strong><\/p>\n\n\n\n<p><strong>Opening times:<\/strong> Sunday to Wednesday, 10am to 7pm (last entry at 5.30pm). Thursday to Saturday from 10am to 10pm (last admission at 8.30pm).<\/p>\n\n\n\n<p><strong>Admission:<\/strong> adults \u20ac15, young people (aged 11 to 17) \u20ac7, over-65s \u20ac10. Free for children under 11.<br><a href=\"https:\/\/www.toulouse-tourisme.com\/en\/what-to-see-and-do\/pass-tourisme\/\">Price with Tourism Pass: \u20ac10<\/a><\/p>\n\n\n\n<p class=\"is-style-location\">11 quai St Pierre \u00e0 Toulouse<\/p>\n\n\n\n<div class=\"wp-block-buttons is-layout-flex wp-block-buttons-is-layout-flex\">\n<div class=\"wp-block-button\"><a class=\"wp-block-button__link wp-element-button\" href=\"https:\/\/lebazacle-expositions.com\/marilyn-monroe\" target=\"_blank\" rel=\"noreferrer noopener\">Find out more<\/a><\/div>\n<\/div>\n\n\n\n<div style=\"height:100%\" aria-hidden=\"true\" class=\"wp-block-spacer\"><\/div>\n<\/div>\n\n\n\n<div class=\"wp-block-column is-vertically-aligned-center pattern-text-image__media is-layout-flow wp-block-column-is-layout-flow\">\n<iframe loading=\"lazy\" width=\"315\" height=\"560\" src=\"https:\/\/www.youtube.com\/embed\/LS-sX0rBBEg?si=NwjRnLkoc0iA9fVf\" title=\"YouTube video player\" frameborder=\"0\" allow=\"accelerometer; autoplay; clipboard-write; encrypted-media; gyroscope; picture-in-picture; web-share\" referrerpolicy=\"strict-origin-when-cross-origin\" allowfullscreen><\/iframe>\n<\/div>\n<\/div>\n<\/section>\n<\/div>\n\n\n\n<div class=\"wp-block-group has-global-padding is-layout-constrained wp-block-group-is-layout-constrained\">\n<section class=\"wp-block-group alignfull pattern-text-image pattern-text-image--overflowing has-global-padding is-layout-constrained wp-block-group-is-layout-constrained\" style=\"padding-top:var(--wp--preset--spacing--x-large);padding-bottom:var(--wp--preset--spacing--x-large)\">\n<div class=\"wp-block-columns are-vertically-aligned-center is-style-outlined-content is-layout-flex wp-container-core-columns-is-layout-28f84493 wp-block-columns-is-layout-flex\">\n<div class=\"wp-block-column is-vertically-aligned-center pattern-text-image__media is-layout-flow wp-block-column-is-layout-flow\">\n<figure data-wp-context=\"{&quot;imageId&quot;:&quot;69d3fda6791af&quot;}\" data-wp-interactive=\"core\/image\" class=\"wp-block-image size-large wp-lightbox-container\"><img decoding=\"async\" width=\"1200\" height=\"800\" data-wp-class--hide=\"state.isContentHidden\" data-wp-class--show=\"state.isContentVisible\" data-wp-init=\"callbacks.setButtonStyles\" data-wp-on-async--click=\"actions.showLightbox\" data-wp-on-async--load=\"callbacks.setButtonStyles\" data-wp-on-async-window--resize=\"callbacks.setButtonStyles\" src=\"https:\/\/www.toulouse-tourisme.com\/assets\/uploads\/sites\/3\/2023\/11\/couvent-des-jacobins-toulouse-1200x800.jpg\" alt=\"Visiter Toulouse, le couvent des Jacobins\" class=\"wp-image-5999\" srcset=\"https:\/\/www.toulouse-tourisme.com\/assets\/uploads\/sites\/3\/2023\/11\/couvent-des-jacobins-toulouse-1200x800.jpg 1200w, https:\/\/www.toulouse-tourisme.com\/assets\/uploads\/sites\/3\/2023\/11\/couvent-des-jacobins-toulouse-600x400.jpg 600w, https:\/\/www.toulouse-tourisme.com\/assets\/uploads\/sites\/3\/2023\/11\/couvent-des-jacobins-toulouse-400x267.jpg 400w, https:\/\/www.toulouse-tourisme.com\/assets\/uploads\/sites\/3\/2023\/11\/couvent-des-jacobins-toulouse-768x512.jpg 768w, https:\/\/www.toulouse-tourisme.com\/assets\/uploads\/sites\/3\/2023\/11\/couvent-des-jacobins-toulouse-1536x1024.jpg 1536w, https:\/\/www.toulouse-tourisme.com\/assets\/uploads\/sites\/3\/2023\/11\/couvent-des-jacobins-toulouse.jpg 1920w\" sizes=\"(max-width: 1200px) 100vw, 1200px\" \/><button\n\t\t\tclass=\"lightbox-trigger\"\n\t\t\ttype=\"button\"\n\t\t\taria-haspopup=\"dialog\"\n\t\t\taria-label=\"Enlarge\"\n\t\t\tdata-wp-init=\"callbacks.initTriggerButton\"\n\t\t\tdata-wp-on-async--click=\"actions.showLightbox\"\n\t\t\tdata-wp-style--right=\"state.imageButtonRight\"\n\t\t\tdata-wp-style--top=\"state.imageButtonTop\"\n\t\t>\n\t\t\t<svg xmlns=\"http:\/\/www.w3.org\/2000\/svg\" width=\"12\" height=\"12\" fill=\"none\" viewBox=\"0 0 12 12\">\n\t\t\t\t<path fill=\"#fff\" d=\"M2 0a2 2 0 0 0-2 2v2h1.5V2a.5.5 0 0 1 .5-.5h2V0H2Zm2 10.5H2a.5.5 0 0 1-.5-.5V8H0v2a2 2 0 0 0 2 2h2v-1.5ZM8 12v-1.5h2a.5.5 0 0 0 .5-.5V8H12v2a2 2 0 0 1-2 2H8Zm2-12a2 2 0 0 1 2 2v2h-1.5V2a.5.5 0 0 0-.5-.5H8V0h2Z\" \/>\n\t\t\t<\/svg>\n\t\t<\/button><\/figure>\n<\/div>\n\n\n\n<div class=\"wp-block-column is-vertically-aligned-center pattern-text-image__content is-layout-flow wp-block-column-is-layout-flow\">\n<p class=\"is-style-h3-surtitle\">Good tip<\/p>\n\n\n\n<h2 class=\"wp-block-heading\">Transport + sightseeing<\/h2>\n\n\n\n<p>With the Pass Tourisme, you can take advantage of a 10-journey travel pass for the whole of the city, as well as <strong>free tickets and discounts at various sites, museums and visitor activities<\/strong>.<\/p>\n\n\n\n<div class=\"wp-block-buttons is-layout-flex wp-block-buttons-is-layout-flex\">\n<div class=\"wp-block-button\"><a class=\"wp-block-button__link wp-element-button\" href=\"https:\/\/www.toulouse-tourisme.com\/en\/what-to-do-and-see\/pass-tourisme\/\">The Pass Tourisme<\/a><\/div>\n<\/div>\n<\/div>\n<\/div>\n<\/section>\n<\/div>\n\n\n\n<div class=\"wp-block-group has-global-padding is-layout-constrained wp-block-group-is-layout-constrained\">\t<div id=\"map_1e5ac0913e0d2be2a5c9e2ee4c7669de\" class=\"fsgb-block-leaflet-map leaflet-map\" >\n\t\t<input type=\"hidden\" name=\"leaflet-map-settings\" data-value='{&quot;id&quot;:&quot;map_1e5ac0913e0d2be2a5c9e2ee4c7669de&quot;,&quot;latitude&quot;:&quot;43.6007&quot;,&quot;longitude&quot;:&quot;1.4330&quot;,&quot;zoom&quot;:&quot;15&quot;,&quot;scrollWheelZoom&quot;:false,&quot;layer&quot;:&quot;openstreetmap&quot;,&quot;fit_bounds&quot;:false,&quot;cluster&quot;:null,&quot;markers&quot;:[{&quot;fsgb_leaflet_map_marker_latitude&quot;:&quot;43.60412111834059&quot;,&quot;fsgb_leaflet_map_marker_longitude&quot;:&quot;1.432197819266667&quot;,&quot;fsgb_leaflet_map_marker_anchor&quot;:&quot;&quot;,&quot;fsgb_leaflet_map_marker_media&quot;:false,&quot;fsgb_leaflet_map_marker_title&quot;:&quot;Espace EDF Bazacle&quot;,&quot;fsgb_leaflet_map_marker_text&quot;:&quot;&quot;,&quot;fsgb_leaflet_map_marker_link&quot;:&quot;&quot;,&quot;fsgb_leaflet_map_marker_style&quot;:&quot;basic&quot;,&quot;fsgb_leaflet_map_marker_numbering&quot;:false,&quot;fsgb_leaflet_map_marker_color&quot;:&quot;&quot;,&quot;fsgb_leaflet_map_marker_picto&quot;:false,&quot;popup_content&quot;:&quot;\\t&lt;article class=\\&quot;card card--leaflet stretched-link\\&quot;&gt;\\n\\t\\t\\n\\t\\t&lt;div class=\\&quot;card__content\\&quot;&gt;\\n\\t\\t\\t\\t\\t\\t\\t&lt;h3&gt;\\n\\t\\t\\t\\t\\t\\t\\t\\t\\t\\t\\tEspace EDF Bazacle\\t\\t\\t\\t\\t\\t\\t\\t\\t&lt;\\\/h3&gt;\\n\\t\\t\\t\\n\\t\\t\\t\\n\\t\\t\\t\\t\\t&lt;\\\/div&gt;\\n\\t&lt;\\\/article&gt;\\n&quot;,&quot;is_draggable&quot;:false}],&quot;iconSize&quot;:[38,46],&quot;iconAnchor&quot;:[19,39],&quot;popupAnchor&quot;:[0,-39],&quot;marker_html&quot;:&quot;&lt;svg xmlns=\\&quot;http:\\\/\\\/www.w3.org\\\/2000\\\/svg\\&quot; width=\\&quot;38\\&quot; height=\\&quot;46\\&quot; fill=\\&quot;none\\&quot;&gt;&lt;path d=\\&quot;M26.997 34.163c2.236.487 4.117 1.156 5.429 1.99.41.26.756.53 1.017.821.178.198.334.382.334.603 0 .219-.154.4-.33.598-.411.46-1.026.872-1.781 1.257-2.855 1.457-7.47 2.356-12.667 2.356-5.194 0-9.81-.899-12.665-2.356-.756-.386-1.37-.796-1.782-1.257-.175-.198-.33-.38-.33-.598 0-.221.157-.405.335-.603.26-.29.608-.562 1.017-.82 1.311-.835 3.193-1.505 5.429-1.991a2.107 2.107 0 001.615-2.504 2.114 2.114 0 00-2.513-1.61c-3.426.743-6.159 1.924-7.814 3.28C.737 34.601 0 36.088 0 37.577c0 1.623.889 3.26 2.76 4.61C5.809 44.384 11.925 46 18.999 46c7.076 0 13.192-1.615 16.241-3.814 1.87-1.35 2.76-2.986 2.76-4.61 0-1.488-.737-2.975-2.29-4.247-1.656-1.356-4.389-2.537-7.816-3.28a2.114 2.114 0 00-2.512 1.61 2.107 2.107 0 001.615 2.504z\\&quot; clip-rule=\\&quot;evenodd\\&quot; fill-opacity=\\&quot;.3\\&quot;\\\/&gt;&lt;path d=\\&quot;M8.356 10.54C8.356 4.72 13.12 0 19 0c5.879 0 10.644 4.72 10.644 10.54 0 5.1-3.657 9.354-8.515 10.33v16.022A2.12 2.12 0 0119 39a2.12 2.12 0 01-2.129-2.108V20.87c-4.858-.976-8.515-5.23-8.515-10.33z\\&quot;\\\/&gt;&lt;\\\/svg&gt;&quot;,&quot;marker_html_color&quot;:&quot;&quot;,&quot;has_theme_template&quot;:true,&quot;trace&quot;:false,&quot;trace_color&quot;:null,&quot;trace_shape&quot;:null,&quot;trace_opacity&quot;:null,&quot;is_admin&quot;:false}'>\n\t<\/div>\n<\/div>\n","protected":false},"excerpt":{"rendered":"<p>The name Marilyn Monroe is associated with the image of a Hollywood icon, a white dress flying as she stands over a metal grid, that scene in a pink dress and diamonds in \u00ab Gentlemen Prefer Blondes \u00bb or even \u00ab Happy Birthday, Mister President \u00bb. The exhibition \u00ab Marilyn Monroe, America\u2019s secret \u00bb, on [&hellip;]<\/p>\n","protected":false},"author":3,"featured_media":58729,"parent":192094,"menu_order":0,"comment_status":"closed","ping_status":"closed","template":"templates\/magazine.php","meta":{"_acf_changed":false,"footnotes":""},"class_list":["post-59173","page","type-page","status-publish","has-post-thumbnail","hentry"],"acf":[],"yoast_head":"<!-- This site is optimized with the Yoast SEO plugin v27.1.1 - https:\/\/yoast.com\/product\/yoast-seo-wordpress\/ -->\n<title>Marilyn Monroe, America\u2019s secret - Toulouse Tourisme<\/title>\n<meta name=\"description\" content=\"Cet \u00e9t\u00e9, d\u00e9couvrez l&#039;exposition &quot;Marilyn Monroe, le secret de l\u2019Am\u00e9rique&quot; \u00e0 l&#039;Espace EDF Bazacle \u00e0 Toulouse.\" \/>\n<meta name=\"robots\" content=\"index, follow, max-snippet:-1, max-image-preview:large, max-video-preview:-1\" \/>\n<link rel=\"canonical\" href=\"https:\/\/www.toulouse-tourisme.com\/en\/going-out-in-toulouse\/marilyn-monroe-americas-secret\/\" \/>\n<meta property=\"og:locale\" content=\"en_US\" \/>\n<meta property=\"og:type\" content=\"article\" \/>\n<meta property=\"og:title\" content=\"Marilyn Monroe, America\u2019s secret - Toulouse Tourisme\" \/>\n<meta property=\"og:description\" content=\"Cet \u00e9t\u00e9, d\u00e9couvrez l&#039;exposition &quot;Marilyn Monroe, le secret de l\u2019Am\u00e9rique&quot; \u00e0 l&#039;Espace EDF Bazacle \u00e0 Toulouse.\" \/>\n<meta property=\"og:url\" content=\"https:\/\/www.toulouse-tourisme.com\/en\/going-out-in-toulouse\/marilyn-monroe-americas-secret\/\" \/>\n<meta property=\"og:site_name\" content=\"Toulouse Tourisme\" \/>\n<meta property=\"article:publisher\" content=\"https:\/\/www.facebook.com\/Toulouse.tourisme\/\" \/>\n<meta property=\"article:modified_time\" content=\"2024-06-20T10:42:03+00:00\" \/>\n<meta property=\"og:image\" content=\"https:\/\/www.toulouse-tourisme.com\/assets\/uploads\/sites\/3\/2024\/06\/exposition-marilyn-monroe-remi-deligeon-scaled.jpg\" \/>\n\t<meta property=\"og:image:width\" content=\"2560\" \/>\n\t<meta property=\"og:image:height\" content=\"1707\" \/>\n\t<meta property=\"og:image:type\" content=\"image\/jpeg\" \/>\n<meta name=\"twitter:card\" content=\"summary_large_image\" \/>\n<meta name=\"twitter:label1\" content=\"Est. reading time\" \/>\n\t<meta name=\"twitter:data1\" content=\"3 minutes\" \/>\n<script type=\"application\/ld+json\" class=\"yoast-schema-graph\">{\"@context\":\"https:\/\/schema.org\",\"@graph\":[{\"@type\":\"WebPage\",\"@id\":\"https:\/\/www.toulouse-tourisme.com\/en\/going-out-in-toulouse\/marilyn-monroe-americas-secret\/\",\"url\":\"https:\/\/www.toulouse-tourisme.com\/en\/going-out-in-toulouse\/marilyn-monroe-americas-secret\/\",\"name\":\"Marilyn Monroe, America\u2019s secret - Toulouse Tourisme\",\"isPartOf\":{\"@id\":\"https:\/\/www.toulouse-tourisme.com\/en\/#website\"},\"primaryImageOfPage\":{\"@id\":\"https:\/\/www.toulouse-tourisme.com\/en\/going-out-in-toulouse\/marilyn-monroe-americas-secret\/#primaryimage\"},\"image\":{\"@id\":\"https:\/\/www.toulouse-tourisme.com\/en\/going-out-in-toulouse\/marilyn-monroe-americas-secret\/#primaryimage\"},\"thumbnailUrl\":\"https:\/\/www.toulouse-tourisme.com\/assets\/uploads\/sites\/3\/2024\/06\/exposition-marilyn-monroe-remi-deligeon-scaled.jpg\",\"datePublished\":\"2024-06-07T08:39:35+00:00\",\"dateModified\":\"2024-06-20T10:42:03+00:00\",\"description\":\"Cet \u00e9t\u00e9, d\u00e9couvrez l'exposition \\\"Marilyn Monroe, le secret de l\u2019Am\u00e9rique\\\" \u00e0 l'Espace EDF Bazacle \u00e0 Toulouse.\",\"breadcrumb\":{\"@id\":\"https:\/\/www.toulouse-tourisme.com\/en\/going-out-in-toulouse\/marilyn-monroe-americas-secret\/#breadcrumb\"},\"inLanguage\":\"en-US\",\"potentialAction\":[{\"@type\":\"ReadAction\",\"target\":[\"https:\/\/www.toulouse-tourisme.com\/en\/going-out-in-toulouse\/marilyn-monroe-americas-secret\/\"]}]},{\"@type\":\"ImageObject\",\"inLanguage\":\"en-US\",\"@id\":\"https:\/\/www.toulouse-tourisme.com\/en\/going-out-in-toulouse\/marilyn-monroe-americas-secret\/#primaryimage\",\"url\":\"https:\/\/www.toulouse-tourisme.com\/assets\/uploads\/sites\/3\/2024\/06\/exposition-marilyn-monroe-remi-deligeon-scaled.jpg\",\"contentUrl\":\"https:\/\/www.toulouse-tourisme.com\/assets\/uploads\/sites\/3\/2024\/06\/exposition-marilyn-monroe-remi-deligeon-scaled.jpg\",\"width\":2560,\"height\":1707,\"caption\":\"Exposition Marilyn Monroe \u00a9 R\u00e9mi Deligeon\"},{\"@type\":\"BreadcrumbList\",\"@id\":\"https:\/\/www.toulouse-tourisme.com\/en\/going-out-in-toulouse\/marilyn-monroe-americas-secret\/#breadcrumb\",\"itemListElement\":[{\"@type\":\"ListItem\",\"position\":1,\"name\":\"Home\",\"item\":\"https:\/\/www.toulouse-tourisme.com\/en\/\"},{\"@type\":\"ListItem\",\"position\":2,\"name\":\"Marilyn Monroe, America\u2019s secret\"}]},{\"@type\":\"WebSite\",\"@id\":\"https:\/\/www.toulouse-tourisme.com\/en\/#website\",\"url\":\"https:\/\/www.toulouse-tourisme.com\/en\/\",\"name\":\"Toulouse Tourisme\",\"description\":\"\",\"publisher\":{\"@id\":\"https:\/\/www.toulouse-tourisme.com\/en\/#organization\"},\"potentialAction\":[{\"@type\":\"SearchAction\",\"target\":{\"@type\":\"EntryPoint\",\"urlTemplate\":\"https:\/\/www.toulouse-tourisme.com\/en\/?s={search_term_string}\"},\"query-input\":{\"@type\":\"PropertyValueSpecification\",\"valueRequired\":true,\"valueName\":\"search_term_string\"}}],\"inLanguage\":\"en-US\"},{\"@type\":\"Organization\",\"@id\":\"https:\/\/www.toulouse-tourisme.com\/en\/#organization\",\"name\":\"Toulouse Tourisme\",\"url\":\"https:\/\/www.toulouse-tourisme.com\/en\/\",\"logo\":{\"@type\":\"ImageObject\",\"inLanguage\":\"en-US\",\"@id\":\"https:\/\/www.toulouse-tourisme.com\/en\/#\/schema\/logo\/image\/\",\"url\":\"https:\/\/www.toulouse-tourisme.com\/assets\/uploads\/sites\/3\/2023\/10\/toulouse.svg\",\"contentUrl\":\"https:\/\/www.toulouse-tourisme.com\/assets\/uploads\/sites\/3\/2023\/10\/toulouse.svg\",\"width\":220,\"height\":61,\"caption\":\"Toulouse Tourisme\"},\"image\":{\"@id\":\"https:\/\/www.toulouse-tourisme.com\/en\/#\/schema\/logo\/image\/\"},\"sameAs\":[\"https:\/\/www.facebook.com\/Toulouse.tourisme\/\",\"https:\/\/www.instagram.com\/visiteztoulouse\/\",\"https:\/\/www.youtube.com\/@VisitezToulouse\",\"https:\/\/fr.pinterest.com\/visiteztoulouse\/\"]}]}<\/script>\n<!-- \/ Yoast SEO plugin. -->","yoast_head_json":{"title":"Marilyn Monroe, America\u2019s secret - Toulouse Tourisme","description":"Cet \u00e9t\u00e9, d\u00e9couvrez l'exposition \"Marilyn Monroe, le secret de l\u2019Am\u00e9rique\" \u00e0 l'Espace EDF Bazacle \u00e0 Toulouse.","robots":{"index":"index","follow":"follow","max-snippet":"max-snippet:-1","max-image-preview":"max-image-preview:large","max-video-preview":"max-video-preview:-1"},"canonical":"https:\/\/www.toulouse-tourisme.com\/en\/going-out-in-toulouse\/marilyn-monroe-americas-secret\/","og_locale":"en_US","og_type":"article","og_title":"Marilyn Monroe, America\u2019s secret - Toulouse Tourisme","og_description":"Cet \u00e9t\u00e9, d\u00e9couvrez l'exposition \"Marilyn Monroe, le secret de l\u2019Am\u00e9rique\" \u00e0 l'Espace EDF Bazacle \u00e0 Toulouse.","og_url":"https:\/\/www.toulouse-tourisme.com\/en\/going-out-in-toulouse\/marilyn-monroe-americas-secret\/","og_site_name":"Toulouse Tourisme","article_publisher":"https:\/\/www.facebook.com\/Toulouse.tourisme\/","article_modified_time":"2024-06-20T10:42:03+00:00","og_image":[{"width":2560,"height":1707,"url":"https:\/\/www.toulouse-tourisme.com\/assets\/uploads\/sites\/3\/2024\/06\/exposition-marilyn-monroe-remi-deligeon-scaled.jpg","type":"image\/jpeg"}],"twitter_card":"summary_large_image","twitter_misc":{"Est. reading time":"3 minutes"},"schema":{"@context":"https:\/\/schema.org","@graph":[{"@type":"WebPage","@id":"https:\/\/www.toulouse-tourisme.com\/en\/going-out-in-toulouse\/marilyn-monroe-americas-secret\/","url":"https:\/\/www.toulouse-tourisme.com\/en\/going-out-in-toulouse\/marilyn-monroe-americas-secret\/","name":"Marilyn Monroe, America\u2019s secret - Toulouse Tourisme","isPartOf":{"@id":"https:\/\/www.toulouse-tourisme.com\/en\/#website"},"primaryImageOfPage":{"@id":"https:\/\/www.toulouse-tourisme.com\/en\/going-out-in-toulouse\/marilyn-monroe-americas-secret\/#primaryimage"},"image":{"@id":"https:\/\/www.toulouse-tourisme.com\/en\/going-out-in-toulouse\/marilyn-monroe-americas-secret\/#primaryimage"},"thumbnailUrl":"https:\/\/www.toulouse-tourisme.com\/assets\/uploads\/sites\/3\/2024\/06\/exposition-marilyn-monroe-remi-deligeon-scaled.jpg","datePublished":"2024-06-07T08:39:35+00:00","dateModified":"2024-06-20T10:42:03+00:00","description":"Cet \u00e9t\u00e9, d\u00e9couvrez l'exposition \"Marilyn Monroe, le secret de l\u2019Am\u00e9rique\" \u00e0 l'Espace EDF Bazacle \u00e0 Toulouse.","breadcrumb":{"@id":"https:\/\/www.toulouse-tourisme.com\/en\/going-out-in-toulouse\/marilyn-monroe-americas-secret\/#breadcrumb"},"inLanguage":"en-US","potentialAction":[{"@type":"ReadAction","target":["https:\/\/www.toulouse-tourisme.com\/en\/going-out-in-toulouse\/marilyn-monroe-americas-secret\/"]}]},{"@type":"ImageObject","inLanguage":"en-US","@id":"https:\/\/www.toulouse-tourisme.com\/en\/going-out-in-toulouse\/marilyn-monroe-americas-secret\/#primaryimage","url":"https:\/\/www.toulouse-tourisme.com\/assets\/uploads\/sites\/3\/2024\/06\/exposition-marilyn-monroe-remi-deligeon-scaled.jpg","contentUrl":"https:\/\/www.toulouse-tourisme.com\/assets\/uploads\/sites\/3\/2024\/06\/exposition-marilyn-monroe-remi-deligeon-scaled.jpg","width":2560,"height":1707,"caption":"Exposition Marilyn Monroe \u00a9 R\u00e9mi Deligeon"},{"@type":"BreadcrumbList","@id":"https:\/\/www.toulouse-tourisme.com\/en\/going-out-in-toulouse\/marilyn-monroe-americas-secret\/#breadcrumb","itemListElement":[{"@type":"ListItem","position":1,"name":"Home","item":"https:\/\/www.toulouse-tourisme.com\/en\/"},{"@type":"ListItem","position":2,"name":"Marilyn Monroe, America\u2019s secret"}]},{"@type":"WebSite","@id":"https:\/\/www.toulouse-tourisme.com\/en\/#website","url":"https:\/\/www.toulouse-tourisme.com\/en\/","name":"Toulouse Tourisme","description":"","publisher":{"@id":"https:\/\/www.toulouse-tourisme.com\/en\/#organization"},"potentialAction":[{"@type":"SearchAction","target":{"@type":"EntryPoint","urlTemplate":"https:\/\/www.toulouse-tourisme.com\/en\/?s={search_term_string}"},"query-input":{"@type":"PropertyValueSpecification","valueRequired":true,"valueName":"search_term_string"}}],"inLanguage":"en-US"},{"@type":"Organization","@id":"https:\/\/www.toulouse-tourisme.com\/en\/#organization","name":"Toulouse Tourisme","url":"https:\/\/www.toulouse-tourisme.com\/en\/","logo":{"@type":"ImageObject","inLanguage":"en-US","@id":"https:\/\/www.toulouse-tourisme.com\/en\/#\/schema\/logo\/image\/","url":"https:\/\/www.toulouse-tourisme.com\/assets\/uploads\/sites\/3\/2023\/10\/toulouse.svg","contentUrl":"https:\/\/www.toulouse-tourisme.com\/assets\/uploads\/sites\/3\/2023\/10\/toulouse.svg","width":220,"height":61,"caption":"Toulouse Tourisme"},"image":{"@id":"https:\/\/www.toulouse-tourisme.com\/en\/#\/schema\/logo\/image\/"},"sameAs":["https:\/\/www.facebook.com\/Toulouse.tourisme\/","https:\/\/www.instagram.com\/visiteztoulouse\/","https:\/\/www.youtube.com\/@VisitezToulouse","https:\/\/fr.pinterest.com\/visiteztoulouse\/"]}]}},"_links":{"self":[{"href":"https:\/\/www.toulouse-tourisme.com\/en\/wp-json\/wp\/v2\/pages\/59173","targetHints":{"allow":["GET"]}}],"collection":[{"href":"https:\/\/www.toulouse-tourisme.com\/en\/wp-json\/wp\/v2\/pages"}],"about":[{"href":"https:\/\/www.toulouse-tourisme.com\/en\/wp-json\/wp\/v2\/types\/page"}],"author":[{"embeddable":true,"href":"https:\/\/www.toulouse-tourisme.com\/en\/wp-json\/wp\/v2\/users\/3"}],"replies":[{"embeddable":true,"href":"https:\/\/www.toulouse-tourisme.com\/en\/wp-json\/wp\/v2\/comments?post=59173"}],"version-history":[{"count":0,"href":"https:\/\/www.toulouse-tourisme.com\/en\/wp-json\/wp\/v2\/pages\/59173\/revisions"}],"up":[{"embeddable":true,"href":"https:\/\/www.toulouse-tourisme.com\/en\/wp-json\/wp\/v2\/pages\/192094"}],"wp:featuredmedia":[{"embeddable":true,"href":"https:\/\/www.toulouse-tourisme.com\/en\/wp-json\/wp\/v2\/media\/58729"}],"wp:attachment":[{"href":"https:\/\/www.toulouse-tourisme.com\/en\/wp-json\/wp\/v2\/media?parent=59173"}],"curies":[{"name":"wp","href":"https:\/\/api.w.org\/{rel}","templated":true}]}}