{"id":14651,"date":"2023-10-10T14:53:57","date_gmt":"2023-10-10T12:53:57","guid":{"rendered":"https:\/\/www.toulouse-tourisme.com\/eat-and-drink\/bars-toulouse\/"},"modified":"2024-02-26T15:03:03","modified_gmt":"2024-02-26T14:03:03","slug":"bars-pubs-cafes-toulouse","status":"publish","type":"page","link":"https:\/\/www.toulouse-tourisme.com\/en\/eat-and-drink\/bars-pubs-cafes-toulouse\/","title":{"rendered":"Bars, pubs and caf\u00e9s"},"content":{"rendered":"","protected":false},"excerpt":{"rendered":"","protected":false},"author":3,"featured_media":0,"parent":12279,"menu_order":0,"comment_status":"closed","ping_status":"closed","template":"templates\/listing.php","meta":{"_acf_changed":false,"footnotes":""},"class_list":["post-14651","page","type-page","status-publish","hentry"],"acf":[],"yoast_head":"<!-- This site is optimized with the Yoast SEO plugin v27.1.1 - https:\/\/yoast.com\/product\/yoast-seo-wordpress\/ -->\n<title>Bars, pubs and caf\u00e9s - Toulouse Tourisme<\/title>\n<meta name=\"description\" content=\"Bars tapas, bars musicaux et bars concerts, retrouvez ici les bars et l&#039;ambiance \u00e0 votre go\u00fbt pour sortir \u00e0 Toulouse.Bars pubs and caf\u00e9s in Toulouse. The bars come to life in a convivial ambiance that give the whole city a party feel.\" \/>\n<meta name=\"robots\" content=\"index, follow, max-snippet:-1, max-image-preview:large, max-video-preview:-1\" \/>\n<link rel=\"canonical\" href=\"https:\/\/www.toulouse-tourisme.com\/en\/eat-and-drink\/bars-pubs-cafes-toulouse\/\" \/>\n<meta property=\"og:locale\" content=\"en_US\" \/>\n<meta property=\"og:type\" content=\"article\" \/>\n<meta property=\"og:title\" content=\"Bars, pubs and caf\u00e9s - Toulouse Tourisme\" \/>\n<meta property=\"og:description\" content=\"Bars tapas, bars musicaux et bars concerts, retrouvez ici les bars et l&#039;ambiance \u00e0 votre go\u00fbt pour sortir \u00e0 Toulouse.Bars pubs and caf\u00e9s in Toulouse. The bars come to life in a convivial ambiance that give the whole city a party feel.\" \/>\n<meta property=\"og:url\" content=\"https:\/\/www.toulouse-tourisme.com\/en\/eat-and-drink\/bars-pubs-cafes-toulouse\/\" \/>\n<meta property=\"og:site_name\" content=\"Toulouse Tourisme\" \/>\n<meta property=\"article:publisher\" content=\"https:\/\/www.facebook.com\/Toulouse.tourisme\/\" \/>\n<meta property=\"article:modified_time\" content=\"2024-02-26T14:03:03+00:00\" \/>\n<meta property=\"og:image\" content=\"https:\/\/www.toulouse-tourisme.com\/assets\/uploads\/sites\/3\/2023\/12\/terrasse-restaurant-toulouse.jpg\" \/>\n\t<meta property=\"og:image:width\" content=\"1920\" \/>\n\t<meta property=\"og:image:height\" content=\"855\" \/>\n\t<meta property=\"og:image:type\" content=\"image\/jpeg\" \/>\n<meta name=\"twitter:card\" content=\"summary_large_image\" \/>\n<meta name=\"twitter:label1\" content=\"Est. reading time\" \/>\n\t<meta name=\"twitter:data1\" content=\"1 minute\" \/>\n<script type=\"application\/ld+json\" class=\"yoast-schema-graph\">{\"@context\":\"https:\/\/schema.org\",\"@graph\":[{\"@type\":\"WebPage\",\"@id\":\"https:\/\/www.toulouse-tourisme.com\/en\/eat-and-drink\/bars-pubs-cafes-toulouse\/\",\"url\":\"https:\/\/www.toulouse-tourisme.com\/en\/eat-and-drink\/bars-pubs-cafes-toulouse\/\",\"name\":\"Bars, pubs and caf\u00e9s - Toulouse Tourisme\",\"isPartOf\":{\"@id\":\"https:\/\/www.toulouse-tourisme.com\/en\/#website\"},\"datePublished\":\"2023-10-10T12:53:57+00:00\",\"dateModified\":\"2024-02-26T14:03:03+00:00\",\"description\":\"Bars tapas, bars musicaux et bars concerts, retrouvez ici les bars et l'ambiance \u00e0 votre go\u00fbt pour sortir \u00e0 Toulouse.Bars pubs and caf\u00e9s in Toulouse. The bars come to life in a convivial ambiance that give the whole city a party feel.\",\"breadcrumb\":{\"@id\":\"https:\/\/www.toulouse-tourisme.com\/en\/eat-and-drink\/bars-pubs-cafes-toulouse\/#breadcrumb\"},\"inLanguage\":\"en-US\",\"potentialAction\":[{\"@type\":\"ReadAction\",\"target\":[\"https:\/\/www.toulouse-tourisme.com\/en\/eat-and-drink\/bars-pubs-cafes-toulouse\/\"]}]},{\"@type\":\"BreadcrumbList\",\"@id\":\"https:\/\/www.toulouse-tourisme.com\/en\/eat-and-drink\/bars-pubs-cafes-toulouse\/#breadcrumb\",\"itemListElement\":[{\"@type\":\"ListItem\",\"position\":1,\"name\":\"Home\",\"item\":\"https:\/\/www.toulouse-tourisme.com\/en\/\"},{\"@type\":\"ListItem\",\"position\":2,\"name\":\"Eat &amp; drink\",\"item\":\"https:\/\/www.toulouse-tourisme.com\/en\/eat-and-drink\/\"},{\"@type\":\"ListItem\",\"position\":3,\"name\":\"Bars, pubs and caf\u00e9s\"}]},{\"@type\":\"WebSite\",\"@id\":\"https:\/\/www.toulouse-tourisme.com\/en\/#website\",\"url\":\"https:\/\/www.toulouse-tourisme.com\/en\/\",\"name\":\"Toulouse Tourisme\",\"description\":\"\",\"publisher\":{\"@id\":\"https:\/\/www.toulouse-tourisme.com\/en\/#organization\"},\"potentialAction\":[{\"@type\":\"SearchAction\",\"target\":{\"@type\":\"EntryPoint\",\"urlTemplate\":\"https:\/\/www.toulouse-tourisme.com\/en\/?s={search_term_string}\"},\"query-input\":{\"@type\":\"PropertyValueSpecification\",\"valueRequired\":true,\"valueName\":\"search_term_string\"}}],\"inLanguage\":\"en-US\"},{\"@type\":\"Organization\",\"@id\":\"https:\/\/www.toulouse-tourisme.com\/en\/#organization\",\"name\":\"Toulouse Tourisme\",\"url\":\"https:\/\/www.toulouse-tourisme.com\/en\/\",\"logo\":{\"@type\":\"ImageObject\",\"inLanguage\":\"en-US\",\"@id\":\"https:\/\/www.toulouse-tourisme.com\/en\/#\/schema\/logo\/image\/\",\"url\":\"https:\/\/www.toulouse-tourisme.com\/assets\/uploads\/sites\/3\/2023\/10\/toulouse.svg\",\"contentUrl\":\"https:\/\/www.toulouse-tourisme.com\/assets\/uploads\/sites\/3\/2023\/10\/toulouse.svg\",\"width\":220,\"height\":61,\"caption\":\"Toulouse Tourisme\"},\"image\":{\"@id\":\"https:\/\/www.toulouse-tourisme.com\/en\/#\/schema\/logo\/image\/\"},\"sameAs\":[\"https:\/\/www.facebook.com\/Toulouse.tourisme\/\",\"https:\/\/www.instagram.com\/visiteztoulouse\/\",\"https:\/\/www.youtube.com\/@VisitezToulouse\",\"https:\/\/fr.pinterest.com\/visiteztoulouse\/\"]}]}<\/script>\n<!-- \/ Yoast SEO plugin. -->","yoast_head_json":{"title":"Bars, pubs and caf\u00e9s - Toulouse Tourisme","description":"Bars tapas, bars musicaux et bars concerts, retrouvez ici les bars et l'ambiance \u00e0 votre go\u00fbt pour sortir \u00e0 Toulouse.Bars pubs and caf\u00e9s in Toulouse. The bars come to life in a convivial ambiance that give the whole city a party feel.","robots":{"index":"index","follow":"follow","max-snippet":"max-snippet:-1","max-image-preview":"max-image-preview:large","max-video-preview":"max-video-preview:-1"},"canonical":"https:\/\/www.toulouse-tourisme.com\/en\/eat-and-drink\/bars-pubs-cafes-toulouse\/","og_locale":"en_US","og_type":"article","og_title":"Bars, pubs and caf\u00e9s - Toulouse Tourisme","og_description":"Bars tapas, bars musicaux et bars concerts, retrouvez ici les bars et l'ambiance \u00e0 votre go\u00fbt pour sortir \u00e0 Toulouse.Bars pubs and caf\u00e9s in Toulouse. The bars come to life in a convivial ambiance that give the whole city a party feel.","og_url":"https:\/\/www.toulouse-tourisme.com\/en\/eat-and-drink\/bars-pubs-cafes-toulouse\/","og_site_name":"Toulouse Tourisme","article_publisher":"https:\/\/www.facebook.com\/Toulouse.tourisme\/","article_modified_time":"2024-02-26T14:03:03+00:00","og_image":[{"width":1920,"height":855,"url":"https:\/\/www.toulouse-tourisme.com\/assets\/uploads\/sites\/3\/2023\/12\/terrasse-restaurant-toulouse.jpg","type":"image\/jpeg"}],"twitter_card":"summary_large_image","twitter_misc":{"Est. reading time":"1 minute"},"schema":{"@context":"https:\/\/schema.org","@graph":[{"@type":"WebPage","@id":"https:\/\/www.toulouse-tourisme.com\/en\/eat-and-drink\/bars-pubs-cafes-toulouse\/","url":"https:\/\/www.toulouse-tourisme.com\/en\/eat-and-drink\/bars-pubs-cafes-toulouse\/","name":"Bars, pubs and caf\u00e9s - Toulouse Tourisme","isPartOf":{"@id":"https:\/\/www.toulouse-tourisme.com\/en\/#website"},"datePublished":"2023-10-10T12:53:57+00:00","dateModified":"2024-02-26T14:03:03+00:00","description":"Bars tapas, bars musicaux et bars concerts, retrouvez ici les bars et l'ambiance \u00e0 votre go\u00fbt pour sortir \u00e0 Toulouse.Bars pubs and caf\u00e9s in Toulouse. The bars come to life in a convivial ambiance that give the whole city a party feel.","breadcrumb":{"@id":"https:\/\/www.toulouse-tourisme.com\/en\/eat-and-drink\/bars-pubs-cafes-toulouse\/#breadcrumb"},"inLanguage":"en-US","potentialAction":[{"@type":"ReadAction","target":["https:\/\/www.toulouse-tourisme.com\/en\/eat-and-drink\/bars-pubs-cafes-toulouse\/"]}]},{"@type":"BreadcrumbList","@id":"https:\/\/www.toulouse-tourisme.com\/en\/eat-and-drink\/bars-pubs-cafes-toulouse\/#breadcrumb","itemListElement":[{"@type":"ListItem","position":1,"name":"Home","item":"https:\/\/www.toulouse-tourisme.com\/en\/"},{"@type":"ListItem","position":2,"name":"Eat &amp; drink","item":"https:\/\/www.toulouse-tourisme.com\/en\/eat-and-drink\/"},{"@type":"ListItem","position":3,"name":"Bars, pubs and caf\u00e9s"}]},{"@type":"WebSite","@id":"https:\/\/www.toulouse-tourisme.com\/en\/#website","url":"https:\/\/www.toulouse-tourisme.com\/en\/","name":"Toulouse Tourisme","description":"","publisher":{"@id":"https:\/\/www.toulouse-tourisme.com\/en\/#organization"},"potentialAction":[{"@type":"SearchAction","target":{"@type":"EntryPoint","urlTemplate":"https:\/\/www.toulouse-tourisme.com\/en\/?s={search_term_string}"},"query-input":{"@type":"PropertyValueSpecification","valueRequired":true,"valueName":"search_term_string"}}],"inLanguage":"en-US"},{"@type":"Organization","@id":"https:\/\/www.toulouse-tourisme.com\/en\/#organization","name":"Toulouse Tourisme","url":"https:\/\/www.toulouse-tourisme.com\/en\/","logo":{"@type":"ImageObject","inLanguage":"en-US","@id":"https:\/\/www.toulouse-tourisme.com\/en\/#\/schema\/logo\/image\/","url":"https:\/\/www.toulouse-tourisme.com\/assets\/uploads\/sites\/3\/2023\/10\/toulouse.svg","contentUrl":"https:\/\/www.toulouse-tourisme.com\/assets\/uploads\/sites\/3\/2023\/10\/toulouse.svg","width":220,"height":61,"caption":"Toulouse Tourisme"},"image":{"@id":"https:\/\/www.toulouse-tourisme.com\/en\/#\/schema\/logo\/image\/"},"sameAs":["https:\/\/www.facebook.com\/Toulouse.tourisme\/","https:\/\/www.instagram.com\/visiteztoulouse\/","https:\/\/www.youtube.com\/@VisitezToulouse","https:\/\/fr.pinterest.com\/visiteztoulouse\/"]}]}},"_links":{"self":[{"href":"https:\/\/www.toulouse-tourisme.com\/en\/wp-json\/wp\/v2\/pages\/14651","targetHints":{"allow":["GET"]}}],"collection":[{"href":"https:\/\/www.toulouse-tourisme.com\/en\/wp-json\/wp\/v2\/pages"}],"about":[{"href":"https:\/\/www.toulouse-tourisme.com\/en\/wp-json\/wp\/v2\/types\/page"}],"author":[{"embeddable":true,"href":"https:\/\/www.toulouse-tourisme.com\/en\/wp-json\/wp\/v2\/users\/3"}],"replies":[{"embeddable":true,"href":"https:\/\/www.toulouse-tourisme.com\/en\/wp-json\/wp\/v2\/comments?post=14651"}],"version-history":[{"count":0,"href":"https:\/\/www.toulouse-tourisme.com\/en\/wp-json\/wp\/v2\/pages\/14651\/revisions"}],"up":[{"embeddable":true,"href":"https:\/\/www.toulouse-tourisme.com\/en\/wp-json\/wp\/v2\/pages\/12279"}],"wp:attachment":[{"href":"https:\/\/www.toulouse-tourisme.com\/en\/wp-json\/wp\/v2\/media?parent=14651"}],"curies":[{"name":"wp","href":"https:\/\/api.w.org\/{rel}","templated":true}]}}