{"id":12313,"date":"2023-11-29T16:21:38","date_gmt":"2023-11-29T15:21:38","guid":{"rendered":"https:\/\/www.toulouse-tourisme.com\/homepage\/unmissables\/lhotel-dassezat\/"},"modified":"2024-02-26T15:03:12","modified_gmt":"2024-02-26T14:03:12","slug":"must-see-hotel-assezat","status":"publish","type":"page","link":"https:\/\/www.toulouse-tourisme.com\/en\/unmissables\/must-see-hotel-assezat\/","title":{"rendered":"The Hotel d\u2019Ass\u00e9zat"},"content":{"rendered":"\n<div class=\"wp-block-group has-global-padding is-layout-constrained wp-block-group-is-layout-constrained\">\n<p>This magnificent town house was commissioned in 1555 by the wealthy merchant and Capitoul Pierre d&#8217;Ass\u00e9zat. The greatest Toulouse architect of the Renaissance, Nicolas Bachelier, drew up the plans and it was his son who completed the building in 1562. It is a masterpiece of Renaissance architecture in Toulouse.<\/p>\n<\/div>\n\n\n\n<div class=\"wp-block-group has-global-padding is-layout-constrained wp-block-group-is-layout-constrained\">\n<div class=\"wp-block-columns is-layout-flex wp-container-core-columns-is-layout-28f84493 wp-block-columns-is-layout-flex\">\n<div class=\"wp-block-column is-vertically-aligned-center is-layout-flow wp-block-column-is-layout-flow\" style=\"flex-basis:33.33%\">\n<h2 class=\"wp-block-heading\">The Courtyard of Honour<\/h2>\n\n\n\n<p>The magnificence of this mansion is apparent from the outside. The monumental gateway, a blend of power and finesse with its protruding stonework, invites you to enter the immense Court of Honour.<\/p>\n\n\n\n<p>The courtyard fa\u00e7ades elegantly display the full expression of classical architecture, with the superimposition of three orders on each floor: Doric, Ionic and Corinthian.<\/p>\n\n\n\n<p>The loggia is a real haven of fresh air in the height of summer.<\/p>\n<\/div>\n\n\n\n<div class=\"wp-block-column is-vertically-aligned-center is-layout-flow wp-block-column-is-layout-flow\" style=\"flex-basis:66.66%\">\n<figure data-wp-context=\"{&quot;imageId&quot;:&quot;69fc4f3b266bc&quot;}\" data-wp-interactive=\"core\/image\" data-wp-key=\"69fc4f3b266bc\" class=\"wp-block-image size-large wp-lightbox-container\"><img decoding=\"async\" width=\"1200\" height=\"800\" data-wp-class--hide=\"state.isContentHidden\" data-wp-class--show=\"state.isContentVisible\" data-wp-init=\"callbacks.setButtonStyles\" data-wp-on--click=\"actions.showLightbox\" data-wp-on--load=\"callbacks.setButtonStyles\" data-wp-on-window--resize=\"callbacks.setButtonStyles\" src=\"https:\/\/www.toulouse-tourisme.com\/assets\/uploads\/sites\/3\/2023\/11\/visiter-toulouse-hotel-assezat-1200x800.jpg\" alt=\"Visiter Toulouse, l'h\u00f4tel d'Ass\u00e9zat\" class=\"wp-image-5742\" srcset=\"https:\/\/www.toulouse-tourisme.com\/assets\/uploads\/sites\/3\/2023\/11\/visiter-toulouse-hotel-assezat-1200x800.jpg 1200w, https:\/\/www.toulouse-tourisme.com\/assets\/uploads\/sites\/3\/2023\/11\/visiter-toulouse-hotel-assezat-600x400.jpg 600w, https:\/\/www.toulouse-tourisme.com\/assets\/uploads\/sites\/3\/2023\/11\/visiter-toulouse-hotel-assezat-400x267.jpg 400w, https:\/\/www.toulouse-tourisme.com\/assets\/uploads\/sites\/3\/2023\/11\/visiter-toulouse-hotel-assezat-768x512.jpg 768w, https:\/\/www.toulouse-tourisme.com\/assets\/uploads\/sites\/3\/2023\/11\/visiter-toulouse-hotel-assezat-1536x1024.jpg 1536w, https:\/\/www.toulouse-tourisme.com\/assets\/uploads\/sites\/3\/2023\/11\/visiter-toulouse-hotel-assezat.jpg 1920w\" sizes=\"(max-width: 1200px) 100vw, 1200px\" \/><button\n\t\t\tclass=\"lightbox-trigger\"\n\t\t\ttype=\"button\"\n\t\t\taria-haspopup=\"dialog\"\n\t\t\taria-label=\"Enlarge\"\n\t\t\tdata-wp-init=\"callbacks.initTriggerButton\"\n\t\t\tdata-wp-on--click=\"actions.showLightbox\"\n\t\t\tdata-wp-style--right=\"state.imageButtonRight\"\n\t\t\tdata-wp-style--top=\"state.imageButtonTop\"\n\t\t>\n\t\t\t<svg xmlns=\"http:\/\/www.w3.org\/2000\/svg\" width=\"12\" height=\"12\" fill=\"none\" viewBox=\"0 0 12 12\">\n\t\t\t\t<path fill=\"#fff\" d=\"M2 0a2 2 0 0 0-2 2v2h1.5V2a.5.5 0 0 1 .5-.5h2V0H2Zm2 10.5H2a.5.5 0 0 1-.5-.5V8H0v2a2 2 0 0 0 2 2h2v-1.5ZM8 12v-1.5h2a.5.5 0 0 0 .5-.5V8H12v2a2 2 0 0 1-2 2H8Zm2-12a2 2 0 0 1 2 2v2h-1.5V2a.5.5 0 0 0-.5-.5H8V0h2Z\" \/>\n\t\t\t<\/svg>\n\t\t<\/button><figcaption class=\"wp-element-caption\">L&#8217;h\u00f4tel d&#8217;Ass\u00e9zat \u00a9 R\u00e9mi Deligeon<\/figcaption><\/figure>\n<\/div>\n<\/div>\n<\/div>\n\n\n\n<div class=\"wp-block-cover alignfull\" style=\"min-height:486px;aspect-ratio:unset;\"><span aria-hidden=\"true\" class=\"wp-block-cover__background has-background-dim\"><\/span><img decoding=\"async\" width=\"1627\" height=\"580\" class=\"wp-block-cover__image-background wp-image-6646\" alt=\"Visiter Toulouse, les toits de Toulouse\" src=\"https:\/\/www.toulouse-tourisme.com\/assets\/uploads\/sites\/3\/2023\/11\/vue-toulouse-tour-assezat-1.jpg\" data-object-fit=\"cover\" srcset=\"https:\/\/www.toulouse-tourisme.com\/assets\/uploads\/sites\/3\/2023\/11\/vue-toulouse-tour-assezat-1.jpg 1627w, https:\/\/www.toulouse-tourisme.com\/assets\/uploads\/sites\/3\/2023\/11\/vue-toulouse-tour-assezat-1-600x214.jpg 600w, https:\/\/www.toulouse-tourisme.com\/assets\/uploads\/sites\/3\/2023\/11\/vue-toulouse-tour-assezat-1-1200x428.jpg 1200w, https:\/\/www.toulouse-tourisme.com\/assets\/uploads\/sites\/3\/2023\/11\/vue-toulouse-tour-assezat-1-400x143.jpg 400w, https:\/\/www.toulouse-tourisme.com\/assets\/uploads\/sites\/3\/2023\/11\/vue-toulouse-tour-assezat-1-768x274.jpg 768w, https:\/\/www.toulouse-tourisme.com\/assets\/uploads\/sites\/3\/2023\/11\/vue-toulouse-tour-assezat-1-1536x548.jpg 1536w\" sizes=\"(max-width: 1627px) 100vw, 1627px\" \/><div class=\"wp-block-cover__inner-container has-global-padding is-layout-constrained wp-block-cover-is-layout-constrained\">\n<p class=\"has-text-align-center has-large-font-size\">The tower is the tallest of the town&#8217;s private mansion towers. Its top is decorated with a lantern in the shape of a small tempietto, recognisable from afar and adding elegance to the city&#8217;s urban skyline.<\/p>\n<\/div><\/div>\n\n\n\n<div class=\"wp-block-group has-global-padding is-layout-constrained wp-block-group-is-layout-constrained\">\n<div class=\"wp-block-columns is-layout-flex wp-container-core-columns-is-layout-28f84493 wp-block-columns-is-layout-flex\">\n<div class=\"wp-block-column is-vertically-aligned-center is-layout-flow wp-block-column-is-layout-flow\">\n<h3 class=\"wp-block-heading\">pastel<\/h3>\n\n\n\n<p>In the 16th century, Toulouse became a prosperous city thanks to the pastel trade. The leaves of the plant, Isatis Tinctoria, were used as a blue dye, and its cultivation developed in the south of Toulouse, which became known as <strong>the &#8220;Pays de Cocagne&#8221;<\/strong> in reference to the coques, dried balls of crushed woad leaves.<\/p>\n\n\n\n<p>The arrival of Indian indigo in the 17th century led to the decline of pastel cultivation.<\/p>\n\n\n\n<p>The Hotel d&#8217;Ass\u00e9zat now houses <strong>the Fondation Bemberg<\/strong> and <strong>the Union des Acad\u00e9mies et Soci\u00e9t\u00e9s Savantes<\/strong>.<\/p>\n\n\n\n<p class=\"is-style-location\">Place d&#8217;Ass\u00e9zat, 31000 Toulouse<\/p>\n<\/div>\n\n\n\n<div class=\"wp-block-column is-vertically-aligned-center is-layout-flow wp-block-column-is-layout-flow\">\n<figure data-wp-context=\"{&quot;imageId&quot;:&quot;69fc4f3b28b67&quot;}\" data-wp-interactive=\"core\/image\" data-wp-key=\"69fc4f3b28b67\" class=\"wp-block-image size-full wp-lightbox-container\"><img decoding=\"async\" width=\"800\" height=\"830\" data-wp-class--hide=\"state.isContentHidden\" data-wp-class--show=\"state.isContentVisible\" data-wp-init=\"callbacks.setButtonStyles\" data-wp-on--click=\"actions.showLightbox\" data-wp-on--load=\"callbacks.setButtonStyles\" data-wp-on-window--resize=\"callbacks.setButtonStyles\" src=\"https:\/\/www.toulouse-tourisme.com\/assets\/uploads\/sites\/3\/2023\/11\/visiter-toulouse-portail-hotel-assezat.jpg\" alt=\"H\u00f4tel d'Ass\u00e9zat Fondation Georges Bemberg\" class=\"wp-image-6593\" srcset=\"https:\/\/www.toulouse-tourisme.com\/assets\/uploads\/sites\/3\/2023\/11\/visiter-toulouse-portail-hotel-assezat.jpg 800w, https:\/\/www.toulouse-tourisme.com\/assets\/uploads\/sites\/3\/2023\/11\/visiter-toulouse-portail-hotel-assezat-600x623.jpg 600w, https:\/\/www.toulouse-tourisme.com\/assets\/uploads\/sites\/3\/2023\/11\/visiter-toulouse-portail-hotel-assezat-400x415.jpg 400w, https:\/\/www.toulouse-tourisme.com\/assets\/uploads\/sites\/3\/2023\/11\/visiter-toulouse-portail-hotel-assezat-768x797.jpg 768w\" sizes=\"(max-width: 800px) 100vw, 800px\" \/><button\n\t\t\tclass=\"lightbox-trigger\"\n\t\t\ttype=\"button\"\n\t\t\taria-haspopup=\"dialog\"\n\t\t\taria-label=\"Enlarge\"\n\t\t\tdata-wp-init=\"callbacks.initTriggerButton\"\n\t\t\tdata-wp-on--click=\"actions.showLightbox\"\n\t\t\tdata-wp-style--right=\"state.imageButtonRight\"\n\t\t\tdata-wp-style--top=\"state.imageButtonTop\"\n\t\t>\n\t\t\t<svg xmlns=\"http:\/\/www.w3.org\/2000\/svg\" width=\"12\" height=\"12\" fill=\"none\" viewBox=\"0 0 12 12\">\n\t\t\t\t<path fill=\"#fff\" d=\"M2 0a2 2 0 0 0-2 2v2h1.5V2a.5.5 0 0 1 .5-.5h2V0H2Zm2 10.5H2a.5.5 0 0 1-.5-.5V8H0v2a2 2 0 0 0 2 2h2v-1.5ZM8 12v-1.5h2a.5.5 0 0 0 .5-.5V8H12v2a2 2 0 0 1-2 2H8Zm2-12a2 2 0 0 1 2 2v2h-1.5V2a.5.5 0 0 0-.5-.5H8V0h2Z\" \/>\n\t\t\t<\/svg>\n\t\t<\/button><figcaption class=\"wp-element-caption\">Portail de l&#8217;h\u00f4tel d&#8217;Ass\u00e9zat \u00a9 R\u00e9mi Deligeon<\/figcaption><\/figure>\n<\/div>\n\n\n\n<div class=\"wp-block-column is-vertically-aligned-center is-layout-flow wp-block-column-is-layout-flow\">\n<figure data-wp-context=\"{&quot;imageId&quot;:&quot;69fc4f3b2974b&quot;}\" data-wp-interactive=\"core\/image\" data-wp-key=\"69fc4f3b2974b\" class=\"wp-block-image size-full wp-lightbox-container\"><img decoding=\"async\" width=\"800\" height=\"830\" data-wp-class--hide=\"state.isContentHidden\" data-wp-class--show=\"state.isContentVisible\" data-wp-init=\"callbacks.setButtonStyles\" data-wp-on--click=\"actions.showLightbox\" data-wp-on--load=\"callbacks.setButtonStyles\" data-wp-on-window--resize=\"callbacks.setButtonStyles\" src=\"https:\/\/www.toulouse-tourisme.com\/assets\/uploads\/sites\/3\/2023\/11\/toulouse-hotel-assezat.jpg\" alt=\"Visiter Toulouse, l'h\u00f4tel d'Ass\u00e9zat\" class=\"wp-image-6597\" srcset=\"https:\/\/www.toulouse-tourisme.com\/assets\/uploads\/sites\/3\/2023\/11\/toulouse-hotel-assezat.jpg 800w, https:\/\/www.toulouse-tourisme.com\/assets\/uploads\/sites\/3\/2023\/11\/toulouse-hotel-assezat-600x623.jpg 600w, https:\/\/www.toulouse-tourisme.com\/assets\/uploads\/sites\/3\/2023\/11\/toulouse-hotel-assezat-400x415.jpg 400w, https:\/\/www.toulouse-tourisme.com\/assets\/uploads\/sites\/3\/2023\/11\/toulouse-hotel-assezat-768x797.jpg 768w\" sizes=\"(max-width: 800px) 100vw, 800px\" \/><button\n\t\t\tclass=\"lightbox-trigger\"\n\t\t\ttype=\"button\"\n\t\t\taria-haspopup=\"dialog\"\n\t\t\taria-label=\"Enlarge\"\n\t\t\tdata-wp-init=\"callbacks.initTriggerButton\"\n\t\t\tdata-wp-on--click=\"actions.showLightbox\"\n\t\t\tdata-wp-style--right=\"state.imageButtonRight\"\n\t\t\tdata-wp-style--top=\"state.imageButtonTop\"\n\t\t>\n\t\t\t<svg xmlns=\"http:\/\/www.w3.org\/2000\/svg\" width=\"12\" height=\"12\" fill=\"none\" viewBox=\"0 0 12 12\">\n\t\t\t\t<path fill=\"#fff\" d=\"M2 0a2 2 0 0 0-2 2v2h1.5V2a.5.5 0 0 1 .5-.5h2V0H2Zm2 10.5H2a.5.5 0 0 1-.5-.5V8H0v2a2 2 0 0 0 2 2h2v-1.5ZM8 12v-1.5h2a.5.5 0 0 0 .5-.5V8H12v2a2 2 0 0 1-2 2H8Zm2-12a2 2 0 0 1 2 2v2h-1.5V2a.5.5 0 0 0-.5-.5H8V0h2Z\" \/>\n\t\t\t<\/svg>\n\t\t<\/button><figcaption class=\"wp-element-caption\">L&#8217;h\u00f4tel d&#8217;Ass\u00e9zat \u00a9 Gilles Martin<\/figcaption><\/figure>\n<\/div>\n<\/div>\n<\/div>\n\n\n\n<div class=\"wp-block-group has-global-padding is-layout-constrained wp-block-group-is-layout-constrained\">\n<div class=\"wp-block-buttons is-layout-flex wp-block-buttons-is-layout-flex\">\n<div class=\"wp-block-button\"><a class=\"wp-block-button__link wp-element-button\" href=\"https:\/\/www.toulouse-tourisme.com\/en\/activite\/assezat-hotel\/\">Practical info<\/a><\/div>\n\n\n\n<div class=\"wp-block-button\"><a class=\"wp-block-button__link wp-element-button\" href=\"https:\/\/www.toulouse-tourisme.com\/en\/unmissables\/\">See all the unmissables<\/a><\/div>\n<\/div>\n<\/div>\n\n\n\n<div class=\"wp-block-group has-global-padding is-layout-constrained wp-block-group-is-layout-constrained\">\n<h2 class=\"wp-block-heading\">The Bemberg Foundation<\/h2>\n\n\n\n<p>Paintings, sculptures, graphic arts, furniture and objets d&#8217;art from the 15th to the mid-20th century all find their home and their audience in the Ville Rose.<\/p>\n\n\n\n<p>At the end of the 1980s, Argentine art collector Georges Bemberg was looking for a place to display his collection to the public. The City of Toulouse made a large part of the H\u00f4tel d&#8217;Ass\u00e9zat available to the collector to house his prestigious collection, and the museum was inaugurated in 1995 after refurbishment.<\/p>\n\n\n\n<div class=\"wp-block-buttons is-layout-flex wp-block-buttons-is-layout-flex\">\n<div class=\"wp-block-button\"><a class=\"wp-block-button__link wp-element-button\" href=\"https:\/\/www.toulouse-tourisme.com\/en\/activite\/bemberg-foundation\/\">The Bemberg Foundation<\/a><\/div>\n<\/div>\n<\/div>\n","protected":false},"excerpt":{"rendered":"<p>This magnificent town house was commissioned in 1555 by the wealthy merchant and Capitoul Pierre d&#8217;Ass\u00e9zat. The greatest Toulouse architect of the Renaissance, Nicolas Bachelier, drew up the plans and it was his son who completed the building in 1562. It is a masterpiece of Renaissance architecture in Toulouse. The Courtyard of Honour The magnificence [&hellip;]<\/p>\n","protected":false},"author":3,"featured_media":6586,"parent":10606,"menu_order":0,"comment_status":"closed","ping_status":"closed","template":"templates\/magazine.php","meta":{"_acf_changed":false,"footnotes":""},"class_list":["post-12313","page","type-page","status-publish","has-post-thumbnail","hentry"],"acf":[],"yoast_head":"<!-- This site is optimized with the Yoast SEO plugin v27.1.1 - https:\/\/yoast.com\/product\/yoast-seo-wordpress\/ -->\n<title>The Hotel d\u2019Ass\u00e9zat - Toulouse Tourisme<\/title>\n<meta name=\"description\" content=\"Cet h\u00f4tel particulier a \u00e9t\u00e9 commandit\u00e9 par Pierre d\u2019Ass\u00e9zat et construit par le grand architecte de la Renaissance, Nicolas Bachelier.\" \/>\n<meta name=\"robots\" content=\"index, follow, max-snippet:-1, max-image-preview:large, max-video-preview:-1\" \/>\n<link rel=\"canonical\" href=\"https:\/\/www.toulouse-tourisme.com\/en\/unmissables\/must-see-hotel-assezat\/\" \/>\n<meta property=\"og:locale\" content=\"en_US\" \/>\n<meta property=\"og:type\" content=\"article\" \/>\n<meta property=\"og:title\" content=\"The Hotel d\u2019Ass\u00e9zat - Toulouse Tourisme\" \/>\n<meta property=\"og:description\" content=\"Cet h\u00f4tel particulier a \u00e9t\u00e9 commandit\u00e9 par Pierre d\u2019Ass\u00e9zat et construit par le grand architecte de la Renaissance, Nicolas Bachelier.\" \/>\n<meta property=\"og:url\" content=\"https:\/\/www.toulouse-tourisme.com\/en\/unmissables\/must-see-hotel-assezat\/\" \/>\n<meta property=\"og:site_name\" content=\"Toulouse Tourisme\" \/>\n<meta property=\"article:publisher\" content=\"https:\/\/www.facebook.com\/Toulouse.tourisme\/\" \/>\n<meta property=\"article:modified_time\" content=\"2024-02-26T14:03:12+00:00\" \/>\n<meta property=\"og:image\" content=\"https:\/\/www.toulouse-tourisme.com\/assets\/uploads\/sites\/3\/2023\/11\/visiter-toulouse-hotel-assezat-2.jpg\" \/>\n\t<meta property=\"og:image:width\" content=\"1920\" \/>\n\t<meta property=\"og:image:height\" content=\"1247\" \/>\n\t<meta property=\"og:image:type\" content=\"image\/jpeg\" \/>\n<meta name=\"twitter:card\" content=\"summary_large_image\" \/>\n<meta name=\"twitter:label1\" content=\"Est. reading time\" \/>\n\t<meta name=\"twitter:data1\" content=\"3 minutes\" \/>\n<script type=\"application\/ld+json\" class=\"yoast-schema-graph\">{\"@context\":\"https:\/\/schema.org\",\"@graph\":[{\"@type\":\"WebPage\",\"@id\":\"https:\/\/www.toulouse-tourisme.com\/en\/unmissables\/must-see-hotel-assezat\/\",\"url\":\"https:\/\/www.toulouse-tourisme.com\/en\/unmissables\/must-see-hotel-assezat\/\",\"name\":\"The Hotel d\u2019Ass\u00e9zat - Toulouse Tourisme\",\"isPartOf\":{\"@id\":\"https:\/\/www.toulouse-tourisme.com\/en\/#website\"},\"primaryImageOfPage\":{\"@id\":\"https:\/\/www.toulouse-tourisme.com\/en\/unmissables\/must-see-hotel-assezat\/#primaryimage\"},\"image\":{\"@id\":\"https:\/\/www.toulouse-tourisme.com\/en\/unmissables\/must-see-hotel-assezat\/#primaryimage\"},\"thumbnailUrl\":\"https:\/\/www.toulouse-tourisme.com\/assets\/uploads\/sites\/3\/2023\/11\/visiter-toulouse-hotel-assezat-2.jpg\",\"datePublished\":\"2023-11-29T15:21:38+00:00\",\"dateModified\":\"2024-02-26T14:03:12+00:00\",\"description\":\"Cet h\u00f4tel particulier a \u00e9t\u00e9 commandit\u00e9 par Pierre d\u2019Ass\u00e9zat et construit par le grand architecte de la Renaissance, Nicolas Bachelier.\",\"breadcrumb\":{\"@id\":\"https:\/\/www.toulouse-tourisme.com\/en\/unmissables\/must-see-hotel-assezat\/#breadcrumb\"},\"inLanguage\":\"en-US\",\"potentialAction\":[{\"@type\":\"ReadAction\",\"target\":[\"https:\/\/www.toulouse-tourisme.com\/en\/unmissables\/must-see-hotel-assezat\/\"]}]},{\"@type\":\"ImageObject\",\"inLanguage\":\"en-US\",\"@id\":\"https:\/\/www.toulouse-tourisme.com\/en\/unmissables\/must-see-hotel-assezat\/#primaryimage\",\"url\":\"https:\/\/www.toulouse-tourisme.com\/assets\/uploads\/sites\/3\/2023\/11\/visiter-toulouse-hotel-assezat-2.jpg\",\"contentUrl\":\"https:\/\/www.toulouse-tourisme.com\/assets\/uploads\/sites\/3\/2023\/11\/visiter-toulouse-hotel-assezat-2.jpg\",\"width\":1920,\"height\":1247,\"caption\":\"Visiter Toulouse, l'h\u00f4tel de Toulouse \u00a9 @na_toulouse\"},{\"@type\":\"BreadcrumbList\",\"@id\":\"https:\/\/www.toulouse-tourisme.com\/en\/unmissables\/must-see-hotel-assezat\/#breadcrumb\",\"itemListElement\":[{\"@type\":\"ListItem\",\"position\":1,\"name\":\"Home\",\"item\":\"https:\/\/www.toulouse-tourisme.com\/en\/\"},{\"@type\":\"ListItem\",\"position\":2,\"name\":\"Our unmissables\",\"item\":\"https:\/\/www.toulouse-tourisme.com\/en\/unmissables\/\"},{\"@type\":\"ListItem\",\"position\":3,\"name\":\"The Hotel d\u2019Ass\u00e9zat\"}]},{\"@type\":\"WebSite\",\"@id\":\"https:\/\/www.toulouse-tourisme.com\/en\/#website\",\"url\":\"https:\/\/www.toulouse-tourisme.com\/en\/\",\"name\":\"Toulouse Tourisme\",\"description\":\"\",\"publisher\":{\"@id\":\"https:\/\/www.toulouse-tourisme.com\/en\/#organization\"},\"potentialAction\":[{\"@type\":\"SearchAction\",\"target\":{\"@type\":\"EntryPoint\",\"urlTemplate\":\"https:\/\/www.toulouse-tourisme.com\/en\/?s={search_term_string}\"},\"query-input\":{\"@type\":\"PropertyValueSpecification\",\"valueRequired\":true,\"valueName\":\"search_term_string\"}}],\"inLanguage\":\"en-US\"},{\"@type\":\"Organization\",\"@id\":\"https:\/\/www.toulouse-tourisme.com\/en\/#organization\",\"name\":\"Toulouse Tourisme\",\"url\":\"https:\/\/www.toulouse-tourisme.com\/en\/\",\"logo\":{\"@type\":\"ImageObject\",\"inLanguage\":\"en-US\",\"@id\":\"https:\/\/www.toulouse-tourisme.com\/en\/#\/schema\/logo\/image\/\",\"url\":\"https:\/\/www.toulouse-tourisme.com\/assets\/uploads\/sites\/3\/2023\/10\/toulouse.svg\",\"contentUrl\":\"https:\/\/www.toulouse-tourisme.com\/assets\/uploads\/sites\/3\/2023\/10\/toulouse.svg\",\"width\":220,\"height\":61,\"caption\":\"Toulouse Tourisme\"},\"image\":{\"@id\":\"https:\/\/www.toulouse-tourisme.com\/en\/#\/schema\/logo\/image\/\"},\"sameAs\":[\"https:\/\/www.facebook.com\/Toulouse.tourisme\/\",\"https:\/\/www.instagram.com\/visiteztoulouse\/\",\"https:\/\/www.youtube.com\/@VisitezToulouse\",\"https:\/\/fr.pinterest.com\/visiteztoulouse\/\"]}]}<\/script>\n<!-- \/ Yoast SEO plugin. -->","yoast_head_json":{"title":"The Hotel d\u2019Ass\u00e9zat - Toulouse Tourisme","description":"Cet h\u00f4tel particulier a \u00e9t\u00e9 commandit\u00e9 par Pierre d\u2019Ass\u00e9zat et construit par le grand architecte de la Renaissance, Nicolas Bachelier.","robots":{"index":"index","follow":"follow","max-snippet":"max-snippet:-1","max-image-preview":"max-image-preview:large","max-video-preview":"max-video-preview:-1"},"canonical":"https:\/\/www.toulouse-tourisme.com\/en\/unmissables\/must-see-hotel-assezat\/","og_locale":"en_US","og_type":"article","og_title":"The Hotel d\u2019Ass\u00e9zat - Toulouse Tourisme","og_description":"Cet h\u00f4tel particulier a \u00e9t\u00e9 commandit\u00e9 par Pierre d\u2019Ass\u00e9zat et construit par le grand architecte de la Renaissance, Nicolas Bachelier.","og_url":"https:\/\/www.toulouse-tourisme.com\/en\/unmissables\/must-see-hotel-assezat\/","og_site_name":"Toulouse Tourisme","article_publisher":"https:\/\/www.facebook.com\/Toulouse.tourisme\/","article_modified_time":"2024-02-26T14:03:12+00:00","og_image":[{"width":1920,"height":1247,"url":"https:\/\/www.toulouse-tourisme.com\/assets\/uploads\/sites\/3\/2023\/11\/visiter-toulouse-hotel-assezat-2.jpg","type":"image\/jpeg"}],"twitter_card":"summary_large_image","twitter_misc":{"Est. reading time":"3 minutes"},"schema":{"@context":"https:\/\/schema.org","@graph":[{"@type":"WebPage","@id":"https:\/\/www.toulouse-tourisme.com\/en\/unmissables\/must-see-hotel-assezat\/","url":"https:\/\/www.toulouse-tourisme.com\/en\/unmissables\/must-see-hotel-assezat\/","name":"The Hotel d\u2019Ass\u00e9zat - Toulouse Tourisme","isPartOf":{"@id":"https:\/\/www.toulouse-tourisme.com\/en\/#website"},"primaryImageOfPage":{"@id":"https:\/\/www.toulouse-tourisme.com\/en\/unmissables\/must-see-hotel-assezat\/#primaryimage"},"image":{"@id":"https:\/\/www.toulouse-tourisme.com\/en\/unmissables\/must-see-hotel-assezat\/#primaryimage"},"thumbnailUrl":"https:\/\/www.toulouse-tourisme.com\/assets\/uploads\/sites\/3\/2023\/11\/visiter-toulouse-hotel-assezat-2.jpg","datePublished":"2023-11-29T15:21:38+00:00","dateModified":"2024-02-26T14:03:12+00:00","description":"Cet h\u00f4tel particulier a \u00e9t\u00e9 commandit\u00e9 par Pierre d\u2019Ass\u00e9zat et construit par le grand architecte de la Renaissance, Nicolas Bachelier.","breadcrumb":{"@id":"https:\/\/www.toulouse-tourisme.com\/en\/unmissables\/must-see-hotel-assezat\/#breadcrumb"},"inLanguage":"en-US","potentialAction":[{"@type":"ReadAction","target":["https:\/\/www.toulouse-tourisme.com\/en\/unmissables\/must-see-hotel-assezat\/"]}]},{"@type":"ImageObject","inLanguage":"en-US","@id":"https:\/\/www.toulouse-tourisme.com\/en\/unmissables\/must-see-hotel-assezat\/#primaryimage","url":"https:\/\/www.toulouse-tourisme.com\/assets\/uploads\/sites\/3\/2023\/11\/visiter-toulouse-hotel-assezat-2.jpg","contentUrl":"https:\/\/www.toulouse-tourisme.com\/assets\/uploads\/sites\/3\/2023\/11\/visiter-toulouse-hotel-assezat-2.jpg","width":1920,"height":1247,"caption":"Visiter Toulouse, l'h\u00f4tel de Toulouse \u00a9 @na_toulouse"},{"@type":"BreadcrumbList","@id":"https:\/\/www.toulouse-tourisme.com\/en\/unmissables\/must-see-hotel-assezat\/#breadcrumb","itemListElement":[{"@type":"ListItem","position":1,"name":"Home","item":"https:\/\/www.toulouse-tourisme.com\/en\/"},{"@type":"ListItem","position":2,"name":"Our unmissables","item":"https:\/\/www.toulouse-tourisme.com\/en\/unmissables\/"},{"@type":"ListItem","position":3,"name":"The Hotel d\u2019Ass\u00e9zat"}]},{"@type":"WebSite","@id":"https:\/\/www.toulouse-tourisme.com\/en\/#website","url":"https:\/\/www.toulouse-tourisme.com\/en\/","name":"Toulouse Tourisme","description":"","publisher":{"@id":"https:\/\/www.toulouse-tourisme.com\/en\/#organization"},"potentialAction":[{"@type":"SearchAction","target":{"@type":"EntryPoint","urlTemplate":"https:\/\/www.toulouse-tourisme.com\/en\/?s={search_term_string}"},"query-input":{"@type":"PropertyValueSpecification","valueRequired":true,"valueName":"search_term_string"}}],"inLanguage":"en-US"},{"@type":"Organization","@id":"https:\/\/www.toulouse-tourisme.com\/en\/#organization","name":"Toulouse Tourisme","url":"https:\/\/www.toulouse-tourisme.com\/en\/","logo":{"@type":"ImageObject","inLanguage":"en-US","@id":"https:\/\/www.toulouse-tourisme.com\/en\/#\/schema\/logo\/image\/","url":"https:\/\/www.toulouse-tourisme.com\/assets\/uploads\/sites\/3\/2023\/10\/toulouse.svg","contentUrl":"https:\/\/www.toulouse-tourisme.com\/assets\/uploads\/sites\/3\/2023\/10\/toulouse.svg","width":220,"height":61,"caption":"Toulouse Tourisme"},"image":{"@id":"https:\/\/www.toulouse-tourisme.com\/en\/#\/schema\/logo\/image\/"},"sameAs":["https:\/\/www.facebook.com\/Toulouse.tourisme\/","https:\/\/www.instagram.com\/visiteztoulouse\/","https:\/\/www.youtube.com\/@VisitezToulouse","https:\/\/fr.pinterest.com\/visiteztoulouse\/"]}]}},"_links":{"self":[{"href":"https:\/\/www.toulouse-tourisme.com\/en\/wp-json\/wp\/v2\/pages\/12313","targetHints":{"allow":["GET"]}}],"collection":[{"href":"https:\/\/www.toulouse-tourisme.com\/en\/wp-json\/wp\/v2\/pages"}],"about":[{"href":"https:\/\/www.toulouse-tourisme.com\/en\/wp-json\/wp\/v2\/types\/page"}],"author":[{"embeddable":true,"href":"https:\/\/www.toulouse-tourisme.com\/en\/wp-json\/wp\/v2\/users\/3"}],"replies":[{"embeddable":true,"href":"https:\/\/www.toulouse-tourisme.com\/en\/wp-json\/wp\/v2\/comments?post=12313"}],"version-history":[{"count":0,"href":"https:\/\/www.toulouse-tourisme.com\/en\/wp-json\/wp\/v2\/pages\/12313\/revisions"}],"up":[{"embeddable":true,"href":"https:\/\/www.toulouse-tourisme.com\/en\/wp-json\/wp\/v2\/pages\/10606"}],"wp:featuredmedia":[{"embeddable":true,"href":"https:\/\/www.toulouse-tourisme.com\/en\/wp-json\/wp\/v2\/media\/6586"}],"wp:attachment":[{"href":"https:\/\/www.toulouse-tourisme.com\/en\/wp-json\/wp\/v2\/media?parent=12313"}],"curies":[{"name":"wp","href":"https:\/\/api.w.org\/{rel}","templated":true}]}}