{"id":12306,"date":"2023-11-22T18:30:28","date_gmt":"2023-11-22T17:30:28","guid":{"rendered":"https:\/\/www.toulouse-tourisme.com\/what-to-do-and-see\/visite-audio-guidee-sur-smartphone\/"},"modified":"2026-03-20T15:24:31","modified_gmt":"2026-03-20T14:24:31","slug":"audio-guided-tour","status":"publish","type":"page","link":"https:\/\/www.toulouse-tourisme.com\/en\/what-to-see-and-do\/audio-guided-tour\/","title":{"rendered":"Audio-guided tour with smartphone"},"content":{"rendered":"\n<div class=\"wp-block-group has-global-padding is-layout-constrained wp-block-group-is-layout-constrained\">\n<p class=\"is-style-h3-surtitle\">Audio-guided tour in English<\/p>\n\n\n\n<p>Discover Toulouse&#8217;s must-see monuments and enjoy panoramic views from the banks of the Garonne. Your guide? Rewind, the audio walk app that will make you want to stroll the streets of Toulouse!<\/p>\n\n\n\n<ul class=\"wp-block-list\">\n<li><strong>Discover the main places and monuments<\/strong> of Toulouse. Your guide? Your smartphone!<\/li>\n\n\n\n<li><strong>Enjoy magnificent panoramas<\/strong> from the banks of the Garonne River.<\/li>\n\n\n\n<li><strong>Visit at your own pace<\/strong>: start whenever you want, pause and resume your stroll at will.<\/li>\n<\/ul>\n\n\n\n<section class=\"wp-block-group alignfull pattern-pullquote has-global-padding is-content-justification-center is-layout-constrained wp-block-group-is-layout-constrained\">\n<blockquote class=\"wp-block-quote is-layout-flow wp-block-quote-is-layout-flow\">\n<h2 class=\"wp-block-heading\">Enjoy at your own pace a nice walk in the city center of Toulouse with this 1h30\/ 2 hours audio tour.<\/h2>\n<\/blockquote>\n<\/section>\n\n\n\n<p><strong>The tour starts in front of the Donjon du Capitole<\/strong>, this impressive building that hosted the Capitouls, the former administrators of city. Keep walking to the famous Place du Capitole which is full of life! Right next door, you will discover the Galerue which will offer you a real art gallery with its paintings on the ceiling.<\/p>\n\n\n\n<p><strong>A short stop at a terrace or a shop, a small craving? Resume the visit whenever you want, right where you paused!<\/strong> It&#8217;s impossible to get lost. The guide provides clear audio directions to follow in real time. And if you take a wrong turn, the integrated geo-localization feature will get you back on track in no time! Customize your visit as you wish and enjoy this unique moment, at your own pace, alone or with friends.<\/p>\n<\/div>\n\n\n\n<div class=\"wp-block-group has-global-padding is-layout-constrained wp-block-group-is-layout-constrained\">\n<div class=\"wp-block-columns is-layout-flex wp-container-core-columns-is-layout-28f84493 wp-block-columns-is-layout-flex\">\n<div class=\"wp-block-column is-vertically-aligned-center is-layout-flow wp-block-column-is-layout-flow\">\n<p><strong>The stories, produced by professional guides of the tourist office and actors will automatically trigger as you walk from the Rewind app.<\/strong><\/p>\n\n\n\n<p><strong>Tour: <\/strong>Donjon du Capitole, Place du Capitole, Rue du Taur, Basilique Saint-Sernin, Rue Valade, Place Saint-Pierre, Quais de Garonne via Place de la Daurade to the Beaux-Arts, Pont Neuf, H\u00f4tel d&#8217;Ass\u00e9zat, Rue des Marchands, end of tour Place de la Trinit\u00e9.<\/p>\n<\/div>\n\n\n\n<div class=\"wp-block-column is-layout-flow wp-block-column-is-layout-flow\">\n<figure data-wp-context=\"{&quot;imageId&quot;:&quot;69fe011c267b1&quot;}\" data-wp-interactive=\"core\/image\" data-wp-key=\"69fe011c267b1\" class=\"wp-block-image size-full wp-lightbox-container\"><img decoding=\"async\" width=\"867\" height=\"1300\" data-wp-class--hide=\"state.isContentHidden\" data-wp-class--show=\"state.isContentVisible\" data-wp-init=\"callbacks.setButtonStyles\" data-wp-on--click=\"actions.showLightbox\" data-wp-on--load=\"callbacks.setButtonStyles\" data-wp-on-window--resize=\"callbacks.setButtonStyles\" src=\"https:\/\/www.toulouse-tourisme.com\/assets\/uploads\/sites\/3\/2023\/11\/visiter-toulouse-rue-du-taur.jpg\" alt=\"Visiter Toulouse, la rue du Taur\" class=\"wp-image-5989\" style=\"aspect-ratio:2\/3;object-fit:cover\" srcset=\"https:\/\/www.toulouse-tourisme.com\/assets\/uploads\/sites\/3\/2023\/11\/visiter-toulouse-rue-du-taur.jpg 867w, https:\/\/www.toulouse-tourisme.com\/assets\/uploads\/sites\/3\/2023\/11\/visiter-toulouse-rue-du-taur-600x900.jpg 600w, https:\/\/www.toulouse-tourisme.com\/assets\/uploads\/sites\/3\/2023\/11\/visiter-toulouse-rue-du-taur-400x600.jpg 400w, https:\/\/www.toulouse-tourisme.com\/assets\/uploads\/sites\/3\/2023\/11\/visiter-toulouse-rue-du-taur-768x1152.jpg 768w\" sizes=\"(max-width: 867px) 100vw, 867px\" \/><button\n\t\t\tclass=\"lightbox-trigger\"\n\t\t\ttype=\"button\"\n\t\t\taria-haspopup=\"dialog\"\n\t\t\taria-label=\"Enlarge\"\n\t\t\tdata-wp-init=\"callbacks.initTriggerButton\"\n\t\t\tdata-wp-on--click=\"actions.showLightbox\"\n\t\t\tdata-wp-style--right=\"state.imageButtonRight\"\n\t\t\tdata-wp-style--top=\"state.imageButtonTop\"\n\t\t>\n\t\t\t<svg xmlns=\"http:\/\/www.w3.org\/2000\/svg\" width=\"12\" height=\"12\" fill=\"none\" viewBox=\"0 0 12 12\">\n\t\t\t\t<path fill=\"#fff\" d=\"M2 0a2 2 0 0 0-2 2v2h1.5V2a.5.5 0 0 1 .5-.5h2V0H2Zm2 10.5H2a.5.5 0 0 1-.5-.5V8H0v2a2 2 0 0 0 2 2h2v-1.5ZM8 12v-1.5h2a.5.5 0 0 0 .5-.5V8H12v2a2 2 0 0 1-2 2H8Zm2-12a2 2 0 0 1 2 2v2h-1.5V2a.5.5 0 0 0-.5-.5H8V0h2Z\" \/>\n\t\t\t<\/svg>\n\t\t<\/button><figcaption class=\"wp-element-caption\">La rue du Taur \u00a9 R\u00e9mi Deligeon<\/figcaption><\/figure>\n<\/div>\n\n\n\n<div class=\"wp-block-column is-layout-flow wp-block-column-is-layout-flow\">\n<figure data-wp-context=\"{&quot;imageId&quot;:&quot;69fe011c272ac&quot;}\" data-wp-interactive=\"core\/image\" data-wp-key=\"69fe011c272ac\" class=\"wp-block-image size-full wp-lightbox-container\"><img decoding=\"async\" width=\"867\" height=\"1300\" data-wp-class--hide=\"state.isContentHidden\" data-wp-class--show=\"state.isContentVisible\" data-wp-init=\"callbacks.setButtonStyles\" data-wp-on--click=\"actions.showLightbox\" data-wp-on--load=\"callbacks.setButtonStyles\" data-wp-on-window--resize=\"callbacks.setButtonStyles\" src=\"https:\/\/www.toulouse-tourisme.com\/assets\/uploads\/sites\/3\/2023\/11\/visiter-toulouse-les-jacobins.jpg\" alt=\"Visiter Toulouse, les Jacobins\" class=\"wp-image-5994\" style=\"aspect-ratio:2\/3;object-fit:cover\" srcset=\"https:\/\/www.toulouse-tourisme.com\/assets\/uploads\/sites\/3\/2023\/11\/visiter-toulouse-les-jacobins.jpg 867w, https:\/\/www.toulouse-tourisme.com\/assets\/uploads\/sites\/3\/2023\/11\/visiter-toulouse-les-jacobins-600x900.jpg 600w, https:\/\/www.toulouse-tourisme.com\/assets\/uploads\/sites\/3\/2023\/11\/visiter-toulouse-les-jacobins-400x600.jpg 400w, https:\/\/www.toulouse-tourisme.com\/assets\/uploads\/sites\/3\/2023\/11\/visiter-toulouse-les-jacobins-768x1152.jpg 768w\" sizes=\"(max-width: 867px) 100vw, 867px\" \/><button\n\t\t\tclass=\"lightbox-trigger\"\n\t\t\ttype=\"button\"\n\t\t\taria-haspopup=\"dialog\"\n\t\t\taria-label=\"Enlarge\"\n\t\t\tdata-wp-init=\"callbacks.initTriggerButton\"\n\t\t\tdata-wp-on--click=\"actions.showLightbox\"\n\t\t\tdata-wp-style--right=\"state.imageButtonRight\"\n\t\t\tdata-wp-style--top=\"state.imageButtonTop\"\n\t\t>\n\t\t\t<svg xmlns=\"http:\/\/www.w3.org\/2000\/svg\" width=\"12\" height=\"12\" fill=\"none\" viewBox=\"0 0 12 12\">\n\t\t\t\t<path fill=\"#fff\" d=\"M2 0a2 2 0 0 0-2 2v2h1.5V2a.5.5 0 0 1 .5-.5h2V0H2Zm2 10.5H2a.5.5 0 0 1-.5-.5V8H0v2a2 2 0 0 0 2 2h2v-1.5ZM8 12v-1.5h2a.5.5 0 0 0 .5-.5V8H12v2a2 2 0 0 1-2 2H8Zm2-12a2 2 0 0 1 2 2v2h-1.5V2a.5.5 0 0 0-.5-.5H8V0h2Z\" \/>\n\t\t\t<\/svg>\n\t\t<\/button><figcaption class=\"wp-element-caption\">Le couvent des Jacobins \u00a9 R\u00e9mi Deligeon<\/figcaption><\/figure>\n<\/div>\n<\/div>\n<\/div>\n\n\n\n<div class=\"wp-block-group has-global-padding is-layout-constrained wp-block-group-is-layout-constrained\">\n<div class=\"wp-block-columns is-layout-flex wp-container-core-columns-is-layout-28f84493 wp-block-columns-is-layout-flex\">\n<div class=\"wp-block-column is-layout-flow wp-block-column-is-layout-flow\" style=\"flex-basis:33.33%\">\n<figure data-wp-context=\"{&quot;imageId&quot;:&quot;69fe011c27efa&quot;}\" data-wp-interactive=\"core\/image\" data-wp-key=\"69fe011c27efa\" class=\"wp-block-image size-full wp-lightbox-container\"><img decoding=\"async\" width=\"630\" height=\"945\" data-wp-class--hide=\"state.isContentHidden\" data-wp-class--show=\"state.isContentVisible\" data-wp-init=\"callbacks.setButtonStyles\" data-wp-on--click=\"actions.showLightbox\" data-wp-on--load=\"callbacks.setButtonStyles\" data-wp-on-window--resize=\"callbacks.setButtonStyles\" src=\"https:\/\/www.toulouse-tourisme.com\/assets\/uploads\/sites\/3\/2023\/11\/toulouse-visite-audio-guidee.jpg\" alt=\"\" class=\"wp-image-5940\" srcset=\"https:\/\/www.toulouse-tourisme.com\/assets\/uploads\/sites\/3\/2023\/11\/toulouse-visite-audio-guidee.jpg 630w, https:\/\/www.toulouse-tourisme.com\/assets\/uploads\/sites\/3\/2023\/11\/toulouse-visite-audio-guidee-600x900.jpg 600w, https:\/\/www.toulouse-tourisme.com\/assets\/uploads\/sites\/3\/2023\/11\/toulouse-visite-audio-guidee-400x600.jpg 400w\" sizes=\"(max-width: 630px) 100vw, 630px\" \/><button\n\t\t\tclass=\"lightbox-trigger\"\n\t\t\ttype=\"button\"\n\t\t\taria-haspopup=\"dialog\"\n\t\t\taria-label=\"Enlarge\"\n\t\t\tdata-wp-init=\"callbacks.initTriggerButton\"\n\t\t\tdata-wp-on--click=\"actions.showLightbox\"\n\t\t\tdata-wp-style--right=\"state.imageButtonRight\"\n\t\t\tdata-wp-style--top=\"state.imageButtonTop\"\n\t\t>\n\t\t\t<svg xmlns=\"http:\/\/www.w3.org\/2000\/svg\" width=\"12\" height=\"12\" fill=\"none\" viewBox=\"0 0 12 12\">\n\t\t\t\t<path fill=\"#fff\" d=\"M2 0a2 2 0 0 0-2 2v2h1.5V2a.5.5 0 0 1 .5-.5h2V0H2Zm2 10.5H2a.5.5 0 0 1-.5-.5V8H0v2a2 2 0 0 0 2 2h2v-1.5ZM8 12v-1.5h2a.5.5 0 0 0 .5-.5V8H12v2a2 2 0 0 1-2 2H8Zm2-12a2 2 0 0 1 2 2v2h-1.5V2a.5.5 0 0 0-.5-.5H8V0h2Z\" \/>\n\t\t\t<\/svg>\n\t\t<\/button><\/figure>\n<\/div>\n\n\n\n<div class=\"wp-block-column is-vertically-aligned-center is-layout-flow wp-block-column-is-layout-flow\" style=\"flex-basis:66.66%\">\n<p><strong>Duration:<\/strong> approx. 1h30\/2 hours.<br><strong>Departure point:<\/strong> square Charles de Gaulle<br><strong>Arrival point:<\/strong> Place de la Trinit\u00e9<\/p>\n\n\n\n<div class=\"wp-block-group has-global-padding is-layout-constrained wp-block-group-is-layout-constrained\">\n<guidap-booking-widget activity-uuid=\"z63pB1TJa0FvtjwGZ2xPLESmDdnuryeI87lc\"><\/guidap-booking-widget>\n<\/div>\n<\/div>\n<\/div>\n<\/div>\n\n\n\n<div class=\"wp-block-group has-global-padding is-layout-constrained wp-block-group-is-layout-constrained\">\n<h2 class=\"wp-block-heading is-style-h3\">Good to know<\/h2>\n\n\n\n<ul class=\"wp-block-list\">\n<li>Follow the tour from your smartphone on the Rewind app.<\/li>\n\n\n\n<li>For a better experience, it is recommended to bring headphones. If not, the sound will come out of the smartphone&#8217;s speakers.<\/li>\n\n\n\n<li>The tour launches at the starting point &#8211; and won\u2019t start from anywhere else.<\/li>\n\n\n\n<li>You can activate pause at any time and resume the tour whenever you want.<\/li>\n\n\n\n<li>This tour is available in English, German, Italian and French.<\/li>\n\n\n\n<li>The visit takes around 1h30-2 hours.<\/li>\n\n\n\n<li>Offline mode: you can download the content of the tour onto the application to enjoy the experience without an internet connection.<\/li>\n\n\n\n<li>To unlock your visit, you will receive a code to activate via this link <a href=\"https:\/\/rewindstories.com\/en\/activation\" target=\"_blank\" rel=\"noreferrer noopener\">rewindstories.com\/en\/activation<\/a>.<\/li>\n\n\n\n<li>This tour is non-cancellable and non-refundable.<\/li>\n<\/ul>\n<\/div>\n","protected":false},"excerpt":{"rendered":"<p>Audio-guided tour in English Discover Toulouse&#8217;s must-see monuments and enjoy panoramic views from the banks of the Garonne. Your guide? Rewind, the audio walk app that will make you want to stroll the streets of Toulouse! Enjoy at your own pace a nice walk in the city center of Toulouse with this 1h30\/ 2 hours [&hellip;]<\/p>\n","protected":false},"author":3,"featured_media":205171,"parent":10629,"menu_order":0,"comment_status":"closed","ping_status":"closed","template":"templates\/editorial-content.php","meta":{"_acf_changed":false,"footnotes":""},"class_list":["post-12306","page","type-page","status-publish","has-post-thumbnail","hentry"],"acf":[],"yoast_head":"<!-- This site is optimized with the Yoast SEO plugin v27.1.1 - https:\/\/yoast.com\/product\/yoast-seo-wordpress\/ -->\n<title>Audio-guided tour with smartphone - Toulouse Tourisme<\/title>\n<meta name=\"description\" content=\"Visite audio-guid\u00e9e de Toulouse avec votre smartphone. Profitez \u00e0 votre rythme d&#039;une jolie promenade dans le centre-ville de Toulouse !\" \/>\n<meta name=\"robots\" content=\"index, follow, max-snippet:-1, max-image-preview:large, max-video-preview:-1\" \/>\n<link rel=\"canonical\" href=\"https:\/\/www.toulouse-tourisme.com\/en\/what-to-see-and-do\/audio-guided-tour\/\" \/>\n<meta property=\"og:locale\" content=\"en_US\" \/>\n<meta property=\"og:type\" content=\"article\" \/>\n<meta property=\"og:title\" content=\"Audio-guided tour with smartphone - Toulouse Tourisme\" \/>\n<meta property=\"og:description\" content=\"Visite audio-guid\u00e9e de Toulouse avec votre smartphone. Profitez \u00e0 votre rythme d&#039;une jolie promenade dans le centre-ville de Toulouse !\" \/>\n<meta property=\"og:url\" content=\"https:\/\/www.toulouse-tourisme.com\/en\/what-to-see-and-do\/audio-guided-tour\/\" \/>\n<meta property=\"og:site_name\" content=\"Toulouse Tourisme\" \/>\n<meta property=\"article:publisher\" content=\"https:\/\/www.facebook.com\/Toulouse.tourisme\/\" \/>\n<meta property=\"article:modified_time\" content=\"2026-03-20T14:24:31+00:00\" \/>\n<meta property=\"og:image\" content=\"https:\/\/www.toulouse-tourisme.com\/assets\/uploads\/sites\/3\/2023\/11\/couvent-des-jacobins-toulouse.jpg\" \/>\n\t<meta property=\"og:image:width\" content=\"1920\" \/>\n\t<meta property=\"og:image:height\" content=\"1280\" \/>\n\t<meta property=\"og:image:type\" content=\"image\/jpeg\" \/>\n<meta name=\"twitter:card\" content=\"summary_large_image\" \/>\n<meta name=\"twitter:label1\" content=\"Est. reading time\" \/>\n\t<meta name=\"twitter:data1\" content=\"3 minutes\" \/>\n<script type=\"application\/ld+json\" class=\"yoast-schema-graph\">{\"@context\":\"https:\/\/schema.org\",\"@graph\":[{\"@type\":\"WebPage\",\"@id\":\"https:\/\/www.toulouse-tourisme.com\/en\/what-to-see-and-do\/audio-guided-tour\/\",\"url\":\"https:\/\/www.toulouse-tourisme.com\/en\/what-to-see-and-do\/audio-guided-tour\/\",\"name\":\"Audio-guided tour with smartphone - Toulouse Tourisme\",\"isPartOf\":{\"@id\":\"https:\/\/www.toulouse-tourisme.com\/en\/#website\"},\"primaryImageOfPage\":{\"@id\":\"https:\/\/www.toulouse-tourisme.com\/en\/what-to-see-and-do\/audio-guided-tour\/#primaryimage\"},\"image\":{\"@id\":\"https:\/\/www.toulouse-tourisme.com\/en\/what-to-see-and-do\/audio-guided-tour\/#primaryimage\"},\"thumbnailUrl\":\"https:\/\/www.toulouse-tourisme.com\/assets\/uploads\/sites\/3\/2023\/11\/couvent-des-jacobins-toulouse.jpg\",\"datePublished\":\"2023-11-22T17:30:28+00:00\",\"dateModified\":\"2026-03-20T14:24:31+00:00\",\"description\":\"Visite audio-guid\u00e9e de Toulouse avec votre smartphone. Profitez \u00e0 votre rythme d'une jolie promenade dans le centre-ville de Toulouse !\",\"breadcrumb\":{\"@id\":\"https:\/\/www.toulouse-tourisme.com\/en\/what-to-see-and-do\/audio-guided-tour\/#breadcrumb\"},\"inLanguage\":\"en-US\",\"potentialAction\":[{\"@type\":\"ReadAction\",\"target\":[\"https:\/\/www.toulouse-tourisme.com\/en\/what-to-see-and-do\/audio-guided-tour\/\"]}]},{\"@type\":\"ImageObject\",\"inLanguage\":\"en-US\",\"@id\":\"https:\/\/www.toulouse-tourisme.com\/en\/what-to-see-and-do\/audio-guided-tour\/#primaryimage\",\"url\":\"https:\/\/www.toulouse-tourisme.com\/assets\/uploads\/sites\/3\/2023\/11\/couvent-des-jacobins-toulouse.jpg\",\"contentUrl\":\"https:\/\/www.toulouse-tourisme.com\/assets\/uploads\/sites\/3\/2023\/11\/couvent-des-jacobins-toulouse.jpg\",\"width\":1920,\"height\":1280,\"caption\":\"Visiter Toulouse \u00a9 R\u00e9mi Deligeon\"},{\"@type\":\"BreadcrumbList\",\"@id\":\"https:\/\/www.toulouse-tourisme.com\/en\/what-to-see-and-do\/audio-guided-tour\/#breadcrumb\",\"itemListElement\":[{\"@type\":\"ListItem\",\"position\":1,\"name\":\"Home\",\"item\":\"https:\/\/www.toulouse-tourisme.com\/en\/\"},{\"@type\":\"ListItem\",\"position\":2,\"name\":\"What to see, what to do\",\"item\":\"https:\/\/www.toulouse-tourisme.com\/en\/what-to-see-and-do\/\"},{\"@type\":\"ListItem\",\"position\":3,\"name\":\"Audio-guided tour with smartphone\"}]},{\"@type\":\"WebSite\",\"@id\":\"https:\/\/www.toulouse-tourisme.com\/en\/#website\",\"url\":\"https:\/\/www.toulouse-tourisme.com\/en\/\",\"name\":\"Toulouse Tourisme\",\"description\":\"\",\"publisher\":{\"@id\":\"https:\/\/www.toulouse-tourisme.com\/en\/#organization\"},\"potentialAction\":[{\"@type\":\"SearchAction\",\"target\":{\"@type\":\"EntryPoint\",\"urlTemplate\":\"https:\/\/www.toulouse-tourisme.com\/en\/?s={search_term_string}\"},\"query-input\":{\"@type\":\"PropertyValueSpecification\",\"valueRequired\":true,\"valueName\":\"search_term_string\"}}],\"inLanguage\":\"en-US\"},{\"@type\":\"Organization\",\"@id\":\"https:\/\/www.toulouse-tourisme.com\/en\/#organization\",\"name\":\"Toulouse Tourisme\",\"url\":\"https:\/\/www.toulouse-tourisme.com\/en\/\",\"logo\":{\"@type\":\"ImageObject\",\"inLanguage\":\"en-US\",\"@id\":\"https:\/\/www.toulouse-tourisme.com\/en\/#\/schema\/logo\/image\/\",\"url\":\"https:\/\/www.toulouse-tourisme.com\/assets\/uploads\/sites\/3\/2023\/10\/toulouse.svg\",\"contentUrl\":\"https:\/\/www.toulouse-tourisme.com\/assets\/uploads\/sites\/3\/2023\/10\/toulouse.svg\",\"width\":220,\"height\":61,\"caption\":\"Toulouse Tourisme\"},\"image\":{\"@id\":\"https:\/\/www.toulouse-tourisme.com\/en\/#\/schema\/logo\/image\/\"},\"sameAs\":[\"https:\/\/www.facebook.com\/Toulouse.tourisme\/\",\"https:\/\/www.instagram.com\/visiteztoulouse\/\",\"https:\/\/www.youtube.com\/@VisitezToulouse\",\"https:\/\/fr.pinterest.com\/visiteztoulouse\/\"]}]}<\/script>\n<!-- \/ Yoast SEO plugin. -->","yoast_head_json":{"title":"Audio-guided tour with smartphone - Toulouse Tourisme","description":"Visite audio-guid\u00e9e de Toulouse avec votre smartphone. Profitez \u00e0 votre rythme d'une jolie promenade dans le centre-ville de Toulouse !","robots":{"index":"index","follow":"follow","max-snippet":"max-snippet:-1","max-image-preview":"max-image-preview:large","max-video-preview":"max-video-preview:-1"},"canonical":"https:\/\/www.toulouse-tourisme.com\/en\/what-to-see-and-do\/audio-guided-tour\/","og_locale":"en_US","og_type":"article","og_title":"Audio-guided tour with smartphone - Toulouse Tourisme","og_description":"Visite audio-guid\u00e9e de Toulouse avec votre smartphone. Profitez \u00e0 votre rythme d'une jolie promenade dans le centre-ville de Toulouse !","og_url":"https:\/\/www.toulouse-tourisme.com\/en\/what-to-see-and-do\/audio-guided-tour\/","og_site_name":"Toulouse Tourisme","article_publisher":"https:\/\/www.facebook.com\/Toulouse.tourisme\/","article_modified_time":"2026-03-20T14:24:31+00:00","og_image":[{"width":1920,"height":1280,"url":"https:\/\/www.toulouse-tourisme.com\/assets\/uploads\/sites\/3\/2023\/11\/couvent-des-jacobins-toulouse.jpg","type":"image\/jpeg"}],"twitter_card":"summary_large_image","twitter_misc":{"Est. reading time":"3 minutes"},"schema":{"@context":"https:\/\/schema.org","@graph":[{"@type":"WebPage","@id":"https:\/\/www.toulouse-tourisme.com\/en\/what-to-see-and-do\/audio-guided-tour\/","url":"https:\/\/www.toulouse-tourisme.com\/en\/what-to-see-and-do\/audio-guided-tour\/","name":"Audio-guided tour with smartphone - Toulouse Tourisme","isPartOf":{"@id":"https:\/\/www.toulouse-tourisme.com\/en\/#website"},"primaryImageOfPage":{"@id":"https:\/\/www.toulouse-tourisme.com\/en\/what-to-see-and-do\/audio-guided-tour\/#primaryimage"},"image":{"@id":"https:\/\/www.toulouse-tourisme.com\/en\/what-to-see-and-do\/audio-guided-tour\/#primaryimage"},"thumbnailUrl":"https:\/\/www.toulouse-tourisme.com\/assets\/uploads\/sites\/3\/2023\/11\/couvent-des-jacobins-toulouse.jpg","datePublished":"2023-11-22T17:30:28+00:00","dateModified":"2026-03-20T14:24:31+00:00","description":"Visite audio-guid\u00e9e de Toulouse avec votre smartphone. Profitez \u00e0 votre rythme d'une jolie promenade dans le centre-ville de Toulouse !","breadcrumb":{"@id":"https:\/\/www.toulouse-tourisme.com\/en\/what-to-see-and-do\/audio-guided-tour\/#breadcrumb"},"inLanguage":"en-US","potentialAction":[{"@type":"ReadAction","target":["https:\/\/www.toulouse-tourisme.com\/en\/what-to-see-and-do\/audio-guided-tour\/"]}]},{"@type":"ImageObject","inLanguage":"en-US","@id":"https:\/\/www.toulouse-tourisme.com\/en\/what-to-see-and-do\/audio-guided-tour\/#primaryimage","url":"https:\/\/www.toulouse-tourisme.com\/assets\/uploads\/sites\/3\/2023\/11\/couvent-des-jacobins-toulouse.jpg","contentUrl":"https:\/\/www.toulouse-tourisme.com\/assets\/uploads\/sites\/3\/2023\/11\/couvent-des-jacobins-toulouse.jpg","width":1920,"height":1280,"caption":"Visiter Toulouse \u00a9 R\u00e9mi Deligeon"},{"@type":"BreadcrumbList","@id":"https:\/\/www.toulouse-tourisme.com\/en\/what-to-see-and-do\/audio-guided-tour\/#breadcrumb","itemListElement":[{"@type":"ListItem","position":1,"name":"Home","item":"https:\/\/www.toulouse-tourisme.com\/en\/"},{"@type":"ListItem","position":2,"name":"What to see, what to do","item":"https:\/\/www.toulouse-tourisme.com\/en\/what-to-see-and-do\/"},{"@type":"ListItem","position":3,"name":"Audio-guided tour with smartphone"}]},{"@type":"WebSite","@id":"https:\/\/www.toulouse-tourisme.com\/en\/#website","url":"https:\/\/www.toulouse-tourisme.com\/en\/","name":"Toulouse Tourisme","description":"","publisher":{"@id":"https:\/\/www.toulouse-tourisme.com\/en\/#organization"},"potentialAction":[{"@type":"SearchAction","target":{"@type":"EntryPoint","urlTemplate":"https:\/\/www.toulouse-tourisme.com\/en\/?s={search_term_string}"},"query-input":{"@type":"PropertyValueSpecification","valueRequired":true,"valueName":"search_term_string"}}],"inLanguage":"en-US"},{"@type":"Organization","@id":"https:\/\/www.toulouse-tourisme.com\/en\/#organization","name":"Toulouse Tourisme","url":"https:\/\/www.toulouse-tourisme.com\/en\/","logo":{"@type":"ImageObject","inLanguage":"en-US","@id":"https:\/\/www.toulouse-tourisme.com\/en\/#\/schema\/logo\/image\/","url":"https:\/\/www.toulouse-tourisme.com\/assets\/uploads\/sites\/3\/2023\/10\/toulouse.svg","contentUrl":"https:\/\/www.toulouse-tourisme.com\/assets\/uploads\/sites\/3\/2023\/10\/toulouse.svg","width":220,"height":61,"caption":"Toulouse Tourisme"},"image":{"@id":"https:\/\/www.toulouse-tourisme.com\/en\/#\/schema\/logo\/image\/"},"sameAs":["https:\/\/www.facebook.com\/Toulouse.tourisme\/","https:\/\/www.instagram.com\/visiteztoulouse\/","https:\/\/www.youtube.com\/@VisitezToulouse","https:\/\/fr.pinterest.com\/visiteztoulouse\/"]}]}},"_links":{"self":[{"href":"https:\/\/www.toulouse-tourisme.com\/en\/wp-json\/wp\/v2\/pages\/12306","targetHints":{"allow":["GET"]}}],"collection":[{"href":"https:\/\/www.toulouse-tourisme.com\/en\/wp-json\/wp\/v2\/pages"}],"about":[{"href":"https:\/\/www.toulouse-tourisme.com\/en\/wp-json\/wp\/v2\/types\/page"}],"author":[{"embeddable":true,"href":"https:\/\/www.toulouse-tourisme.com\/en\/wp-json\/wp\/v2\/users\/3"}],"replies":[{"embeddable":true,"href":"https:\/\/www.toulouse-tourisme.com\/en\/wp-json\/wp\/v2\/comments?post=12306"}],"version-history":[{"count":0,"href":"https:\/\/www.toulouse-tourisme.com\/en\/wp-json\/wp\/v2\/pages\/12306\/revisions"}],"up":[{"embeddable":true,"href":"https:\/\/www.toulouse-tourisme.com\/en\/wp-json\/wp\/v2\/pages\/10629"}],"wp:featuredmedia":[{"embeddable":true,"href":"https:\/\/www.toulouse-tourisme.com\/en\/wp-json\/wp\/v2\/media\/205171"}],"wp:attachment":[{"href":"https:\/\/www.toulouse-tourisme.com\/en\/wp-json\/wp\/v2\/media?parent=12306"}],"curies":[{"name":"wp","href":"https:\/\/api.w.org\/{rel}","templated":true}]}}