{"id":62993,"date":"2023-12-06T11:40:05","date_gmt":"2023-12-06T10:40:05","guid":{"rendered":"https:\/\/www.toulouse-tourisme.com\/accessibilite-numerique\/"},"modified":"2024-07-10T12:35:12","modified_gmt":"2024-07-10T10:35:12","slug":"digitale-zuganglichkeit","status":"publish","type":"page","link":"https:\/\/www.toulouse-tourisme.com\/de\/digitale-zuganglichkeit\/","title":{"rendered":"Digitale Zug\u00e4nglichkeit"},"content":{"rendered":"\n<section class=\"wp-block-group alignfull pattern-text has-global-padding is-content-justification-center is-layout-constrained wp-container-core-group-is-layout-d68fe437 wp-block-group-is-layout-constrained\">\n<div class=\"wp-block-group has-global-padding is-layout-constrained wp-block-group-is-layout-constrained\">\n<h2 class=\"wp-block-heading\">KONFORMIT\u00c4TSERKL\u00c4RUNG<\/h2>\n\n\n\n<p>Bei dieser Seite handelt es sich nicht um eine Hilfeseite, sondern um eine Erkl\u00e4rung zur Einhaltung der Barrierefreiheitsstandards von Google Lighthouse.<\/p>\n\n\n\n<p>L\u2019Office de Tourisme de Toulouse s\u2019engage \u00e0 rendre ses sites internet accessibles conform\u00e9ment \u00e0 l\u2019article 47 de la loi n\u00b0 2005-102 du 11 f\u00e9vrier 2005.<\/p>\n\n\n\n<p>La pr\u00e9sente d\u00e9claration d\u2019accessibilit\u00e9 s\u2019applique au site officiel de l\u2019Office de Tourisme de Toulouse (<a href=\"https:\/\/www.toulouse-tourisme.com\/de\/\" target=\"_blank\" rel=\"noreferrer noopener\">https:\/\/www.toulouse-tourisme.com\/<\/a>).<\/p>\n<\/div>\n\n\n\n<div class=\"wp-block-group has-global-padding is-layout-constrained wp-block-group-is-layout-constrained\">\n<h2 class=\"wp-block-heading\">\u00c9TAT DE CONFORMIT\u00c9<\/h2>\n\n\n\n<p>Le site toulouse-tourisme.com (<a href=\"https:\/\/www.toulouse-tourisme.com\/de\/\" target=\"_blank\" rel=\"noreferrer noopener\">https:\/\/www.toulouse-tourisme.com\/<\/a>) est partiellement conforme aux standards d\u2019accessibilit\u00e9 de Google Lighthouse.<\/p>\n<\/div>\n\n\n\n<div class=\"wp-block-group has-global-padding is-layout-constrained wp-block-group-is-layout-constrained\">\n<h2 class=\"wp-block-heading\">R\u00c9SULTATS DES TESTS<\/h2>\n\n\n\n<p>L\u2019audit de conformit\u00e9 r\u00e9alis\u00e9 le 22 f\u00e9vrier 2024 par la soci\u00e9t\u00e9 Faire Savoir r\u00e9v\u00e8le que le site est conforme \u00e0 97% aux standards d\u2019accessibilit\u00e9 de Google Lighthouse. L\u2019\u00e9chantillon des pages du site ayant fait l\u2019objet d\u2019une v\u00e9rification de conformit\u00e9 est le suivant :<\/p>\n\n\n\n<ul class=\"wp-block-list\">\n<li><a href=\"https:\/\/www.toulouse-tourisme.com\/de\/\" target=\"_blank\" rel=\"noreferrer noopener\">Accueil<\/a> (98%)<\/li>\n\n\n\n<li><a href=\"https:\/\/www.toulouse-tourisme.com\/de\/gastronomie-toulouse\/restaurants-in-toulouse\/\" target=\"_blank\" rel=\"noreferrer noopener\">Page liste des offres<\/a> (94%)<\/li>\n\n\n\n<li><a href=\"https:\/\/www.toulouse-tourisme.com\/de\/restaurant\/restaurant-michel-sarran\/\" target=\"_blank\" rel=\"noreferrer noopener\">D\u00e9tail d\u2019une offre<\/a> (96%)<\/li>\n\n\n\n<li><a href=\"https:\/\/www.toulouse-tourisme.com\/de\/top-sehenswuerdigkeiten\/das-jakobinerkloster\/\" target=\"_blank\" rel=\"noreferrer noopener\">Page de contenu \u00e9ditorial<\/a> (100%)<\/li>\n\n\n\n<li><a href=\"https:\/\/www.toulouse-tourisme.com\/de\/favoriten\/\" target=\"_blank\" rel=\"noreferrer noopener\">Favoris<\/a> (96%)<\/li>\n\n\n\n<li><a href=\"https:\/\/www.toulouse-tourisme.com\/?s=toulouse\" target=\"_blank\" rel=\"noreferrer noopener\">Page de r\u00e9sultats de recherche<\/a> (98%)<\/li>\n<\/ul>\n<\/div>\n\n\n\n<div class=\"wp-block-group has-global-padding is-layout-constrained wp-block-group-is-layout-constrained\">\n<h2 class=\"wp-block-heading\">CONTENUS NON ACCESSIBLES<\/h2>\n\n\n\n<h3 class=\"wp-block-heading\">D\u00c9ROGATIONS<\/h3>\n\n\n\n<p>Certains \u00e9l\u00e9ments tiers (tels des PDF), sont d\u00e9rog\u00e9s. Ils n\u2019appartiennent pas \u00e0 l\u2019Office de Tourisme de Toulouse. N\u00e9anmoins, l\u2019Office de Tourisme de Toulouse sensibilisera ses partenaires sur l\u2019importance de fournir des documents accessibles.<\/p>\n<\/div>\n\n\n\n<div class=\"wp-block-group has-global-padding is-layout-constrained wp-block-group-is-layout-constrained\">\n<h2 class=\"wp-block-heading\">\u00c9TABLISSEMENT DE CETTE D\u00c9CLARATION D\u2019ACCESSIBILIT\u00c9<\/h2>\n\n\n\n<p>Cette d\u00e9claration a \u00e9t\u00e9 \u00e9tablie le 01 mars 2024.<\/p>\n\n\n\n<h3 class=\"wp-block-heading\">TECHNOLOGIES UTILIS\u00c9ES POUR LA R\u00c9ALISATION DU SITE<\/h3>\n\n\n\n<ul class=\"wp-block-list\">\n<li>HTML5<\/li>\n\n\n\n<li>CSS<\/li>\n\n\n\n<li>JavaScript<\/li>\n\n\n\n<li>Outil de gestion de contenus : WordPress<\/li>\n<\/ul>\n\n\n\n<h3 class=\"wp-block-heading\">AGENTS UTILISATEURS ET TECHNOLOGIES D\u2019ASSISTANCE UTILIS\u00c9ES POUR V\u00c9RIFIER L\u2019ACCESSIBILIT\u00c9 DES CONTENUS<\/h3>\n\n\n\n<p>La v\u00e9rification de l\u2019accessibilit\u00e9 est le r\u00e9sultat de tests manuels, assist\u00e9s par l\u2019outil Google Lighthouse int\u00e9gr\u00e9 au navigateur Google Chrome.<\/p>\n<\/div>\n\n\n\n<div class=\"wp-block-group has-global-padding is-layout-constrained wp-block-group-is-layout-constrained\">\n<h2 class=\"wp-block-heading\">RETOUR D\u2019INFORMATION ET CONTACT<\/h2>\n\n\n\n<p>Il est important de rappeler qu\u2019en vertu de l\u2019article 11 de la loi de f\u00e9vrier 2005 :<\/p>\n\n\n\n<p>\u00ab La personne handicap\u00e9e a droit \u00e0 la compensation des cons\u00e9quences de son handicap, quels que soient l\u2019origine et la nature de sa d\u00e9ficience, son \u00e2ge ou son mode de vie. \u00bb<\/p>\n\n\n\n<p>L\u2019Office de Tourisme de Toulouse s\u2019engage \u00e0 prendre les moyens n\u00e9cessaires afin de donner acc\u00e8s, dans un d\u00e9lai raisonnable, aux informations et fonctionnalit\u00e9s recherch\u00e9es par la personne handicap\u00e9e, que le contenu fasse l\u2019objet d\u2019une d\u00e9rogation ou non.<\/p>\n\n\n\n<p>L\u2019Office de Tourisme de Toulouse invite les personnes qui rencontreraient des difficult\u00e9s \u00e0 la contacter afin qu\u2019une assistance puisse \u00eatre apport\u00e9e (alternative accessible, information et contenu donn\u00e9s sous une autre forme).<\/p>\n<\/div>\n\n\n\n<div class=\"wp-block-group has-global-padding is-layout-constrained wp-block-group-is-layout-constrained\">\n<h2 class=\"wp-block-heading\">VOIES DE RECOURS<\/h2>\n\n\n\n<p>Si vous constatez un d\u00e9faut d\u2019accessibilit\u00e9 vous emp\u00eachant d\u2019acc\u00e9der \u00e0 un contenu ou une fonctionnalit\u00e9 du site, que vous nous le signalez et que vous ne parvenez pas \u00e0 obtenir une r\u00e9ponse de notre part, vous \u00eates en droit de faire parvenir vos dol\u00e9ances ou une demande de saisine au D\u00e9fenseur des droits.<\/p>\n\n\n\n<p>Plusieurs moyens sont \u00e0 votre disposition :<\/p>\n\n\n\n<ul class=\"wp-block-list\">\n<li>Une adresse e-mail&nbsp;:&nbsp;<a href=\"mailto:f.hedreville@toulouseatout.com\" target=\"_blank\" rel=\"noreferrer noopener\">f.hedreville@toulouseatout.com<\/a><\/li>\n\n\n\n<li>Un num\u00e9ro de t\u00e9l\u00e9phone&nbsp;:&nbsp;<a href=\"tel:+33969390000\" target=\"_blank\" rel=\"noreferrer noopener\">09&nbsp;69&nbsp;39&nbsp;00&nbsp;00<\/a><\/li>\n\n\n\n<li>Une adresse postale (courrier gratuit, sans affranchissement) : Le D\u00e9fenseur des droits \u2013 Libre r\u00e9ponse&nbsp;71120 \u2013 75342 Paris CEDEX&nbsp;07<\/li>\n<\/ul>\n<\/div>\n<\/section>\n","protected":false},"excerpt":{"rendered":"<p>KONFORMIT\u00c4TSERKL\u00c4RUNG Bei dieser Seite handelt es sich nicht um eine Hilfeseite, sondern um eine Erkl\u00e4rung zur Einhaltung der Barrierefreiheitsstandards von Google Lighthouse. L\u2019Office de Tourisme de Toulouse s\u2019engage \u00e0 rendre ses sites internet accessibles conform\u00e9ment \u00e0 l\u2019article 47 de la loi n\u00b0 2005-102 du 11 f\u00e9vrier 2005. La pr\u00e9sente d\u00e9claration d\u2019accessibilit\u00e9 s\u2019applique au site officiel [&hellip;]<\/p>\n","protected":false},"author":3,"featured_media":6733,"parent":0,"menu_order":0,"comment_status":"closed","ping_status":"closed","template":"","meta":{"_acf_changed":false,"footnotes":""},"class_list":["post-62993","page","type-page","status-publish","has-post-thumbnail","hentry"],"acf":[],"yoast_head":"<!-- This site is optimized with the Yoast SEO plugin v27.1.1 - https:\/\/yoast.com\/product\/yoast-seo-wordpress\/ -->\n<title>Digitale Zug\u00e4nglichkeit - Toulouse Tourisme<\/title>\n<meta name=\"description\" content=\"Bei dieser Seite handelt es sich um eine Konformit\u00e4tserkl\u00e4rung der Website des Tourismusb\u00fcros mit den Barrierefreiheitsstandards von Google Lighthouse.\" \/>\n<meta name=\"robots\" content=\"index, follow, max-snippet:-1, max-image-preview:large, max-video-preview:-1\" \/>\n<link rel=\"canonical\" href=\"https:\/\/www.toulouse-tourisme.com\/de\/digitale-zuganglichkeit\/\" \/>\n<meta property=\"og:locale\" content=\"de_DE\" \/>\n<meta property=\"og:type\" content=\"article\" \/>\n<meta property=\"og:title\" content=\"Digitale Zug\u00e4nglichkeit - Toulouse Tourisme\" \/>\n<meta property=\"og:description\" content=\"Bei dieser Seite handelt es sich um eine Konformit\u00e4tserkl\u00e4rung der Website des Tourismusb\u00fcros mit den Barrierefreiheitsstandards von Google Lighthouse.\" \/>\n<meta property=\"og:url\" content=\"https:\/\/www.toulouse-tourisme.com\/de\/digitale-zuganglichkeit\/\" \/>\n<meta property=\"og:site_name\" content=\"Toulouse Tourisme\" \/>\n<meta property=\"article:publisher\" content=\"https:\/\/www.facebook.com\/Toulouse.tourisme\/\" \/>\n<meta property=\"article:modified_time\" content=\"2024-07-10T10:35:12+00:00\" \/>\n<meta property=\"og:image\" content=\"https:\/\/www.toulouse-tourisme.com\/assets\/uploads\/sites\/3\/2023\/11\/toulouse-la-ville-rose.jpg\" \/>\n\t<meta property=\"og:image:width\" content=\"1920\" \/>\n\t<meta property=\"og:image:height\" content=\"1280\" \/>\n\t<meta property=\"og:image:type\" content=\"image\/jpeg\" \/>\n<meta name=\"twitter:card\" content=\"summary_large_image\" \/>\n<meta name=\"twitter:label1\" content=\"Gesch\u00e4tzte Lesezeit\" \/>\n\t<meta name=\"twitter:data1\" content=\"3\u00a0Minuten\" \/>\n<script type=\"application\/ld+json\" class=\"yoast-schema-graph\">{\"@context\":\"https:\/\/schema.org\",\"@graph\":[{\"@type\":\"WebPage\",\"@id\":\"https:\/\/www.toulouse-tourisme.com\/de\/digitale-zuganglichkeit\/\",\"url\":\"https:\/\/www.toulouse-tourisme.com\/de\/digitale-zuganglichkeit\/\",\"name\":\"Digitale Zug\u00e4nglichkeit - Toulouse Tourisme\",\"isPartOf\":{\"@id\":\"https:\/\/www.toulouse-tourisme.com\/de\/#website\"},\"primaryImageOfPage\":{\"@id\":\"https:\/\/www.toulouse-tourisme.com\/de\/digitale-zuganglichkeit\/#primaryimage\"},\"image\":{\"@id\":\"https:\/\/www.toulouse-tourisme.com\/de\/digitale-zuganglichkeit\/#primaryimage\"},\"thumbnailUrl\":\"https:\/\/www.toulouse-tourisme.com\/assets\/uploads\/sites\/3\/2023\/11\/toulouse-la-ville-rose.jpg\",\"datePublished\":\"2023-12-06T10:40:05+00:00\",\"dateModified\":\"2024-07-10T10:35:12+00:00\",\"description\":\"Bei dieser Seite handelt es sich um eine Konformit\u00e4tserkl\u00e4rung der Website des Tourismusb\u00fcros mit den Barrierefreiheitsstandards von Google Lighthouse.\",\"breadcrumb\":{\"@id\":\"https:\/\/www.toulouse-tourisme.com\/de\/digitale-zuganglichkeit\/#breadcrumb\"},\"inLanguage\":\"de\",\"potentialAction\":[{\"@type\":\"ReadAction\",\"target\":[\"https:\/\/www.toulouse-tourisme.com\/de\/digitale-zuganglichkeit\/\"]}]},{\"@type\":\"ImageObject\",\"inLanguage\":\"de\",\"@id\":\"https:\/\/www.toulouse-tourisme.com\/de\/digitale-zuganglichkeit\/#primaryimage\",\"url\":\"https:\/\/www.toulouse-tourisme.com\/assets\/uploads\/sites\/3\/2023\/11\/toulouse-la-ville-rose.jpg\",\"contentUrl\":\"https:\/\/www.toulouse-tourisme.com\/assets\/uploads\/sites\/3\/2023\/11\/toulouse-la-ville-rose.jpg\",\"width\":1920,\"height\":1280,\"caption\":\"La Ville rose \u00a9 R\u00e9mi Deligeon\"},{\"@type\":\"BreadcrumbList\",\"@id\":\"https:\/\/www.toulouse-tourisme.com\/de\/digitale-zuganglichkeit\/#breadcrumb\",\"itemListElement\":[{\"@type\":\"ListItem\",\"position\":1,\"name\":\"Startseite\",\"item\":\"https:\/\/www.toulouse-tourisme.com\/de\/\"},{\"@type\":\"ListItem\",\"position\":2,\"name\":\"Digitale Zug\u00e4nglichkeit\"}]},{\"@type\":\"WebSite\",\"@id\":\"https:\/\/www.toulouse-tourisme.com\/de\/#website\",\"url\":\"https:\/\/www.toulouse-tourisme.com\/de\/\",\"name\":\"Toulouse Tourisme\",\"description\":\"\",\"publisher\":{\"@id\":\"https:\/\/www.toulouse-tourisme.com\/de\/#organization\"},\"potentialAction\":[{\"@type\":\"SearchAction\",\"target\":{\"@type\":\"EntryPoint\",\"urlTemplate\":\"https:\/\/www.toulouse-tourisme.com\/de\/?s={search_term_string}\"},\"query-input\":{\"@type\":\"PropertyValueSpecification\",\"valueRequired\":true,\"valueName\":\"search_term_string\"}}],\"inLanguage\":\"de\"},{\"@type\":\"Organization\",\"@id\":\"https:\/\/www.toulouse-tourisme.com\/de\/#organization\",\"name\":\"Toulouse Tourisme\",\"url\":\"https:\/\/www.toulouse-tourisme.com\/de\/\",\"logo\":{\"@type\":\"ImageObject\",\"inLanguage\":\"de\",\"@id\":\"https:\/\/www.toulouse-tourisme.com\/de\/#\/schema\/logo\/image\/\",\"url\":\"https:\/\/www.toulouse-tourisme.com\/assets\/uploads\/sites\/3\/2023\/10\/toulouse.svg\",\"contentUrl\":\"https:\/\/www.toulouse-tourisme.com\/assets\/uploads\/sites\/3\/2023\/10\/toulouse.svg\",\"width\":220,\"height\":61,\"caption\":\"Toulouse Tourisme\"},\"image\":{\"@id\":\"https:\/\/www.toulouse-tourisme.com\/de\/#\/schema\/logo\/image\/\"},\"sameAs\":[\"https:\/\/www.facebook.com\/Toulouse.tourisme\/\",\"https:\/\/www.instagram.com\/visiteztoulouse\/\",\"https:\/\/www.youtube.com\/@VisitezToulouse\",\"https:\/\/fr.pinterest.com\/visiteztoulouse\/\"]}]}<\/script>\n<!-- \/ Yoast SEO plugin. -->","yoast_head_json":{"title":"Digitale Zug\u00e4nglichkeit - Toulouse Tourisme","description":"Bei dieser Seite handelt es sich um eine Konformit\u00e4tserkl\u00e4rung der Website des Tourismusb\u00fcros mit den Barrierefreiheitsstandards von Google Lighthouse.","robots":{"index":"index","follow":"follow","max-snippet":"max-snippet:-1","max-image-preview":"max-image-preview:large","max-video-preview":"max-video-preview:-1"},"canonical":"https:\/\/www.toulouse-tourisme.com\/de\/digitale-zuganglichkeit\/","og_locale":"de_DE","og_type":"article","og_title":"Digitale Zug\u00e4nglichkeit - Toulouse Tourisme","og_description":"Bei dieser Seite handelt es sich um eine Konformit\u00e4tserkl\u00e4rung der Website des Tourismusb\u00fcros mit den Barrierefreiheitsstandards von Google Lighthouse.","og_url":"https:\/\/www.toulouse-tourisme.com\/de\/digitale-zuganglichkeit\/","og_site_name":"Toulouse Tourisme","article_publisher":"https:\/\/www.facebook.com\/Toulouse.tourisme\/","article_modified_time":"2024-07-10T10:35:12+00:00","og_image":[{"width":1920,"height":1280,"url":"https:\/\/www.toulouse-tourisme.com\/assets\/uploads\/sites\/3\/2023\/11\/toulouse-la-ville-rose.jpg","type":"image\/jpeg"}],"twitter_card":"summary_large_image","twitter_misc":{"Gesch\u00e4tzte Lesezeit":"3\u00a0Minuten"},"schema":{"@context":"https:\/\/schema.org","@graph":[{"@type":"WebPage","@id":"https:\/\/www.toulouse-tourisme.com\/de\/digitale-zuganglichkeit\/","url":"https:\/\/www.toulouse-tourisme.com\/de\/digitale-zuganglichkeit\/","name":"Digitale Zug\u00e4nglichkeit - Toulouse Tourisme","isPartOf":{"@id":"https:\/\/www.toulouse-tourisme.com\/de\/#website"},"primaryImageOfPage":{"@id":"https:\/\/www.toulouse-tourisme.com\/de\/digitale-zuganglichkeit\/#primaryimage"},"image":{"@id":"https:\/\/www.toulouse-tourisme.com\/de\/digitale-zuganglichkeit\/#primaryimage"},"thumbnailUrl":"https:\/\/www.toulouse-tourisme.com\/assets\/uploads\/sites\/3\/2023\/11\/toulouse-la-ville-rose.jpg","datePublished":"2023-12-06T10:40:05+00:00","dateModified":"2024-07-10T10:35:12+00:00","description":"Bei dieser Seite handelt es sich um eine Konformit\u00e4tserkl\u00e4rung der Website des Tourismusb\u00fcros mit den Barrierefreiheitsstandards von Google Lighthouse.","breadcrumb":{"@id":"https:\/\/www.toulouse-tourisme.com\/de\/digitale-zuganglichkeit\/#breadcrumb"},"inLanguage":"de","potentialAction":[{"@type":"ReadAction","target":["https:\/\/www.toulouse-tourisme.com\/de\/digitale-zuganglichkeit\/"]}]},{"@type":"ImageObject","inLanguage":"de","@id":"https:\/\/www.toulouse-tourisme.com\/de\/digitale-zuganglichkeit\/#primaryimage","url":"https:\/\/www.toulouse-tourisme.com\/assets\/uploads\/sites\/3\/2023\/11\/toulouse-la-ville-rose.jpg","contentUrl":"https:\/\/www.toulouse-tourisme.com\/assets\/uploads\/sites\/3\/2023\/11\/toulouse-la-ville-rose.jpg","width":1920,"height":1280,"caption":"La Ville rose \u00a9 R\u00e9mi Deligeon"},{"@type":"BreadcrumbList","@id":"https:\/\/www.toulouse-tourisme.com\/de\/digitale-zuganglichkeit\/#breadcrumb","itemListElement":[{"@type":"ListItem","position":1,"name":"Startseite","item":"https:\/\/www.toulouse-tourisme.com\/de\/"},{"@type":"ListItem","position":2,"name":"Digitale Zug\u00e4nglichkeit"}]},{"@type":"WebSite","@id":"https:\/\/www.toulouse-tourisme.com\/de\/#website","url":"https:\/\/www.toulouse-tourisme.com\/de\/","name":"Toulouse Tourisme","description":"","publisher":{"@id":"https:\/\/www.toulouse-tourisme.com\/de\/#organization"},"potentialAction":[{"@type":"SearchAction","target":{"@type":"EntryPoint","urlTemplate":"https:\/\/www.toulouse-tourisme.com\/de\/?s={search_term_string}"},"query-input":{"@type":"PropertyValueSpecification","valueRequired":true,"valueName":"search_term_string"}}],"inLanguage":"de"},{"@type":"Organization","@id":"https:\/\/www.toulouse-tourisme.com\/de\/#organization","name":"Toulouse Tourisme","url":"https:\/\/www.toulouse-tourisme.com\/de\/","logo":{"@type":"ImageObject","inLanguage":"de","@id":"https:\/\/www.toulouse-tourisme.com\/de\/#\/schema\/logo\/image\/","url":"https:\/\/www.toulouse-tourisme.com\/assets\/uploads\/sites\/3\/2023\/10\/toulouse.svg","contentUrl":"https:\/\/www.toulouse-tourisme.com\/assets\/uploads\/sites\/3\/2023\/10\/toulouse.svg","width":220,"height":61,"caption":"Toulouse Tourisme"},"image":{"@id":"https:\/\/www.toulouse-tourisme.com\/de\/#\/schema\/logo\/image\/"},"sameAs":["https:\/\/www.facebook.com\/Toulouse.tourisme\/","https:\/\/www.instagram.com\/visiteztoulouse\/","https:\/\/www.youtube.com\/@VisitezToulouse","https:\/\/fr.pinterest.com\/visiteztoulouse\/"]}]}},"_links":{"self":[{"href":"https:\/\/www.toulouse-tourisme.com\/de\/wp-json\/wp\/v2\/pages\/62993","targetHints":{"allow":["GET"]}}],"collection":[{"href":"https:\/\/www.toulouse-tourisme.com\/de\/wp-json\/wp\/v2\/pages"}],"about":[{"href":"https:\/\/www.toulouse-tourisme.com\/de\/wp-json\/wp\/v2\/types\/page"}],"author":[{"embeddable":true,"href":"https:\/\/www.toulouse-tourisme.com\/de\/wp-json\/wp\/v2\/users\/3"}],"replies":[{"embeddable":true,"href":"https:\/\/www.toulouse-tourisme.com\/de\/wp-json\/wp\/v2\/comments?post=62993"}],"version-history":[{"count":0,"href":"https:\/\/www.toulouse-tourisme.com\/de\/wp-json\/wp\/v2\/pages\/62993\/revisions"}],"wp:featuredmedia":[{"embeddable":true,"href":"https:\/\/www.toulouse-tourisme.com\/de\/wp-json\/wp\/v2\/media\/6733"}],"wp:attachment":[{"href":"https:\/\/www.toulouse-tourisme.com\/de\/wp-json\/wp\/v2\/media?parent=62993"}],"curies":[{"name":"wp","href":"https:\/\/api.w.org\/{rel}","templated":true}]}}