{"id":18642,"date":"2023-10-24T15:07:16","date_gmt":"2023-10-24T13:07:16","guid":{"rendered":"https:\/\/www.toulouse-tourisme.com\/restaurants-toulouse\/"},"modified":"2024-03-29T13:23:41","modified_gmt":"2024-03-29T12:23:41","slug":"restaurants-in-toulouse","status":"publish","type":"page","link":"https:\/\/www.toulouse-tourisme.com\/de\/gastronomie-toulouse\/restaurants-in-toulouse\/","title":{"rendered":"Restaurants"},"content":{"rendered":"","protected":false},"excerpt":{"rendered":"","protected":false},"author":3,"featured_media":6904,"parent":18664,"menu_order":0,"comment_status":"closed","ping_status":"closed","template":"templates\/listing.php","meta":{"_acf_changed":true,"footnotes":""},"class_list":["post-18642","page","type-page","status-publish","has-post-thumbnail","hentry"],"acf":[],"yoast_head":"<!-- This site is optimized with the Yoast SEO plugin v27.1.1 - https:\/\/yoast.com\/product\/yoast-seo-wordpress\/ -->\n<title>Restaurants - Toulouse Tourisme<\/title>\n<meta name=\"description\" content=\"Es gibt zahlreiche Restaurants, die allesamt eine F\u00fclle an kulinarischen Gen\u00fcssen bieten. Verkosten Sie das ber\u00fchmte Cassoulet, die Saucisse de Toulouse, Foie gras und andere Gerichte aus dem S\u00fcdwesten.\" \/>\n<meta name=\"robots\" content=\"index, follow, max-snippet:-1, max-image-preview:large, max-video-preview:-1\" \/>\n<link rel=\"canonical\" href=\"https:\/\/www.toulouse-tourisme.com\/de\/gastronomie-toulouse\/restaurants-in-toulouse\/\" \/>\n<meta property=\"og:locale\" content=\"de_DE\" \/>\n<meta property=\"og:type\" content=\"article\" \/>\n<meta property=\"og:title\" content=\"Restaurants - Toulouse Tourisme\" \/>\n<meta property=\"og:description\" content=\"Es gibt zahlreiche Restaurants, die allesamt eine F\u00fclle an kulinarischen Gen\u00fcssen bieten. Verkosten Sie das ber\u00fchmte Cassoulet, die Saucisse de Toulouse, Foie gras und andere Gerichte aus dem S\u00fcdwesten.\" \/>\n<meta property=\"og:url\" content=\"https:\/\/www.toulouse-tourisme.com\/de\/gastronomie-toulouse\/restaurants-in-toulouse\/\" \/>\n<meta property=\"og:site_name\" content=\"Toulouse Tourisme\" \/>\n<meta property=\"article:publisher\" content=\"https:\/\/www.facebook.com\/Toulouse.tourisme\/\" \/>\n<meta property=\"article:modified_time\" content=\"2024-03-29T12:23:41+00:00\" \/>\n<meta property=\"og:image\" content=\"https:\/\/www.toulouse-tourisme.com\/assets\/uploads\/sites\/3\/2023\/12\/restaurants-toulouse.jpg\" \/>\n\t<meta property=\"og:image:width\" content=\"1920\" \/>\n\t<meta property=\"og:image:height\" content=\"1239\" \/>\n\t<meta property=\"og:image:type\" content=\"image\/jpeg\" \/>\n<meta name=\"twitter:card\" content=\"summary_large_image\" \/>\n<meta name=\"twitter:label1\" content=\"Gesch\u00e4tzte Lesezeit\" \/>\n\t<meta name=\"twitter:data1\" content=\"1\u00a0Minute\" \/>\n<script type=\"application\/ld+json\" class=\"yoast-schema-graph\">{\"@context\":\"https:\/\/schema.org\",\"@graph\":[{\"@type\":\"WebPage\",\"@id\":\"https:\/\/www.toulouse-tourisme.com\/de\/gastronomie-toulouse\/restaurants-in-toulouse\/\",\"url\":\"https:\/\/www.toulouse-tourisme.com\/de\/gastronomie-toulouse\/restaurants-in-toulouse\/\",\"name\":\"Restaurants - Toulouse Tourisme\",\"isPartOf\":{\"@id\":\"https:\/\/www.toulouse-tourisme.com\/de\/#website\"},\"primaryImageOfPage\":{\"@id\":\"https:\/\/www.toulouse-tourisme.com\/de\/gastronomie-toulouse\/restaurants-in-toulouse\/#primaryimage\"},\"image\":{\"@id\":\"https:\/\/www.toulouse-tourisme.com\/de\/gastronomie-toulouse\/restaurants-in-toulouse\/#primaryimage\"},\"thumbnailUrl\":\"https:\/\/www.toulouse-tourisme.com\/assets\/uploads\/sites\/3\/2023\/12\/restaurants-toulouse.jpg\",\"datePublished\":\"2023-10-24T13:07:16+00:00\",\"dateModified\":\"2024-03-29T12:23:41+00:00\",\"description\":\"Es gibt zahlreiche Restaurants, die allesamt eine F\u00fclle an kulinarischen Gen\u00fcssen bieten. Verkosten Sie das ber\u00fchmte Cassoulet, die Saucisse de Toulouse, Foie gras und andere Gerichte aus dem S\u00fcdwesten.\",\"breadcrumb\":{\"@id\":\"https:\/\/www.toulouse-tourisme.com\/de\/gastronomie-toulouse\/restaurants-in-toulouse\/#breadcrumb\"},\"inLanguage\":\"de\",\"potentialAction\":[{\"@type\":\"ReadAction\",\"target\":[\"https:\/\/www.toulouse-tourisme.com\/de\/gastronomie-toulouse\/restaurants-in-toulouse\/\"]}]},{\"@type\":\"ImageObject\",\"inLanguage\":\"de\",\"@id\":\"https:\/\/www.toulouse-tourisme.com\/de\/gastronomie-toulouse\/restaurants-in-toulouse\/#primaryimage\",\"url\":\"https:\/\/www.toulouse-tourisme.com\/assets\/uploads\/sites\/3\/2023\/12\/restaurants-toulouse.jpg\",\"contentUrl\":\"https:\/\/www.toulouse-tourisme.com\/assets\/uploads\/sites\/3\/2023\/12\/restaurants-toulouse.jpg\",\"width\":1920,\"height\":1239,\"caption\":\"Terrasses place du Capitole \u00a9 R\u00e9mi Deligeon\"},{\"@type\":\"BreadcrumbList\",\"@id\":\"https:\/\/www.toulouse-tourisme.com\/de\/gastronomie-toulouse\/restaurants-in-toulouse\/#breadcrumb\",\"itemListElement\":[{\"@type\":\"ListItem\",\"position\":1,\"name\":\"Startseite\",\"item\":\"https:\/\/www.toulouse-tourisme.com\/de\/\"},{\"@type\":\"ListItem\",\"position\":2,\"name\":\"Restaurants\"}]},{\"@type\":\"WebSite\",\"@id\":\"https:\/\/www.toulouse-tourisme.com\/de\/#website\",\"url\":\"https:\/\/www.toulouse-tourisme.com\/de\/\",\"name\":\"Toulouse Tourisme\",\"description\":\"\",\"publisher\":{\"@id\":\"https:\/\/www.toulouse-tourisme.com\/de\/#organization\"},\"potentialAction\":[{\"@type\":\"SearchAction\",\"target\":{\"@type\":\"EntryPoint\",\"urlTemplate\":\"https:\/\/www.toulouse-tourisme.com\/de\/?s={search_term_string}\"},\"query-input\":{\"@type\":\"PropertyValueSpecification\",\"valueRequired\":true,\"valueName\":\"search_term_string\"}}],\"inLanguage\":\"de\"},{\"@type\":\"Organization\",\"@id\":\"https:\/\/www.toulouse-tourisme.com\/de\/#organization\",\"name\":\"Toulouse Tourisme\",\"url\":\"https:\/\/www.toulouse-tourisme.com\/de\/\",\"logo\":{\"@type\":\"ImageObject\",\"inLanguage\":\"de\",\"@id\":\"https:\/\/www.toulouse-tourisme.com\/de\/#\/schema\/logo\/image\/\",\"url\":\"https:\/\/www.toulouse-tourisme.com\/assets\/uploads\/sites\/3\/2023\/10\/toulouse.svg\",\"contentUrl\":\"https:\/\/www.toulouse-tourisme.com\/assets\/uploads\/sites\/3\/2023\/10\/toulouse.svg\",\"width\":220,\"height\":61,\"caption\":\"Toulouse Tourisme\"},\"image\":{\"@id\":\"https:\/\/www.toulouse-tourisme.com\/de\/#\/schema\/logo\/image\/\"},\"sameAs\":[\"https:\/\/www.facebook.com\/Toulouse.tourisme\/\",\"https:\/\/www.instagram.com\/visiteztoulouse\/\",\"https:\/\/www.youtube.com\/@VisitezToulouse\",\"https:\/\/fr.pinterest.com\/visiteztoulouse\/\"]}]}<\/script>\n<!-- \/ Yoast SEO plugin. -->","yoast_head_json":{"title":"Restaurants - Toulouse Tourisme","description":"Es gibt zahlreiche Restaurants, die allesamt eine F\u00fclle an kulinarischen Gen\u00fcssen bieten. Verkosten Sie das ber\u00fchmte Cassoulet, die Saucisse de Toulouse, Foie gras und andere Gerichte aus dem S\u00fcdwesten.","robots":{"index":"index","follow":"follow","max-snippet":"max-snippet:-1","max-image-preview":"max-image-preview:large","max-video-preview":"max-video-preview:-1"},"canonical":"https:\/\/www.toulouse-tourisme.com\/de\/gastronomie-toulouse\/restaurants-in-toulouse\/","og_locale":"de_DE","og_type":"article","og_title":"Restaurants - Toulouse Tourisme","og_description":"Es gibt zahlreiche Restaurants, die allesamt eine F\u00fclle an kulinarischen Gen\u00fcssen bieten. Verkosten Sie das ber\u00fchmte Cassoulet, die Saucisse de Toulouse, Foie gras und andere Gerichte aus dem S\u00fcdwesten.","og_url":"https:\/\/www.toulouse-tourisme.com\/de\/gastronomie-toulouse\/restaurants-in-toulouse\/","og_site_name":"Toulouse Tourisme","article_publisher":"https:\/\/www.facebook.com\/Toulouse.tourisme\/","article_modified_time":"2024-03-29T12:23:41+00:00","og_image":[{"width":1920,"height":1239,"url":"https:\/\/www.toulouse-tourisme.com\/assets\/uploads\/sites\/3\/2023\/12\/restaurants-toulouse.jpg","type":"image\/jpeg"}],"twitter_card":"summary_large_image","twitter_misc":{"Gesch\u00e4tzte Lesezeit":"1\u00a0Minute"},"schema":{"@context":"https:\/\/schema.org","@graph":[{"@type":"WebPage","@id":"https:\/\/www.toulouse-tourisme.com\/de\/gastronomie-toulouse\/restaurants-in-toulouse\/","url":"https:\/\/www.toulouse-tourisme.com\/de\/gastronomie-toulouse\/restaurants-in-toulouse\/","name":"Restaurants - Toulouse Tourisme","isPartOf":{"@id":"https:\/\/www.toulouse-tourisme.com\/de\/#website"},"primaryImageOfPage":{"@id":"https:\/\/www.toulouse-tourisme.com\/de\/gastronomie-toulouse\/restaurants-in-toulouse\/#primaryimage"},"image":{"@id":"https:\/\/www.toulouse-tourisme.com\/de\/gastronomie-toulouse\/restaurants-in-toulouse\/#primaryimage"},"thumbnailUrl":"https:\/\/www.toulouse-tourisme.com\/assets\/uploads\/sites\/3\/2023\/12\/restaurants-toulouse.jpg","datePublished":"2023-10-24T13:07:16+00:00","dateModified":"2024-03-29T12:23:41+00:00","description":"Es gibt zahlreiche Restaurants, die allesamt eine F\u00fclle an kulinarischen Gen\u00fcssen bieten. Verkosten Sie das ber\u00fchmte Cassoulet, die Saucisse de Toulouse, Foie gras und andere Gerichte aus dem S\u00fcdwesten.","breadcrumb":{"@id":"https:\/\/www.toulouse-tourisme.com\/de\/gastronomie-toulouse\/restaurants-in-toulouse\/#breadcrumb"},"inLanguage":"de","potentialAction":[{"@type":"ReadAction","target":["https:\/\/www.toulouse-tourisme.com\/de\/gastronomie-toulouse\/restaurants-in-toulouse\/"]}]},{"@type":"ImageObject","inLanguage":"de","@id":"https:\/\/www.toulouse-tourisme.com\/de\/gastronomie-toulouse\/restaurants-in-toulouse\/#primaryimage","url":"https:\/\/www.toulouse-tourisme.com\/assets\/uploads\/sites\/3\/2023\/12\/restaurants-toulouse.jpg","contentUrl":"https:\/\/www.toulouse-tourisme.com\/assets\/uploads\/sites\/3\/2023\/12\/restaurants-toulouse.jpg","width":1920,"height":1239,"caption":"Terrasses place du Capitole \u00a9 R\u00e9mi Deligeon"},{"@type":"BreadcrumbList","@id":"https:\/\/www.toulouse-tourisme.com\/de\/gastronomie-toulouse\/restaurants-in-toulouse\/#breadcrumb","itemListElement":[{"@type":"ListItem","position":1,"name":"Startseite","item":"https:\/\/www.toulouse-tourisme.com\/de\/"},{"@type":"ListItem","position":2,"name":"Restaurants"}]},{"@type":"WebSite","@id":"https:\/\/www.toulouse-tourisme.com\/de\/#website","url":"https:\/\/www.toulouse-tourisme.com\/de\/","name":"Toulouse Tourisme","description":"","publisher":{"@id":"https:\/\/www.toulouse-tourisme.com\/de\/#organization"},"potentialAction":[{"@type":"SearchAction","target":{"@type":"EntryPoint","urlTemplate":"https:\/\/www.toulouse-tourisme.com\/de\/?s={search_term_string}"},"query-input":{"@type":"PropertyValueSpecification","valueRequired":true,"valueName":"search_term_string"}}],"inLanguage":"de"},{"@type":"Organization","@id":"https:\/\/www.toulouse-tourisme.com\/de\/#organization","name":"Toulouse Tourisme","url":"https:\/\/www.toulouse-tourisme.com\/de\/","logo":{"@type":"ImageObject","inLanguage":"de","@id":"https:\/\/www.toulouse-tourisme.com\/de\/#\/schema\/logo\/image\/","url":"https:\/\/www.toulouse-tourisme.com\/assets\/uploads\/sites\/3\/2023\/10\/toulouse.svg","contentUrl":"https:\/\/www.toulouse-tourisme.com\/assets\/uploads\/sites\/3\/2023\/10\/toulouse.svg","width":220,"height":61,"caption":"Toulouse Tourisme"},"image":{"@id":"https:\/\/www.toulouse-tourisme.com\/de\/#\/schema\/logo\/image\/"},"sameAs":["https:\/\/www.facebook.com\/Toulouse.tourisme\/","https:\/\/www.instagram.com\/visiteztoulouse\/","https:\/\/www.youtube.com\/@VisitezToulouse","https:\/\/fr.pinterest.com\/visiteztoulouse\/"]}]}},"_links":{"self":[{"href":"https:\/\/www.toulouse-tourisme.com\/de\/wp-json\/wp\/v2\/pages\/18642","targetHints":{"allow":["GET"]}}],"collection":[{"href":"https:\/\/www.toulouse-tourisme.com\/de\/wp-json\/wp\/v2\/pages"}],"about":[{"href":"https:\/\/www.toulouse-tourisme.com\/de\/wp-json\/wp\/v2\/types\/page"}],"author":[{"embeddable":true,"href":"https:\/\/www.toulouse-tourisme.com\/de\/wp-json\/wp\/v2\/users\/3"}],"replies":[{"embeddable":true,"href":"https:\/\/www.toulouse-tourisme.com\/de\/wp-json\/wp\/v2\/comments?post=18642"}],"version-history":[{"count":0,"href":"https:\/\/www.toulouse-tourisme.com\/de\/wp-json\/wp\/v2\/pages\/18642\/revisions"}],"up":[{"embeddable":true,"href":"https:\/\/www.toulouse-tourisme.com\/de\/wp-json\/wp\/v2\/pages\/18664"}],"wp:featuredmedia":[{"embeddable":true,"href":"https:\/\/www.toulouse-tourisme.com\/de\/wp-json\/wp\/v2\/media\/6904"}],"wp:attachment":[{"href":"https:\/\/www.toulouse-tourisme.com\/de\/wp-json\/wp\/v2\/media?parent=18642"}],"curies":[{"name":"wp","href":"https:\/\/api.w.org\/{rel}","templated":true}]}}