{"id":12385,"date":"2023-11-29T16:21:38","date_gmt":"2023-11-29T15:21:38","guid":{"rendered":"https:\/\/www.toulouse-tourisme.com\/lhotel-dassezat\/"},"modified":"2024-07-17T08:58:34","modified_gmt":"2024-07-17T06:58:34","slug":"das-hotel-assezat","status":"publish","type":"page","link":"https:\/\/www.toulouse-tourisme.com\/de\/top-sehenswuerdigkeiten\/das-hotel-assezat\/","title":{"rendered":"Das H\u00f4tel d&#8217;Ass\u00e9zat"},"content":{"rendered":"\n<div class=\"wp-block-group has-global-padding is-layout-constrained wp-block-group-is-layout-constrained\">\n<p>Dieses pr\u00e4chtige Stadtpalais wurde 1555 von dem reichen Kaufmann und Capitoul Pierre d&#8217;Ass\u00e9zat in Auftrag gegeben. Der gr\u00f6\u00dfte Toulouser Architekt der Renaissance, Nicolas Bachelier, entwarf die Pl\u00e4ne, und sein Sohn vollendete den Bau 1562. Es ist ein Meisterwerk der Renaissance-Architektur in Toulouse.<\/p>\n<\/div>\n\n\n\n<div class=\"wp-block-group has-global-padding is-layout-constrained wp-block-group-is-layout-constrained\">\n<div class=\"wp-block-columns is-layout-flex wp-container-core-columns-is-layout-28f84493 wp-block-columns-is-layout-flex\">\n<div class=\"wp-block-column is-vertically-aligned-center is-layout-flow wp-block-column-is-layout-flow\" style=\"flex-basis:33.33%\">\n<h2 class=\"wp-block-heading\">Der Ehrenhof<\/h2>\n\n\n\n<p>Schon von au\u00dfen kann man die Pracht dieses Herrenhauses erahnen. Das monumentale Portal, eine Mischung aus Macht und Feinheit mit seinen architektonischen Verzierungen aus vorspringenden Steinen, l\u00e4dt uns ein, den riesigen Ehrenhof zu betreten.<\/p>\n\n\n\n<p>Die Fassaden des Hofes tragen elegant den gesamten Ausdruck der klassizistischen Architektur zur Schau, mit der \u00dcberlagerung der drei Ordnungen auf jedem Stockwerk: dorisch, ionisch und korinthisch.<\/p>\n\n\n\n<p>Die Loggia ist im Hochsommer ein wahrer Ort der Erfrischung.<\/p>\n<\/div>\n\n\n\n<div class=\"wp-block-column is-vertically-aligned-center is-layout-flow wp-block-column-is-layout-flow\" style=\"flex-basis:66.66%\">\n<figure data-wp-context=\"{&quot;imageId&quot;:&quot;6a092bf0e667c&quot;}\" data-wp-interactive=\"core\/image\" data-wp-key=\"6a092bf0e667c\" class=\"wp-block-image size-large wp-lightbox-container\"><img decoding=\"async\" width=\"1200\" height=\"800\" data-wp-class--hide=\"state.isContentHidden\" data-wp-class--show=\"state.isContentVisible\" data-wp-init=\"callbacks.setButtonStyles\" data-wp-on--click=\"actions.showLightbox\" data-wp-on--load=\"callbacks.setButtonStyles\" data-wp-on-window--resize=\"callbacks.setButtonStyles\" src=\"https:\/\/www.toulouse-tourisme.com\/assets\/uploads\/sites\/3\/2023\/11\/visiter-toulouse-hotel-assezat-1200x800.jpg\" alt=\"Visiter Toulouse, l'h\u00f4tel d'Ass\u00e9zat\" class=\"wp-image-5742\" srcset=\"https:\/\/www.toulouse-tourisme.com\/assets\/uploads\/sites\/3\/2023\/11\/visiter-toulouse-hotel-assezat-1200x800.jpg 1200w, https:\/\/www.toulouse-tourisme.com\/assets\/uploads\/sites\/3\/2023\/11\/visiter-toulouse-hotel-assezat-600x400.jpg 600w, https:\/\/www.toulouse-tourisme.com\/assets\/uploads\/sites\/3\/2023\/11\/visiter-toulouse-hotel-assezat-400x267.jpg 400w, https:\/\/www.toulouse-tourisme.com\/assets\/uploads\/sites\/3\/2023\/11\/visiter-toulouse-hotel-assezat-768x512.jpg 768w, https:\/\/www.toulouse-tourisme.com\/assets\/uploads\/sites\/3\/2023\/11\/visiter-toulouse-hotel-assezat-1536x1024.jpg 1536w, https:\/\/www.toulouse-tourisme.com\/assets\/uploads\/sites\/3\/2023\/11\/visiter-toulouse-hotel-assezat.jpg 1920w\" sizes=\"(max-width: 1200px) 100vw, 1200px\" \/><button\n\t\t\tclass=\"lightbox-trigger\"\n\t\t\ttype=\"button\"\n\t\t\taria-haspopup=\"dialog\"\n\t\t\taria-label=\"Vergr\u00f6\u00dfern\"\n\t\t\tdata-wp-init=\"callbacks.initTriggerButton\"\n\t\t\tdata-wp-on--click=\"actions.showLightbox\"\n\t\t\tdata-wp-style--right=\"state.imageButtonRight\"\n\t\t\tdata-wp-style--top=\"state.imageButtonTop\"\n\t\t>\n\t\t\t<svg xmlns=\"http:\/\/www.w3.org\/2000\/svg\" width=\"12\" height=\"12\" fill=\"none\" viewBox=\"0 0 12 12\">\n\t\t\t\t<path fill=\"#fff\" d=\"M2 0a2 2 0 0 0-2 2v2h1.5V2a.5.5 0 0 1 .5-.5h2V0H2Zm2 10.5H2a.5.5 0 0 1-.5-.5V8H0v2a2 2 0 0 0 2 2h2v-1.5ZM8 12v-1.5h2a.5.5 0 0 0 .5-.5V8H12v2a2 2 0 0 1-2 2H8Zm2-12a2 2 0 0 1 2 2v2h-1.5V2a.5.5 0 0 0-.5-.5H8V0h2Z\" \/>\n\t\t\t<\/svg>\n\t\t<\/button><figcaption class=\"wp-element-caption\">L&#8217;h\u00f4tel d&#8217;Ass\u00e9zat \u00a9 R\u00e9mi Deligeon<\/figcaption><\/figure>\n<\/div>\n<\/div>\n<\/div>\n\n\n\n<div class=\"wp-block-cover alignfull\" style=\"min-height:486px;aspect-ratio:unset;\"><span aria-hidden=\"true\" class=\"wp-block-cover__background has-background-dim\"><\/span><img decoding=\"async\" width=\"1627\" height=\"580\" class=\"wp-block-cover__image-background wp-image-6646\" alt=\"Visiter Toulouse, les toits de Toulouse\" src=\"https:\/\/www.toulouse-tourisme.com\/assets\/uploads\/sites\/3\/2023\/11\/vue-toulouse-tour-assezat-1.jpg\" data-object-fit=\"cover\" srcset=\"https:\/\/www.toulouse-tourisme.com\/assets\/uploads\/sites\/3\/2023\/11\/vue-toulouse-tour-assezat-1.jpg 1627w, https:\/\/www.toulouse-tourisme.com\/assets\/uploads\/sites\/3\/2023\/11\/vue-toulouse-tour-assezat-1-600x214.jpg 600w, https:\/\/www.toulouse-tourisme.com\/assets\/uploads\/sites\/3\/2023\/11\/vue-toulouse-tour-assezat-1-1200x428.jpg 1200w, https:\/\/www.toulouse-tourisme.com\/assets\/uploads\/sites\/3\/2023\/11\/vue-toulouse-tour-assezat-1-400x143.jpg 400w, https:\/\/www.toulouse-tourisme.com\/assets\/uploads\/sites\/3\/2023\/11\/vue-toulouse-tour-assezat-1-768x274.jpg 768w, https:\/\/www.toulouse-tourisme.com\/assets\/uploads\/sites\/3\/2023\/11\/vue-toulouse-tour-assezat-1-1536x548.jpg 1536w\" sizes=\"(max-width: 1627px) 100vw, 1627px\" \/><div class=\"wp-block-cover__inner-container has-global-padding is-layout-constrained wp-block-cover-is-layout-constrained\">\n<p class=\"has-text-align-center has-large-font-size\">Der Turm ist der h\u00f6chste der Stadtpalais-T\u00fcrme der Stadt. Seine Spitze ist mit einer Laterne in Form eines kleinen Tempietto verziert, die schon von weitem erkennbar ist und der Skyline der Stadt Eleganz verleiht.<\/p>\n<\/div><\/div>\n\n\n\n<div class=\"wp-block-group has-global-padding is-layout-constrained wp-block-group-is-layout-constrained\">\n<div class=\"wp-block-columns is-layout-flex wp-container-core-columns-is-layout-28f84493 wp-block-columns-is-layout-flex\">\n<div class=\"wp-block-column is-vertically-aligned-center is-layout-flow wp-block-column-is-layout-flow\">\n<h3 class=\"wp-block-heading\">Der F\u00e4rberwaid<\/h3>\n\n\n\n<p>Im 16. Jahrhundert wurde Toulouse durch den Handel mit F\u00e4rberwaid zu einer wohlhabenden Stadt. Die Bl\u00e4tter dieser Pflanze, Isatis tinctoria, dienten als blauer Farbstoff, und ihr Anbau entwickelte sich im S\u00fcden von Toulouse, das in Anlehnung an die &#8222;coques&#8220; &#8211; getrocknete Kugeln aus zerdr\u00fcckten F\u00e4rberwaidbl\u00e4ttern &#8211; zum <strong>&#8222;Pays de Cocagne&#8220;<\/strong> (dt. &#8222;Schlaraffenland&#8220;) wurde.<\/p>\n\n\n\n<p>Die Ankunft des indischen Indigos im 17. Jahrhundert f\u00fchrte zum Niedergang des F\u00e4rberwaidanbaus.<\/p>\n\n\n\n<p>Das H\u00f4tel d&#8217;Ass\u00e9zat beherbergt heute <strong>die Fondation Bemberg<\/strong> sowie <strong>die Union des acad\u00e9mies et soci\u00e9t\u00e9s savantes<\/strong> (Union der gelehrten Akademien und Gesellschaften).<\/p>\n\n\n\n<p class=\"is-style-location\">Place d&#8217;Ass\u00e9zat, 31000 Toulouse<\/p>\n<\/div>\n\n\n\n<div class=\"wp-block-column is-vertically-aligned-center is-layout-flow wp-block-column-is-layout-flow\">\n<figure data-wp-context=\"{&quot;imageId&quot;:&quot;6a092bf0ea280&quot;}\" data-wp-interactive=\"core\/image\" data-wp-key=\"6a092bf0ea280\" class=\"wp-block-image size-full wp-lightbox-container\"><img decoding=\"async\" width=\"800\" height=\"830\" data-wp-class--hide=\"state.isContentHidden\" data-wp-class--show=\"state.isContentVisible\" data-wp-init=\"callbacks.setButtonStyles\" data-wp-on--click=\"actions.showLightbox\" data-wp-on--load=\"callbacks.setButtonStyles\" data-wp-on-window--resize=\"callbacks.setButtonStyles\" src=\"https:\/\/www.toulouse-tourisme.com\/assets\/uploads\/sites\/3\/2023\/11\/visiter-toulouse-portail-hotel-assezat.jpg\" alt=\"H\u00f4tel d'Ass\u00e9zat Fondation Georges Bemberg\" class=\"wp-image-6593\" srcset=\"https:\/\/www.toulouse-tourisme.com\/assets\/uploads\/sites\/3\/2023\/11\/visiter-toulouse-portail-hotel-assezat.jpg 800w, https:\/\/www.toulouse-tourisme.com\/assets\/uploads\/sites\/3\/2023\/11\/visiter-toulouse-portail-hotel-assezat-600x623.jpg 600w, https:\/\/www.toulouse-tourisme.com\/assets\/uploads\/sites\/3\/2023\/11\/visiter-toulouse-portail-hotel-assezat-400x415.jpg 400w, https:\/\/www.toulouse-tourisme.com\/assets\/uploads\/sites\/3\/2023\/11\/visiter-toulouse-portail-hotel-assezat-768x797.jpg 768w\" sizes=\"(max-width: 800px) 100vw, 800px\" \/><button\n\t\t\tclass=\"lightbox-trigger\"\n\t\t\ttype=\"button\"\n\t\t\taria-haspopup=\"dialog\"\n\t\t\taria-label=\"Vergr\u00f6\u00dfern\"\n\t\t\tdata-wp-init=\"callbacks.initTriggerButton\"\n\t\t\tdata-wp-on--click=\"actions.showLightbox\"\n\t\t\tdata-wp-style--right=\"state.imageButtonRight\"\n\t\t\tdata-wp-style--top=\"state.imageButtonTop\"\n\t\t>\n\t\t\t<svg xmlns=\"http:\/\/www.w3.org\/2000\/svg\" width=\"12\" height=\"12\" fill=\"none\" viewBox=\"0 0 12 12\">\n\t\t\t\t<path fill=\"#fff\" d=\"M2 0a2 2 0 0 0-2 2v2h1.5V2a.5.5 0 0 1 .5-.5h2V0H2Zm2 10.5H2a.5.5 0 0 1-.5-.5V8H0v2a2 2 0 0 0 2 2h2v-1.5ZM8 12v-1.5h2a.5.5 0 0 0 .5-.5V8H12v2a2 2 0 0 1-2 2H8Zm2-12a2 2 0 0 1 2 2v2h-1.5V2a.5.5 0 0 0-.5-.5H8V0h2Z\" \/>\n\t\t\t<\/svg>\n\t\t<\/button><figcaption class=\"wp-element-caption\">Portail de l&#8217;h\u00f4tel d&#8217;Ass\u00e9zat \u00a9 R\u00e9mi Deligeon<\/figcaption><\/figure>\n<\/div>\n\n\n\n<div class=\"wp-block-column is-vertically-aligned-center is-layout-flow wp-block-column-is-layout-flow\">\n<figure data-wp-context=\"{&quot;imageId&quot;:&quot;6a092bf0eb26a&quot;}\" data-wp-interactive=\"core\/image\" data-wp-key=\"6a092bf0eb26a\" class=\"wp-block-image size-full wp-lightbox-container\"><img decoding=\"async\" width=\"800\" height=\"830\" data-wp-class--hide=\"state.isContentHidden\" data-wp-class--show=\"state.isContentVisible\" data-wp-init=\"callbacks.setButtonStyles\" data-wp-on--click=\"actions.showLightbox\" data-wp-on--load=\"callbacks.setButtonStyles\" data-wp-on-window--resize=\"callbacks.setButtonStyles\" src=\"https:\/\/www.toulouse-tourisme.com\/assets\/uploads\/sites\/3\/2023\/11\/toulouse-hotel-assezat.jpg\" alt=\"Visiter Toulouse, l'h\u00f4tel d'Ass\u00e9zat\" class=\"wp-image-6597\" srcset=\"https:\/\/www.toulouse-tourisme.com\/assets\/uploads\/sites\/3\/2023\/11\/toulouse-hotel-assezat.jpg 800w, https:\/\/www.toulouse-tourisme.com\/assets\/uploads\/sites\/3\/2023\/11\/toulouse-hotel-assezat-600x623.jpg 600w, https:\/\/www.toulouse-tourisme.com\/assets\/uploads\/sites\/3\/2023\/11\/toulouse-hotel-assezat-400x415.jpg 400w, https:\/\/www.toulouse-tourisme.com\/assets\/uploads\/sites\/3\/2023\/11\/toulouse-hotel-assezat-768x797.jpg 768w\" sizes=\"(max-width: 800px) 100vw, 800px\" \/><button\n\t\t\tclass=\"lightbox-trigger\"\n\t\t\ttype=\"button\"\n\t\t\taria-haspopup=\"dialog\"\n\t\t\taria-label=\"Vergr\u00f6\u00dfern\"\n\t\t\tdata-wp-init=\"callbacks.initTriggerButton\"\n\t\t\tdata-wp-on--click=\"actions.showLightbox\"\n\t\t\tdata-wp-style--right=\"state.imageButtonRight\"\n\t\t\tdata-wp-style--top=\"state.imageButtonTop\"\n\t\t>\n\t\t\t<svg xmlns=\"http:\/\/www.w3.org\/2000\/svg\" width=\"12\" height=\"12\" fill=\"none\" viewBox=\"0 0 12 12\">\n\t\t\t\t<path fill=\"#fff\" d=\"M2 0a2 2 0 0 0-2 2v2h1.5V2a.5.5 0 0 1 .5-.5h2V0H2Zm2 10.5H2a.5.5 0 0 1-.5-.5V8H0v2a2 2 0 0 0 2 2h2v-1.5ZM8 12v-1.5h2a.5.5 0 0 0 .5-.5V8H12v2a2 2 0 0 1-2 2H8Zm2-12a2 2 0 0 1 2 2v2h-1.5V2a.5.5 0 0 0-.5-.5H8V0h2Z\" \/>\n\t\t\t<\/svg>\n\t\t<\/button><figcaption class=\"wp-element-caption\">L&#8217;h\u00f4tel d&#8217;Ass\u00e9zat \u00a9 Gilles Martin<\/figcaption><\/figure>\n<\/div>\n<\/div>\n<\/div>\n\n\n\n<div class=\"wp-block-group has-global-padding is-layout-constrained wp-block-group-is-layout-constrained\">\n<div class=\"wp-block-buttons is-layout-flex wp-block-buttons-is-layout-flex\">\n<div class=\"wp-block-button\"><a class=\"wp-block-button__link wp-element-button\" href=\"https:\/\/www.toulouse-tourisme.com\/de\/activite\/hotel-dassezat\/\">Praktische Infos<\/a><\/div>\n\n\n\n<div class=\"wp-block-button\"><a class=\"wp-block-button__link wp-element-button\" href=\"https:\/\/www.toulouse-tourisme.com\/de\/top-sehenswuerdigkeiten\/\">Alle Must-sees ansehen<\/a><\/div>\n<\/div>\n<\/div>\n\n\n\n<div class=\"wp-block-group has-global-padding is-layout-constrained wp-block-group-is-layout-constrained\">\n<h2 class=\"wp-block-heading\">Die Fondation Bemberg<\/h2>\n\n\n\n<p>Gem\u00e4lde, Skulpturen, Grafiken, M\u00f6bel und Kunstgegenst\u00e4nde vom 15. bis zur Mitte des 20. Jahrhunderts finden in der rosa Stadt ihre ideale Umgebung und ihr Publikum.<\/p>\n\n\n\n<p>Ende der 1980er Jahre suchte der argentinische Kunstsammler Georges Bemberg einen Ort, an dem er seine Sammlung der \u00d6ffentlichkeit pr\u00e4sentieren konnte. Die Stadt Toulouse stellte dem Sammler einen Gro\u00dfteil des H\u00f4tel d&#8217;Ass\u00e9zat zur Verf\u00fcgung, um die prestigetr\u00e4chtige Sammlung aufzunehmen, und das Museum wurde 1995 nach Umbauarbeiten er\u00f6ffnet.<\/p>\n\n\n\n<div class=\"wp-block-buttons is-layout-flex wp-block-buttons-is-layout-flex\">\n<div class=\"wp-block-button\"><a class=\"wp-block-button__link wp-element-button\" href=\"https:\/\/www.toulouse-tourisme.com\/de\/fondation-bemberg\/\">Die Fondation Bemberg<\/a><\/div>\n<\/div>\n<\/div>\n","protected":false},"excerpt":{"rendered":"<p>Dieses pr\u00e4chtige Stadtpalais wurde 1555 von dem reichen Kaufmann und Capitoul Pierre d&#8217;Ass\u00e9zat in Auftrag gegeben. Der gr\u00f6\u00dfte Toulouser Architekt der Renaissance, Nicolas Bachelier, entwarf die Pl\u00e4ne, und sein Sohn vollendete den Bau 1562. Es ist ein Meisterwerk der Renaissance-Architektur in Toulouse. Der Ehrenhof Schon von au\u00dfen kann man die Pracht dieses Herrenhauses erahnen. Das [&hellip;]<\/p>\n","protected":false},"author":3,"featured_media":6587,"parent":12393,"menu_order":0,"comment_status":"closed","ping_status":"closed","template":"templates\/magazine.php","meta":{"_acf_changed":false,"footnotes":""},"class_list":["post-12385","page","type-page","status-publish","has-post-thumbnail","hentry"],"acf":[],"yoast_head":"<!-- This site is optimized with the Yoast SEO plugin v27.1.1 - https:\/\/yoast.com\/product\/yoast-seo-wordpress\/ -->\n<title>Das H\u00f4tel d&#039;Ass\u00e9zat - Toulouse Tourisme<\/title>\n<meta name=\"description\" content=\"Dieses pr\u00e4chtige Stadtpalais wurde 1555 von dem reichen Kaufmann und Capitoul Pierre d&#039;Ass\u00e9zat in Auftrag gegeben.\" \/>\n<meta name=\"robots\" content=\"index, follow, max-snippet:-1, max-image-preview:large, max-video-preview:-1\" \/>\n<link rel=\"canonical\" href=\"https:\/\/www.toulouse-tourisme.com\/de\/top-sehenswuerdigkeiten\/das-hotel-assezat\/\" \/>\n<meta property=\"og:locale\" content=\"de_DE\" \/>\n<meta property=\"og:type\" content=\"article\" \/>\n<meta property=\"og:title\" content=\"Das H\u00f4tel d&#039;Ass\u00e9zat - Toulouse Tourisme\" \/>\n<meta property=\"og:description\" content=\"Dieses pr\u00e4chtige Stadtpalais wurde 1555 von dem reichen Kaufmann und Capitoul Pierre d&#039;Ass\u00e9zat in Auftrag gegeben.\" \/>\n<meta property=\"og:url\" content=\"https:\/\/www.toulouse-tourisme.com\/de\/top-sehenswuerdigkeiten\/das-hotel-assezat\/\" \/>\n<meta property=\"og:site_name\" content=\"Toulouse Tourisme\" \/>\n<meta property=\"article:publisher\" content=\"https:\/\/www.facebook.com\/Toulouse.tourisme\/\" \/>\n<meta property=\"article:modified_time\" content=\"2024-07-17T06:58:34+00:00\" \/>\n<meta property=\"og:image\" content=\"https:\/\/www.toulouse-tourisme.com\/assets\/uploads\/sites\/3\/2023\/11\/visiter-toulouse-hotel-assezat-2.jpg\" \/>\n\t<meta property=\"og:image:width\" content=\"1920\" \/>\n\t<meta property=\"og:image:height\" content=\"1247\" \/>\n\t<meta property=\"og:image:type\" content=\"image\/jpeg\" \/>\n<meta name=\"twitter:card\" content=\"summary_large_image\" \/>\n<meta name=\"twitter:label1\" content=\"Gesch\u00e4tzte Lesezeit\" \/>\n\t<meta name=\"twitter:data1\" content=\"3\u00a0Minuten\" \/>\n<script type=\"application\/ld+json\" class=\"yoast-schema-graph\">{\"@context\":\"https:\/\/schema.org\",\"@graph\":[{\"@type\":\"WebPage\",\"@id\":\"https:\/\/www.toulouse-tourisme.com\/de\/top-sehenswuerdigkeiten\/das-hotel-assezat\/\",\"url\":\"https:\/\/www.toulouse-tourisme.com\/de\/top-sehenswuerdigkeiten\/das-hotel-assezat\/\",\"name\":\"Das H\u00f4tel d'Ass\u00e9zat - Toulouse Tourisme\",\"isPartOf\":{\"@id\":\"https:\/\/www.toulouse-tourisme.com\/de\/#website\"},\"primaryImageOfPage\":{\"@id\":\"https:\/\/www.toulouse-tourisme.com\/de\/top-sehenswuerdigkeiten\/das-hotel-assezat\/#primaryimage\"},\"image\":{\"@id\":\"https:\/\/www.toulouse-tourisme.com\/de\/top-sehenswuerdigkeiten\/das-hotel-assezat\/#primaryimage\"},\"thumbnailUrl\":\"https:\/\/www.toulouse-tourisme.com\/assets\/uploads\/sites\/3\/2023\/11\/visiter-toulouse-hotel-assezat-2.jpg\",\"datePublished\":\"2023-11-29T15:21:38+00:00\",\"dateModified\":\"2024-07-17T06:58:34+00:00\",\"description\":\"Dieses pr\u00e4chtige Stadtpalais wurde 1555 von dem reichen Kaufmann und Capitoul Pierre d'Ass\u00e9zat in Auftrag gegeben.\",\"breadcrumb\":{\"@id\":\"https:\/\/www.toulouse-tourisme.com\/de\/top-sehenswuerdigkeiten\/das-hotel-assezat\/#breadcrumb\"},\"inLanguage\":\"de\",\"potentialAction\":[{\"@type\":\"ReadAction\",\"target\":[\"https:\/\/www.toulouse-tourisme.com\/de\/top-sehenswuerdigkeiten\/das-hotel-assezat\/\"]}]},{\"@type\":\"ImageObject\",\"inLanguage\":\"de\",\"@id\":\"https:\/\/www.toulouse-tourisme.com\/de\/top-sehenswuerdigkeiten\/das-hotel-assezat\/#primaryimage\",\"url\":\"https:\/\/www.toulouse-tourisme.com\/assets\/uploads\/sites\/3\/2023\/11\/visiter-toulouse-hotel-assezat-2.jpg\",\"contentUrl\":\"https:\/\/www.toulouse-tourisme.com\/assets\/uploads\/sites\/3\/2023\/11\/visiter-toulouse-hotel-assezat-2.jpg\",\"width\":1920,\"height\":1247,\"caption\":\"Visiter Toulouse, l'h\u00f4tel de Toulouse \u00a9 @na_toulouse\"},{\"@type\":\"BreadcrumbList\",\"@id\":\"https:\/\/www.toulouse-tourisme.com\/de\/top-sehenswuerdigkeiten\/das-hotel-assezat\/#breadcrumb\",\"itemListElement\":[{\"@type\":\"ListItem\",\"position\":1,\"name\":\"Startseite\",\"item\":\"https:\/\/www.toulouse-tourisme.com\/de\/\"},{\"@type\":\"ListItem\",\"position\":2,\"name\":\"Top-Sehensw\u00fcrdigkeiten\",\"item\":\"https:\/\/www.toulouse-tourisme.com\/de\/top-sehenswuerdigkeiten\/\"},{\"@type\":\"ListItem\",\"position\":3,\"name\":\"Das H\u00f4tel d&#8217;Ass\u00e9zat\"}]},{\"@type\":\"WebSite\",\"@id\":\"https:\/\/www.toulouse-tourisme.com\/de\/#website\",\"url\":\"https:\/\/www.toulouse-tourisme.com\/de\/\",\"name\":\"Toulouse Tourisme\",\"description\":\"\",\"publisher\":{\"@id\":\"https:\/\/www.toulouse-tourisme.com\/de\/#organization\"},\"potentialAction\":[{\"@type\":\"SearchAction\",\"target\":{\"@type\":\"EntryPoint\",\"urlTemplate\":\"https:\/\/www.toulouse-tourisme.com\/de\/?s={search_term_string}\"},\"query-input\":{\"@type\":\"PropertyValueSpecification\",\"valueRequired\":true,\"valueName\":\"search_term_string\"}}],\"inLanguage\":\"de\"},{\"@type\":\"Organization\",\"@id\":\"https:\/\/www.toulouse-tourisme.com\/de\/#organization\",\"name\":\"Toulouse Tourisme\",\"url\":\"https:\/\/www.toulouse-tourisme.com\/de\/\",\"logo\":{\"@type\":\"ImageObject\",\"inLanguage\":\"de\",\"@id\":\"https:\/\/www.toulouse-tourisme.com\/de\/#\/schema\/logo\/image\/\",\"url\":\"https:\/\/www.toulouse-tourisme.com\/assets\/uploads\/sites\/3\/2023\/10\/toulouse.svg\",\"contentUrl\":\"https:\/\/www.toulouse-tourisme.com\/assets\/uploads\/sites\/3\/2023\/10\/toulouse.svg\",\"width\":220,\"height\":61,\"caption\":\"Toulouse Tourisme\"},\"image\":{\"@id\":\"https:\/\/www.toulouse-tourisme.com\/de\/#\/schema\/logo\/image\/\"},\"sameAs\":[\"https:\/\/www.facebook.com\/Toulouse.tourisme\/\",\"https:\/\/www.instagram.com\/visiteztoulouse\/\",\"https:\/\/www.youtube.com\/@VisitezToulouse\",\"https:\/\/fr.pinterest.com\/visiteztoulouse\/\"]}]}<\/script>\n<!-- \/ Yoast SEO plugin. -->","yoast_head_json":{"title":"Das H\u00f4tel d'Ass\u00e9zat - Toulouse Tourisme","description":"Dieses pr\u00e4chtige Stadtpalais wurde 1555 von dem reichen Kaufmann und Capitoul Pierre d'Ass\u00e9zat in Auftrag gegeben.","robots":{"index":"index","follow":"follow","max-snippet":"max-snippet:-1","max-image-preview":"max-image-preview:large","max-video-preview":"max-video-preview:-1"},"canonical":"https:\/\/www.toulouse-tourisme.com\/de\/top-sehenswuerdigkeiten\/das-hotel-assezat\/","og_locale":"de_DE","og_type":"article","og_title":"Das H\u00f4tel d'Ass\u00e9zat - Toulouse Tourisme","og_description":"Dieses pr\u00e4chtige Stadtpalais wurde 1555 von dem reichen Kaufmann und Capitoul Pierre d'Ass\u00e9zat in Auftrag gegeben.","og_url":"https:\/\/www.toulouse-tourisme.com\/de\/top-sehenswuerdigkeiten\/das-hotel-assezat\/","og_site_name":"Toulouse Tourisme","article_publisher":"https:\/\/www.facebook.com\/Toulouse.tourisme\/","article_modified_time":"2024-07-17T06:58:34+00:00","og_image":[{"width":1920,"height":1247,"url":"https:\/\/www.toulouse-tourisme.com\/assets\/uploads\/sites\/3\/2023\/11\/visiter-toulouse-hotel-assezat-2.jpg","type":"image\/jpeg"}],"twitter_card":"summary_large_image","twitter_misc":{"Gesch\u00e4tzte Lesezeit":"3\u00a0Minuten"},"schema":{"@context":"https:\/\/schema.org","@graph":[{"@type":"WebPage","@id":"https:\/\/www.toulouse-tourisme.com\/de\/top-sehenswuerdigkeiten\/das-hotel-assezat\/","url":"https:\/\/www.toulouse-tourisme.com\/de\/top-sehenswuerdigkeiten\/das-hotel-assezat\/","name":"Das H\u00f4tel d'Ass\u00e9zat - Toulouse Tourisme","isPartOf":{"@id":"https:\/\/www.toulouse-tourisme.com\/de\/#website"},"primaryImageOfPage":{"@id":"https:\/\/www.toulouse-tourisme.com\/de\/top-sehenswuerdigkeiten\/das-hotel-assezat\/#primaryimage"},"image":{"@id":"https:\/\/www.toulouse-tourisme.com\/de\/top-sehenswuerdigkeiten\/das-hotel-assezat\/#primaryimage"},"thumbnailUrl":"https:\/\/www.toulouse-tourisme.com\/assets\/uploads\/sites\/3\/2023\/11\/visiter-toulouse-hotel-assezat-2.jpg","datePublished":"2023-11-29T15:21:38+00:00","dateModified":"2024-07-17T06:58:34+00:00","description":"Dieses pr\u00e4chtige Stadtpalais wurde 1555 von dem reichen Kaufmann und Capitoul Pierre d'Ass\u00e9zat in Auftrag gegeben.","breadcrumb":{"@id":"https:\/\/www.toulouse-tourisme.com\/de\/top-sehenswuerdigkeiten\/das-hotel-assezat\/#breadcrumb"},"inLanguage":"de","potentialAction":[{"@type":"ReadAction","target":["https:\/\/www.toulouse-tourisme.com\/de\/top-sehenswuerdigkeiten\/das-hotel-assezat\/"]}]},{"@type":"ImageObject","inLanguage":"de","@id":"https:\/\/www.toulouse-tourisme.com\/de\/top-sehenswuerdigkeiten\/das-hotel-assezat\/#primaryimage","url":"https:\/\/www.toulouse-tourisme.com\/assets\/uploads\/sites\/3\/2023\/11\/visiter-toulouse-hotel-assezat-2.jpg","contentUrl":"https:\/\/www.toulouse-tourisme.com\/assets\/uploads\/sites\/3\/2023\/11\/visiter-toulouse-hotel-assezat-2.jpg","width":1920,"height":1247,"caption":"Visiter Toulouse, l'h\u00f4tel de Toulouse \u00a9 @na_toulouse"},{"@type":"BreadcrumbList","@id":"https:\/\/www.toulouse-tourisme.com\/de\/top-sehenswuerdigkeiten\/das-hotel-assezat\/#breadcrumb","itemListElement":[{"@type":"ListItem","position":1,"name":"Startseite","item":"https:\/\/www.toulouse-tourisme.com\/de\/"},{"@type":"ListItem","position":2,"name":"Top-Sehensw\u00fcrdigkeiten","item":"https:\/\/www.toulouse-tourisme.com\/de\/top-sehenswuerdigkeiten\/"},{"@type":"ListItem","position":3,"name":"Das H\u00f4tel d&#8217;Ass\u00e9zat"}]},{"@type":"WebSite","@id":"https:\/\/www.toulouse-tourisme.com\/de\/#website","url":"https:\/\/www.toulouse-tourisme.com\/de\/","name":"Toulouse Tourisme","description":"","publisher":{"@id":"https:\/\/www.toulouse-tourisme.com\/de\/#organization"},"potentialAction":[{"@type":"SearchAction","target":{"@type":"EntryPoint","urlTemplate":"https:\/\/www.toulouse-tourisme.com\/de\/?s={search_term_string}"},"query-input":{"@type":"PropertyValueSpecification","valueRequired":true,"valueName":"search_term_string"}}],"inLanguage":"de"},{"@type":"Organization","@id":"https:\/\/www.toulouse-tourisme.com\/de\/#organization","name":"Toulouse Tourisme","url":"https:\/\/www.toulouse-tourisme.com\/de\/","logo":{"@type":"ImageObject","inLanguage":"de","@id":"https:\/\/www.toulouse-tourisme.com\/de\/#\/schema\/logo\/image\/","url":"https:\/\/www.toulouse-tourisme.com\/assets\/uploads\/sites\/3\/2023\/10\/toulouse.svg","contentUrl":"https:\/\/www.toulouse-tourisme.com\/assets\/uploads\/sites\/3\/2023\/10\/toulouse.svg","width":220,"height":61,"caption":"Toulouse Tourisme"},"image":{"@id":"https:\/\/www.toulouse-tourisme.com\/de\/#\/schema\/logo\/image\/"},"sameAs":["https:\/\/www.facebook.com\/Toulouse.tourisme\/","https:\/\/www.instagram.com\/visiteztoulouse\/","https:\/\/www.youtube.com\/@VisitezToulouse","https:\/\/fr.pinterest.com\/visiteztoulouse\/"]}]}},"_links":{"self":[{"href":"https:\/\/www.toulouse-tourisme.com\/de\/wp-json\/wp\/v2\/pages\/12385","targetHints":{"allow":["GET"]}}],"collection":[{"href":"https:\/\/www.toulouse-tourisme.com\/de\/wp-json\/wp\/v2\/pages"}],"about":[{"href":"https:\/\/www.toulouse-tourisme.com\/de\/wp-json\/wp\/v2\/types\/page"}],"author":[{"embeddable":true,"href":"https:\/\/www.toulouse-tourisme.com\/de\/wp-json\/wp\/v2\/users\/3"}],"replies":[{"embeddable":true,"href":"https:\/\/www.toulouse-tourisme.com\/de\/wp-json\/wp\/v2\/comments?post=12385"}],"version-history":[{"count":0,"href":"https:\/\/www.toulouse-tourisme.com\/de\/wp-json\/wp\/v2\/pages\/12385\/revisions"}],"up":[{"embeddable":true,"href":"https:\/\/www.toulouse-tourisme.com\/de\/wp-json\/wp\/v2\/pages\/12393"}],"wp:featuredmedia":[{"embeddable":true,"href":"https:\/\/www.toulouse-tourisme.com\/de\/wp-json\/wp\/v2\/media\/6587"}],"wp:attachment":[{"href":"https:\/\/www.toulouse-tourisme.com\/de\/wp-json\/wp\/v2\/media?parent=12385"}],"curies":[{"name":"wp","href":"https:\/\/api.w.org\/{rel}","templated":true}]}}